{"id":99,"date":"2016-06-08T15:57:34","date_gmt":"2016-06-08T13:57:34","guid":{"rendered":"http:\/\/cardamomo.local\/?page_id=99"},"modified":"2026-01-13T16:26:47","modified_gmt":"2026-01-13T15:26:47","slug":"fundacion-cardamomo","status":"publish","type":"page","link":"https:\/\/cardamomo.com\/zh\/fundacion-cardamomo\/","title":{"rendered":"Cardamomo \u57fa\u91d1\u4f1a"},"content":{"rendered":"<p><\/p>\n<h2>\u65e8\u5728\u5f18\u626c\u5f17\u62c9\u95e8\u6208\u827a\u672f<\/h2>\n<div class=\"su-divider su-divider-style-default\"><\/div>\n<p><b>Cardamomo\u57fa\u91d1\u4f1a\u7684\u6210\u7acb \uff0c<\/b>\u65e8\u5728\u5411\u4e0d\u540c\u5e74\u9f84\u7684\u516c\u4f17\u63a8\u5e7f\u5f17\u62c9\u95e8\u6208\u827a\u672f\u3002\u8fd9\u662f\u4e00\u4e2a\u4eba\u4eec\u7684\u77e5\u8bc6\u548c\u7ecf\u9a8c\u6c47\u96c6\u4e4b\u5730 \uff0c\u65e2\u6709\u77e5\u540d\u827a\u672f\u5bb6 \uff0c\u4e5f\u6709\u5e0c\u671b\u5c06\u6765\u6210\u4e3a\u827a\u672f\u5bb6\u7684\u5b69\u5b50 \uff0c\u4ed6\u4eec\u5c55\u793a\u5404\u81ea\u4eca\u65e5\u7684\u6210\u7ee9 \uff0c\u5e0c\u671b\u4ee5\u6b64\u6765\u6fc0\u52b1\u5f7c\u6b64\u7ee7\u7eed\u827a\u672f\u4e4b\u8def\u4e0a\u7684\u5b66\u4e60\u3002<\/p>\n<p>\u57fa\u91d1\u4f1a\u5c24\u5176\u6ce8\u91cd\u6fc0\u52b1\u6700\u5c0f\u7684\u5b69\u5b50 \uff0c\u56e0\u6b64\u4e8e2013\u5e7410\u6708\u5f00\u59cb\u7ec4\u7ec7\u7b2c\u4e00\u671f\u201c\u5f17\u62c9\u95e8\u6208\u4e5f\u662f\u5b69\u5b50\u4eec\u7684\u4e50\u8da3\u201d\u9879\u76ee \uff0c\u4e3b\u8981\u76ee\u7684\u4fbf\u5728\u4e8e\u4f7f\u5b66\u6821\u91cc\u7684\u5b69\u5b50\u80fd\u591f\u4e86\u89e3\u8fd9\u4e00\u6536\u5230\u8054\u5408\u56fd\u6559\u79d1\u6587\u7ec4\u7ec7\u627f\u8ba4\u7684\u201c\u4eba\u7c7b\u975e\u7269\u8d28\u6587\u5316\u9057\u4ea7\u201d\u3002<\/p>\n<h2>\u6211\u4eec\u5411\u5404\u5e74\u9f84\u7684\u516c\u4f17\u5c55\u793a\u5f17\u62c9\u95e8\u6208\u827a\u672f<\/h2>\n<p>\u5728\u56db\u671f\u201c\u5f17\u62c9\u95e8\u6208\u4e5f\u662f\u5b69\u5b50\u4eec\u7684\u4e50\u8da3\u201d\u9879\u76ee\u7684\u6bcf\u4e00\u671f\u4e2d \uff0c\u90fd\u53ef\u4ee5\u611f\u53d7\u52302\u81f316\u5c81\u7684\u5b69\u5b50\u5728\u5927\u4eba\u7684\u966a\u4f34\u4e0b\u8868\u8fbe\u51fa\u7684\u5f17\u62c9\u95e8\u6208\u3001\u4ee5\u53ca\u4ed6\u4eec\u4e4b\u95f4\u7684\u547c\u5e94\u3002<\/p>\n<p>\u4e3a\u4f7f\u53c2\u4e0e\u8005\u80fd\u591f\u66f4\u597d\u5730\u5438\u6536\u7406\u8bba\u548c\u5b9e\u8df5\u7684\u77e5\u8bc6\u3001\u5e76\u514b\u670d\u821e\u53f0\u6050\u60e7 \uff0c\u8be5\u9879\u76ee\u7684\u8bbe\u8ba1\u7740\u91cd\u4f53\u73b0\u4e86\u878d\u6d3d\u4e14\u4eb2\u8fd1\u7684\u6c14\u6c1b\u3002\u6240\u6709\u7684\u53c2\u4e0e\u8005\u90fd\u76f8\u4e92\u5206\u4eab\u3001\u76f8\u4e92\u5b66\u4e60 \uff0c\u65e0\u8bba\u662f\u827a\u672f\u5bb6\u3001\u975e\u827a\u672f\u5bb6\u3001\u4e24\u5c81\u7684\u5b69\u5b50\u8fd8\u662f90\u5c81\u7684\u8001\u4eba\u3002<\/p>\n<p>\u8fd9\u4e00\u5f00\u653e\u6a21\u5f0f\u4e5f\u8fbe\u5230\u4e86Cardamomo\u57fa\u91d1\u4f1a\u7684\u53e6\u4e00\u4e2a\u76ee\u7684\uff1a\u5c55\u793a\u5e76\u53c2\u4e0e\u5230\u5f17\u62c9\u95e8\u6208\u827a\u672f\u4ece\u7236\u5230\u5b50\u3001\u4ee3\u4ee3\u76f8\u4f20\u7684\u5b66\u4e60\u548c\u4f20\u627f\u8fc7\u7a0b\u3002<\/p>\n<div class=\"su-divider su-divider-style-default\"><\/div>\n<p class=\"separated-text\">\u7b2c\u4e00\u671f\u201c\u5f17\u62c9\u95e8\u6208\u4e5f\u662f\u5b69\u5b50\u4eec\u7684\u4e50\u8da3\u201d\u9879\u76ee\u5c06\u8001\u5c11\u4e09\u4ee3\u4e0d\u540c\u5f17\u62c9\u95e8\u6208\u98ce\u683c\u7684\u8868\u6f14\u8005\u6c47\u96c6\u5728\u4e86\u821e\u53f0\u4e0a\u3002\u4e00\u4e9b\u4eab\u6709\u56fd\u9645\u58f0\u8a89\u7684\u827a\u672f\u5bb6\u90fd\u53c2\u4e0e\u4e86\u8fdb\u6765 \uff0c\u5982Raimundo Amador \uff0c\u4e14\u5728\u6d3b\u52a8\u4e2d\u4ecb\u7ecd\u4e86\u4ed6\u7684\u5b59\u5973\u2014\u20148\u5c81\u7684\u5f17\u62c9\u95e8\u6208\u6b4c\u8005\uff1bTomatito\u548c\u4ed68\u5c81\u7684\u5b59\u5b50\u2014\u2014\u4e5f\u662f\u821e\u8005\u2014\u2014\u540c\u53f0\u51fa\u6f14\uff1b<a href=\"http:\/\/cardamomo.es\/artistas\/?lang=zh#MiguelElRubio\">Miguel Rubio<\/a>\u4ecb\u7ecd\u4e86\u4ed6\u7684\u5b59\u5b50Miguel de los Rubio\u2014\u2014\u5e74\u4ec510\u5c81\u7684\u5409\u4ed6\u624b\uff1bPepito Montoyita\u548c\u4ed6\u7684\u5b59\u5973La Montilla\u4e00\u540c\u524d\u6765 \uff0c\u4e24\u5c81\u7684\u5979\u5df2\u662f\u6b4c\u8005\u548c\u821e\u8005\uff1bAgust\u00edn Carbonell \uff0c\u4e5f\u88ab\u79f0\u4f5cEl Bola \uff0c\u5e26\u6765\u4e86\u4ed6\u7684\u4e24\u4e2a\u5b59\u5b50\u2014\u2014\u5206\u522b\u662f2\u5c81\u548c5\u5c81 \uff0c\u4e14\u90fd\u662f\u6253\u51fb\u4e50\u624b\uff1bRafita de Madrid\u5e26\u7740\u4ed65\u5c81 \u30017\u5c81\u3001\u548c13\u5c81\u7684\u513f\u5b50\u53c2\u52a0 \uff0c\u4e24\u4e2a\u5c0f\u513f\u5b50\u662f\u6b4c\u8005\u800c\u5927\u513f\u5b50\u662f\u6253\u51fb\u4e50\u624b\uff1b\u800cAurora Losada\u5e26\u6765\u4e86\u5979\u7684\u5973\u513f \uff0c12\u5c81\u7684\u6b4c\u8005\u3002<\/p>\n<p>\u540c\u65f6\u53c2\u4e0e\u8be5\u9879\u76ee\u7684 \uff0c\u8fd8\u6709\u5f17\u62c9\u95e8\u6208\u827a\u672f\u5927\u5e08\u4eec \uff0c\u5982Diego el Cigala\u3001El Negri\u3001<a href=\"http:\/\/cardamomo.es\/artistas\/?lang=zh#JuanCarlosQuiros\">Carlos Quir\u00f3s<\/a>\u3001El Morito\u3001El Monty\u3001Antonio Ingueta\u3001Isaac de los Reyes\u3001Nino de los Reyes\u3001<a href=\"http:\/\/www.cardamomo.es\/artistas\/?lang=zh#KelianJimenez\">Kelian Jim\u00e9nez<\/a>\u3001Quilino Jim\u00e9nez\u3001\u548cEl Entri \uff0c\u7b49\u7b49\u3002<\/p>","protected":false},"excerpt":{"rendered":"\u65e8\u5728\u5f18\u626c\u5f17\u62c9\u95e8\u6208\u827a\u672f Cardamomo\u57fa\u91d1\u4f1a\u7684\u6210\u7acb \uff0c\u65e8\u5728\u5411\u4e0d\u540c\u5e74\u9f84\u7684\u516c\u4f17\u63a8\u5e7f\u5f17\u62c9\u95e8\u6208\u827a\u672f\u3002\u8fd9\u662f\u4e00\u4e2a\u4eba\u4eec\u7684\u77e5&#8230;","protected":false},"author":1,"featured_media":156836,"parent":0,"menu_order":10,"comment_status":"closed","ping_status":"closed","template":"","meta":{"_acf_changed":false,"inline_featured_image":false,"footnotes":""},"class_list":["post-99","page","type-page","status-publish","has-post-thumbnail","hentry"],"acf":{"display":"default","hero_intro":"Por la difusi\u00f3n del arte flamenco","hero_heading":"h2","generic_slider":null},"yoast_head":"<!-- This site is optimized with the Yoast SEO plugin v27.3 - https:\/\/yoast.com\/product\/yoast-seo-wordpress\/ -->\n<title>Fundaci\u00f3n Caramomo | Cardamomo Tablao Flamenco<\/title>\n<meta name=\"description\" content=\"Es un espacio de encuentro y conocimiento donde artistas nobeles y ni\u00f1os puedan mostrar su trabajo, siendo una motivaci\u00f3n m\u00e1s para que contin\u00faen sus estudios art\u00edsticos.\" \/>\n<meta name=\"robots\" content=\"index, follow, max-snippet:-1, max-image-preview:large, max-video-preview:-1\" \/>\n<link rel=\"canonical\" href=\"\/\" \/>\n<meta property=\"og:locale\" content=\"zh_CN\" \/>\n<meta property=\"og:type\" content=\"article\" \/>\n<meta property=\"og:title\" content=\"Fundaci\u00f3n Caramomo | Cardamomo Tablao Flamenco\" \/>\n<meta property=\"og:description\" content=\"Es un espacio de encuentro y conocimiento donde artistas nobeles y ni\u00f1os puedan mostrar su trabajo, siendo una motivaci\u00f3n m\u00e1s para que contin\u00faen sus estudios art\u00edsticos.\" \/>\n<meta property=\"og:url\" content=\"https:\/\/cardamomo.com\/zh\/fundacion-cardamomo\/\" \/>\n<meta property=\"og:site_name\" content=\"Cardamomo Flamenco Madrid\" \/>\n<meta property=\"article:modified_time\" content=\"2026-01-13T15:26:47+00:00\" \/>\n<meta property=\"og:image\" content=\"https:\/\/cardamomo.ams3.digitaloceanspaces.com\/wp-content\/uploads\/2025\/02\/01153419\/01-fundacion-cardamomo.jpg\" \/>\n\t<meta property=\"og:image:width\" content=\"1920\" \/>\n\t<meta property=\"og:image:height\" content=\"1280\" \/>\n\t<meta property=\"og:image:type\" content=\"image\/jpeg\" \/>\n<meta name=\"twitter:card\" content=\"summary_large_image\" \/>\n<meta name=\"twitter:label1\" content=\"\u9884\u8ba1\u9605\u8bfb\u65f6\u95f4\" \/>\n\t<meta name=\"twitter:data1\" content=\"1 \u5206\" \/>\n<script type=\"application\/ld+json\" class=\"yoast-schema-graph\">{\"@context\":\"https:\\\/\\\/schema.org\",\"@graph\":[{\"@type\":\"WebPage\",\"@id\":\"https:\\\/\\\/cardamomo.com\\\/zh\\\/fundacion-cardamomo\\\/\",\"url\":\"https:\\\/\\\/cardamomo.com\\\/zh\\\/fundacion-cardamomo\\\/\",\"name\":\"Fundaci\u00f3n Caramomo | Cardamomo Tablao Flamenco\",\"isPartOf\":{\"@id\":\"https:\\\/\\\/cardamomo.com\\\/zh\\\/#website\"},\"primaryImageOfPage\":{\"@id\":\"https:\\\/\\\/cardamomo.com\\\/zh\\\/fundacion-cardamomo\\\/#primaryimage\"},\"image\":{\"@id\":\"https:\\\/\\\/cardamomo.com\\\/es\\\/fundacion-cardamomo\\\/#primaryimage\"},\"thumbnailUrl\":\"https:\\\/\\\/cardamomo.ams3.digitaloceanspaces.com\\\/wp-content\\\/uploads\\\/2025\\\/02\\\/01153419\\\/01-fundacion-cardamomo.jpg\",\"datePublished\":\"2016-06-08T13:57:34+00:00\",\"dateModified\":\"2026-01-13T15:26:47+00:00\",\"description\":\"Es un espacio de encuentro y conocimiento donde artistas nobeles y ni\u00f1os puedan mostrar su trabajo, siendo una motivaci\u00f3n m\u00e1s para que contin\u00faen sus estudios art\u00edsticos.\",\"breadcrumb\":{\"@id\":\"https:\\\/\\\/cardamomo.com\\\/zh\\\/fundacion-cardamomo\\\/#breadcrumb\"},\"inLanguage\":\"zh-Hans\",\"potentialAction\":[{\"@type\":\"ReadAction\",\"target\":[[\"https:\\\/\\\/cardamomo.com\\\/zh\\\/fundacion-cardamomo\\\/\"]]}]},{\"@type\":\"ImageObject\",\"inLanguage\":\"zh-Hans\",\"@id\":\"https:\\\/\\\/cardamomo.com\\\/zh\\\/fundacion-cardamomo\\\/#primaryimage\",\"url\":\"https:\\\/\\\/cardamomo.ams3.digitaloceanspaces.com\\\/wp-content\\\/uploads\\\/2025\\\/02\\\/01153419\\\/01-fundacion-cardamomo.jpg\",\"contentUrl\":\"https:\\\/\\\/cardamomo.ams3.digitaloceanspaces.com\\\/wp-content\\\/uploads\\\/2025\\\/02\\\/01153419\\\/01-fundacion-cardamomo.jpg\",\"width\":1920,\"height\":1280,\"caption\":\"Vista del escenario desde el fondo del tablao\"},{\"@type\":\"BreadcrumbList\",\"@id\":\"https:\\\/\\\/cardamomo.com\\\/zh\\\/fundacion-cardamomo\\\/#breadcrumb\",\"itemListElement\":[{\"@type\":\"ListItem\",\"position\":1,\"name\":\"Cardamomo\",\"item\":\"https:\\\/\\\/cardamomo.com\\\/zh\\\/\"},{\"@type\":\"ListItem\",\"position\":2,\"name\":\"Fundaci\u00f3n Cardamomo\"}]},{\"@type\":\"WebSite\",\"@id\":\"https:\\\/\\\/cardamomo.com\\\/zh\\\/#website\",\"url\":\"https:\\\/\\\/cardamomo.com\\\/zh\\\/\",\"name\":\"Cardamomo Flamenco Madrid\",\"description\":\"\",\"potentialAction\":[{\"@type\":\"SearchAction\",\"target\":{\"@type\":\"EntryPoint\",\"urlTemplate\":\"https:\\\/\\\/cardamomo.com\\\/zh\\\/?s={search_term_string}\"},\"query-input\":{\"@type\":\"PropertyValueSpecification\",\"valueRequired\":true,\"valueName\":\"search_term_string\"}}],\"inLanguage\":\"zh-Hans\"}]}<\/script>\n<!-- \/ Yoast SEO plugin. -->","yoast_head_json":{"title":"Fundaci\u00f3n Caramomo | Cardamomo Tablao Flamenco","description":"Es un espacio de encuentro y conocimiento donde artistas nobeles y ni\u00f1os puedan mostrar su trabajo, siendo una motivaci\u00f3n m\u00e1s para que contin\u00faen sus estudios art\u00edsticos.","robots":{"index":"index","follow":"follow","max-snippet":"max-snippet:-1","max-image-preview":"max-image-preview:large","max-video-preview":"max-video-preview:-1"},"canonical":"\/","og_locale":"zh_CN","og_type":"article","og_title":"Fundaci\u00f3n Caramomo | Cardamomo Tablao Flamenco","og_description":"Es un espacio de encuentro y conocimiento donde artistas nobeles y ni\u00f1os puedan mostrar su trabajo, siendo una motivaci\u00f3n m\u00e1s para que contin\u00faen sus estudios art\u00edsticos.","og_url":"https:\/\/cardamomo.com\/zh\/fundacion-cardamomo\/","og_site_name":"Cardamomo Flamenco Madrid","article_modified_time":"2026-01-13T15:26:47+00:00","og_image":[{"width":1920,"height":1280,"url":"https:\/\/cardamomo.ams3.digitaloceanspaces.com\/wp-content\/uploads\/2025\/02\/01153419\/01-fundacion-cardamomo.jpg","type":"image\/jpeg"}],"twitter_card":"summary_large_image","twitter_misc":{"\u9884\u8ba1\u9605\u8bfb\u65f6\u95f4":"1 \u5206"},"schema":{"@context":"https:\/\/schema.org","@graph":[{"@type":"WebPage","@id":"https:\/\/cardamomo.com\/zh\/fundacion-cardamomo\/","url":"https:\/\/cardamomo.com\/zh\/fundacion-cardamomo\/","name":"Fundaci\u00f3n Caramomo | Cardamomo Tablao Flamenco","isPartOf":{"@id":"https:\/\/cardamomo.com\/zh\/#website"},"primaryImageOfPage":{"@id":"https:\/\/cardamomo.com\/zh\/fundacion-cardamomo\/#primaryimage"},"image":{"@id":"https:\/\/cardamomo.com\/es\/fundacion-cardamomo\/#primaryimage"},"thumbnailUrl":"https:\/\/cardamomo.ams3.digitaloceanspaces.com\/wp-content\/uploads\/2025\/02\/01153419\/01-fundacion-cardamomo.jpg","datePublished":"2016-06-08T13:57:34+00:00","dateModified":"2026-01-13T15:26:47+00:00","description":"Es un espacio de encuentro y conocimiento donde artistas nobeles y ni\u00f1os puedan mostrar su trabajo, siendo una motivaci\u00f3n m\u00e1s para que contin\u00faen sus estudios art\u00edsticos.","breadcrumb":{"@id":"https:\/\/cardamomo.com\/zh\/fundacion-cardamomo\/#breadcrumb"},"inLanguage":"zh-Hans","potentialAction":[{"@type":"ReadAction","target":[["https:\/\/cardamomo.com\/zh\/fundacion-cardamomo\/"]]}]},{"@type":"ImageObject","inLanguage":"zh-Hans","@id":"https:\/\/cardamomo.com\/zh\/fundacion-cardamomo\/#primaryimage","url":"https:\/\/cardamomo.ams3.digitaloceanspaces.com\/wp-content\/uploads\/2025\/02\/01153419\/01-fundacion-cardamomo.jpg","contentUrl":"https:\/\/cardamomo.ams3.digitaloceanspaces.com\/wp-content\/uploads\/2025\/02\/01153419\/01-fundacion-cardamomo.jpg","width":1920,"height":1280,"caption":"Vista del escenario desde el fondo del tablao"},{"@type":"BreadcrumbList","@id":"https:\/\/cardamomo.com\/zh\/fundacion-cardamomo\/#breadcrumb","itemListElement":[{"@type":"ListItem","position":1,"name":"Cardamomo","item":"https:\/\/cardamomo.com\/zh\/"},{"@type":"ListItem","position":2,"name":"Fundaci\u00f3n Cardamomo"}]},{"@type":"WebSite","@id":"https:\/\/cardamomo.com\/zh\/#website","url":"https:\/\/cardamomo.com\/zh\/","name":"Cardamomo Flamenco Madrid","description":"","potentialAction":[{"@type":"SearchAction","target":{"@type":"EntryPoint","urlTemplate":"https:\/\/cardamomo.com\/zh\/?s={search_term_string}"},"query-input":{"@type":"PropertyValueSpecification","valueRequired":true,"valueName":"search_term_string"}}],"inLanguage":"zh-Hans"}]}},"_links":{"self":[{"href":"https:\/\/cardamomo.com\/zh\/wp-json\/wp\/v2\/pages\/99","targetHints":{"allow":["GET"]}}],"collection":[{"href":"https:\/\/cardamomo.com\/zh\/wp-json\/wp\/v2\/pages"}],"about":[{"href":"https:\/\/cardamomo.com\/zh\/wp-json\/wp\/v2\/types\/page"}],"author":[{"embeddable":true,"href":"https:\/\/cardamomo.com\/zh\/wp-json\/wp\/v2\/users\/1"}],"replies":[{"embeddable":true,"href":"https:\/\/cardamomo.com\/zh\/wp-json\/wp\/v2\/comments?post=99"}],"version-history":[{"count":27,"href":"https:\/\/cardamomo.com\/zh\/wp-json\/wp\/v2\/pages\/99\/revisions"}],"predecessor-version":[{"id":158429,"href":"https:\/\/cardamomo.com\/zh\/wp-json\/wp\/v2\/pages\/99\/revisions\/158429"}],"wp:featuredmedia":[{"embeddable":true,"href":"https:\/\/cardamomo.com\/zh\/wp-json\/wp\/v2\/media\/156836"}],"wp:attachment":[{"href":"https:\/\/cardamomo.com\/zh\/wp-json\/wp\/v2\/media?parent=99"}],"curies":[{"name":"wp","href":"https:\/\/api.w.org\/{rel}","templated":true}]}}