{"id":84,"date":"2024-12-02T15:42:20","date_gmt":"2024-12-02T15:42:20","guid":{"rendered":"http:\/\/cardamomo.local\/?page_id=84"},"modified":"2025-10-21T13:08:51","modified_gmt":"2025-10-21T11:08:51","slug":"contact-location","status":"publish","type":"page","link":"https:\/\/cardamomo.com\/zh\/location-and-contact\/","title":{"rendered":"\u4f4d\u7f6e"},"content":{"rendered":"<p>Cardamomo \u4f4d\u4e8e\u57c3\u5207\u52a0\u96f7\u8857 15 \u53f7\uff0c\u5730\u5904\u62c9\u65af\u83b1\u7279\u62c9\u65af\uff08Las Letras\uff09\u4e2d\u5fc3\u8857\u533a\uff0c\u4f4d\u4e8e\u97e6\u5c14\u5854\u65af\u548c\u79d1\u5c14\u7279\u65af\u5730\u533a\u7684\u4e2d\u5fc3\uff1a\u73b0\u573a\u5f17\u62c9\u95e8\u6208\u8868\u6f14\u8ddd\u79bb\u592a\u9633\u95e8\u4ec5\u51e0\u6b65\u4e4b\u9065\u3002<\/p>","protected":false},"excerpt":{"rendered":"Cardamomo \u4f4d\u4e8e\u57c3\u5207\u52a0\u96f7\u8857 15 \u53f7\uff0c\u5730\u5904\u62c9\u65af\u83b1\u7279\u62c9\u65af\uff08Las Letras\uff09\u4e2d\u5fc3\u8857\u533a\uff0c\u4f4d\u4e8e\u97e6\u5c14\u5854\u65af\u548c&#8230;","protected":false},"author":1,"featured_media":0,"parent":0,"menu_order":7,"comment_status":"closed","ping_status":"closed","template":"templates\/05-contact.php","meta":{"_acf_changed":false,"inline_featured_image":false,"footnotes":""},"class_list":["post-84","page","type-page","status-publish","hentry"],"acf":{"display":"reduced","hero_intro":"\u00bfC\u00f3mo llegar a Cardamomo <br>Tablao Flamenco?","hero_heading":"h2","generic_slider":null},"yoast_head":"<!-- This site is optimized with the Yoast SEO plugin v27.1.1 - https:\/\/yoast.com\/product\/yoast-seo-wordpress\/ -->\n<title>Contacto y Localizaci\u00f3n | Cardamomo Tablao Flamenco<\/title>\n<meta name=\"description\" content=\"El tablao Cardamomo se encuentraen el c\u00e9ntrico barrio de Las letras, en el coraz\u00f3n de la zona de Huertas y Cortes, a un paso de la Puerta del Sol.\" \/>\n<meta name=\"robots\" content=\"index, follow, max-snippet:-1, max-image-preview:large, max-video-preview:-1\" \/>\n<link rel=\"canonical\" href=\"\/\" \/>\n<meta property=\"og:locale\" content=\"zh_CN\" \/>\n<meta property=\"og:type\" content=\"article\" \/>\n<meta property=\"og:title\" content=\"Contacto y Localizaci\u00f3n | Cardamomo Tablao Flamenco\" \/>\n<meta property=\"og:description\" content=\"El tablao Cardamomo se encuentraen el c\u00e9ntrico barrio de Las letras, en el coraz\u00f3n de la zona de Huertas y Cortes, a un paso de la Puerta del Sol.\" \/>\n<meta property=\"og:url\" content=\"https:\/\/cardamomo.com\/zh\/contacto-y-localizacion\/\" \/>\n<meta property=\"og:site_name\" content=\"Cardamomo Flamenco Madrid\" \/>\n<meta property=\"article:modified_time\" content=\"2025-10-21T11:08:51+00:00\" \/>\n<meta name=\"twitter:card\" content=\"summary_large_image\" \/>\n<meta name=\"twitter:label1\" content=\"\u9884\u8ba1\u9605\u8bfb\u65f6\u95f4\" \/>\n\t<meta name=\"twitter:data1\" content=\"1 \u5206\" \/>\n<script type=\"application\/ld+json\" class=\"yoast-schema-graph\">{\"@context\":\"https:\/\/schema.org\",\"@graph\":[{\"@type\":\"WebPage\",\"@id\":\"https:\/\/cardamomo.com\/zh\/contacto-y-localizacion\/\",\"url\":\"https:\/\/cardamomo.com\/zh\/contacto-y-localizacion\/\",\"name\":\"Contacto y Localizaci\u00f3n | Cardamomo Tablao Flamenco\",\"isPartOf\":{\"@id\":\"https:\/\/cardamomo.com\/zh\/#website\"},\"datePublished\":\"2024-12-02T15:42:20+00:00\",\"dateModified\":\"2025-10-21T11:08:51+00:00\",\"description\":\"El tablao Cardamomo se encuentraen el c\u00e9ntrico barrio de Las letras, en el coraz\u00f3n de la zona de Huertas y Cortes, a un paso de la Puerta del Sol.\",\"breadcrumb\":{\"@id\":\"https:\/\/cardamomo.com\/zh\/contacto-y-localizacion\/#breadcrumb\"},\"inLanguage\":\"zh-Hans\",\"potentialAction\":[{\"@type\":\"ReadAction\",\"target\":[[\"https:\/\/cardamomo.com\/zh\/contacto-y-localizacion\/\"]]}]},{\"@type\":\"BreadcrumbList\",\"@id\":\"https:\/\/cardamomo.com\/zh\/contacto-y-localizacion\/#breadcrumb\",\"itemListElement\":[{\"@type\":\"ListItem\",\"position\":1,\"name\":\"Cardamomo\",\"item\":\"https:\/\/cardamomo.com\/zh\/\"},{\"@type\":\"ListItem\",\"position\":2,\"name\":\"Contacto y localizaci\u00f3n\"}]},{\"@type\":\"WebSite\",\"@id\":\"https:\/\/cardamomo.com\/zh\/#website\",\"url\":\"https:\/\/cardamomo.com\/zh\/\",\"name\":\"Cardamomo Flamenco Madrid\",\"description\":\"\",\"potentialAction\":[{\"@type\":\"SearchAction\",\"target\":{\"@type\":\"EntryPoint\",\"urlTemplate\":\"https:\/\/cardamomo.com\/zh\/?s={search_term_string}\"},\"query-input\":{\"@type\":\"PropertyValueSpecification\",\"valueRequired\":true,\"valueName\":\"search_term_string\"}}],\"inLanguage\":\"zh-Hans\"}]}<\/script>\n<!-- \/ Yoast SEO plugin. -->","yoast_head_json":{"title":"Contacto y Localizaci\u00f3n | Cardamomo Tablao Flamenco","description":"El tablao Cardamomo se encuentraen el c\u00e9ntrico barrio de Las letras, en el coraz\u00f3n de la zona de Huertas y Cortes, a un paso de la Puerta del Sol.","robots":{"index":"index","follow":"follow","max-snippet":"max-snippet:-1","max-image-preview":"max-image-preview:large","max-video-preview":"max-video-preview:-1"},"canonical":"\/","og_locale":"zh_CN","og_type":"article","og_title":"Contacto y Localizaci\u00f3n | Cardamomo Tablao Flamenco","og_description":"El tablao Cardamomo se encuentraen el c\u00e9ntrico barrio de Las letras, en el coraz\u00f3n de la zona de Huertas y Cortes, a un paso de la Puerta del Sol.","og_url":"https:\/\/cardamomo.com\/zh\/contacto-y-localizacion\/","og_site_name":"Cardamomo Flamenco Madrid","article_modified_time":"2025-10-21T11:08:51+00:00","twitter_card":"summary_large_image","twitter_misc":{"\u9884\u8ba1\u9605\u8bfb\u65f6\u95f4":"1 \u5206"},"schema":{"@context":"https:\/\/schema.org","@graph":[{"@type":"WebPage","@id":"https:\/\/cardamomo.com\/zh\/contacto-y-localizacion\/","url":"https:\/\/cardamomo.com\/zh\/contacto-y-localizacion\/","name":"Contacto y Localizaci\u00f3n | Cardamomo Tablao Flamenco","isPartOf":{"@id":"https:\/\/cardamomo.com\/zh\/#website"},"datePublished":"2024-12-02T15:42:20+00:00","dateModified":"2025-10-21T11:08:51+00:00","description":"El tablao Cardamomo se encuentraen el c\u00e9ntrico barrio de Las letras, en el coraz\u00f3n de la zona de Huertas y Cortes, a un paso de la Puerta del Sol.","breadcrumb":{"@id":"https:\/\/cardamomo.com\/zh\/contacto-y-localizacion\/#breadcrumb"},"inLanguage":"zh-Hans","potentialAction":[{"@type":"ReadAction","target":[["https:\/\/cardamomo.com\/zh\/contacto-y-localizacion\/"]]}]},{"@type":"BreadcrumbList","@id":"https:\/\/cardamomo.com\/zh\/contacto-y-localizacion\/#breadcrumb","itemListElement":[{"@type":"ListItem","position":1,"name":"Cardamomo","item":"https:\/\/cardamomo.com\/zh\/"},{"@type":"ListItem","position":2,"name":"Contacto y localizaci\u00f3n"}]},{"@type":"WebSite","@id":"https:\/\/cardamomo.com\/zh\/#website","url":"https:\/\/cardamomo.com\/zh\/","name":"Cardamomo Flamenco Madrid","description":"","potentialAction":[{"@type":"SearchAction","target":{"@type":"EntryPoint","urlTemplate":"https:\/\/cardamomo.com\/zh\/?s={search_term_string}"},"query-input":{"@type":"PropertyValueSpecification","valueRequired":true,"valueName":"search_term_string"}}],"inLanguage":"zh-Hans"}]}},"_links":{"self":[{"href":"https:\/\/cardamomo.com\/zh\/wp-json\/wp\/v2\/pages\/84","targetHints":{"allow":["GET"]}}],"collection":[{"href":"https:\/\/cardamomo.com\/zh\/wp-json\/wp\/v2\/pages"}],"about":[{"href":"https:\/\/cardamomo.com\/zh\/wp-json\/wp\/v2\/types\/page"}],"author":[{"embeddable":true,"href":"https:\/\/cardamomo.com\/zh\/wp-json\/wp\/v2\/users\/1"}],"replies":[{"embeddable":true,"href":"https:\/\/cardamomo.com\/zh\/wp-json\/wp\/v2\/comments?post=84"}],"version-history":[{"count":8,"href":"https:\/\/cardamomo.com\/zh\/wp-json\/wp\/v2\/pages\/84\/revisions"}],"predecessor-version":[{"id":157856,"href":"https:\/\/cardamomo.com\/zh\/wp-json\/wp\/v2\/pages\/84\/revisions\/157856"}],"wp:attachment":[{"href":"https:\/\/cardamomo.com\/zh\/wp-json\/wp\/v2\/media?parent=84"}],"curies":[{"name":"wp","href":"https:\/\/api.w.org\/{rel}","templated":true}]}}