{"id":82,"date":"2024-12-02T15:42:08","date_gmt":"2024-12-02T15:42:08","guid":{"rendered":"http:\/\/cardamomo.local\/?page_id=82"},"modified":"2026-04-14T17:30:38","modified_gmt":"2026-04-14T15:30:38","slug":"cenas-y-tapas","status":"publish","type":"page","link":"https:\/\/cardamomo.com\/zh\/dinner-with-flamenco-show-in-madrid\/","title":{"rendered":"\u5728\u9a6c\u5fb7\u91cc\u7684\u5f17\u62c9\u95e8\u6208\u8868\u6f14\u665a\u9910"},"content":{"rendered":"<p>\u4f53\u9a8c\u6700\u5730\u9053\u7684\u9a6c\u5fb7\u91cc\u98ce\u60c5\uff0c\u63a2\u7d22\u8fd9\u5ea7\u57ce\u5e02\u7684\u8857\u5934\u7f8e\u98df\u3002\u4e0e\u670b\u53cb\u5206\u4eab\u5404\u5f0f\u7cbe\u81f4\u7684\u897f\u73ed\u7259\u5c0f\u5403\u548c\u83dc\u80b4\uff0c\u642d\u914d\u51b0\u9547\u5564\u9152\u6216\u4e00\u676f\u7ea2\u9152\u3002<\/p>","protected":false},"excerpt":{"rendered":"\u4f53\u9a8c\u6700\u5730\u9053\u7684\u9a6c\u5fb7\u91cc\u98ce\u60c5\uff0c\u63a2\u7d22\u8fd9\u5ea7\u57ce\u5e02\u7684\u8857\u5934\u7f8e\u98df\u3002\u4e0e\u670b\u53cb\u5206\u4eab\u5404\u5f0f\u7cbe\u81f4\u7684\u897f\u73ed\u7259\u5c0f\u5403\u548c\u83dc\u80b4\uff0c\u642d\u914d\u51b0\u9547\u5564\u9152\u6216\u4e00\u676f\u7ea2\u9152\u3002","protected":false},"author":1,"featured_media":157002,"parent":0,"menu_order":5,"comment_status":"closed","ping_status":"closed","template":"","meta":{"_acf_changed":false,"inline_featured_image":false,"footnotes":""},"class_list":["post-82","page","type-page","status-publish","has-post-thumbnail","hentry"],"acf":{"display":"default","hero_intro":"\u50cf\u771f\u6b63\u7684\u9a6c\u5fb7\u91cc\u4eba\u4e00\u6837\uff01\u5728\u89c2\u8d4f\u8868\u6f14\u7684\u540c\u65f6\u54c1\u5c1d\u897f\u73ed\u7259\u5c0f\u5403","hero_heading":"h2","generic_slider":null},"yoast_head":"<!-- This site is optimized with the Yoast SEO plugin v27.3 - https:\/\/yoast.com\/product\/yoast-seo-wordpress\/ -->\n<title>Cena con espect\u00e1culo flamenco en Madrid | Cardamomo<\/title>\n<meta name=\"description\" content=\"Vive una cena con flamenco en vivo en pleno centro de Madrid. Disfruta de tapas espa\u00f1olas y un espect\u00e1culo \u00fanico en el tablao Cardamomo.\" \/>\n<meta name=\"robots\" content=\"index, follow, max-snippet:-1, max-image-preview:large, max-video-preview:-1\" \/>\n<link rel=\"canonical\" href=\"\/\" \/>\n<meta property=\"og:locale\" content=\"zh_CN\" \/>\n<meta property=\"og:type\" content=\"article\" \/>\n<meta property=\"og:title\" content=\"Cena con espect\u00e1culo flamenco en Madrid | Cardamomo\" \/>\n<meta property=\"og:description\" content=\"Vive una cena con flamenco en vivo en pleno centro de Madrid. Disfruta de tapas espa\u00f1olas y un espect\u00e1culo \u00fanico en el tablao Cardamomo.\" \/>\n<meta property=\"og:url\" content=\"https:\/\/cardamomo.com\/zh\/cena-con-espectaculo-flamenco-en-madrid\/\" \/>\n<meta property=\"og:site_name\" content=\"Cardamomo Flamenco Madrid\" \/>\n<meta property=\"article:modified_time\" content=\"2026-04-14T15:30:38+00:00\" \/>\n<meta property=\"og:image\" content=\"https:\/\/cardamomo.ams3.digitaloceanspaces.com\/wp-content\/uploads\/2025\/02\/03130329\/show-y-tapas-jamon.jpg\" \/>\n\t<meta property=\"og:image:width\" content=\"1600\" \/>\n\t<meta property=\"og:image:height\" content=\"750\" \/>\n\t<meta property=\"og:image:type\" content=\"image\/jpeg\" \/>\n<meta name=\"twitter:card\" content=\"summary_large_image\" \/>\n<meta name=\"twitter:label1\" content=\"\u9884\u8ba1\u9605\u8bfb\u65f6\u95f4\" \/>\n\t<meta name=\"twitter:data1\" content=\"1 \u5206\" \/>\n<script type=\"application\/ld+json\" class=\"yoast-schema-graph\">{\"@context\":\"https:\\\/\\\/schema.org\",\"@graph\":[{\"@type\":\"WebPage\",\"@id\":\"https:\\\/\\\/cardamomo.com\\\/zh\\\/cena-con-espectaculo-flamenco-en-madrid\\\/\",\"url\":\"https:\\\/\\\/cardamomo.com\\\/zh\\\/cena-con-espectaculo-flamenco-en-madrid\\\/\",\"name\":\"Cena con espect\u00e1culo flamenco en Madrid | Cardamomo\",\"isPartOf\":{\"@id\":\"https:\\\/\\\/cardamomo.com\\\/zh\\\/#website\"},\"primaryImageOfPage\":{\"@id\":\"https:\\\/\\\/cardamomo.com\\\/zh\\\/cena-con-espectaculo-flamenco-en-madrid\\\/#primaryimage\"},\"image\":{\"@id\":\"https:\\\/\\\/cardamomo.com\\\/es\\\/cena-con-espectaculo-flamenco-en-madrid\\\/#primaryimage\"},\"thumbnailUrl\":\"https:\\\/\\\/cardamomo.ams3.digitaloceanspaces.com\\\/wp-content\\\/uploads\\\/2025\\\/02\\\/03130329\\\/show-y-tapas-jamon.jpg\",\"datePublished\":\"2024-12-02T15:42:08+00:00\",\"dateModified\":\"2026-04-14T15:30:38+00:00\",\"description\":\"Vive una cena con flamenco en vivo en pleno centro de Madrid. Disfruta de tapas espa\u00f1olas y un espect\u00e1culo \u00fanico en el tablao Cardamomo.\",\"breadcrumb\":{\"@id\":\"https:\\\/\\\/cardamomo.com\\\/zh\\\/cena-con-espectaculo-flamenco-en-madrid\\\/#breadcrumb\"},\"inLanguage\":\"zh-Hans\",\"potentialAction\":[{\"@type\":\"ReadAction\",\"target\":[[\"https:\\\/\\\/cardamomo.com\\\/zh\\\/cena-con-espectaculo-flamenco-en-madrid\\\/\"]]}]},{\"@type\":\"ImageObject\",\"inLanguage\":\"zh-Hans\",\"@id\":\"https:\\\/\\\/cardamomo.com\\\/zh\\\/cena-con-espectaculo-flamenco-en-madrid\\\/#primaryimage\",\"url\":\"https:\\\/\\\/cardamomo.ams3.digitaloceanspaces.com\\\/wp-content\\\/uploads\\\/2025\\\/02\\\/03130329\\\/show-y-tapas-jamon.jpg\",\"contentUrl\":\"https:\\\/\\\/cardamomo.ams3.digitaloceanspaces.com\\\/wp-content\\\/uploads\\\/2025\\\/02\\\/03130329\\\/show-y-tapas-jamon.jpg\",\"width\":1600,\"height\":750},{\"@type\":\"BreadcrumbList\",\"@id\":\"https:\\\/\\\/cardamomo.com\\\/zh\\\/cena-con-espectaculo-flamenco-en-madrid\\\/#breadcrumb\",\"itemListElement\":[{\"@type\":\"ListItem\",\"position\":1,\"name\":\"Cardamomo\",\"item\":\"https:\\\/\\\/cardamomo.com\\\/zh\\\/\"},{\"@type\":\"ListItem\",\"position\":2,\"name\":\"Tablao Flamenco en Madrid con Cena\"}]},{\"@type\":\"WebSite\",\"@id\":\"https:\\\/\\\/cardamomo.com\\\/zh\\\/#website\",\"url\":\"https:\\\/\\\/cardamomo.com\\\/zh\\\/\",\"name\":\"Cardamomo Flamenco Madrid\",\"description\":\"\",\"potentialAction\":[{\"@type\":\"SearchAction\",\"target\":{\"@type\":\"EntryPoint\",\"urlTemplate\":\"https:\\\/\\\/cardamomo.com\\\/zh\\\/?s={search_term_string}\"},\"query-input\":{\"@type\":\"PropertyValueSpecification\",\"valueRequired\":true,\"valueName\":\"search_term_string\"}}],\"inLanguage\":\"zh-Hans\"}]}<\/script>\n<!-- \/ Yoast SEO plugin. -->","yoast_head_json":{"title":"Cena con espect\u00e1culo flamenco en Madrid | Cardamomo","description":"Vive una cena con flamenco en vivo en pleno centro de Madrid. Disfruta de tapas espa\u00f1olas y un espect\u00e1culo \u00fanico en el tablao Cardamomo.","robots":{"index":"index","follow":"follow","max-snippet":"max-snippet:-1","max-image-preview":"max-image-preview:large","max-video-preview":"max-video-preview:-1"},"canonical":"\/","og_locale":"zh_CN","og_type":"article","og_title":"Cena con espect\u00e1culo flamenco en Madrid | Cardamomo","og_description":"Vive una cena con flamenco en vivo en pleno centro de Madrid. Disfruta de tapas espa\u00f1olas y un espect\u00e1culo \u00fanico en el tablao Cardamomo.","og_url":"https:\/\/cardamomo.com\/zh\/cena-con-espectaculo-flamenco-en-madrid\/","og_site_name":"Cardamomo Flamenco Madrid","article_modified_time":"2026-04-14T15:30:38+00:00","og_image":[{"width":1600,"height":750,"url":"https:\/\/cardamomo.ams3.digitaloceanspaces.com\/wp-content\/uploads\/2025\/02\/03130329\/show-y-tapas-jamon.jpg","type":"image\/jpeg"}],"twitter_card":"summary_large_image","twitter_misc":{"\u9884\u8ba1\u9605\u8bfb\u65f6\u95f4":"1 \u5206"},"schema":{"@context":"https:\/\/schema.org","@graph":[{"@type":"WebPage","@id":"https:\/\/cardamomo.com\/zh\/cena-con-espectaculo-flamenco-en-madrid\/","url":"https:\/\/cardamomo.com\/zh\/cena-con-espectaculo-flamenco-en-madrid\/","name":"Cena con espect\u00e1culo flamenco en Madrid | Cardamomo","isPartOf":{"@id":"https:\/\/cardamomo.com\/zh\/#website"},"primaryImageOfPage":{"@id":"https:\/\/cardamomo.com\/zh\/cena-con-espectaculo-flamenco-en-madrid\/#primaryimage"},"image":{"@id":"https:\/\/cardamomo.com\/es\/cena-con-espectaculo-flamenco-en-madrid\/#primaryimage"},"thumbnailUrl":"https:\/\/cardamomo.ams3.digitaloceanspaces.com\/wp-content\/uploads\/2025\/02\/03130329\/show-y-tapas-jamon.jpg","datePublished":"2024-12-02T15:42:08+00:00","dateModified":"2026-04-14T15:30:38+00:00","description":"Vive una cena con flamenco en vivo en pleno centro de Madrid. Disfruta de tapas espa\u00f1olas y un espect\u00e1culo \u00fanico en el tablao Cardamomo.","breadcrumb":{"@id":"https:\/\/cardamomo.com\/zh\/cena-con-espectaculo-flamenco-en-madrid\/#breadcrumb"},"inLanguage":"zh-Hans","potentialAction":[{"@type":"ReadAction","target":[["https:\/\/cardamomo.com\/zh\/cena-con-espectaculo-flamenco-en-madrid\/"]]}]},{"@type":"ImageObject","inLanguage":"zh-Hans","@id":"https:\/\/cardamomo.com\/zh\/cena-con-espectaculo-flamenco-en-madrid\/#primaryimage","url":"https:\/\/cardamomo.ams3.digitaloceanspaces.com\/wp-content\/uploads\/2025\/02\/03130329\/show-y-tapas-jamon.jpg","contentUrl":"https:\/\/cardamomo.ams3.digitaloceanspaces.com\/wp-content\/uploads\/2025\/02\/03130329\/show-y-tapas-jamon.jpg","width":1600,"height":750},{"@type":"BreadcrumbList","@id":"https:\/\/cardamomo.com\/zh\/cena-con-espectaculo-flamenco-en-madrid\/#breadcrumb","itemListElement":[{"@type":"ListItem","position":1,"name":"Cardamomo","item":"https:\/\/cardamomo.com\/zh\/"},{"@type":"ListItem","position":2,"name":"Tablao Flamenco en Madrid con Cena"}]},{"@type":"WebSite","@id":"https:\/\/cardamomo.com\/zh\/#website","url":"https:\/\/cardamomo.com\/zh\/","name":"Cardamomo Flamenco Madrid","description":"","potentialAction":[{"@type":"SearchAction","target":{"@type":"EntryPoint","urlTemplate":"https:\/\/cardamomo.com\/zh\/?s={search_term_string}"},"query-input":{"@type":"PropertyValueSpecification","valueRequired":true,"valueName":"search_term_string"}}],"inLanguage":"zh-Hans"}]}},"_links":{"self":[{"href":"https:\/\/cardamomo.com\/zh\/wp-json\/wp\/v2\/pages\/82","targetHints":{"allow":["GET"]}}],"collection":[{"href":"https:\/\/cardamomo.com\/zh\/wp-json\/wp\/v2\/pages"}],"about":[{"href":"https:\/\/cardamomo.com\/zh\/wp-json\/wp\/v2\/types\/page"}],"author":[{"embeddable":true,"href":"https:\/\/cardamomo.com\/zh\/wp-json\/wp\/v2\/users\/1"}],"replies":[{"embeddable":true,"href":"https:\/\/cardamomo.com\/zh\/wp-json\/wp\/v2\/comments?post=82"}],"version-history":[{"count":58,"href":"https:\/\/cardamomo.com\/zh\/wp-json\/wp\/v2\/pages\/82\/revisions"}],"predecessor-version":[{"id":158895,"href":"https:\/\/cardamomo.com\/zh\/wp-json\/wp\/v2\/pages\/82\/revisions\/158895"}],"wp:featuredmedia":[{"embeddable":true,"href":"https:\/\/cardamomo.com\/zh\/wp-json\/wp\/v2\/media\/157002"}],"wp:attachment":[{"href":"https:\/\/cardamomo.com\/zh\/wp-json\/wp\/v2\/media?parent=82"}],"curies":[{"name":"wp","href":"https:\/\/api.w.org\/{rel}","templated":true}]}}