{"id":50436,"date":"2018-08-15T18:15:57","date_gmt":"2018-08-15T16:15:57","guid":{"rendered":"https:\/\/cardamomo.com\/es\/?page_id=50436"},"modified":"2024-12-17T11:45:39","modified_gmt":"2024-12-17T11:45:39","slug":"afiliados","status":"publish","type":"page","link":"https:\/\/cardamomo.com\/zh\/afiliados\/","title":{"rendered":"Afiliados"},"content":{"rendered":"<p class=\"qtranxs-available-languages-message qtranxs-available-languages-message-zh\">\u5bf9\u4e0d\u8d77\uff0c\u6b64\u5185\u5bb9\u53ea\u9002\u7528\u4e8e<a href=\"https:\/\/cardamomo.com\/es\/wp-json\/wp\/v2\/pages\/50436\" class=\"qtranxs-available-language-link qtranxs-available-language-link-es\" title=\"Espa\u00f1ol\">Espa\u00f1ol<\/a>\u548c<a href=\"https:\/\/cardamomo.com\/en\/wp-json\/wp\/v2\/pages\/50436\" class=\"qtranxs-available-language-link qtranxs-available-language-link-en\" title=\"English\">English<\/a>\u3002<\/p><p><\/p>\n<div class=\"col-sm-12 col-md-6 affi\">\n<h1><b>PROGRAMA DE AFILIADOS<\/b><\/h1>\n<h2><b>Gana dinero y monetiza tu web como afiliado de Cardamomo<\/b><\/h2>\n<div>\n<article id=\"drink_card\" class=\"toggle_card dinner_card\">\n<div class=\"row\">\n<div class=\"col-xs-12 col-sm-12 col-md-12\">\n<div class=\"dinner_card_title af\">\n<h2><b>\u00bfQu\u00e9 productos vende Cardamomo?<\/b><\/h2>\n<p>&nbsp;<\/p>\n<\/div>\n<\/div>\n<\/div>\n<div class=\"card_toggle_content\">\n<div class=\"container-fluid\">\n<div class=\"row\">\n<div class=\"col-xs-12 col-sm-12 col-md-12\">\n<p><span style=\"font-weight: 400;\">SHOW + BEBIDA DE BIENVENIDA: En el tablao flamenco Cardamomo maestros de la guitarra espa\u00f1ola y la percusi\u00f3n, prestigiosos cantaores y cantaoras, bailaores y bailaoras del flamenco se entregan al p\u00fablico en cuerpo y alma con un espect\u00e1culo \u00fanico y en directo. Incluye una bebida de bienvenida.<\/span><br \/>\n<span style=\"font-weight: 400;\">SHOW + MEN\u00da: Los clientes pueden optar por comprar la entrada s\u00f3lo para el espect\u00e1culo o bien agregar un men\u00fa por persona de los 9 que tenemos hoy disponibles.<\/span><\/p>\n<\/div>\n<\/div>\n<\/div>\n<\/div>\n<\/article>\n<\/div>\n<div>\n<article id=\"drink_card\" class=\"toggle_card dinner_card\">\n<div class=\"row\">\n<div class=\"col-xs-12 col-sm-12 col-md-12\">\n<div class=\"dinner_card_title af\">\n<h2><b>\u00bfPor qu\u00e9 vender los show de Cardamomo?<\/b><\/h2>\n<p>&nbsp;<\/p>\n<\/div>\n<\/div>\n<\/div>\n<div class=\"card_toggle_content\">\n<div class=\"container-fluid\">\n<div class=\"row\">\n<div class=\"col-xs-12 col-sm-12 col-md-12\">\n<p><span style=\"font-weight: 400;\">Punto de encuentro de los mejores artistas y estudiosos del flamenco, Cardamomo se ha convertido en s\u00edmbolo del amor por este Arte.<\/span><\/p>\n<p><span style=\"font-weight: 400;\">Somos el \u00fanico Tablao de Flamenco en Madrid recomendado por el New York Times.<\/span><\/p>\n<p><span style=\"font-weight: 400;\">La trayectoria cultural de la sala Cardamomo Tablao Flamenco se ha visto reconocida en 2014 al ser catalogada por el Ayuntamiento de Madrid en el \u201cPatrimonio Cultural de la Ciudad de Madrid\u201d del distrito Centro por sus \u201cespeciales caracter\u00edsticas y singularidad\u201d (BOAM, 13 noviembre 2014).<\/span><\/p>\n<p><span style=\"font-weight: 400;\">En el tablao de Cardamomo conviven con pasi\u00f3n la danza y el cante que brota del m\u00e1s hondo sentimiento flamenco. Por eso, la comunicaci\u00f3n emocional de nuestros artistas trasciende en el espectador como una experiencia intensamente personal e inolvidable.<\/span><\/p>\n<p><span style=\"color: #ff0000;\"><b>\u00a1Puedes recomendar Cardamomo con total confianza, tus lectores estar\u00e1n agradecidos!<\/b><\/span><\/p>\n<\/div>\n<\/div>\n<\/div>\n<\/div>\n<\/article>\n<\/div>\n<div>\n<article id=\"drink_card\" class=\"toggle_card dinner_card\">\n<div class=\"row\">\n<div class=\"col-xs-12 col-sm-12 col-md-12\">\n<div class=\"dinner_card_title af\">\n<h2><b>\u00bfAdherirse al Programa de Afiliados es gratis?<\/b><\/h2>\n<p>&nbsp;<\/p>\n<\/div>\n<\/div>\n<\/div>\n<div class=\"card_toggle_content\">\n<div class=\"container-fluid\">\n<div class=\"row\">\n<div class=\"col-xs-12 col-sm-12 col-md-12\"><span style=\"font-weight: 400;\">Claro, puedes comenzar ahora mismo y afiliarse es gratis.<\/span><\/div>\n<\/div>\n<\/div>\n<\/div>\n<\/article>\n<\/div>\n<div>\n<article id=\"drink_card\" class=\"toggle_card dinner_card\">\n<div class=\"row\">\n<div class=\"col-xs-12 col-sm-12 col-md-12\">\n<div class=\"dinner_card_title af\">\n<h2 class=\"max-w-af\"><b>\u00bfCu\u00e1l es el promedio de ventas generadas en la web de Cardamomo?<\/b><\/h2>\n<p>&nbsp;<\/p>\n<\/div>\n<\/div>\n<\/div>\n<div class=\"card_toggle_content\">\n<div class=\"container-fluid\">\n<div class=\"row\">\n<div class=\"col-xs-12 col-sm-12 col-md-12\"><span style=\"font-weight: 400;\">Una venta promedio de nuestras entradas es de 115 euros y tu te llevar\u00e1s el 7 o 10% del total de esa venta!<\/span><\/div>\n<\/div>\n<\/div>\n<\/div>\n<\/article>\n<\/div>\n<div>\n<article id=\"drink_card\" class=\"toggle_card dinner_card\">\n<div class=\"row\">\n<div class=\"col-xs-12 col-sm-12 col-md-12\">\n<div class=\"dinner_card_title af\">\n<h2><b>\u00bfCu\u00e1l es la comisi\u00f3n por venta? <\/b><\/h2>\n<p>&nbsp;<\/p>\n<\/div>\n<\/div>\n<\/div>\n<div class=\"card_toggle_content\">\n<div class=\"container-fluid\">\n<div class=\"row\">\n<div class=\"col-xs-12 col-sm-12 col-md-12\">\n<p><span style=\"font-weight: 400;\">La comisi\u00f3n es de 7% de la venta total, hasta 20 entradas vendidas. <\/span><b>\u00a1Tu comisi\u00f3n aumentar\u00e1 a 10% cuando vendas m\u00e1s de 20 entradas totales!<\/b><\/p>\n<p><span style=\"font-weight: 400;\">Tenemos una pol\u00edtica de cookies de 30 d\u00edas. Por ejemplo, si el cliente ingresa desde tu link de afiliado pero deja la web de Cardamomo y regresa a los 7 d\u00edas para realizar la compra, tu recibir\u00e1s la comisi\u00f3n correspondiente.<\/span><\/p>\n<\/div>\n<\/div>\n<\/div>\n<\/div>\n<\/article>\n<\/div>\n<div>\n<article id=\"drink_card\" class=\"toggle_card dinner_card\">\n<div class=\"row\">\n<div class=\"col-xs-12 col-sm-12 col-md-12\">\n<div class=\"dinner_card_title af\">\n<h2><b>\u00bfCu\u00e1ndo cobrar\u00e9 la comisi\u00f3n de mis ventas?<\/b><\/h2>\n<p>&nbsp;<\/p>\n<\/div>\n<\/div>\n<\/div>\n<div class=\"card_toggle_content\">\n<div class=\"container-fluid\">\n<div class=\"row\">\n<div class=\"col-xs-12 col-sm-12 col-md-12\"><span style=\"font-weight: 400;\">Las comisiones se pagan al mes siguiente de que el cliente realice el servicio (independientemente de cu\u00e1ndo fue la reserva). Por ejemplo, en agosto se pagan las comisiones de todas las ventas de los shows realizados durante julio.<\/span><\/div>\n<\/div>\n<\/div>\n<\/div>\n<\/article>\n<\/div>\n<div>\n<article id=\"drink_card\" class=\"toggle_card dinner_card\">\n<div class=\"row\">\n<div class=\"col-xs-12 col-sm-12 col-md-12\">\n<div class=\"dinner_card_title af\">\n<h2><b>\u00bfHay un monto m\u00ednimo para recibir los pagos?<\/b><\/h2>\n<p>&nbsp;<\/p>\n<\/div>\n<\/div>\n<\/div>\n<div class=\"card_toggle_content\">\n<div class=\"container-fluid\">\n<div class=\"row\">\n<div class=\"col-xs-12 col-sm-12 col-md-12\"><span style=\"font-weight: 400;\">Las comisiones se pagan mensualmente, sin importar el monto. Cobrar\u00e1s por transferencia bancaria.<\/span><\/div>\n<\/div>\n<\/div>\n<\/div>\n<\/article>\n<\/div>\n<div>\n<article id=\"drink_card\" class=\"toggle_card dinner_card\">\n<div class=\"row\">\n<div class=\"col-xs-12 col-sm-12 col-md-12\">\n<div class=\"dinner_card_title af\">\n<h2><b>\u00bfQu\u00e9 pasa si cancelan?<\/b><\/h2>\n<p>&nbsp;<\/p>\n<\/div>\n<\/div>\n<\/div>\n<div class=\"card_toggle_content\">\n<div class=\"container-fluid\">\n<div class=\"row\">\n<div class=\"col-xs-12 col-sm-12 col-md-12\"><span style=\"font-weight: 400;\">Si cancelan la compra, <\/span><span style=\"font-weight: 400;\">reclama el pago a la tarjeta o identificamos alg\u00fan tipo de fraude, <\/span><span style=\"font-weight: 400;\">\u00a0esa venta se descontar\u00e1 de tu perfil de afiliado ya que las comisiones se abonan s\u00f3lo por entradas efectivas. Es por ello que abonamos luego de que hagan uso de sus entradas.<\/span><\/div>\n<\/div>\n<\/div>\n<\/div>\n<\/article>\n<\/div>\n<div>\n<article id=\"drink_card\" class=\"toggle_card dinner_card\">\n<div class=\"row\">\n<div class=\"col-xs-12 col-sm-12 col-md-12\">\n<div class=\"dinner_card_title af\">\n<h2><b>\u00bfC\u00f3mo puedo ver lo que vend\u00ed?<\/b><\/h2>\n<p>&nbsp;<\/p>\n<\/div>\n<\/div>\n<\/div>\n<div class=\"card_toggle_content\">\n<div class=\"container-fluid\">\n<div class=\"row\">\n<div class=\"col-xs-12 col-sm-12 col-md-12\">\n<p><span style=\"font-weight: 400;\">Desde tu perfil de afiliado, luego de hacer el Log In, podr\u00e1s ver los clicks generados y las ventas obtenidas con el monto total a cobrar.<\/span><em>Revisa los <a href=\"https:\/\/cardamomo.com\/es\/terminos-y-condiciones-para-afiliados\/\" target=\"_blank\" rel=\"noopener\">T\u00e9rminos y Condiciones del Programa<\/a> y cualquier duda puedes comunicarte a afiliados@cardamomo.com<\/em><\/p>\n<\/div>\n<\/div>\n<\/div>\n<\/div>\n<\/article>\n<\/div>\n<\/div>\n<div class=\"col-sm-12 col-md-6 af-area\">\n<h2 style=\"text-align: center;\"><b>\u00a1S\u00daMATE Y COMIENZA A GANAR DINERO AHORA MISMO!<\/b><\/h2>\n<p>[affiliate_registration]<\/p>\n<p><strong class=\"if_is_logged\"><br \/>\nLOG IN AFILIADOS<\/strong><\/p>\n<p>[affiliate_login]<\/p>\n<\/div>\n<p><\/p>","protected":false},"excerpt":{"rendered":"\u5bf9\u4e0d\u8d77\uff0c\u6b64\u5185\u5bb9\u53ea\u9002\u7528\u4e8eEspa\u00f1ol\u548cEnglish\u3002 PROGRAMA DE AFILIADOS Gana &#8230;","protected":false},"author":1,"featured_media":0,"parent":0,"menu_order":30,"comment_status":"closed","ping_status":"closed","template":"","meta":{"_acf_changed":false,"inline_featured_image":false,"footnotes":""},"class_list":["post-50436","page","type-page","status-publish","hentry"],"acf":{"display":"","hero_intro":"","hero_heading":false,"generic_slider":null},"yoast_head":"<!-- This site is optimized with the Yoast SEO plugin v27.4 - https:\/\/yoast.com\/product\/yoast-seo-wordpress\/ -->\n<title>Afiliados - Cardamomo Flamenco Madrid<\/title>\n<meta name=\"robots\" content=\"noindex, follow\" \/>\n<meta property=\"og:locale\" content=\"zh_CN\" \/>\n<meta property=\"og:type\" content=\"article\" \/>\n<meta property=\"og:title\" content=\"Afiliados - Cardamomo Flamenco Madrid\" \/>\n<meta property=\"og:description\" content=\"\u5bf9\u4e0d\u8d77\uff0c\u6b64\u5185\u5bb9\u53ea\u9002\u7528\u4e8eEspa\u00f1ol\u548cEnglish\u3002 PROGRAMA DE AFILIADOS Gana ...\" \/>\n<meta property=\"og:url\" content=\"https:\/\/cardamomo.com\/zh\/afiliados\/\" \/>\n<meta property=\"og:site_name\" content=\"Cardamomo Flamenco Madrid\" \/>\n<meta property=\"article:modified_time\" content=\"2024-12-17T11:45:39+00:00\" \/>\n<meta name=\"twitter:card\" content=\"summary_large_image\" \/>\n<meta name=\"twitter:label1\" content=\"\u9884\u8ba1\u9605\u8bfb\u65f6\u95f4\" \/>\n\t<meta name=\"twitter:data1\" content=\"3 \u5206\" \/>\n<script type=\"application\/ld+json\" class=\"yoast-schema-graph\">{\"@context\":\"https:\\\/\\\/schema.org\",\"@graph\":[{\"@type\":\"WebPage\",\"@id\":\"https:\\\/\\\/cardamomo.com\\\/zh\\\/afiliados\\\/\",\"url\":\"https:\\\/\\\/cardamomo.com\\\/zh\\\/afiliados\\\/\",\"name\":\"Afiliados - Cardamomo Flamenco Madrid\",\"isPartOf\":{\"@id\":\"https:\\\/\\\/cardamomo.com\\\/zh\\\/#website\"},\"datePublished\":\"2018-08-15T16:15:57+00:00\",\"dateModified\":\"2024-12-17T11:45:39+00:00\",\"breadcrumb\":{\"@id\":\"https:\\\/\\\/cardamomo.com\\\/zh\\\/afiliados\\\/#breadcrumb\"},\"inLanguage\":\"zh-Hans\",\"potentialAction\":[{\"@type\":\"ReadAction\",\"target\":[[\"https:\\\/\\\/cardamomo.com\\\/zh\\\/afiliados\\\/\"]]}]},{\"@type\":\"BreadcrumbList\",\"@id\":\"https:\\\/\\\/cardamomo.com\\\/zh\\\/afiliados\\\/#breadcrumb\",\"itemListElement\":[{\"@type\":\"ListItem\",\"position\":1,\"name\":\"Cardamomo\",\"item\":\"https:\\\/\\\/cardamomo.com\\\/zh\\\/\"},{\"@type\":\"ListItem\",\"position\":2,\"name\":\"Afiliados\"}]},{\"@type\":\"WebSite\",\"@id\":\"https:\\\/\\\/cardamomo.com\\\/zh\\\/#website\",\"url\":\"https:\\\/\\\/cardamomo.com\\\/zh\\\/\",\"name\":\"Cardamomo Flamenco Madrid\",\"description\":\"\",\"potentialAction\":[{\"@type\":\"SearchAction\",\"target\":{\"@type\":\"EntryPoint\",\"urlTemplate\":\"https:\\\/\\\/cardamomo.com\\\/zh\\\/?s={search_term_string}\"},\"query-input\":{\"@type\":\"PropertyValueSpecification\",\"valueRequired\":true,\"valueName\":\"search_term_string\"}}],\"inLanguage\":\"zh-Hans\"}]}<\/script>\n<!-- \/ Yoast SEO plugin. -->","yoast_head_json":{"title":"Afiliados - Cardamomo Flamenco Madrid","robots":{"index":"noindex","follow":"follow"},"og_locale":"zh_CN","og_type":"article","og_title":"Afiliados - Cardamomo Flamenco Madrid","og_description":"\u5bf9\u4e0d\u8d77\uff0c\u6b64\u5185\u5bb9\u53ea\u9002\u7528\u4e8eEspa\u00f1ol\u548cEnglish\u3002 PROGRAMA DE AFILIADOS Gana ...","og_url":"https:\/\/cardamomo.com\/zh\/afiliados\/","og_site_name":"Cardamomo Flamenco Madrid","article_modified_time":"2024-12-17T11:45:39+00:00","twitter_card":"summary_large_image","twitter_misc":{"\u9884\u8ba1\u9605\u8bfb\u65f6\u95f4":"3 \u5206"},"schema":{"@context":"https:\/\/schema.org","@graph":[{"@type":"WebPage","@id":"https:\/\/cardamomo.com\/zh\/afiliados\/","url":"https:\/\/cardamomo.com\/zh\/afiliados\/","name":"Afiliados - Cardamomo Flamenco Madrid","isPartOf":{"@id":"https:\/\/cardamomo.com\/zh\/#website"},"datePublished":"2018-08-15T16:15:57+00:00","dateModified":"2024-12-17T11:45:39+00:00","breadcrumb":{"@id":"https:\/\/cardamomo.com\/zh\/afiliados\/#breadcrumb"},"inLanguage":"zh-Hans","potentialAction":[{"@type":"ReadAction","target":[["https:\/\/cardamomo.com\/zh\/afiliados\/"]]}]},{"@type":"BreadcrumbList","@id":"https:\/\/cardamomo.com\/zh\/afiliados\/#breadcrumb","itemListElement":[{"@type":"ListItem","position":1,"name":"Cardamomo","item":"https:\/\/cardamomo.com\/zh\/"},{"@type":"ListItem","position":2,"name":"Afiliados"}]},{"@type":"WebSite","@id":"https:\/\/cardamomo.com\/zh\/#website","url":"https:\/\/cardamomo.com\/zh\/","name":"Cardamomo Flamenco Madrid","description":"","potentialAction":[{"@type":"SearchAction","target":{"@type":"EntryPoint","urlTemplate":"https:\/\/cardamomo.com\/zh\/?s={search_term_string}"},"query-input":{"@type":"PropertyValueSpecification","valueRequired":true,"valueName":"search_term_string"}}],"inLanguage":"zh-Hans"}]}},"_links":{"self":[{"href":"https:\/\/cardamomo.com\/zh\/wp-json\/wp\/v2\/pages\/50436","targetHints":{"allow":["GET"]}}],"collection":[{"href":"https:\/\/cardamomo.com\/zh\/wp-json\/wp\/v2\/pages"}],"about":[{"href":"https:\/\/cardamomo.com\/zh\/wp-json\/wp\/v2\/types\/page"}],"author":[{"embeddable":true,"href":"https:\/\/cardamomo.com\/zh\/wp-json\/wp\/v2\/users\/1"}],"replies":[{"embeddable":true,"href":"https:\/\/cardamomo.com\/zh\/wp-json\/wp\/v2\/comments?post=50436"}],"version-history":[{"count":0,"href":"https:\/\/cardamomo.com\/zh\/wp-json\/wp\/v2\/pages\/50436\/revisions"}],"wp:attachment":[{"href":"https:\/\/cardamomo.com\/zh\/wp-json\/wp\/v2\/media?parent=50436"}],"curies":[{"name":"wp","href":"https:\/\/api.w.org\/{rel}","templated":true}]}}