{"id":50434,"date":"2018-08-15T18:06:19","date_gmt":"2018-08-15T16:06:19","guid":{"rendered":"https:\/\/cardamomo.com\/es\/?page_id=50434"},"modified":"2024-12-17T12:23:16","modified_gmt":"2024-12-17T12:23:16","slug":"terminos-y-condiciones-para-afiliados","status":"publish","type":"page","link":"https:\/\/cardamomo.com\/zh\/terminos-y-condiciones-para-afiliados\/","title":{"rendered":"Terminos y Condiciones para Afiliados"},"content":{"rendered":"<p class=\"qtranxs-available-languages-message qtranxs-available-languages-message-zh\">\u5bf9\u4e0d\u8d77\uff0c\u6b64\u5185\u5bb9\u53ea\u9002\u7528\u4e8e<a href=\"https:\/\/cardamomo.com\/es\/wp-json\/wp\/v2\/pages\/50434\" class=\"qtranxs-available-language-link qtranxs-available-language-link-es\" title=\"Espa\u00f1ol\">Espa\u00f1ol<\/a>\u548c<a href=\"https:\/\/cardamomo.com\/en\/wp-json\/wp\/v2\/pages\/50434\" class=\"qtranxs-available-language-link qtranxs-available-language-link-en\" title=\"English\">English<\/a>\u3002<\/p><p><\/p>\n<h2><b>CONDICIONES GENERALES PARA COLABORADORES<\/b><\/h2>\n<p>&nbsp;<\/p>\n<p><span style=\"font-weight: 400;\">Las presentes Condiciones Generales regulan los \u00a0t\u00e9rminos en los que promocionara como Colaborador, a trav\u00e9s de links, banners, widgets o cualquier otro tipo de recurso y\/o Leads facilitado por Proyectos Cincohermanos S.L. (en adelante, Cardamomo); a trav\u00e9s de sus P\u00e1ginas Webs y\/o redes sociales, los servicios de reserva de espect\u00e1culos flamencos organizados y\/o promocionados por Cardamomo en el sitio web <\/span><a href=\"https:\/\/cardamomo.com\/es\/\"><span style=\"font-weight: 400;\">https:\/\/cardamomo.com\/es\/<\/span><\/a><span style=\"font-weight: 400;\"> (en adelante, el Sitio Web).<\/span><\/p>\n<p><span style=\"font-weight: 400;\">Para poder unirte al programa de Colaboradores es necesario que aceptes las presentes Condiciones Generales. Una vez recibida la solicitud de colaborador por parte de Cardamomo, \u00e9ste se reserva el derecho a la aceptaci\u00f3n o el rechazo de la solicitud, sin necesidad de justificaci\u00f3n alguna. <\/span><\/p>\n<p><b>1.- Objeto: <\/b><span style=\"font-weight: 400;\">El Colaborador se encargar\u00e1 de promocionar las actividades y servicios de Cardamomo mediante un sistemas de Leads, por el cual un usuario podr\u00e1 realizar la reserva de los espect\u00e1culos flamencos que se encuentren disponibles en el Sitio Web de Cardamomo. <\/span><\/p>\n<p><b>2.-<\/b> <b>Duraci\u00f3n: <\/b><span style=\"font-weight: 400;\">Las Condiciones Generales entrar\u00e1n en vigor desde la aprobaci\u00f3n de la solicitud de Colaborador y tendr\u00e1 una duraci\u00f3n de un a\u00f1o prorrogable t\u00e1citamente por per\u00edodos iguales, siempre y cuando ninguna de las partes notifique de manera fehaciente su rescisi\u00f3n con 30 d\u00edas naturales de antelaci\u00f3n a la finalizaci\u00f3n del acuerdo. Sin perjuicio de lo anterior, Cardamomo tendr\u00e1 derecho a resolverlo en cualquier momento y sin requerimiento previo al Colaborador. <\/span><\/p>\n<p><span style=\"font-weight: 400;\">Rescindido el acuerdo, el Colaborador perder\u00e1 el derecho a comisionar por los clientes referidos, no obstante, ser\u00e1 responsable de todas y cada una de las operaciones realizadas hasta la fecha de rescisi\u00f3n. Asimismo, vendr\u00e1 obligado a devolver todo el material promocional, absteni\u00e9ndose a partir de ese momento de utilizar cualquier derecho de propiedad intelectual y\/o industrial de Cardamomo. <\/span><\/p>\n<p><b>3.- Contraprestaci\u00f3n: <\/b><span style=\"font-weight: 400;\">El Colaborador recibir\u00e1 una comisi\u00f3n por cada Lead que haya generado unos ingresos netos obtenidos por el cliente referido desde la p\u00e1gina web y\/o redes sociales del Colaborador (en adelante, \u201cLead efectivo\u201d). Se entender\u00e1 como cliente referido, cualquier persona que visite la\/s P\u00e1gina\/s Web y\/o redes sociales del Colaborador, haga clic en el enlace del Sitio Web de Cardamomo y realice una o m\u00e1s reservas de los servicios ofrecidos por Cardamomo de manera directa. Si un cliente cancela una reserva, reclama el pago o hay alg\u00fan tipo de fraude, se restar\u00e1 la comisi\u00f3n al Colaborador, con independencia de los da\u00f1os y perjuicios que el Colaborador haya podido ocasionar a Cardamomo. <\/span><\/p>\n<p><span style=\"font-weight: 400;\">La comisi\u00f3n por cada Lead efectivo se calcular\u00e1 sobre la base de los ingresos netos generados en el mes anterior por parte de Cardamomo, las comisiones se abonar\u00e1n al mes siguiente de la prestaci\u00f3n del servicio al cliente referido. El Colaborador recibir\u00e1 la cantidad total y cerrada a todos los efectos de 7% de la venta total para los afiliados con menos de 20 entradas totales vendidas) y 10% de la venta total para los afiliados con m\u00e1s de 20 entradas vendidas. Los pagos se realizar\u00e1n en Euros por Paypal o transferencia bancaria. Los pagos realizados en una divisa distinta se calcular\u00e1n al tipo de cambio mostrado en www.bde.es el \u00faltimo d\u00eda del mes al que se refiere el pago. <\/span><\/p>\n<p><b>4.- Prevenci\u00f3n del Fraude: <\/b><span style=\"font-weight: 400;\">Cardamomo podr\u00e1 retener las comisiones obtenidas por parte del Colaborador si la cuenta del Colaborador muestra patrones de manipulaci\u00f3n del sistema de comisiones por Leads efectivos o cualquier otro indicio que haga sospechar de una conducta dolosa o negligente por su parte. <\/span><\/p>\n<p><span style=\"font-weight: 400;\">Cardamomo podr\u00e1 monitorear los sitios web y redes sociales de los Colaboradores para asegurarse de que los links y su promoci\u00f3n son correctos. En el caso de que los links fueran err\u00f3neos, Cardamomo notificar\u00e1 al Colaborador los cambios que debe realizar, para que en el plazo de 96 horas desde la notificaci\u00f3n de Cardamomo el Colaborador efect\u00fae los cambios solicitados. En el supuesto de que no se lleve a cabo la correcci\u00f3n de los errores en las cuentas del Colaborador o que Cardamomo no est\u00e9 de acuerdo con la promoci\u00f3n llevada a cabo por el Colaborador, Cardamomo podr\u00e1 suspender y\/o resolver la relaci\u00f3n con el Colaborador sin derecho a indemnizaci\u00f3n alguna por parte del Colaborador. <\/span><\/p>\n<p><b>5.- Garant\u00edas e indemnizaciones: <\/b><span style=\"font-weight: 400;\">El Colaborador garantiza que el contenido en su\/s P\u00e1gina\/s Web y\/o redes sociales le pertenece o bien que su titular le ha dado permiso para su explotaci\u00f3n. Tambi\u00e9n garantiza que la informaci\u00f3n y contenido de su\/s P\u00e1gina\/s Web y\/o redes sociales no infringen ning\u00fan derecho de propiedad intelectual y\/o industrial de terceros, y que la informaci\u00f3n y contenido no son ofensivos, prohibidos ni cuestionables en ning\u00fan modo. <\/span><\/p>\n<p><span style=\"font-weight: 400;\">Si el Colaborador incumpliera cualquier t\u00e9rmino de las presentes Condiciones Generales, actuara de manera fraudulenta y\/o ilegal o si genera o intenta generar Tr\u00e1fico Artificial al Sitio Web de Cardamomo, Cardamomo puede, adem\u00e1s de rescindir la relaci\u00f3n entre las partes, cancelar cualesquiera pagos de comisiones que le deba, incluidas las comisiones ganadas pero todav\u00eda pendientes de pago. <\/span><\/p>\n<p><span style=\"font-weight: 400;\">El Colaborador se obliga a mantener indemne a Cardamomo con respecto a cualquier reclamaci\u00f3n, penalizaci\u00f3n, da\u00f1os, responsabilidad y\/o gastos en relaci\u00f3n con cualquier vulneraci\u00f3n de las presentes Condiciones Generales. <\/span><\/p>\n<p><b>6.- Rescisi\u00f3n: <\/b><span style=\"font-weight: 400;\">El presente Acuerdo podr\u00e1 ser resuelto en cualquier momento en los siguientes supuestos: <\/span><\/p>\n<ul>\n<li style=\"font-weight: 400;\"><span style=\"font-weight: 400;\">Por acuerdo de ambas partes. <\/span><\/li>\n<li style=\"font-weight: 400;\"><span style=\"font-weight: 400;\">A instancia de Cardamomo si transcurren m\u00e1s de seis (6) meses sin que el Colaborador refiera un nuevo cliente. <\/span><\/li>\n<li style=\"font-weight: 400;\"><span style=\"font-weight: 400;\">Por la consideraci\u00f3n de Cardamomo de que la\/s P\u00e1gina\/s Web y\/o redes sociales incluyen, a su entender, contenidos poco apropiados o inadecuados que puedan da\u00f1ar su imagen o reputaci\u00f3n. <\/span><\/li>\n<\/ul>\n<p><b>7.- Protecci\u00f3n de datos: <\/b><span style=\"font-weight: 400;\">En cumplimiento de lo dispuesto en el Reglamento UE 2016\/679 General de Protecci\u00f3n de Datos (RGPD) y la Ley Org\u00e1nica de Protecci\u00f3n de Datos de Car\u00e1cter Personal, Cardamomo\u00a0informa al Colaborador\u00a0(entendiendo por tal, a los efectos de lo establecido en la presente estipulaci\u00f3n, tanto a la propia empresa como a sus\u00a0empleados), de los siguientes aspectos:\u00a0<\/span><\/p>\n<p>&nbsp;<\/p>\n<p><span style=\"font-weight: 400;\">Cardamomo es responsable de un tratamiento de datos de car\u00e1cter personal, en el cual se encuentran incluidos los datos recabados de sus\u00a0colaboradores, cuya finalidad es la gesti\u00f3n de su relaci\u00f3n con los mismos.\u00a0<\/span><\/p>\n<p>&nbsp;<\/p>\n<p><span style=\"font-weight: 400;\">La base jur\u00eddica que legitima el citado tratamiento de datos es la correcta ejecuci\u00f3n de la relaci\u00f3n comercial y\/o profesional entre las partes.\u00a0<\/span><\/p>\n<p>&nbsp;<\/p>\n<p><span style=\"font-weight: 400;\">Los datos ser\u00e1n conservados durante el tiempo que dure la relaci\u00f3n entre las partes y una vez extinguida la relaci\u00f3n durante el plazo necesario para el cumplimiento de las obligaciones legales, fiscales y administrativas que sean necesarias.\u00a0<\/span><\/p>\n<p>&nbsp;<\/p>\n<p><span style=\"font-weight: 400;\">Cardamomo informa al Colaborador\u00a0que podr\u00e1 ejercitar los derechos de acceso, rectificaci\u00f3n, supresi\u00f3n, limitaci\u00f3n y portabilidad en la siguiente direcci\u00f3n postal: Calle Echegaray 16, 28014 de Madrid, o a la siguiente direcci\u00f3n de correo electr\u00f3nico: contacto@cardamomo.com, mediante escrito identificado con la referencia \u201cProtecci\u00f3n de Datos\u201d, en el que se concrete solicitud, y que deber\u00e1 ir acompa\u00f1ado de fotocopia del Documento Nacional de Identidad del solicitante.\u00a0<\/span><\/p>\n<p>&nbsp;<\/p>\n<p><span style=\"font-weight: 400;\">Las partes son conscientes de la posibilidad de presentar una reclamaci\u00f3n ante la Agencia Espa\u00f1ola de Protecci\u00f3n de Datos en el caso de incumplimiento de la normativa sobre protecci\u00f3n de datos rese\u00f1ada. No\u00a0obstante, ambas partes tratar\u00e1n de solventar y de colaborar mutuamente en cualquier cuesti\u00f3n relacionada con los datos personales de la otra parte a los que pudiera tener acceso<\/span><\/p>\n<p>&nbsp;<\/p>\n<p><b>8.- Confidencialidad: <\/b><span style=\"font-weight: 400;\">A los efectos de las Condiciones Generales se considerar\u00e1 confidencial todos los datos suministrados por Cardamomo al Colaborador directa o indirectamente en relaci\u00f3n con las actividades realizadas por Cardamomo. Ser\u00e1 considerada informaci\u00f3n confidencial ya sea esta proporcionada de forma verbal o escrita, datos suministrados en soporte inform\u00e1tico o audiovisual y cualquier informaci\u00f3n adquirida por el Colaborador visual o verbalmente, ya sea suministrada al Colaborador por directores, empleados, representantes o agentes de Cardamomo.\u00a0<\/span><\/p>\n<p>&nbsp;<\/p>\n<p><span style=\"font-weight: 400;\">El Colaborador se compromete a tratar la informaci\u00f3n confidencial transmitida por Cardamomo como confidencial y en ning\u00fan caso ser\u00e1 utilizada (para su beneficio o para el de terceros), divulgada, transmitida a terceros o hecha p\u00fablica de ninguna manera por el Colaborador sin el previo consentimiento por escrito de Cardamomo. El Colaborador se compromete a trasladar el presente compromiso a todos los empleados y\/o colaboradores que, por raz\u00f3n de su cargo o funciones, deba acceder a la misma, debiendo facilitar el Colaborador a Cardamomo previamente una lista con los mismos, para su aprobaci\u00f3n. <\/span><\/p>\n<p>&nbsp;<\/p>\n<p><span style=\"font-weight: 400;\">En cualquier momento, a solicitud de Cardamomo, o bien una vez concluido el servicio objeto de las presentes Condiciones Generales sin que medie requerimiento por parte de Cardamomo, el Colaborador devolver\u00e1 inmediatamente a Cardamomo toda la informaci\u00f3n confidencial entregada en forma escrita o tangible o certificar\u00e1 a Cardamomo que dicha informaci\u00f3n ha sido destruida.\u00a0<\/span><\/p>\n<p>&nbsp;<\/p>\n<p><span style=\"font-weight: 400;\">Las obligaciones establecidas en esta cl\u00e1usula se mantendr\u00e1n durante la vigencia de la relaci\u00f3n entre las Partes y de forma indefinida, incluso finalizado el mismo. En caso de incumplimiento de cualquiera de estas obligaciones, Cardamomo podr\u00e1 exigir al Colaborador una indemnizaci\u00f3n por los da\u00f1os y perjuicios ocasionados.\u00a0<\/span><\/p>\n<p>&nbsp;<\/p>\n<p><b>9.- Cesi\u00f3n de derechos y obligaciones: <\/b><span style=\"font-weight: 400;\">El Colaborador no podr\u00e1 ceder los derechos y obligaciones recogidas en las presentes Condiciones Generales salvo autorizaci\u00f3n expresa por parte de Cardamomo. <\/span><\/p>\n<p><b>10.- Salvaguarda y modificaci\u00f3n de los t\u00e9rminos y condiciones generales:<\/b><span style=\"font-weight: 400;\"> Si alg\u00fan apartado de las presentes Condiciones Generales fuera declarado nulo o ineficaz, el resto de las mismas se mantendr\u00e1 inalterable en los t\u00e9rminos acordados. <\/span><\/p>\n<p><span style=\"font-weight: 400;\">Cardamomo se reserva el derecho a modificar parcialmente o cambiar \u00edntegramente el contenido de las Condiciones Generales. Dichos cambios deber\u00e1n ser publicados en la p\u00e1gina web y notificados personalmente al Colaborador mediante su env\u00edo a la direcci\u00f3n de correo proporcionada en la solicitud de registro y podr\u00e1n incluir, sin limitaci\u00f3n, cambios en el porcentaje de comisi\u00f3n, el m\u00e9todo de c\u00e1lculo y las reglas del programa de afiliados. El Colaborador, una vez notificados los cambios, podr\u00e1 optar por resolver unilateralmente la relaci\u00f3n, entendi\u00e9ndose que, en caso de no hacerlo, acepta de forma t\u00e1cita el contenido y alcance de los cambios. <\/span><\/p>\n<p><b>11.- Legislaci\u00f3n y fuero: <\/b><span style=\"font-weight: 400;\">Las Partes someten las presentes Condiciones Generales a la Ley espa\u00f1ola. La presente relaci\u00f3n tiene car\u00e1cter mercantil y se regir\u00e1 por sus propias cl\u00e1usulas y en lo que en ellas no estuviere previsto, por las disposiciones del C\u00f3digo de Comercio, y en su defecto, por lo dispuesto en el C\u00f3digo Civil.\u00a0<\/span><\/p>\n<p><span style=\"font-weight: 400;\">Cualquier duda o divergencia entre las partes se someter\u00e1 a la competencia de los Juzgados y Tribunales de Madrid capital, renunciando las partes expresamente a cualquier otro fuero que pudiera corresponderles.\u00a0<\/span><\/p>","protected":false},"excerpt":{"rendered":"\u5bf9\u4e0d\u8d77\uff0c\u6b64\u5185\u5bb9\u53ea\u9002\u7528\u4e8eEspa\u00f1ol\u548cEnglish\u3002 CONDICIONES GENERALES PARA &#8230;","protected":false},"author":1,"featured_media":0,"parent":0,"menu_order":30,"comment_status":"closed","ping_status":"closed","template":"","meta":{"_acf_changed":false,"inline_featured_image":false,"footnotes":""},"class_list":["post-50434","page","type-page","status-publish","hentry"],"acf":{"display":"","hero_intro":"","hero_heading":false,"generic_slider":null},"yoast_head":"<!-- This site is optimized with the Yoast SEO plugin v27.1.1 - https:\/\/yoast.com\/product\/yoast-seo-wordpress\/ -->\n<title>Terminos y Condiciones para Afiliados - Cardamomo Flamenco Madrid<\/title>\n<meta name=\"robots\" content=\"index, follow, max-snippet:-1, max-image-preview:large, max-video-preview:-1\" \/>\n<link rel=\"canonical\" href=\"\/\" \/>\n<meta property=\"og:locale\" content=\"zh_CN\" \/>\n<meta property=\"og:type\" content=\"article\" \/>\n<meta property=\"og:title\" content=\"Terminos y Condiciones para Afiliados - Cardamomo Flamenco Madrid\" \/>\n<meta property=\"og:description\" content=\"\u5bf9\u4e0d\u8d77\uff0c\u6b64\u5185\u5bb9\u53ea\u9002\u7528\u4e8eEspa\u00f1ol\u548cEnglish\u3002 CONDICIONES GENERALES PARA ...\" \/>\n<meta property=\"og:url\" content=\"https:\/\/cardamomo.com\/zh\/terminos-y-condiciones-para-afiliados\/\" \/>\n<meta property=\"og:site_name\" content=\"Cardamomo Flamenco Madrid\" \/>\n<meta property=\"article:modified_time\" content=\"2024-12-17T12:23:16+00:00\" \/>\n<meta name=\"twitter:card\" content=\"summary_large_image\" \/>\n<meta name=\"twitter:label1\" content=\"\u9884\u8ba1\u9605\u8bfb\u65f6\u95f4\" \/>\n\t<meta name=\"twitter:data1\" content=\"17 \u5206\" \/>\n<script type=\"application\/ld+json\" class=\"yoast-schema-graph\">{\"@context\":\"https:\/\/schema.org\",\"@graph\":[{\"@type\":\"WebPage\",\"@id\":\"https:\/\/cardamomo.com\/zh\/terminos-y-condiciones-para-afiliados\/\",\"url\":\"https:\/\/cardamomo.com\/zh\/terminos-y-condiciones-para-afiliados\/\",\"name\":\"Terminos y Condiciones para Afiliados - Cardamomo Flamenco Madrid\",\"isPartOf\":{\"@id\":\"https:\/\/cardamomo.com\/zh\/#website\"},\"datePublished\":\"2018-08-15T16:06:19+00:00\",\"dateModified\":\"2024-12-17T12:23:16+00:00\",\"breadcrumb\":{\"@id\":\"https:\/\/cardamomo.com\/zh\/terminos-y-condiciones-para-afiliados\/#breadcrumb\"},\"inLanguage\":\"zh-Hans\",\"potentialAction\":[{\"@type\":\"ReadAction\",\"target\":[[\"https:\/\/cardamomo.com\/zh\/terminos-y-condiciones-para-afiliados\/\"]]}]},{\"@type\":\"BreadcrumbList\",\"@id\":\"https:\/\/cardamomo.com\/zh\/terminos-y-condiciones-para-afiliados\/#breadcrumb\",\"itemListElement\":[{\"@type\":\"ListItem\",\"position\":1,\"name\":\"Cardamomo\",\"item\":\"https:\/\/cardamomo.com\/zh\/\"},{\"@type\":\"ListItem\",\"position\":2,\"name\":\"Terminos y Condiciones para Afiliados\"}]},{\"@type\":\"WebSite\",\"@id\":\"https:\/\/cardamomo.com\/zh\/#website\",\"url\":\"https:\/\/cardamomo.com\/zh\/\",\"name\":\"Cardamomo Flamenco Madrid\",\"description\":\"\",\"potentialAction\":[{\"@type\":\"SearchAction\",\"target\":{\"@type\":\"EntryPoint\",\"urlTemplate\":\"https:\/\/cardamomo.com\/zh\/?s={search_term_string}\"},\"query-input\":{\"@type\":\"PropertyValueSpecification\",\"valueRequired\":true,\"valueName\":\"search_term_string\"}}],\"inLanguage\":\"zh-Hans\"}]}<\/script>\n<!-- \/ Yoast SEO plugin. -->","yoast_head_json":{"title":"Terminos y Condiciones para Afiliados - Cardamomo Flamenco Madrid","robots":{"index":"index","follow":"follow","max-snippet":"max-snippet:-1","max-image-preview":"max-image-preview:large","max-video-preview":"max-video-preview:-1"},"canonical":"\/","og_locale":"zh_CN","og_type":"article","og_title":"Terminos y Condiciones para Afiliados - Cardamomo Flamenco Madrid","og_description":"\u5bf9\u4e0d\u8d77\uff0c\u6b64\u5185\u5bb9\u53ea\u9002\u7528\u4e8eEspa\u00f1ol\u548cEnglish\u3002 CONDICIONES GENERALES PARA ...","og_url":"https:\/\/cardamomo.com\/zh\/terminos-y-condiciones-para-afiliados\/","og_site_name":"Cardamomo Flamenco Madrid","article_modified_time":"2024-12-17T12:23:16+00:00","twitter_card":"summary_large_image","twitter_misc":{"\u9884\u8ba1\u9605\u8bfb\u65f6\u95f4":"17 \u5206"},"schema":{"@context":"https:\/\/schema.org","@graph":[{"@type":"WebPage","@id":"https:\/\/cardamomo.com\/zh\/terminos-y-condiciones-para-afiliados\/","url":"https:\/\/cardamomo.com\/zh\/terminos-y-condiciones-para-afiliados\/","name":"Terminos y Condiciones para Afiliados - Cardamomo Flamenco Madrid","isPartOf":{"@id":"https:\/\/cardamomo.com\/zh\/#website"},"datePublished":"2018-08-15T16:06:19+00:00","dateModified":"2024-12-17T12:23:16+00:00","breadcrumb":{"@id":"https:\/\/cardamomo.com\/zh\/terminos-y-condiciones-para-afiliados\/#breadcrumb"},"inLanguage":"zh-Hans","potentialAction":[{"@type":"ReadAction","target":[["https:\/\/cardamomo.com\/zh\/terminos-y-condiciones-para-afiliados\/"]]}]},{"@type":"BreadcrumbList","@id":"https:\/\/cardamomo.com\/zh\/terminos-y-condiciones-para-afiliados\/#breadcrumb","itemListElement":[{"@type":"ListItem","position":1,"name":"Cardamomo","item":"https:\/\/cardamomo.com\/zh\/"},{"@type":"ListItem","position":2,"name":"Terminos y Condiciones para Afiliados"}]},{"@type":"WebSite","@id":"https:\/\/cardamomo.com\/zh\/#website","url":"https:\/\/cardamomo.com\/zh\/","name":"Cardamomo Flamenco Madrid","description":"","potentialAction":[{"@type":"SearchAction","target":{"@type":"EntryPoint","urlTemplate":"https:\/\/cardamomo.com\/zh\/?s={search_term_string}"},"query-input":{"@type":"PropertyValueSpecification","valueRequired":true,"valueName":"search_term_string"}}],"inLanguage":"zh-Hans"}]}},"_links":{"self":[{"href":"https:\/\/cardamomo.com\/zh\/wp-json\/wp\/v2\/pages\/50434","targetHints":{"allow":["GET"]}}],"collection":[{"href":"https:\/\/cardamomo.com\/zh\/wp-json\/wp\/v2\/pages"}],"about":[{"href":"https:\/\/cardamomo.com\/zh\/wp-json\/wp\/v2\/types\/page"}],"author":[{"embeddable":true,"href":"https:\/\/cardamomo.com\/zh\/wp-json\/wp\/v2\/users\/1"}],"replies":[{"embeddable":true,"href":"https:\/\/cardamomo.com\/zh\/wp-json\/wp\/v2\/comments?post=50434"}],"version-history":[{"count":0,"href":"https:\/\/cardamomo.com\/zh\/wp-json\/wp\/v2\/pages\/50434\/revisions"}],"wp:attachment":[{"href":"https:\/\/cardamomo.com\/zh\/wp-json\/wp\/v2\/media?parent=50434"}],"curies":[{"name":"wp","href":"https:\/\/api.w.org\/{rel}","templated":true}]}}