{"id":156703,"date":"2025-01-24T09:37:50","date_gmt":"2025-01-24T09:37:50","guid":{"rendered":"https:\/\/pro.cardamomo.com\/es\/?page_id=156703"},"modified":"2026-01-20T14:28:13","modified_gmt":"2026-01-20T13:28:13","slug":"entradas-especiales","status":"publish","type":"page","link":"https:\/\/cardamomo.com\/zh\/entradas-especiales\/","title":{"rendered":"\u7279\u6b8a\u95e8\u7968"},"content":{"rendered":"<p class=\"qtranxs-available-languages-message qtranxs-available-languages-message-zh\">\u5bf9\u4e0d\u8d77\uff0c\u6b64\u5185\u5bb9\u53ea\u9002\u7528\u4e8e<a href=\"https:\/\/cardamomo.com\/es\/wp-json\/wp\/v2\/pages\/156703\" class=\"qtranxs-available-language-link qtranxs-available-language-link-es\" title=\"Espa\u00f1ol\">Espa\u00f1ol<\/a>\u548c<a href=\"https:\/\/cardamomo.com\/en\/wp-json\/wp\/v2\/pages\/156703\" class=\"qtranxs-available-language-link qtranxs-available-language-link-en\" title=\"English\">English<\/a>\u3002<\/p><p>Aqu\u00ed encontrar\u00e1s la informaci\u00f3n de las entradas especiales disponibles en Cardamomo: asientos para <strong>personas con movilidad reducida<\/strong>, <strong>entradas infantiles<\/strong>, entradas para <strong>residentes<\/strong> o <strong>plazas en promoci\u00f3n<\/strong>.<\/p>","protected":false},"excerpt":{"rendered":"\u5bf9\u4e0d\u8d77\uff0c\u6b64\u5185\u5bb9\u53ea\u9002\u7528\u4e8eEspa\u00f1ol\u548cEnglish\u3002Aqu\u00ed encontrar\u00e1s la informac&#8230;","protected":false},"author":3,"featured_media":0,"parent":0,"menu_order":11,"comment_status":"closed","ping_status":"closed","template":"","meta":{"_acf_changed":false,"inline_featured_image":false,"footnotes":""},"class_list":["post-156703","page","type-page","status-publish","hentry"],"acf":{"display":"reduced","hero_intro":"Todo el mundo es bienvenido a Cardamomo","hero_heading":"h2","generic_slider":null},"yoast_head":"<!-- This site is optimized with the Yoast SEO plugin v27.3 - https:\/\/yoast.com\/product\/yoast-seo-wordpress\/ -->\n<title>\u7279\u6b8a\u95e8\u7968 - Cardamomo Flamenco Madrid<\/title>\n<meta name=\"robots\" content=\"index, follow, max-snippet:-1, max-image-preview:large, max-video-preview:-1\" \/>\n<link rel=\"canonical\" href=\"\/\" \/>\n<meta property=\"og:locale\" content=\"zh_CN\" \/>\n<meta property=\"og:type\" content=\"article\" \/>\n<meta property=\"og:title\" content=\"\u7279\u6b8a\u95e8\u7968 - Cardamomo Flamenco Madrid\" \/>\n<meta property=\"og:description\" content=\"\u5bf9\u4e0d\u8d77\uff0c\u6b64\u5185\u5bb9\u53ea\u9002\u7528\u4e8eEspa\u00f1ol\u548cEnglish\u3002Aqu\u00ed encontrar\u00e1s la informac...\" \/>\n<meta property=\"og:url\" content=\"https:\/\/cardamomo.com\/zh\/entradas-especiales\/\" \/>\n<meta property=\"og:site_name\" content=\"Cardamomo Flamenco Madrid\" \/>\n<meta property=\"article:modified_time\" content=\"2026-01-20T13:28:13+00:00\" \/>\n<meta name=\"twitter:card\" content=\"summary_large_image\" \/>\n<meta name=\"twitter:label1\" content=\"\u9884\u8ba1\u9605\u8bfb\u65f6\u95f4\" \/>\n\t<meta name=\"twitter:data1\" content=\"1 \u5206\" \/>\n<script type=\"application\/ld+json\" class=\"yoast-schema-graph\">{\"@context\":\"https:\\\/\\\/schema.org\",\"@graph\":[{\"@type\":\"WebPage\",\"@id\":\"https:\\\/\\\/cardamomo.com\\\/zh\\\/entradas-especiales\\\/\",\"url\":\"https:\\\/\\\/cardamomo.com\\\/zh\\\/entradas-especiales\\\/\",\"name\":\"\u7279\u6b8a\u95e8\u7968 - Cardamomo Flamenco Madrid\",\"isPartOf\":{\"@id\":\"https:\\\/\\\/cardamomo.com\\\/zh\\\/#website\"},\"datePublished\":\"2025-01-24T09:37:50+00:00\",\"dateModified\":\"2026-01-20T13:28:13+00:00\",\"breadcrumb\":{\"@id\":\"https:\\\/\\\/cardamomo.com\\\/zh\\\/entradas-especiales\\\/#breadcrumb\"},\"inLanguage\":\"zh-Hans\",\"potentialAction\":[{\"@type\":\"ReadAction\",\"target\":[[\"https:\\\/\\\/cardamomo.com\\\/zh\\\/entradas-especiales\\\/\"]]}]},{\"@type\":\"BreadcrumbList\",\"@id\":\"https:\\\/\\\/cardamomo.com\\\/zh\\\/entradas-especiales\\\/#breadcrumb\",\"itemListElement\":[{\"@type\":\"ListItem\",\"position\":1,\"name\":\"Cardamomo\",\"item\":\"https:\\\/\\\/cardamomo.com\\\/zh\\\/\"},{\"@type\":\"ListItem\",\"position\":2,\"name\":\"Entradas especiales\"}]},{\"@type\":\"WebSite\",\"@id\":\"https:\\\/\\\/cardamomo.com\\\/zh\\\/#website\",\"url\":\"https:\\\/\\\/cardamomo.com\\\/zh\\\/\",\"name\":\"Cardamomo Flamenco Madrid\",\"description\":\"\",\"potentialAction\":[{\"@type\":\"SearchAction\",\"target\":{\"@type\":\"EntryPoint\",\"urlTemplate\":\"https:\\\/\\\/cardamomo.com\\\/zh\\\/?s={search_term_string}\"},\"query-input\":{\"@type\":\"PropertyValueSpecification\",\"valueRequired\":true,\"valueName\":\"search_term_string\"}}],\"inLanguage\":\"zh-Hans\"}]}<\/script>\n<!-- \/ Yoast SEO plugin. -->","yoast_head_json":{"title":"\u7279\u6b8a\u95e8\u7968 - Cardamomo Flamenco Madrid","robots":{"index":"index","follow":"follow","max-snippet":"max-snippet:-1","max-image-preview":"max-image-preview:large","max-video-preview":"max-video-preview:-1"},"canonical":"\/","og_locale":"zh_CN","og_type":"article","og_title":"\u7279\u6b8a\u95e8\u7968 - Cardamomo Flamenco Madrid","og_description":"\u5bf9\u4e0d\u8d77\uff0c\u6b64\u5185\u5bb9\u53ea\u9002\u7528\u4e8eEspa\u00f1ol\u548cEnglish\u3002Aqu\u00ed encontrar\u00e1s la informac...","og_url":"https:\/\/cardamomo.com\/zh\/entradas-especiales\/","og_site_name":"Cardamomo Flamenco Madrid","article_modified_time":"2026-01-20T13:28:13+00:00","twitter_card":"summary_large_image","twitter_misc":{"\u9884\u8ba1\u9605\u8bfb\u65f6\u95f4":"1 \u5206"},"schema":{"@context":"https:\/\/schema.org","@graph":[{"@type":"WebPage","@id":"https:\/\/cardamomo.com\/zh\/entradas-especiales\/","url":"https:\/\/cardamomo.com\/zh\/entradas-especiales\/","name":"\u7279\u6b8a\u95e8\u7968 - Cardamomo Flamenco Madrid","isPartOf":{"@id":"https:\/\/cardamomo.com\/zh\/#website"},"datePublished":"2025-01-24T09:37:50+00:00","dateModified":"2026-01-20T13:28:13+00:00","breadcrumb":{"@id":"https:\/\/cardamomo.com\/zh\/entradas-especiales\/#breadcrumb"},"inLanguage":"zh-Hans","potentialAction":[{"@type":"ReadAction","target":[["https:\/\/cardamomo.com\/zh\/entradas-especiales\/"]]}]},{"@type":"BreadcrumbList","@id":"https:\/\/cardamomo.com\/zh\/entradas-especiales\/#breadcrumb","itemListElement":[{"@type":"ListItem","position":1,"name":"Cardamomo","item":"https:\/\/cardamomo.com\/zh\/"},{"@type":"ListItem","position":2,"name":"Entradas especiales"}]},{"@type":"WebSite","@id":"https:\/\/cardamomo.com\/zh\/#website","url":"https:\/\/cardamomo.com\/zh\/","name":"Cardamomo Flamenco Madrid","description":"","potentialAction":[{"@type":"SearchAction","target":{"@type":"EntryPoint","urlTemplate":"https:\/\/cardamomo.com\/zh\/?s={search_term_string}"},"query-input":{"@type":"PropertyValueSpecification","valueRequired":true,"valueName":"search_term_string"}}],"inLanguage":"zh-Hans"}]}},"_links":{"self":[{"href":"https:\/\/cardamomo.com\/zh\/wp-json\/wp\/v2\/pages\/156703","targetHints":{"allow":["GET"]}}],"collection":[{"href":"https:\/\/cardamomo.com\/zh\/wp-json\/wp\/v2\/pages"}],"about":[{"href":"https:\/\/cardamomo.com\/zh\/wp-json\/wp\/v2\/types\/page"}],"author":[{"embeddable":true,"href":"https:\/\/cardamomo.com\/zh\/wp-json\/wp\/v2\/users\/3"}],"replies":[{"embeddable":true,"href":"https:\/\/cardamomo.com\/zh\/wp-json\/wp\/v2\/comments?post=156703"}],"version-history":[{"count":46,"href":"https:\/\/cardamomo.com\/zh\/wp-json\/wp\/v2\/pages\/156703\/revisions"}],"predecessor-version":[{"id":158460,"href":"https:\/\/cardamomo.com\/zh\/wp-json\/wp\/v2\/pages\/156703\/revisions\/158460"}],"wp:attachment":[{"href":"https:\/\/cardamomo.com\/zh\/wp-json\/wp\/v2\/media?parent=156703"}],"curies":[{"name":"wp","href":"https:\/\/api.w.org\/{rel}","templated":true}]}}