{"id":84,"date":"2024-12-02T15:42:20","date_gmt":"2024-12-02T15:42:20","guid":{"rendered":"http:\/\/cardamomo.local\/?page_id=84"},"modified":"2025-10-21T13:08:51","modified_gmt":"2025-10-21T11:08:51","slug":"contact-location","status":"publish","type":"page","link":"https:\/\/cardamomo.com\/ru\/location-and-contact\/","title":{"rendered":"P\u0430\u0441\u043f\u043e\u043b\u043e\u0436\u0435\u043d\u0438\u0435"},"content":{"rendered":"<p>Cardamomo \u043d\u0430\u0445\u043e\u0434\u0438\u0442\u0441\u044f \u043d\u0430 \u0443\u043b\u0438\u0446\u0435 \u042d\u0447\u0435\u0433\u0430\u0440\u0430\u0439, \u0434\u043e\u043c 15, \u0432 \u0446\u0435\u043d\u0442\u0440\u0430\u043b\u044c\u043d\u043e\u043c \u0440\u0430\u0439\u043e\u043d\u0435 \u041b\u0430\u0441 \u041b\u0435\u0442\u0440\u0430\u0441, \u0432 \u0441\u0430\u043c\u043e\u043c \u0441\u0435\u0440\u0434\u0446\u0435 \u0437\u043e\u043d\u044b \u0423\u044d\u0440\u0442\u0430\u0441 \u0438 \u041a\u043e\u0440\u0442\u0435\u0441: \u0436\u0438\u0432\u043e\u0439 \u0444\u043b\u0430\u043c\u0435\u043d\u043a\u043e \u0432 \u043d\u0435\u0441\u043a\u043e\u043b\u044c\u043a\u0438\u0445 \u0448\u0430\u0433\u0430\u0445 \u043e\u0442 \u041f\u0443\u044d\u0440\u0442\u0430-\u0434\u0435\u043b\u044c-\u0421\u043e\u043b\u044c.<\/p>","protected":false},"excerpt":{"rendered":"Cardamomo \u043d\u0430\u0445\u043e\u0434\u0438\u0442\u0441\u044f \u043d\u0430 \u0443\u043b\u0438\u0446\u0435 \u042d\u0447\u0435\u0433\u0430\u0440\u0430\u0439, \u0434\u043e\u043c 15, \u0432 \u0446\u0435\u043d\u0442\u0440\u0430\u043b\u044c\u043d\u043e\u043c \u0440\u0430\u0439\u043e\u043d\u0435 \u041b\u0430\u0441 \u041b\u0435\u0442\u0440\u0430\u0441, \u0432 \u0441\u0430\u043c\u043e\u043c \u0441\u0435\u0440\u0434\u0446\u0435 \u0437\u043e\u043d\u044b \u0423\u044d\u0440\u0442\u0430\u0441 \u0438 \u041a\u043e\u0440\u0442\u0435\u0441: \u0436\u0438\u0432\u043e\u0439 \u0444\u043b\u0430\u043c\u0435\u043d\u043a\u043e \u0432 \u043d\u0435\u0441\u043a\u043e\u043b\u044c\u043a\u0438\u0445 \u0448\u0430\u0433\u0430\u0445 \u043e\u0442 \u041f\u0443\u044d\u0440\u0442\u0430-\u0434\u0435\u043b\u044c-\u0421\u043e\u043b\u044c.","protected":false},"author":1,"featured_media":0,"parent":0,"menu_order":7,"comment_status":"closed","ping_status":"closed","template":"templates\/05-contact.php","meta":{"_acf_changed":false,"inline_featured_image":false,"footnotes":""},"class_list":["post-84","page","type-page","status-publish","hentry"],"acf":{"display":"reduced","hero_intro":"\u00bfC\u00f3mo llegar a Cardamomo <br>Tablao Flamenco?","hero_heading":"h2","generic_slider":null},"yoast_head":"<!-- This site is optimized with the Yoast SEO plugin v27.1.1 - https:\/\/yoast.com\/product\/yoast-seo-wordpress\/ -->\n<title>Contacto y Localizaci\u00f3n | Cardamomo Tablao Flamenco<\/title>\n<meta name=\"description\" content=\"El tablao Cardamomo se encuentraen el c\u00e9ntrico barrio de Las letras, en el coraz\u00f3n de la zona de Huertas y Cortes, a un paso de la Puerta del Sol.\" \/>\n<meta name=\"robots\" content=\"index, follow, max-snippet:-1, max-image-preview:large, max-video-preview:-1\" \/>\n<link rel=\"canonical\" href=\"\/\" \/>\n<meta property=\"og:locale\" content=\"ru_RU\" \/>\n<meta property=\"og:type\" content=\"article\" \/>\n<meta property=\"og:title\" content=\"Contacto y Localizaci\u00f3n | Cardamomo Tablao Flamenco\" \/>\n<meta property=\"og:description\" content=\"El tablao Cardamomo se encuentraen el c\u00e9ntrico barrio de Las letras, en el coraz\u00f3n de la zona de Huertas y Cortes, a un paso de la Puerta del Sol.\" \/>\n<meta property=\"og:url\" content=\"https:\/\/cardamomo.com\/ru\/contacto-y-localizacion\/\" \/>\n<meta property=\"og:site_name\" content=\"Cardamomo Flamenco Madrid\" \/>\n<meta property=\"article:modified_time\" content=\"2025-10-21T11:08:51+00:00\" \/>\n<meta name=\"twitter:card\" content=\"summary_large_image\" \/>\n<meta name=\"twitter:label1\" content=\"\u041f\u0440\u0438\u043c\u0435\u0440\u043d\u043e\u0435 \u0432\u0440\u0435\u043c\u044f \u0434\u043b\u044f \u0447\u0442\u0435\u043d\u0438\u044f\" \/>\n\t<meta name=\"twitter:data1\" content=\"1 \u043c\u0438\u043d\u0443\u0442\u0430\" \/>\n<script type=\"application\/ld+json\" class=\"yoast-schema-graph\">{\"@context\":\"https:\/\/schema.org\",\"@graph\":[{\"@type\":\"WebPage\",\"@id\":\"https:\/\/cardamomo.com\/ru\/contacto-y-localizacion\/\",\"url\":\"https:\/\/cardamomo.com\/ru\/contacto-y-localizacion\/\",\"name\":\"Contacto y Localizaci\u00f3n | Cardamomo Tablao Flamenco\",\"isPartOf\":{\"@id\":\"https:\/\/cardamomo.com\/ru\/#website\"},\"datePublished\":\"2024-12-02T15:42:20+00:00\",\"dateModified\":\"2025-10-21T11:08:51+00:00\",\"description\":\"El tablao Cardamomo se encuentraen el c\u00e9ntrico barrio de Las letras, en el coraz\u00f3n de la zona de Huertas y Cortes, a un paso de la Puerta del Sol.\",\"breadcrumb\":{\"@id\":\"https:\/\/cardamomo.com\/ru\/contacto-y-localizacion\/#breadcrumb\"},\"inLanguage\":\"ru-RU\",\"potentialAction\":[{\"@type\":\"ReadAction\",\"target\":[[\"https:\/\/cardamomo.com\/ru\/contacto-y-localizacion\/\"]]}]},{\"@type\":\"BreadcrumbList\",\"@id\":\"https:\/\/cardamomo.com\/ru\/contacto-y-localizacion\/#breadcrumb\",\"itemListElement\":[{\"@type\":\"ListItem\",\"position\":1,\"name\":\"Cardamomo\",\"item\":\"https:\/\/cardamomo.com\/ru\/\"},{\"@type\":\"ListItem\",\"position\":2,\"name\":\"Contacto y localizaci\u00f3n\"}]},{\"@type\":\"WebSite\",\"@id\":\"https:\/\/cardamomo.com\/ru\/#website\",\"url\":\"https:\/\/cardamomo.com\/ru\/\",\"name\":\"Cardamomo Flamenco Madrid\",\"description\":\"\",\"potentialAction\":[{\"@type\":\"SearchAction\",\"target\":{\"@type\":\"EntryPoint\",\"urlTemplate\":\"https:\/\/cardamomo.com\/ru\/?s={search_term_string}\"},\"query-input\":{\"@type\":\"PropertyValueSpecification\",\"valueRequired\":true,\"valueName\":\"search_term_string\"}}],\"inLanguage\":\"ru-RU\"}]}<\/script>\n<!-- \/ Yoast SEO plugin. -->","yoast_head_json":{"title":"Contacto y Localizaci\u00f3n | Cardamomo Tablao Flamenco","description":"El tablao Cardamomo se encuentraen el c\u00e9ntrico barrio de Las letras, en el coraz\u00f3n de la zona de Huertas y Cortes, a un paso de la Puerta del Sol.","robots":{"index":"index","follow":"follow","max-snippet":"max-snippet:-1","max-image-preview":"max-image-preview:large","max-video-preview":"max-video-preview:-1"},"canonical":"\/","og_locale":"ru_RU","og_type":"article","og_title":"Contacto y Localizaci\u00f3n | Cardamomo Tablao Flamenco","og_description":"El tablao Cardamomo se encuentraen el c\u00e9ntrico barrio de Las letras, en el coraz\u00f3n de la zona de Huertas y Cortes, a un paso de la Puerta del Sol.","og_url":"https:\/\/cardamomo.com\/ru\/contacto-y-localizacion\/","og_site_name":"Cardamomo Flamenco Madrid","article_modified_time":"2025-10-21T11:08:51+00:00","twitter_card":"summary_large_image","twitter_misc":{"\u041f\u0440\u0438\u043c\u0435\u0440\u043d\u043e\u0435 \u0432\u0440\u0435\u043c\u044f \u0434\u043b\u044f \u0447\u0442\u0435\u043d\u0438\u044f":"1 \u043c\u0438\u043d\u0443\u0442\u0430"},"schema":{"@context":"https:\/\/schema.org","@graph":[{"@type":"WebPage","@id":"https:\/\/cardamomo.com\/ru\/contacto-y-localizacion\/","url":"https:\/\/cardamomo.com\/ru\/contacto-y-localizacion\/","name":"Contacto y Localizaci\u00f3n | Cardamomo Tablao Flamenco","isPartOf":{"@id":"https:\/\/cardamomo.com\/ru\/#website"},"datePublished":"2024-12-02T15:42:20+00:00","dateModified":"2025-10-21T11:08:51+00:00","description":"El tablao Cardamomo se encuentraen el c\u00e9ntrico barrio de Las letras, en el coraz\u00f3n de la zona de Huertas y Cortes, a un paso de la Puerta del Sol.","breadcrumb":{"@id":"https:\/\/cardamomo.com\/ru\/contacto-y-localizacion\/#breadcrumb"},"inLanguage":"ru-RU","potentialAction":[{"@type":"ReadAction","target":[["https:\/\/cardamomo.com\/ru\/contacto-y-localizacion\/"]]}]},{"@type":"BreadcrumbList","@id":"https:\/\/cardamomo.com\/ru\/contacto-y-localizacion\/#breadcrumb","itemListElement":[{"@type":"ListItem","position":1,"name":"Cardamomo","item":"https:\/\/cardamomo.com\/ru\/"},{"@type":"ListItem","position":2,"name":"Contacto y localizaci\u00f3n"}]},{"@type":"WebSite","@id":"https:\/\/cardamomo.com\/ru\/#website","url":"https:\/\/cardamomo.com\/ru\/","name":"Cardamomo Flamenco Madrid","description":"","potentialAction":[{"@type":"SearchAction","target":{"@type":"EntryPoint","urlTemplate":"https:\/\/cardamomo.com\/ru\/?s={search_term_string}"},"query-input":{"@type":"PropertyValueSpecification","valueRequired":true,"valueName":"search_term_string"}}],"inLanguage":"ru-RU"}]}},"_links":{"self":[{"href":"https:\/\/cardamomo.com\/ru\/wp-json\/wp\/v2\/pages\/84","targetHints":{"allow":["GET"]}}],"collection":[{"href":"https:\/\/cardamomo.com\/ru\/wp-json\/wp\/v2\/pages"}],"about":[{"href":"https:\/\/cardamomo.com\/ru\/wp-json\/wp\/v2\/types\/page"}],"author":[{"embeddable":true,"href":"https:\/\/cardamomo.com\/ru\/wp-json\/wp\/v2\/users\/1"}],"replies":[{"embeddable":true,"href":"https:\/\/cardamomo.com\/ru\/wp-json\/wp\/v2\/comments?post=84"}],"version-history":[{"count":8,"href":"https:\/\/cardamomo.com\/ru\/wp-json\/wp\/v2\/pages\/84\/revisions"}],"predecessor-version":[{"id":157856,"href":"https:\/\/cardamomo.com\/ru\/wp-json\/wp\/v2\/pages\/84\/revisions\/157856"}],"wp:attachment":[{"href":"https:\/\/cardamomo.com\/ru\/wp-json\/wp\/v2\/media?parent=84"}],"curies":[{"name":"wp","href":"https:\/\/api.w.org\/{rel}","templated":true}]}}