{"id":23737,"date":"2016-10-27T11:15:55","date_gmt":"2016-10-27T09:15:55","guid":{"rendered":"https:\/\/cardamomo.com\/es\/?page_id=23737"},"modified":"2025-02-04T17:02:43","modified_gmt":"2025-02-04T17:02:43","slug":"campanas","status":"publish","type":"page","link":"https:\/\/cardamomo.com\/ru\/campaigns\/","title":{"rendered":"Campaigns"},"content":{"rendered":"<p class=\"qtranxs-available-languages-message qtranxs-available-languages-message-ru\">\u0418\u0437\u0432\u0438\u043d\u0438\u0442\u0435, \u044d\u0442\u043e\u0442 \u0442\u0435\u043a\u0441\u0442 \u0434\u043e\u0441\u0442\u0443\u043f\u0435\u043d \u0442\u043e\u043b\u044c\u043a\u043e \u043d\u0430 &ldquo;<a href=\"https:\/\/cardamomo.com\/es\/wp-json\/wp\/v2\/pages\/23737\" class=\"qtranxs-available-language-link qtranxs-available-language-link-es\" title=\"Espa\u00f1ol\">Espa\u00f1ol<\/a>&rdquo;.<\/p><p>Cardamomo campaigns<\/p>","protected":false},"excerpt":{"rendered":"\u0418\u0437\u0432\u0438\u043d\u0438\u0442\u0435, \u044d\u0442\u043e\u0442 \u0442\u0435\u043a\u0441\u0442 \u0434\u043e\u0441\u0442\u0443\u043f\u0435\u043d \u0442\u043e\u043b\u044c\u043a\u043e \u043d\u0430 &ldquo;Espa\u00f1ol&rdquo;.Cardamomo campaigns","protected":false},"author":1,"featured_media":0,"parent":0,"menu_order":30,"comment_status":"closed","ping_status":"closed","template":"","meta":{"_acf_changed":false,"inline_featured_image":false,"footnotes":""},"class_list":["post-23737","page","type-page","status-publish","hentry"],"acf":{"display":"hide","hero_intro":"","hero_heading":false,"generic_slider":null},"yoast_head":"<!-- This site is optimized with the Yoast SEO plugin v27.3 - https:\/\/yoast.com\/product\/yoast-seo-wordpress\/ -->\n<title>Campa\u00f1as a<\/title>\n<meta name=\"description\" content=\"Descripci\u00f3n de Campa\u00f1as a\" \/>\n<meta name=\"robots\" content=\"index, follow, max-snippet:-1, max-image-preview:large, max-video-preview:-1\" \/>\n<link rel=\"canonical\" href=\"\/\" \/>\n<meta property=\"og:locale\" content=\"ru_RU\" \/>\n<meta property=\"og:type\" content=\"article\" \/>\n<meta property=\"og:title\" content=\"Campa\u00f1as a\" \/>\n<meta property=\"og:description\" content=\"Descripci\u00f3n de Campa\u00f1as a\" \/>\n<meta property=\"og:url\" content=\"https:\/\/cardamomo.com\/ru\/campanas\/\" \/>\n<meta property=\"og:site_name\" content=\"Cardamomo Flamenco Madrid\" \/>\n<meta property=\"article:modified_time\" content=\"2025-02-04T17:02:43+00:00\" \/>\n<meta name=\"twitter:card\" content=\"summary_large_image\" \/>\n<meta name=\"twitter:label1\" content=\"\u041f\u0440\u0438\u043c\u0435\u0440\u043d\u043e\u0435 \u0432\u0440\u0435\u043c\u044f \u0434\u043b\u044f \u0447\u0442\u0435\u043d\u0438\u044f\" \/>\n\t<meta name=\"twitter:data1\" content=\"1 \u043c\u0438\u043d\u0443\u0442\u0430\" \/>\n<script type=\"application\/ld+json\" class=\"yoast-schema-graph\">{\"@context\":\"https:\\\/\\\/schema.org\",\"@graph\":[{\"@type\":\"WebPage\",\"@id\":\"https:\\\/\\\/cardamomo.com\\\/ru\\\/campanas\\\/\",\"url\":\"https:\\\/\\\/cardamomo.com\\\/ru\\\/campanas\\\/\",\"name\":\"Campa\u00f1as a\",\"isPartOf\":{\"@id\":\"https:\\\/\\\/cardamomo.com\\\/ru\\\/#website\"},\"datePublished\":\"2016-10-27T09:15:55+00:00\",\"dateModified\":\"2025-02-04T17:02:43+00:00\",\"description\":\"Descripci\u00f3n de Campa\u00f1as a\",\"breadcrumb\":{\"@id\":\"https:\\\/\\\/cardamomo.com\\\/ru\\\/campanas\\\/#breadcrumb\"},\"inLanguage\":\"ru-RU\",\"potentialAction\":[{\"@type\":\"ReadAction\",\"target\":[[\"https:\\\/\\\/cardamomo.com\\\/ru\\\/campanas\\\/\"]]}]},{\"@type\":\"BreadcrumbList\",\"@id\":\"https:\\\/\\\/cardamomo.com\\\/ru\\\/campanas\\\/#breadcrumb\",\"itemListElement\":[{\"@type\":\"ListItem\",\"position\":1,\"name\":\"Cardamomo\",\"item\":\"https:\\\/\\\/cardamomo.com\\\/ru\\\/\"},{\"@type\":\"ListItem\",\"position\":2,\"name\":\"Campa\u00f1as\"}]},{\"@type\":\"WebSite\",\"@id\":\"https:\\\/\\\/cardamomo.com\\\/ru\\\/#website\",\"url\":\"https:\\\/\\\/cardamomo.com\\\/ru\\\/\",\"name\":\"Cardamomo Flamenco Madrid\",\"description\":\"\",\"potentialAction\":[{\"@type\":\"SearchAction\",\"target\":{\"@type\":\"EntryPoint\",\"urlTemplate\":\"https:\\\/\\\/cardamomo.com\\\/ru\\\/?s={search_term_string}\"},\"query-input\":{\"@type\":\"PropertyValueSpecification\",\"valueRequired\":true,\"valueName\":\"search_term_string\"}}],\"inLanguage\":\"ru-RU\"}]}<\/script>\n<!-- \/ Yoast SEO plugin. -->","yoast_head_json":{"title":"Campa\u00f1as a","description":"Descripci\u00f3n de Campa\u00f1as a","robots":{"index":"index","follow":"follow","max-snippet":"max-snippet:-1","max-image-preview":"max-image-preview:large","max-video-preview":"max-video-preview:-1"},"canonical":"\/","og_locale":"ru_RU","og_type":"article","og_title":"Campa\u00f1as a","og_description":"Descripci\u00f3n de Campa\u00f1as a","og_url":"https:\/\/cardamomo.com\/ru\/campanas\/","og_site_name":"Cardamomo Flamenco Madrid","article_modified_time":"2025-02-04T17:02:43+00:00","twitter_card":"summary_large_image","twitter_misc":{"\u041f\u0440\u0438\u043c\u0435\u0440\u043d\u043e\u0435 \u0432\u0440\u0435\u043c\u044f \u0434\u043b\u044f \u0447\u0442\u0435\u043d\u0438\u044f":"1 \u043c\u0438\u043d\u0443\u0442\u0430"},"schema":{"@context":"https:\/\/schema.org","@graph":[{"@type":"WebPage","@id":"https:\/\/cardamomo.com\/ru\/campanas\/","url":"https:\/\/cardamomo.com\/ru\/campanas\/","name":"Campa\u00f1as a","isPartOf":{"@id":"https:\/\/cardamomo.com\/ru\/#website"},"datePublished":"2016-10-27T09:15:55+00:00","dateModified":"2025-02-04T17:02:43+00:00","description":"Descripci\u00f3n de Campa\u00f1as a","breadcrumb":{"@id":"https:\/\/cardamomo.com\/ru\/campanas\/#breadcrumb"},"inLanguage":"ru-RU","potentialAction":[{"@type":"ReadAction","target":[["https:\/\/cardamomo.com\/ru\/campanas\/"]]}]},{"@type":"BreadcrumbList","@id":"https:\/\/cardamomo.com\/ru\/campanas\/#breadcrumb","itemListElement":[{"@type":"ListItem","position":1,"name":"Cardamomo","item":"https:\/\/cardamomo.com\/ru\/"},{"@type":"ListItem","position":2,"name":"Campa\u00f1as"}]},{"@type":"WebSite","@id":"https:\/\/cardamomo.com\/ru\/#website","url":"https:\/\/cardamomo.com\/ru\/","name":"Cardamomo Flamenco Madrid","description":"","potentialAction":[{"@type":"SearchAction","target":{"@type":"EntryPoint","urlTemplate":"https:\/\/cardamomo.com\/ru\/?s={search_term_string}"},"query-input":{"@type":"PropertyValueSpecification","valueRequired":true,"valueName":"search_term_string"}}],"inLanguage":"ru-RU"}]}},"_links":{"self":[{"href":"https:\/\/cardamomo.com\/ru\/wp-json\/wp\/v2\/pages\/23737","targetHints":{"allow":["GET"]}}],"collection":[{"href":"https:\/\/cardamomo.com\/ru\/wp-json\/wp\/v2\/pages"}],"about":[{"href":"https:\/\/cardamomo.com\/ru\/wp-json\/wp\/v2\/types\/page"}],"author":[{"embeddable":true,"href":"https:\/\/cardamomo.com\/ru\/wp-json\/wp\/v2\/users\/1"}],"replies":[{"embeddable":true,"href":"https:\/\/cardamomo.com\/ru\/wp-json\/wp\/v2\/comments?post=23737"}],"version-history":[{"count":1,"href":"https:\/\/cardamomo.com\/ru\/wp-json\/wp\/v2\/pages\/23737\/revisions"}],"predecessor-version":[{"id":157026,"href":"https:\/\/cardamomo.com\/ru\/wp-json\/wp\/v2\/pages\/23737\/revisions\/157026"}],"wp:attachment":[{"href":"https:\/\/cardamomo.com\/ru\/wp-json\/wp\/v2\/media?parent=23737"}],"curies":[{"name":"wp","href":"https:\/\/api.w.org\/{rel}","templated":true}]}}