{"id":82,"date":"2024-12-02T15:42:08","date_gmt":"2024-12-02T15:42:08","guid":{"rendered":"http:\/\/cardamomo.local\/?page_id=82"},"modified":"2026-01-16T11:57:01","modified_gmt":"2026-01-16T10:57:01","slug":"cenas-y-tapas","status":"publish","type":"page","link":"https:\/\/cardamomo.com\/pt\/jantar-com-espetaculo-de-flamenco-em-madrid\/","title":{"rendered":"Jantar com espet\u00e1culo de flamenco em Madrid"},"content":{"rendered":"<p>Viva a experi\u00eancia mais aut\u00eantica e descubra a gastronomia de rua madrilena. Partilhe uma variedade de tapas e petiscos gourmet, acompanhados por uma cerveja ou uma ta\u00e7a de vinho.<\/p>","protected":false},"excerpt":{"rendered":"Viva a experi\u00eancia mais aut\u00eantica e descubra a gastronomia de rua madrilena. Partilhe uma variedade de tapas e petiscos gourmet, acompanhados por uma cerveja ou uma ta\u00e7a de vinho.","protected":false},"author":1,"featured_media":157002,"parent":0,"menu_order":5,"comment_status":"closed","ping_status":"closed","template":"","meta":{"_acf_changed":false,"inline_featured_image":false,"footnotes":""},"class_list":["post-82","page","type-page","status-publish","has-post-thumbnail","hentry"],"acf":{"display":"default","hero_intro":"Como um verdadeiro madrileno! Acompanhe o espet\u00e1culo com uma sele\u00e7\u00e3o de tapas espanholas","hero_heading":"p","generic_slider":null},"yoast_head":"<!-- This site is optimized with the Yoast SEO plugin v27.3 - https:\/\/yoast.com\/product\/yoast-seo-wordpress\/ -->\n<title>Jantar com espet\u00e1culo de flamenco em Madri | Cardamomo<\/title>\n<meta name=\"description\" content=\"Viva um jantar com flamenco ao vivo no centro de Madri. Desfrute de tapas espanholas e de um espet\u00e1culo \u00fanico no tablao Cardamomo.\" \/>\n<meta name=\"robots\" content=\"index, follow, max-snippet:-1, max-image-preview:large, max-video-preview:-1\" \/>\n<link rel=\"canonical\" href=\"\/\" \/>\n<meta property=\"og:locale\" content=\"pt_PT\" \/>\n<meta property=\"og:type\" content=\"article\" \/>\n<meta property=\"og:title\" content=\"Jantar com espet\u00e1culo de flamenco em Madri | Cardamomo\" \/>\n<meta property=\"og:description\" content=\"Viva um jantar com flamenco ao vivo no centro de Madri. Desfrute de tapas espanholas e de um espet\u00e1culo \u00fanico no tablao Cardamomo.\" \/>\n<meta property=\"og:url\" content=\"https:\/\/cardamomo.com\/pt\/cena-con-espectaculo-flamenco-en-madrid\/\" \/>\n<meta property=\"og:site_name\" content=\"Cardamomo Flamenco Madrid\" \/>\n<meta property=\"article:modified_time\" content=\"2026-01-16T10:57:01+00:00\" \/>\n<meta property=\"og:image\" content=\"https:\/\/cardamomo.ams3.digitaloceanspaces.com\/wp-content\/uploads\/2025\/02\/03130329\/show-y-tapas-jamon.jpg\" \/>\n\t<meta property=\"og:image:width\" content=\"1600\" \/>\n\t<meta property=\"og:image:height\" content=\"750\" \/>\n\t<meta property=\"og:image:type\" content=\"image\/jpeg\" \/>\n<meta name=\"twitter:card\" content=\"summary_large_image\" \/>\n<meta name=\"twitter:label1\" content=\"Tempo estimado de leitura\" \/>\n\t<meta name=\"twitter:data1\" content=\"1 minuto\" \/>\n<script type=\"application\/ld+json\" class=\"yoast-schema-graph\">{\"@context\":\"https:\\\/\\\/schema.org\",\"@graph\":[{\"@type\":\"WebPage\",\"@id\":\"https:\\\/\\\/cardamomo.com\\\/pt\\\/cena-con-espectaculo-flamenco-en-madrid\\\/\",\"url\":\"https:\\\/\\\/cardamomo.com\\\/pt\\\/cena-con-espectaculo-flamenco-en-madrid\\\/\",\"name\":\"Jantar com espet\u00e1culo de flamenco em Madri | Cardamomo\",\"isPartOf\":{\"@id\":\"https:\\\/\\\/cardamomo.com\\\/pt\\\/#website\"},\"primaryImageOfPage\":{\"@id\":\"https:\\\/\\\/cardamomo.com\\\/pt\\\/cena-con-espectaculo-flamenco-en-madrid\\\/#primaryimage\"},\"image\":{\"@id\":\"https:\\\/\\\/cardamomo.com\\\/es\\\/cena-con-espectaculo-flamenco-en-madrid\\\/#primaryimage\"},\"thumbnailUrl\":\"https:\\\/\\\/cardamomo.ams3.digitaloceanspaces.com\\\/wp-content\\\/uploads\\\/2025\\\/02\\\/03130329\\\/show-y-tapas-jamon.jpg\",\"datePublished\":\"2024-12-02T15:42:08+00:00\",\"dateModified\":\"2026-01-16T10:57:01+00:00\",\"description\":\"Viva um jantar com flamenco ao vivo no centro de Madri. Desfrute de tapas espanholas e de um espet\u00e1culo \u00fanico no tablao Cardamomo.\",\"breadcrumb\":{\"@id\":\"https:\\\/\\\/cardamomo.com\\\/pt\\\/cena-con-espectaculo-flamenco-en-madrid\\\/#breadcrumb\"},\"inLanguage\":\"pt-PT\",\"potentialAction\":[{\"@type\":\"ReadAction\",\"target\":[[\"https:\\\/\\\/cardamomo.com\\\/pt\\\/cena-con-espectaculo-flamenco-en-madrid\\\/\"]]}]},{\"@type\":\"ImageObject\",\"inLanguage\":\"pt-PT\",\"@id\":\"https:\\\/\\\/cardamomo.com\\\/pt\\\/cena-con-espectaculo-flamenco-en-madrid\\\/#primaryimage\",\"url\":\"https:\\\/\\\/cardamomo.ams3.digitaloceanspaces.com\\\/wp-content\\\/uploads\\\/2025\\\/02\\\/03130329\\\/show-y-tapas-jamon.jpg\",\"contentUrl\":\"https:\\\/\\\/cardamomo.ams3.digitaloceanspaces.com\\\/wp-content\\\/uploads\\\/2025\\\/02\\\/03130329\\\/show-y-tapas-jamon.jpg\",\"width\":1600,\"height\":750},{\"@type\":\"BreadcrumbList\",\"@id\":\"https:\\\/\\\/cardamomo.com\\\/pt\\\/cena-con-espectaculo-flamenco-en-madrid\\\/#breadcrumb\",\"itemListElement\":[{\"@type\":\"ListItem\",\"position\":1,\"name\":\"Cardamomo\",\"item\":\"https:\\\/\\\/cardamomo.com\\\/pt\\\/\"},{\"@type\":\"ListItem\",\"position\":2,\"name\":\"Tablao Flamenco en Madrid con Cena\"}]},{\"@type\":\"WebSite\",\"@id\":\"https:\\\/\\\/cardamomo.com\\\/pt\\\/#website\",\"url\":\"https:\\\/\\\/cardamomo.com\\\/pt\\\/\",\"name\":\"Cardamomo Flamenco Madrid\",\"description\":\"\",\"potentialAction\":[{\"@type\":\"SearchAction\",\"target\":{\"@type\":\"EntryPoint\",\"urlTemplate\":\"https:\\\/\\\/cardamomo.com\\\/pt\\\/?s={search_term_string}\"},\"query-input\":{\"@type\":\"PropertyValueSpecification\",\"valueRequired\":true,\"valueName\":\"search_term_string\"}}],\"inLanguage\":\"pt-PT\"}]}<\/script>\n<!-- \/ Yoast SEO plugin. -->","yoast_head_json":{"title":"Jantar com espet\u00e1culo de flamenco em Madri | Cardamomo","description":"Viva um jantar com flamenco ao vivo no centro de Madri. Desfrute de tapas espanholas e de um espet\u00e1culo \u00fanico no tablao Cardamomo.","robots":{"index":"index","follow":"follow","max-snippet":"max-snippet:-1","max-image-preview":"max-image-preview:large","max-video-preview":"max-video-preview:-1"},"canonical":"\/","og_locale":"pt_PT","og_type":"article","og_title":"Jantar com espet\u00e1culo de flamenco em Madri | Cardamomo","og_description":"Viva um jantar com flamenco ao vivo no centro de Madri. Desfrute de tapas espanholas e de um espet\u00e1culo \u00fanico no tablao Cardamomo.","og_url":"https:\/\/cardamomo.com\/pt\/cena-con-espectaculo-flamenco-en-madrid\/","og_site_name":"Cardamomo Flamenco Madrid","article_modified_time":"2026-01-16T10:57:01+00:00","og_image":[{"width":1600,"height":750,"url":"https:\/\/cardamomo.ams3.digitaloceanspaces.com\/wp-content\/uploads\/2025\/02\/03130329\/show-y-tapas-jamon.jpg","type":"image\/jpeg"}],"twitter_card":"summary_large_image","twitter_misc":{"Tempo estimado de leitura":"1 minuto"},"schema":{"@context":"https:\/\/schema.org","@graph":[{"@type":"WebPage","@id":"https:\/\/cardamomo.com\/pt\/cena-con-espectaculo-flamenco-en-madrid\/","url":"https:\/\/cardamomo.com\/pt\/cena-con-espectaculo-flamenco-en-madrid\/","name":"Jantar com espet\u00e1culo de flamenco em Madri | Cardamomo","isPartOf":{"@id":"https:\/\/cardamomo.com\/pt\/#website"},"primaryImageOfPage":{"@id":"https:\/\/cardamomo.com\/pt\/cena-con-espectaculo-flamenco-en-madrid\/#primaryimage"},"image":{"@id":"https:\/\/cardamomo.com\/es\/cena-con-espectaculo-flamenco-en-madrid\/#primaryimage"},"thumbnailUrl":"https:\/\/cardamomo.ams3.digitaloceanspaces.com\/wp-content\/uploads\/2025\/02\/03130329\/show-y-tapas-jamon.jpg","datePublished":"2024-12-02T15:42:08+00:00","dateModified":"2026-01-16T10:57:01+00:00","description":"Viva um jantar com flamenco ao vivo no centro de Madri. Desfrute de tapas espanholas e de um espet\u00e1culo \u00fanico no tablao Cardamomo.","breadcrumb":{"@id":"https:\/\/cardamomo.com\/pt\/cena-con-espectaculo-flamenco-en-madrid\/#breadcrumb"},"inLanguage":"pt-PT","potentialAction":[{"@type":"ReadAction","target":[["https:\/\/cardamomo.com\/pt\/cena-con-espectaculo-flamenco-en-madrid\/"]]}]},{"@type":"ImageObject","inLanguage":"pt-PT","@id":"https:\/\/cardamomo.com\/pt\/cena-con-espectaculo-flamenco-en-madrid\/#primaryimage","url":"https:\/\/cardamomo.ams3.digitaloceanspaces.com\/wp-content\/uploads\/2025\/02\/03130329\/show-y-tapas-jamon.jpg","contentUrl":"https:\/\/cardamomo.ams3.digitaloceanspaces.com\/wp-content\/uploads\/2025\/02\/03130329\/show-y-tapas-jamon.jpg","width":1600,"height":750},{"@type":"BreadcrumbList","@id":"https:\/\/cardamomo.com\/pt\/cena-con-espectaculo-flamenco-en-madrid\/#breadcrumb","itemListElement":[{"@type":"ListItem","position":1,"name":"Cardamomo","item":"https:\/\/cardamomo.com\/pt\/"},{"@type":"ListItem","position":2,"name":"Tablao Flamenco en Madrid con Cena"}]},{"@type":"WebSite","@id":"https:\/\/cardamomo.com\/pt\/#website","url":"https:\/\/cardamomo.com\/pt\/","name":"Cardamomo Flamenco Madrid","description":"","potentialAction":[{"@type":"SearchAction","target":{"@type":"EntryPoint","urlTemplate":"https:\/\/cardamomo.com\/pt\/?s={search_term_string}"},"query-input":{"@type":"PropertyValueSpecification","valueRequired":true,"valueName":"search_term_string"}}],"inLanguage":"pt-PT"}]}},"_links":{"self":[{"href":"https:\/\/cardamomo.com\/pt\/wp-json\/wp\/v2\/pages\/82","targetHints":{"allow":["GET"]}}],"collection":[{"href":"https:\/\/cardamomo.com\/pt\/wp-json\/wp\/v2\/pages"}],"about":[{"href":"https:\/\/cardamomo.com\/pt\/wp-json\/wp\/v2\/types\/page"}],"author":[{"embeddable":true,"href":"https:\/\/cardamomo.com\/pt\/wp-json\/wp\/v2\/users\/1"}],"replies":[{"embeddable":true,"href":"https:\/\/cardamomo.com\/pt\/wp-json\/wp\/v2\/comments?post=82"}],"version-history":[{"count":57,"href":"https:\/\/cardamomo.com\/pt\/wp-json\/wp\/v2\/pages\/82\/revisions"}],"predecessor-version":[{"id":158459,"href":"https:\/\/cardamomo.com\/pt\/wp-json\/wp\/v2\/pages\/82\/revisions\/158459"}],"wp:featuredmedia":[{"embeddable":true,"href":"https:\/\/cardamomo.com\/pt\/wp-json\/wp\/v2\/media\/157002"}],"wp:attachment":[{"href":"https:\/\/cardamomo.com\/pt\/wp-json\/wp\/v2\/media?parent=82"}],"curies":[{"name":"wp","href":"https:\/\/api.w.org\/{rel}","templated":true}]}}