{"id":78,"date":"2024-12-02T15:41:38","date_gmt":"2024-12-02T15:41:38","guid":{"rendered":"http:\/\/cardamomo.local\/?page_id=78"},"modified":"2025-11-05T16:54:16","modified_gmt":"2025-11-05T15:54:16","slug":"espectaculos","status":"publish","type":"page","link":"https:\/\/cardamomo.com\/pt\/show-de-flamenco-em-madrid\/","title":{"rendered":"Show de flamenco em Madrid"},"content":{"rendered":"<p><\/p>\n<p class=\"\" data-start=\"626\" data-end=\"821\">Todos os meses elaboramos uma <strong data-start=\"656\" data-end=\"716\">agenda de artistas vindos de todas as regi\u00f5es da Espanha<\/strong>, e at\u00e9 de fora do pa\u00eds, para manter sempre renovada a oferta deste <strong data-start=\"784\" data-end=\"820\">espet\u00e1culo de flamenco em Madrid<\/strong>.<\/p>\n<p><\/p>","protected":false},"excerpt":{"rendered":"Todos os meses elaboramos uma agenda de artistas vindos de todas as regi\u00f5es da Espanha, e at\u00e9 de fora do pa\u00eds, para manter sempre renovada a oferta deste espet\u00e1culo de flamenco em Madrid.","protected":false},"author":1,"featured_media":156997,"parent":0,"menu_order":2,"comment_status":"closed","ping_status":"closed","template":"templates\/02-shows.php","meta":{"_acf_changed":false,"inline_featured_image":false,"footnotes":""},"class_list":["post-78","page","type-page","status-publish","has-post-thumbnail","hentry"],"acf":{"display":"default","hero_intro":"4 sess\u00f5es di\u00e1rias com programas e artistas diferentes a cada semana","hero_heading":"p","generic_slider":null},"yoast_head":"<!-- This site is optimized with the Yoast SEO plugin v27.3 - https:\/\/yoast.com\/product\/yoast-seo-wordpress\/ -->\n<title>Show de flamenco em Madri \u2013 Espet\u00e1culos \u00fanicos | Cardamomo<\/title>\n<meta name=\"description\" content=\"Aproveite o melhor espet\u00e1culo de flamenco em Madri. 4 apresenta\u00e7\u00f5es di\u00e1rias com artistas de classe mundial. Compre seus ingressos online e viva uma experi\u00eancia \u00fanica.\" \/>\n<meta name=\"robots\" content=\"index, follow, max-snippet:-1, max-image-preview:large, max-video-preview:-1\" \/>\n<link rel=\"canonical\" href=\"\/\" \/>\n<meta property=\"og:locale\" content=\"pt_PT\" \/>\n<meta property=\"og:type\" content=\"article\" \/>\n<meta property=\"og:title\" content=\"Show de flamenco em Madri \u2013 Espet\u00e1culos \u00fanicos | Cardamomo\" \/>\n<meta property=\"og:description\" content=\"Aproveite o melhor espet\u00e1culo de flamenco em Madri. 4 apresenta\u00e7\u00f5es di\u00e1rias com artistas de classe mundial. Compre seus ingressos online e viva uma experi\u00eancia \u00fanica.\" \/>\n<meta property=\"og:url\" content=\"https:\/\/cardamomo.com\/pt\/flamenco-show-en-madrid\/\" \/>\n<meta property=\"og:site_name\" content=\"Cardamomo Flamenco Madrid\" \/>\n<meta property=\"article:modified_time\" content=\"2025-11-05T15:54:16+00:00\" \/>\n<meta property=\"og:image\" content=\"https:\/\/cardamomo.ams3.digitaloceanspaces.com\/wp-content\/uploads\/2025\/02\/03125744\/cardamomo-4-shows-flamencos.jpg\" \/>\n\t<meta property=\"og:image:width\" content=\"1600\" \/>\n\t<meta property=\"og:image:height\" content=\"793\" \/>\n\t<meta property=\"og:image:type\" content=\"image\/jpeg\" \/>\n<meta name=\"twitter:card\" content=\"summary_large_image\" \/>\n<meta name=\"twitter:label1\" content=\"Tempo estimado de leitura\" \/>\n\t<meta name=\"twitter:data1\" content=\"1 minuto\" \/>\n<script type=\"application\/ld+json\" class=\"yoast-schema-graph\">{\"@context\":\"https:\\\/\\\/schema.org\",\"@graph\":[{\"@type\":\"WebPage\",\"@id\":\"https:\\\/\\\/cardamomo.com\\\/pt\\\/flamenco-show-en-madrid\\\/\",\"url\":\"https:\\\/\\\/cardamomo.com\\\/pt\\\/flamenco-show-en-madrid\\\/\",\"name\":\"Show de flamenco em Madri \u2013 Espet\u00e1culos \u00fanicos | Cardamomo\",\"isPartOf\":{\"@id\":\"https:\\\/\\\/cardamomo.com\\\/pt\\\/#website\"},\"primaryImageOfPage\":{\"@id\":\"https:\\\/\\\/cardamomo.com\\\/pt\\\/flamenco-show-en-madrid\\\/#primaryimage\"},\"image\":{\"@id\":\"https:\\\/\\\/cardamomo.com\\\/es\\\/flamenco-show-en-madrid\\\/#primaryimage\"},\"thumbnailUrl\":\"https:\\\/\\\/cardamomo.ams3.digitaloceanspaces.com\\\/wp-content\\\/uploads\\\/2025\\\/02\\\/03125744\\\/cardamomo-4-shows-flamencos.jpg\",\"datePublished\":\"2024-12-02T15:41:38+00:00\",\"dateModified\":\"2025-11-05T15:54:16+00:00\",\"description\":\"Aproveite o melhor espet\u00e1culo de flamenco em Madri. 4 apresenta\u00e7\u00f5es di\u00e1rias com artistas de classe mundial. Compre seus ingressos online e viva uma experi\u00eancia \u00fanica.\",\"breadcrumb\":{\"@id\":\"https:\\\/\\\/cardamomo.com\\\/pt\\\/flamenco-show-en-madrid\\\/#breadcrumb\"},\"inLanguage\":\"pt-PT\",\"potentialAction\":[{\"@type\":\"ReadAction\",\"target\":[[\"https:\\\/\\\/cardamomo.com\\\/pt\\\/flamenco-show-en-madrid\\\/\"]]}]},{\"@type\":\"ImageObject\",\"inLanguage\":\"pt-PT\",\"@id\":\"https:\\\/\\\/cardamomo.com\\\/pt\\\/flamenco-show-en-madrid\\\/#primaryimage\",\"url\":\"https:\\\/\\\/cardamomo.ams3.digitaloceanspaces.com\\\/wp-content\\\/uploads\\\/2025\\\/02\\\/03125744\\\/cardamomo-4-shows-flamencos.jpg\",\"contentUrl\":\"https:\\\/\\\/cardamomo.ams3.digitaloceanspaces.com\\\/wp-content\\\/uploads\\\/2025\\\/02\\\/03125744\\\/cardamomo-4-shows-flamencos.jpg\",\"width\":1600,\"height\":793,\"caption\":\"Bailaor en el escenario rodeado de otros artistas\"},{\"@type\":\"BreadcrumbList\",\"@id\":\"https:\\\/\\\/cardamomo.com\\\/pt\\\/flamenco-show-en-madrid\\\/#breadcrumb\",\"itemListElement\":[{\"@type\":\"ListItem\",\"position\":1,\"name\":\"Cardamomo\",\"item\":\"https:\\\/\\\/cardamomo.com\\\/pt\\\/\"},{\"@type\":\"ListItem\",\"position\":2,\"name\":\"Espect\u00e1culos de Flamenco en Madrid\"}]},{\"@type\":\"WebSite\",\"@id\":\"https:\\\/\\\/cardamomo.com\\\/pt\\\/#website\",\"url\":\"https:\\\/\\\/cardamomo.com\\\/pt\\\/\",\"name\":\"Cardamomo Flamenco Madrid\",\"description\":\"\",\"potentialAction\":[{\"@type\":\"SearchAction\",\"target\":{\"@type\":\"EntryPoint\",\"urlTemplate\":\"https:\\\/\\\/cardamomo.com\\\/pt\\\/?s={search_term_string}\"},\"query-input\":{\"@type\":\"PropertyValueSpecification\",\"valueRequired\":true,\"valueName\":\"search_term_string\"}}],\"inLanguage\":\"pt-PT\"}]}<\/script>\n<!-- \/ Yoast SEO plugin. -->","yoast_head_json":{"title":"Show de flamenco em Madri \u2013 Espet\u00e1culos \u00fanicos | Cardamomo","description":"Aproveite o melhor espet\u00e1culo de flamenco em Madri. 4 apresenta\u00e7\u00f5es di\u00e1rias com artistas de classe mundial. Compre seus ingressos online e viva uma experi\u00eancia \u00fanica.","robots":{"index":"index","follow":"follow","max-snippet":"max-snippet:-1","max-image-preview":"max-image-preview:large","max-video-preview":"max-video-preview:-1"},"canonical":"\/","og_locale":"pt_PT","og_type":"article","og_title":"Show de flamenco em Madri \u2013 Espet\u00e1culos \u00fanicos | Cardamomo","og_description":"Aproveite o melhor espet\u00e1culo de flamenco em Madri. 4 apresenta\u00e7\u00f5es di\u00e1rias com artistas de classe mundial. Compre seus ingressos online e viva uma experi\u00eancia \u00fanica.","og_url":"https:\/\/cardamomo.com\/pt\/flamenco-show-en-madrid\/","og_site_name":"Cardamomo Flamenco Madrid","article_modified_time":"2025-11-05T15:54:16+00:00","og_image":[{"width":1600,"height":793,"url":"https:\/\/cardamomo.ams3.digitaloceanspaces.com\/wp-content\/uploads\/2025\/02\/03125744\/cardamomo-4-shows-flamencos.jpg","type":"image\/jpeg"}],"twitter_card":"summary_large_image","twitter_misc":{"Tempo estimado de leitura":"1 minuto"},"schema":{"@context":"https:\/\/schema.org","@graph":[{"@type":"WebPage","@id":"https:\/\/cardamomo.com\/pt\/flamenco-show-en-madrid\/","url":"https:\/\/cardamomo.com\/pt\/flamenco-show-en-madrid\/","name":"Show de flamenco em Madri \u2013 Espet\u00e1culos \u00fanicos | Cardamomo","isPartOf":{"@id":"https:\/\/cardamomo.com\/pt\/#website"},"primaryImageOfPage":{"@id":"https:\/\/cardamomo.com\/pt\/flamenco-show-en-madrid\/#primaryimage"},"image":{"@id":"https:\/\/cardamomo.com\/es\/flamenco-show-en-madrid\/#primaryimage"},"thumbnailUrl":"https:\/\/cardamomo.ams3.digitaloceanspaces.com\/wp-content\/uploads\/2025\/02\/03125744\/cardamomo-4-shows-flamencos.jpg","datePublished":"2024-12-02T15:41:38+00:00","dateModified":"2025-11-05T15:54:16+00:00","description":"Aproveite o melhor espet\u00e1culo de flamenco em Madri. 4 apresenta\u00e7\u00f5es di\u00e1rias com artistas de classe mundial. Compre seus ingressos online e viva uma experi\u00eancia \u00fanica.","breadcrumb":{"@id":"https:\/\/cardamomo.com\/pt\/flamenco-show-en-madrid\/#breadcrumb"},"inLanguage":"pt-PT","potentialAction":[{"@type":"ReadAction","target":[["https:\/\/cardamomo.com\/pt\/flamenco-show-en-madrid\/"]]}]},{"@type":"ImageObject","inLanguage":"pt-PT","@id":"https:\/\/cardamomo.com\/pt\/flamenco-show-en-madrid\/#primaryimage","url":"https:\/\/cardamomo.ams3.digitaloceanspaces.com\/wp-content\/uploads\/2025\/02\/03125744\/cardamomo-4-shows-flamencos.jpg","contentUrl":"https:\/\/cardamomo.ams3.digitaloceanspaces.com\/wp-content\/uploads\/2025\/02\/03125744\/cardamomo-4-shows-flamencos.jpg","width":1600,"height":793,"caption":"Bailaor en el escenario rodeado de otros artistas"},{"@type":"BreadcrumbList","@id":"https:\/\/cardamomo.com\/pt\/flamenco-show-en-madrid\/#breadcrumb","itemListElement":[{"@type":"ListItem","position":1,"name":"Cardamomo","item":"https:\/\/cardamomo.com\/pt\/"},{"@type":"ListItem","position":2,"name":"Espect\u00e1culos de Flamenco en Madrid"}]},{"@type":"WebSite","@id":"https:\/\/cardamomo.com\/pt\/#website","url":"https:\/\/cardamomo.com\/pt\/","name":"Cardamomo Flamenco Madrid","description":"","potentialAction":[{"@type":"SearchAction","target":{"@type":"EntryPoint","urlTemplate":"https:\/\/cardamomo.com\/pt\/?s={search_term_string}"},"query-input":{"@type":"PropertyValueSpecification","valueRequired":true,"valueName":"search_term_string"}}],"inLanguage":"pt-PT"}]}},"_links":{"self":[{"href":"https:\/\/cardamomo.com\/pt\/wp-json\/wp\/v2\/pages\/78","targetHints":{"allow":["GET"]}}],"collection":[{"href":"https:\/\/cardamomo.com\/pt\/wp-json\/wp\/v2\/pages"}],"about":[{"href":"https:\/\/cardamomo.com\/pt\/wp-json\/wp\/v2\/types\/page"}],"author":[{"embeddable":true,"href":"https:\/\/cardamomo.com\/pt\/wp-json\/wp\/v2\/users\/1"}],"replies":[{"embeddable":true,"href":"https:\/\/cardamomo.com\/pt\/wp-json\/wp\/v2\/comments?post=78"}],"version-history":[{"count":26,"href":"https:\/\/cardamomo.com\/pt\/wp-json\/wp\/v2\/pages\/78\/revisions"}],"predecessor-version":[{"id":157927,"href":"https:\/\/cardamomo.com\/pt\/wp-json\/wp\/v2\/pages\/78\/revisions\/157927"}],"wp:featuredmedia":[{"embeddable":true,"href":"https:\/\/cardamomo.com\/pt\/wp-json\/wp\/v2\/media\/156997"}],"wp:attachment":[{"href":"https:\/\/cardamomo.com\/pt\/wp-json\/wp\/v2\/media?parent=78"}],"curies":[{"name":"wp","href":"https:\/\/api.w.org\/{rel}","templated":true}]}}