{"id":48779,"date":"2018-07-31T18:34:03","date_gmt":"2018-07-31T16:34:03","guid":{"rendered":"https:\/\/cardamomo.com\/es\/?page_id=48779"},"modified":"2025-01-28T06:54:22","modified_gmt":"2025-01-28T06:54:22","slug":"legal","status":"publish","type":"page","link":"https:\/\/cardamomo.com\/pt\/legal\/","title":{"rendered":"Legal"},"content":{"rendered":"<p class=\"qtranxs-available-languages-message qtranxs-available-languages-message-pt\">Desculpe, este conte\u00fado s\u00f3 est\u00e1 dispon\u00edvel em <a href=\"https:\/\/cardamomo.com\/es\/wp-json\/wp\/v2\/pages\/48779\" class=\"qtranxs-available-language-link qtranxs-available-language-link-es\" title=\"Espa\u00f1ol\">Espa\u00f1ol<\/a> e <a href=\"https:\/\/cardamomo.com\/en\/wp-json\/wp\/v2\/pages\/48779\" class=\"qtranxs-available-language-link qtranxs-available-language-link-en\" title=\"English\">English<\/a>.<\/p><p>[listmenu menu=&#8221;Legal Menu&#8221;]<\/p>","protected":false},"excerpt":{"rendered":"Desculpe, este conte\u00fado s\u00f3 est\u00e1 dispon\u00edvel em Espa\u00f1ol e English.[listmenu menu=&#8221;Legal Menu&#8221;]","protected":false},"author":1,"featured_media":0,"parent":0,"menu_order":20,"comment_status":"closed","ping_status":"closed","template":"","meta":{"_acf_changed":false,"inline_featured_image":false,"footnotes":""},"class_list":["post-48779","page","type-page","status-publish","hentry"],"acf":{"display":"default","hero_intro":"","hero_heading":false,"generic_slider":null},"yoast_head":"<!-- This site is optimized with the Yoast SEO plugin v27.1.1 - https:\/\/yoast.com\/product\/yoast-seo-wordpress\/ -->\n<title>Legal - Cardamomo Flamenco Madrid<\/title>\n<meta name=\"robots\" content=\"index, follow, max-snippet:-1, max-image-preview:large, max-video-preview:-1\" \/>\n<link rel=\"canonical\" href=\"\/\" \/>\n<meta property=\"og:locale\" content=\"pt_PT\" \/>\n<meta property=\"og:type\" content=\"article\" \/>\n<meta property=\"og:title\" content=\"Legal - Cardamomo Flamenco Madrid\" \/>\n<meta property=\"og:description\" content=\"Desculpe, este conte\u00fado s\u00f3 est\u00e1 dispon\u00edvel em Espa\u00f1ol e English.[listmenu menu=&#8221;Legal Menu&#8221;]\" \/>\n<meta property=\"og:url\" content=\"https:\/\/cardamomo.com\/pt\/legal\/\" \/>\n<meta property=\"og:site_name\" content=\"Cardamomo Flamenco Madrid\" \/>\n<meta property=\"article:modified_time\" content=\"2025-01-28T06:54:22+00:00\" \/>\n<meta name=\"twitter:card\" content=\"summary_large_image\" \/>\n<script type=\"application\/ld+json\" class=\"yoast-schema-graph\">{\"@context\":\"https:\/\/schema.org\",\"@graph\":[{\"@type\":\"WebPage\",\"@id\":\"https:\/\/cardamomo.com\/pt\/legal\/\",\"url\":\"https:\/\/cardamomo.com\/pt\/legal\/\",\"name\":\"Legal - Cardamomo Flamenco Madrid\",\"isPartOf\":{\"@id\":\"https:\/\/cardamomo.com\/pt\/#website\"},\"datePublished\":\"2018-07-31T16:34:03+00:00\",\"dateModified\":\"2025-01-28T06:54:22+00:00\",\"breadcrumb\":{\"@id\":\"https:\/\/cardamomo.com\/pt\/legal\/#breadcrumb\"},\"inLanguage\":\"pt-PT\",\"potentialAction\":[{\"@type\":\"ReadAction\",\"target\":[[\"https:\/\/cardamomo.com\/pt\/legal\/\"]]}]},{\"@type\":\"BreadcrumbList\",\"@id\":\"https:\/\/cardamomo.com\/pt\/legal\/#breadcrumb\",\"itemListElement\":[{\"@type\":\"ListItem\",\"position\":1,\"name\":\"Cardamomo\",\"item\":\"https:\/\/cardamomo.com\/pt\/\"},{\"@type\":\"ListItem\",\"position\":2,\"name\":\"\u00bf?Legal\"}]},{\"@type\":\"WebSite\",\"@id\":\"https:\/\/cardamomo.com\/pt\/#website\",\"url\":\"https:\/\/cardamomo.com\/pt\/\",\"name\":\"Cardamomo Flamenco Madrid\",\"description\":\"\",\"potentialAction\":[{\"@type\":\"SearchAction\",\"target\":{\"@type\":\"EntryPoint\",\"urlTemplate\":\"https:\/\/cardamomo.com\/pt\/?s={search_term_string}\"},\"query-input\":{\"@type\":\"PropertyValueSpecification\",\"valueRequired\":true,\"valueName\":\"search_term_string\"}}],\"inLanguage\":\"pt-PT\"}]}<\/script>\n<!-- \/ Yoast SEO plugin. -->","yoast_head_json":{"title":"Legal - Cardamomo Flamenco Madrid","robots":{"index":"index","follow":"follow","max-snippet":"max-snippet:-1","max-image-preview":"max-image-preview:large","max-video-preview":"max-video-preview:-1"},"canonical":"\/","og_locale":"pt_PT","og_type":"article","og_title":"Legal - Cardamomo Flamenco Madrid","og_description":"Desculpe, este conte\u00fado s\u00f3 est\u00e1 dispon\u00edvel em Espa\u00f1ol e English.[listmenu menu=&#8221;Legal Menu&#8221;]","og_url":"https:\/\/cardamomo.com\/pt\/legal\/","og_site_name":"Cardamomo Flamenco Madrid","article_modified_time":"2025-01-28T06:54:22+00:00","twitter_card":"summary_large_image","schema":{"@context":"https:\/\/schema.org","@graph":[{"@type":"WebPage","@id":"https:\/\/cardamomo.com\/pt\/legal\/","url":"https:\/\/cardamomo.com\/pt\/legal\/","name":"Legal - Cardamomo Flamenco Madrid","isPartOf":{"@id":"https:\/\/cardamomo.com\/pt\/#website"},"datePublished":"2018-07-31T16:34:03+00:00","dateModified":"2025-01-28T06:54:22+00:00","breadcrumb":{"@id":"https:\/\/cardamomo.com\/pt\/legal\/#breadcrumb"},"inLanguage":"pt-PT","potentialAction":[{"@type":"ReadAction","target":[["https:\/\/cardamomo.com\/pt\/legal\/"]]}]},{"@type":"BreadcrumbList","@id":"https:\/\/cardamomo.com\/pt\/legal\/#breadcrumb","itemListElement":[{"@type":"ListItem","position":1,"name":"Cardamomo","item":"https:\/\/cardamomo.com\/pt\/"},{"@type":"ListItem","position":2,"name":"\u00bf?Legal"}]},{"@type":"WebSite","@id":"https:\/\/cardamomo.com\/pt\/#website","url":"https:\/\/cardamomo.com\/pt\/","name":"Cardamomo Flamenco Madrid","description":"","potentialAction":[{"@type":"SearchAction","target":{"@type":"EntryPoint","urlTemplate":"https:\/\/cardamomo.com\/pt\/?s={search_term_string}"},"query-input":{"@type":"PropertyValueSpecification","valueRequired":true,"valueName":"search_term_string"}}],"inLanguage":"pt-PT"}]}},"_links":{"self":[{"href":"https:\/\/cardamomo.com\/pt\/wp-json\/wp\/v2\/pages\/48779","targetHints":{"allow":["GET"]}}],"collection":[{"href":"https:\/\/cardamomo.com\/pt\/wp-json\/wp\/v2\/pages"}],"about":[{"href":"https:\/\/cardamomo.com\/pt\/wp-json\/wp\/v2\/types\/page"}],"author":[{"embeddable":true,"href":"https:\/\/cardamomo.com\/pt\/wp-json\/wp\/v2\/users\/1"}],"replies":[{"embeddable":true,"href":"https:\/\/cardamomo.com\/pt\/wp-json\/wp\/v2\/comments?post=48779"}],"version-history":[{"count":1,"href":"https:\/\/cardamomo.com\/pt\/wp-json\/wp\/v2\/pages\/48779\/revisions"}],"predecessor-version":[{"id":156768,"href":"https:\/\/cardamomo.com\/pt\/wp-json\/wp\/v2\/pages\/48779\/revisions\/156768"}],"wp:attachment":[{"href":"https:\/\/cardamomo.com\/pt\/wp-json\/wp\/v2\/media?parent=48779"}],"curies":[{"name":"wp","href":"https:\/\/api.w.org\/{rel}","templated":true}]}}