{"id":41155,"date":"2018-01-24T07:37:05","date_gmt":"2018-01-24T06:37:05","guid":{"rendered":"https:\/\/cardamomo.com\/es\/?page_id=41155"},"modified":"2024-12-25T14:51:57","modified_gmt":"2024-12-25T14:51:57","slug":"empleo","status":"publish","type":"page","link":"https:\/\/cardamomo.com\/pt\/empleo\/","title":{"rendered":"Empleo"},"content":{"rendered":"<ol>\n<li>Si deseas <strong>trabajar con nosotros<\/strong> en cualquiera de nuestros departamentos puedes enviar tu solicitud haciendo clic\u00a0<a href=\"https:\/\/cardamomo.com\/es\/personal-no-artistico\/\">aqu\u00ed<\/a>.<\/li>\n<li>Si eres <strong>artista<\/strong> con talento y deseas actuar con nosotros env\u00edanos tu solicitud haciendo clic <a href=\"https:\/\/cardamomo.com\/es\/artistas-2\/\">aqu\u00ed<\/a>.<\/li>\n<\/ol>\n","protected":false},"excerpt":{"rendered":"Si deseas trabajar con nosotros en cualquiera de nuestros departamentos puedes enviar tu solicitud haciendo clic\u00a0aqu\u00ed. Si eres artista con talento y deseas actuar con nosotros env\u00edanos tu solicitud haciendo clic aqu\u00ed.","protected":false},"author":1,"featured_media":0,"parent":0,"menu_order":11,"comment_status":"closed","ping_status":"closed","template":"","meta":{"_acf_changed":false,"inline_featured_image":false,"footnotes":""},"class_list":["post-41155","page","type-page","status-publish","hentry"],"acf":{"display":"default","hero_intro":"","hero_heading":false,"generic_slider":null},"yoast_head":"<!-- This site is optimized with the Yoast SEO plugin v27.3 - https:\/\/yoast.com\/product\/yoast-seo-wordpress\/ -->\n<title>Empleo - Cardamomo Flamenco Madrid<\/title>\n<meta name=\"robots\" content=\"noindex, follow\" \/>\n<meta property=\"og:locale\" content=\"pt_PT\" \/>\n<meta property=\"og:type\" content=\"article\" \/>\n<meta property=\"og:title\" content=\"Empleo - Cardamomo Flamenco Madrid\" \/>\n<meta property=\"og:description\" content=\"Si deseas trabajar con nosotros en cualquiera de nuestros departamentos puedes enviar tu solicitud haciendo clic\u00a0aqu\u00ed. Si eres artista con talento y deseas actuar con nosotros env\u00edanos tu solicitud haciendo clic aqu\u00ed.\" \/>\n<meta property=\"og:url\" content=\"https:\/\/cardamomo.com\/pt\/empleo\/\" \/>\n<meta property=\"og:site_name\" content=\"Cardamomo Flamenco Madrid\" \/>\n<meta property=\"article:modified_time\" content=\"2024-12-25T14:51:57+00:00\" \/>\n<meta name=\"twitter:card\" content=\"summary_large_image\" \/>\n<meta name=\"twitter:label1\" content=\"Tempo estimado de leitura\" \/>\n\t<meta name=\"twitter:data1\" content=\"1 minuto\" \/>\n<script type=\"application\/ld+json\" class=\"yoast-schema-graph\">{\"@context\":\"https:\\\/\\\/schema.org\",\"@graph\":[{\"@type\":\"WebPage\",\"@id\":\"https:\\\/\\\/cardamomo.com\\\/pt\\\/empleo\\\/\",\"url\":\"https:\\\/\\\/cardamomo.com\\\/pt\\\/empleo\\\/\",\"name\":\"Empleo - Cardamomo Flamenco Madrid\",\"isPartOf\":{\"@id\":\"https:\\\/\\\/cardamomo.com\\\/pt\\\/#website\"},\"datePublished\":\"2018-01-24T06:37:05+00:00\",\"dateModified\":\"2024-12-25T14:51:57+00:00\",\"breadcrumb\":{\"@id\":\"https:\\\/\\\/cardamomo.com\\\/pt\\\/empleo\\\/#breadcrumb\"},\"inLanguage\":\"pt-PT\",\"potentialAction\":[{\"@type\":\"ReadAction\",\"target\":[[\"https:\\\/\\\/cardamomo.com\\\/pt\\\/empleo\\\/\"]]}]},{\"@type\":\"BreadcrumbList\",\"@id\":\"https:\\\/\\\/cardamomo.com\\\/pt\\\/empleo\\\/#breadcrumb\",\"itemListElement\":[{\"@type\":\"ListItem\",\"position\":1,\"name\":\"Cardamomo\",\"item\":\"https:\\\/\\\/cardamomo.com\\\/pt\\\/\"},{\"@type\":\"ListItem\",\"position\":2,\"name\":\"Empleo\"}]},{\"@type\":\"WebSite\",\"@id\":\"https:\\\/\\\/cardamomo.com\\\/pt\\\/#website\",\"url\":\"https:\\\/\\\/cardamomo.com\\\/pt\\\/\",\"name\":\"Cardamomo Flamenco Madrid\",\"description\":\"\",\"potentialAction\":[{\"@type\":\"SearchAction\",\"target\":{\"@type\":\"EntryPoint\",\"urlTemplate\":\"https:\\\/\\\/cardamomo.com\\\/pt\\\/?s={search_term_string}\"},\"query-input\":{\"@type\":\"PropertyValueSpecification\",\"valueRequired\":true,\"valueName\":\"search_term_string\"}}],\"inLanguage\":\"pt-PT\"}]}<\/script>\n<!-- \/ Yoast SEO plugin. -->","yoast_head_json":{"title":"Empleo - Cardamomo Flamenco Madrid","robots":{"index":"noindex","follow":"follow"},"og_locale":"pt_PT","og_type":"article","og_title":"Empleo - Cardamomo Flamenco Madrid","og_description":"Si deseas trabajar con nosotros en cualquiera de nuestros departamentos puedes enviar tu solicitud haciendo clic\u00a0aqu\u00ed. Si eres artista con talento y deseas actuar con nosotros env\u00edanos tu solicitud haciendo clic aqu\u00ed.","og_url":"https:\/\/cardamomo.com\/pt\/empleo\/","og_site_name":"Cardamomo Flamenco Madrid","article_modified_time":"2024-12-25T14:51:57+00:00","twitter_card":"summary_large_image","twitter_misc":{"Tempo estimado de leitura":"1 minuto"},"schema":{"@context":"https:\/\/schema.org","@graph":[{"@type":"WebPage","@id":"https:\/\/cardamomo.com\/pt\/empleo\/","url":"https:\/\/cardamomo.com\/pt\/empleo\/","name":"Empleo - Cardamomo Flamenco Madrid","isPartOf":{"@id":"https:\/\/cardamomo.com\/pt\/#website"},"datePublished":"2018-01-24T06:37:05+00:00","dateModified":"2024-12-25T14:51:57+00:00","breadcrumb":{"@id":"https:\/\/cardamomo.com\/pt\/empleo\/#breadcrumb"},"inLanguage":"pt-PT","potentialAction":[{"@type":"ReadAction","target":[["https:\/\/cardamomo.com\/pt\/empleo\/"]]}]},{"@type":"BreadcrumbList","@id":"https:\/\/cardamomo.com\/pt\/empleo\/#breadcrumb","itemListElement":[{"@type":"ListItem","position":1,"name":"Cardamomo","item":"https:\/\/cardamomo.com\/pt\/"},{"@type":"ListItem","position":2,"name":"Empleo"}]},{"@type":"WebSite","@id":"https:\/\/cardamomo.com\/pt\/#website","url":"https:\/\/cardamomo.com\/pt\/","name":"Cardamomo Flamenco Madrid","description":"","potentialAction":[{"@type":"SearchAction","target":{"@type":"EntryPoint","urlTemplate":"https:\/\/cardamomo.com\/pt\/?s={search_term_string}"},"query-input":{"@type":"PropertyValueSpecification","valueRequired":true,"valueName":"search_term_string"}}],"inLanguage":"pt-PT"}]}},"_links":{"self":[{"href":"https:\/\/cardamomo.com\/pt\/wp-json\/wp\/v2\/pages\/41155","targetHints":{"allow":["GET"]}}],"collection":[{"href":"https:\/\/cardamomo.com\/pt\/wp-json\/wp\/v2\/pages"}],"about":[{"href":"https:\/\/cardamomo.com\/pt\/wp-json\/wp\/v2\/types\/page"}],"author":[{"embeddable":true,"href":"https:\/\/cardamomo.com\/pt\/wp-json\/wp\/v2\/users\/1"}],"replies":[{"embeddable":true,"href":"https:\/\/cardamomo.com\/pt\/wp-json\/wp\/v2\/comments?post=41155"}],"version-history":[{"count":0,"href":"https:\/\/cardamomo.com\/pt\/wp-json\/wp\/v2\/pages\/41155\/revisions"}],"wp:attachment":[{"href":"https:\/\/cardamomo.com\/pt\/wp-json\/wp\/v2\/media?parent=41155"}],"curies":[{"name":"wp","href":"https:\/\/api.w.org\/{rel}","templated":true}]}}