{"id":374,"date":"2024-12-02T11:22:10","date_gmt":"2024-12-02T11:22:10","guid":{"rendered":"http:\/\/fullcircle.es\/javato-hanzo\/?page_id=2"},"modified":"2026-01-16T11:01:14","modified_gmt":"2026-01-16T10:01:14","slug":"flamenco-madrid","status":"publish","type":"page","link":"https:\/\/cardamomo.com\/pt\/","title":{"rendered":"Cardamomo Flamenco Madrid"},"content":{"rendered":"<p><\/p>\n<h2>Flamenco puro<\/h2>\n<p><em>O Cardamomo oferece a experi\u00eancia de flamenco mais exclusiva da cidade.<\/em><\/p>\n<p>Viva a energia do flamenco como nunca antes \u2014 t\u00e3o perto que voc\u00ea far\u00e1 parte do espet\u00e1culo.<\/p>","protected":false},"excerpt":{"rendered":"Flamenco puro O Cardamomo oferece a experi\u00eancia de flamenco mais exclusiva da cidade. Viva a energia do flamenco como nunca antes \u2014 t\u00e3o perto que voc\u00ea far\u00e1 parte do espet\u00e1culo.","protected":false},"author":1,"featured_media":156487,"parent":0,"menu_order":0,"comment_status":"closed","ping_status":"closed","template":"templates\/01-home.php","meta":{"_acf_changed":false,"inline_featured_image":false,"footnotes":""},"class_list":["post-374","page","type-page","status-publish","has-post-thumbnail","hentry"],"acf":{"display":"slider","hero_intro":"","hero_heading":false,"generic_slider":[{"type":"video","video":156798,"video_b":"","image":156796,"content":"FLAMENCO PURO. O espet\u00e1culo de flamenco mais exclusivo de Madrid.","add_button":true,"button_style":"outlined","button_markup":"default","button_link":155463,"button_text":"O Tablao"},{"type":"image","video":null,"video_b":null,"image":156803,"content":"4 shows di\u00e1rios com programa\u00e7\u00e3o semanal","add_button":true,"button_style":"outlined","button_markup":"default","button_link":78,"button_text":"Ver todos"},{"type":"image","video":null,"video_b":null,"image":156807,"content":"Desde 1994. Ponto de encontro dos grandes nomes do flamenco","add_button":true,"button_style":"outlined","button_markup":"default","button_link":84,"button_text":"Localiza\u00e7\u00e3o"},{"type":"image","video":null,"video_b":null,"image":156810,"content":"O tablao mais exclusivo. Menos p\u00fablico e maior proximidade com o artista","add_button":true,"button_style":"outlined","button_markup":"default","button_link":158081,"button_text":"Reservar"}]},"yoast_head":"<!-- This site is optimized with the Yoast SEO plugin v27.3 - https:\/\/yoast.com\/product\/yoast-seo-wordpress\/ -->\n<title>Flamenco em Madrid \u2013 Tradi\u00e7\u00e3o e emo\u00e7\u00e3o ao vivo | Cardamomo<\/title>\n<meta name=\"description\" content=\"Cardamomo, um dos espa\u00e7os de flamenco mais emblem\u00e1ticos de Madrid. Um ponto de encontro para artistas, cultura e tradi\u00e7\u00e3o.\" \/>\n<meta name=\"robots\" content=\"index, follow, max-snippet:-1, max-image-preview:large, max-video-preview:-1\" \/>\n<link rel=\"canonical\" href=\"\/\" \/>\n<meta property=\"og:locale\" content=\"pt_PT\" \/>\n<meta property=\"og:type\" content=\"article\" \/>\n<meta property=\"og:title\" content=\"Flamenco em Madrid \u2013 Tradi\u00e7\u00e3o e emo\u00e7\u00e3o ao vivo | Cardamomo\" \/>\n<meta property=\"og:description\" content=\"Cardamomo, um dos espa\u00e7os de flamenco mais emblem\u00e1ticos de Madrid. Um ponto de encontro para artistas, cultura e tradi\u00e7\u00e3o.\" \/>\n<meta property=\"og:url\" content=\"https:\/\/cardamomo.com\/pt\/\" \/>\n<meta property=\"og:site_name\" content=\"Cardamomo Flamenco Madrid\" \/>\n<meta property=\"article:modified_time\" content=\"2026-01-16T10:01:14+00:00\" \/>\n<meta property=\"og:image\" content=\"https:\/\/cardamomo.ams3.digitaloceanspaces.com\/wp-content\/uploads\/2025\/01\/08155812\/el-show-de-flamenco-mas-exclusivo.jpg\" \/>\n\t<meta property=\"og:image:width\" content=\"1920\" \/>\n\t<meta property=\"og:image:height\" content=\"1080\" \/>\n\t<meta property=\"og:image:type\" content=\"image\/jpeg\" \/>\n<meta name=\"twitter:card\" content=\"summary_large_image\" \/>\n<meta name=\"twitter:label1\" content=\"Tempo estimado de leitura\" \/>\n\t<meta name=\"twitter:data1\" content=\"1 minuto\" \/>\n<script type=\"application\/ld+json\" class=\"yoast-schema-graph\">{\"@context\":\"https:\\\/\\\/schema.org\",\"@graph\":[{\"@type\":\"WebPage\",\"@id\":\"https:\\\/\\\/cardamomo.com\\\/pt\\\/\",\"url\":\"https:\\\/\\\/cardamomo.com\\\/pt\\\/\",\"name\":\"Flamenco em Madrid \u2013 Tradi\u00e7\u00e3o e emo\u00e7\u00e3o ao vivo | Cardamomo\",\"isPartOf\":{\"@id\":\"https:\\\/\\\/cardamomo.com\\\/pt\\\/#website\"},\"primaryImageOfPage\":{\"@id\":\"https:\\\/\\\/cardamomo.com\\\/pt\\\/#primaryimage\"},\"image\":{\"@id\":\"https:\\\/\\\/cardamomo.com\\\/es\\\/#primaryimage\"},\"thumbnailUrl\":\"https:\\\/\\\/cardamomo.ams3.digitaloceanspaces.com\\\/wp-content\\\/uploads\\\/2025\\\/01\\\/08155812\\\/el-show-de-flamenco-mas-exclusivo.jpg\",\"datePublished\":\"2024-12-02T11:22:10+00:00\",\"dateModified\":\"2026-01-16T10:01:14+00:00\",\"description\":\"Cardamomo, um dos espa\u00e7os de flamenco mais emblem\u00e1ticos de Madrid. Um ponto de encontro para artistas, cultura e tradi\u00e7\u00e3o.\",\"breadcrumb\":{\"@id\":\"https:\\\/\\\/cardamomo.com\\\/pt\\\/#breadcrumb\"},\"inLanguage\":\"pt-PT\",\"potentialAction\":[{\"@type\":\"ReadAction\",\"target\":[[\"https:\\\/\\\/cardamomo.com\\\/pt\\\/\"]]}]},{\"@type\":\"ImageObject\",\"inLanguage\":\"pt-PT\",\"@id\":\"https:\\\/\\\/cardamomo.com\\\/pt\\\/#primaryimage\",\"url\":\"https:\\\/\\\/cardamomo.ams3.digitaloceanspaces.com\\\/wp-content\\\/uploads\\\/2025\\\/01\\\/08155812\\\/el-show-de-flamenco-mas-exclusivo.jpg\",\"contentUrl\":\"https:\\\/\\\/cardamomo.ams3.digitaloceanspaces.com\\\/wp-content\\\/uploads\\\/2025\\\/01\\\/08155812\\\/el-show-de-flamenco-mas-exclusivo.jpg\",\"width\":1920,\"height\":1080},{\"@type\":\"BreadcrumbList\",\"@id\":\"https:\\\/\\\/cardamomo.com\\\/pt\\\/#breadcrumb\",\"itemListElement\":[{\"@type\":\"ListItem\",\"position\":1,\"name\":\"Cardamomo\",\"item\":\"https:\\\/\\\/cardamomo.com\\\/pt\\\/\"},{\"@type\":\"ListItem\",\"position\":2,\"name\":\"Cardamomo Flamenco Madrid\"}]},{\"@type\":\"WebSite\",\"@id\":\"https:\\\/\\\/cardamomo.com\\\/pt\\\/#website\",\"url\":\"https:\\\/\\\/cardamomo.com\\\/pt\\\/\",\"name\":\"Cardamomo Flamenco Madrid\",\"description\":\"\",\"potentialAction\":[{\"@type\":\"SearchAction\",\"target\":{\"@type\":\"EntryPoint\",\"urlTemplate\":\"https:\\\/\\\/cardamomo.com\\\/pt\\\/?s={search_term_string}\"},\"query-input\":{\"@type\":\"PropertyValueSpecification\",\"valueRequired\":true,\"valueName\":\"search_term_string\"}}],\"inLanguage\":\"pt-PT\"}]}<\/script>\n<!-- \/ Yoast SEO plugin. -->","yoast_head_json":{"title":"Flamenco em Madrid \u2013 Tradi\u00e7\u00e3o e emo\u00e7\u00e3o ao vivo | Cardamomo","description":"Cardamomo, um dos espa\u00e7os de flamenco mais emblem\u00e1ticos de Madrid. Um ponto de encontro para artistas, cultura e tradi\u00e7\u00e3o.","robots":{"index":"index","follow":"follow","max-snippet":"max-snippet:-1","max-image-preview":"max-image-preview:large","max-video-preview":"max-video-preview:-1"},"canonical":"\/","og_locale":"pt_PT","og_type":"article","og_title":"Flamenco em Madrid \u2013 Tradi\u00e7\u00e3o e emo\u00e7\u00e3o ao vivo | Cardamomo","og_description":"Cardamomo, um dos espa\u00e7os de flamenco mais emblem\u00e1ticos de Madrid. Um ponto de encontro para artistas, cultura e tradi\u00e7\u00e3o.","og_url":"https:\/\/cardamomo.com\/pt\/","og_site_name":"Cardamomo Flamenco Madrid","article_modified_time":"2026-01-16T10:01:14+00:00","og_image":[{"width":1920,"height":1080,"url":"https:\/\/cardamomo.ams3.digitaloceanspaces.com\/wp-content\/uploads\/2025\/01\/08155812\/el-show-de-flamenco-mas-exclusivo.jpg","type":"image\/jpeg"}],"twitter_card":"summary_large_image","twitter_misc":{"Tempo estimado de leitura":"1 minuto"},"schema":{"@context":"https:\/\/schema.org","@graph":[{"@type":"WebPage","@id":"https:\/\/cardamomo.com\/pt\/","url":"https:\/\/cardamomo.com\/pt\/","name":"Flamenco em Madrid \u2013 Tradi\u00e7\u00e3o e emo\u00e7\u00e3o ao vivo | Cardamomo","isPartOf":{"@id":"https:\/\/cardamomo.com\/pt\/#website"},"primaryImageOfPage":{"@id":"https:\/\/cardamomo.com\/pt\/#primaryimage"},"image":{"@id":"https:\/\/cardamomo.com\/es\/#primaryimage"},"thumbnailUrl":"https:\/\/cardamomo.ams3.digitaloceanspaces.com\/wp-content\/uploads\/2025\/01\/08155812\/el-show-de-flamenco-mas-exclusivo.jpg","datePublished":"2024-12-02T11:22:10+00:00","dateModified":"2026-01-16T10:01:14+00:00","description":"Cardamomo, um dos espa\u00e7os de flamenco mais emblem\u00e1ticos de Madrid. Um ponto de encontro para artistas, cultura e tradi\u00e7\u00e3o.","breadcrumb":{"@id":"https:\/\/cardamomo.com\/pt\/#breadcrumb"},"inLanguage":"pt-PT","potentialAction":[{"@type":"ReadAction","target":[["https:\/\/cardamomo.com\/pt\/"]]}]},{"@type":"ImageObject","inLanguage":"pt-PT","@id":"https:\/\/cardamomo.com\/pt\/#primaryimage","url":"https:\/\/cardamomo.ams3.digitaloceanspaces.com\/wp-content\/uploads\/2025\/01\/08155812\/el-show-de-flamenco-mas-exclusivo.jpg","contentUrl":"https:\/\/cardamomo.ams3.digitaloceanspaces.com\/wp-content\/uploads\/2025\/01\/08155812\/el-show-de-flamenco-mas-exclusivo.jpg","width":1920,"height":1080},{"@type":"BreadcrumbList","@id":"https:\/\/cardamomo.com\/pt\/#breadcrumb","itemListElement":[{"@type":"ListItem","position":1,"name":"Cardamomo","item":"https:\/\/cardamomo.com\/pt\/"},{"@type":"ListItem","position":2,"name":"Cardamomo Flamenco Madrid"}]},{"@type":"WebSite","@id":"https:\/\/cardamomo.com\/pt\/#website","url":"https:\/\/cardamomo.com\/pt\/","name":"Cardamomo Flamenco Madrid","description":"","potentialAction":[{"@type":"SearchAction","target":{"@type":"EntryPoint","urlTemplate":"https:\/\/cardamomo.com\/pt\/?s={search_term_string}"},"query-input":{"@type":"PropertyValueSpecification","valueRequired":true,"valueName":"search_term_string"}}],"inLanguage":"pt-PT"}]}},"_links":{"self":[{"href":"https:\/\/cardamomo.com\/pt\/wp-json\/wp\/v2\/pages\/374","targetHints":{"allow":["GET"]}}],"collection":[{"href":"https:\/\/cardamomo.com\/pt\/wp-json\/wp\/v2\/pages"}],"about":[{"href":"https:\/\/cardamomo.com\/pt\/wp-json\/wp\/v2\/types\/page"}],"author":[{"embeddable":true,"href":"https:\/\/cardamomo.com\/pt\/wp-json\/wp\/v2\/users\/1"}],"replies":[{"embeddable":true,"href":"https:\/\/cardamomo.com\/pt\/wp-json\/wp\/v2\/comments?post=374"}],"version-history":[{"count":81,"href":"https:\/\/cardamomo.com\/pt\/wp-json\/wp\/v2\/pages\/374\/revisions"}],"predecessor-version":[{"id":158458,"href":"https:\/\/cardamomo.com\/pt\/wp-json\/wp\/v2\/pages\/374\/revisions\/158458"}],"wp:featuredmedia":[{"embeddable":true,"href":"https:\/\/cardamomo.com\/pt\/wp-json\/wp\/v2\/media\/156487"}],"wp:attachment":[{"href":"https:\/\/cardamomo.com\/pt\/wp-json\/wp\/v2\/media?parent=374"}],"curies":[{"name":"wp","href":"https:\/\/api.w.org\/{rel}","templated":true}]}}