{"id":22400,"date":"2016-09-16T18:57:45","date_gmt":"2016-09-16T16:57:45","guid":{"rendered":"https:\/\/cardamomo.com\/es\/?page_id=22400"},"modified":"2024-12-17T12:18:12","modified_gmt":"2024-12-17T12:18:12","slug":"flamenco-descuento-flamenco-discount-2","status":"publish","type":"page","link":"https:\/\/cardamomo.com\/pt\/flamenco-descuento-flamenco-discount\/","title":{"rendered":"Flamenco Descuento (Flamenco Discount)"},"content":{"rendered":"<p class=\"qtranxs-available-languages-message qtranxs-available-languages-message-pt\">Desculpe, este conte\u00fado s\u00f3 est\u00e1 dispon\u00edvel em <a href=\"https:\/\/cardamomo.com\/es\/wp-json\/wp\/v2\/pages\/22400\" class=\"qtranxs-available-language-link qtranxs-available-language-link-es\" title=\"Espa\u00f1ol\">Espa\u00f1ol<\/a> e <a href=\"https:\/\/cardamomo.com\/en\/wp-json\/wp\/v2\/pages\/22400\" class=\"qtranxs-available-language-link qtranxs-available-language-link-en\" title=\"English\">English<\/a>.<\/p><p><\/p>\n<h4>(Promoci\u00f3n no disponible actualmente)<\/h4>\n<h2 style=\"text-align: center\"><del>Ahora con tu cup\u00f3n City Tour:<\/del><\/h2>\n<p style=\"text-align: center\"><del><strong>10% de descuento de lunes a jueves.<\/strong><\/del><\/p>\n<p style=\"text-align: center\"><del><strong>Dos bebidas incluidas en de viernes a domingo.<\/strong><\/del><\/p>\n<p style=\"text-align: center\"><del>Siente el Flamenco puro en un aut\u00e9ntico Tablao.<\/del><\/p>\n<p style=\"text-align: center\"><del>Cardamomo es Flamenco.<\/del><\/p>\n<p style=\"text-align: center\"><del>Cardamomo es sentimiento.<\/del><\/p>\n<p><a href=\"https:\/\/cardamomo.com\/es\/comprar-entradas-flamenco\/\">Reserva tu entrada y elige donde sentarte.<\/a><\/p>\n<p>&nbsp;<\/p>","protected":false},"excerpt":{"rendered":"Desculpe, este conte\u00fado s\u00f3 est\u00e1 dispon\u00edvel em Espa\u00f1ol e English. (Promoci\u00f3n no disponible actualmente) Ahora con tu cup\u00f3n City Tour: 10% de descuento de lunes a jueves. Dos bebidas incluidas en de viernes a domingo. Siente el Flamenco puro en un aut\u00e9ntico Tablao. Cardamomo es Flamenco. Cardamomo es sentimiento. Reserva tu entrada y elige donde&#8230;","protected":false},"author":1,"featured_media":53887,"parent":0,"menu_order":30,"comment_status":"closed","ping_status":"closed","template":"","meta":{"_acf_changed":false,"inline_featured_image":false,"footnotes":""},"class_list":["post-22400","page","type-page","status-publish","has-post-thumbnail","hentry"],"acf":{"display":"","hero_intro":"","hero_heading":false,"generic_slider":null},"yoast_head":"<!-- This site is optimized with the Yoast SEO plugin v27.1.1 - https:\/\/yoast.com\/product\/yoast-seo-wordpress\/ -->\n<title>Flamenco Descuento (Flamenco Discount) - Cardamomo Flamenco Madrid<\/title>\n<meta name=\"robots\" content=\"index, follow, max-snippet:-1, max-image-preview:large, max-video-preview:-1\" \/>\n<link rel=\"canonical\" href=\"\/\" \/>\n<meta property=\"og:locale\" content=\"pt_PT\" \/>\n<meta property=\"og:type\" content=\"article\" \/>\n<meta property=\"og:title\" content=\"Flamenco Descuento (Flamenco Discount) - Cardamomo Flamenco Madrid\" \/>\n<meta property=\"og:description\" content=\"Desculpe, este conte\u00fado s\u00f3 est\u00e1 dispon\u00edvel em Espa\u00f1ol e English. (Promoci\u00f3n no disponible actualmente) Ahora con tu cup\u00f3n City Tour: 10% de descuento de lunes a jueves. Dos bebidas incluidas en de viernes a domingo. Siente el Flamenco puro en un aut\u00e9ntico Tablao. Cardamomo es Flamenco. Cardamomo es sentimiento. Reserva tu entrada y elige donde...\" \/>\n<meta property=\"og:url\" content=\"https:\/\/cardamomo.com\/pt\/flamenco-descuento-flamenco-discount\/\" \/>\n<meta property=\"og:site_name\" content=\"Cardamomo Flamenco Madrid\" \/>\n<meta property=\"article:modified_time\" content=\"2024-12-17T12:18:12+00:00\" \/>\n<meta name=\"twitter:card\" content=\"summary_large_image\" \/>\n<meta name=\"twitter:label1\" content=\"Tempo estimado de leitura\" \/>\n\t<meta name=\"twitter:data1\" content=\"1 minuto\" \/>\n<script type=\"application\/ld+json\" class=\"yoast-schema-graph\">{\"@context\":\"https:\/\/schema.org\",\"@graph\":[{\"@type\":\"WebPage\",\"@id\":\"https:\/\/cardamomo.com\/pt\/flamenco-descuento-flamenco-discount\/\",\"url\":\"https:\/\/cardamomo.com\/pt\/flamenco-descuento-flamenco-discount\/\",\"name\":\"Flamenco Descuento (Flamenco Discount) - Cardamomo Flamenco Madrid\",\"isPartOf\":{\"@id\":\"https:\/\/cardamomo.com\/pt\/#website\"},\"primaryImageOfPage\":{\"@id\":\"https:\/\/cardamomo.com\/pt\/flamenco-descuento-flamenco-discount\/#primaryimage\"},\"image\":{\"@id\":\"https:\/\/cardamomo.com\/es\/flamenco-descuento-flamenco-discount\/#primaryimage\"},\"thumbnailUrl\":\"\",\"datePublished\":\"2016-09-16T16:57:45+00:00\",\"dateModified\":\"2024-12-17T12:18:12+00:00\",\"breadcrumb\":{\"@id\":\"https:\/\/cardamomo.com\/pt\/flamenco-descuento-flamenco-discount\/#breadcrumb\"},\"inLanguage\":\"pt-PT\",\"potentialAction\":[{\"@type\":\"ReadAction\",\"target\":[[\"https:\/\/cardamomo.com\/pt\/flamenco-descuento-flamenco-discount\/\"]]}]},{\"@type\":\"ImageObject\",\"inLanguage\":\"pt-PT\",\"@id\":\"https:\/\/cardamomo.com\/pt\/flamenco-descuento-flamenco-discount\/#primaryimage\",\"url\":\"\",\"contentUrl\":\"\"},{\"@type\":\"BreadcrumbList\",\"@id\":\"https:\/\/cardamomo.com\/pt\/flamenco-descuento-flamenco-discount\/#breadcrumb\",\"itemListElement\":[{\"@type\":\"ListItem\",\"position\":1,\"name\":\"Cardamomo\",\"item\":\"https:\/\/cardamomo.com\/pt\/\"},{\"@type\":\"ListItem\",\"position\":2,\"name\":\"Flamenco Descuento (Flamenco Discount)\"}]},{\"@type\":\"WebSite\",\"@id\":\"https:\/\/cardamomo.com\/pt\/#website\",\"url\":\"https:\/\/cardamomo.com\/pt\/\",\"name\":\"Cardamomo Flamenco Madrid\",\"description\":\"\",\"potentialAction\":[{\"@type\":\"SearchAction\",\"target\":{\"@type\":\"EntryPoint\",\"urlTemplate\":\"https:\/\/cardamomo.com\/pt\/?s={search_term_string}\"},\"query-input\":{\"@type\":\"PropertyValueSpecification\",\"valueRequired\":true,\"valueName\":\"search_term_string\"}}],\"inLanguage\":\"pt-PT\"}]}<\/script>\n<!-- \/ Yoast SEO plugin. -->","yoast_head_json":{"title":"Flamenco Descuento (Flamenco Discount) - Cardamomo Flamenco Madrid","robots":{"index":"index","follow":"follow","max-snippet":"max-snippet:-1","max-image-preview":"max-image-preview:large","max-video-preview":"max-video-preview:-1"},"canonical":"\/","og_locale":"pt_PT","og_type":"article","og_title":"Flamenco Descuento (Flamenco Discount) - Cardamomo Flamenco Madrid","og_description":"Desculpe, este conte\u00fado s\u00f3 est\u00e1 dispon\u00edvel em Espa\u00f1ol e English. (Promoci\u00f3n no disponible actualmente) Ahora con tu cup\u00f3n City Tour: 10% de descuento de lunes a jueves. Dos bebidas incluidas en de viernes a domingo. Siente el Flamenco puro en un aut\u00e9ntico Tablao. Cardamomo es Flamenco. Cardamomo es sentimiento. Reserva tu entrada y elige donde...","og_url":"https:\/\/cardamomo.com\/pt\/flamenco-descuento-flamenco-discount\/","og_site_name":"Cardamomo Flamenco Madrid","article_modified_time":"2024-12-17T12:18:12+00:00","twitter_card":"summary_large_image","twitter_misc":{"Tempo estimado de leitura":"1 minuto"},"schema":{"@context":"https:\/\/schema.org","@graph":[{"@type":"WebPage","@id":"https:\/\/cardamomo.com\/pt\/flamenco-descuento-flamenco-discount\/","url":"https:\/\/cardamomo.com\/pt\/flamenco-descuento-flamenco-discount\/","name":"Flamenco Descuento (Flamenco Discount) - Cardamomo Flamenco Madrid","isPartOf":{"@id":"https:\/\/cardamomo.com\/pt\/#website"},"primaryImageOfPage":{"@id":"https:\/\/cardamomo.com\/pt\/flamenco-descuento-flamenco-discount\/#primaryimage"},"image":{"@id":"https:\/\/cardamomo.com\/es\/flamenco-descuento-flamenco-discount\/#primaryimage"},"thumbnailUrl":"","datePublished":"2016-09-16T16:57:45+00:00","dateModified":"2024-12-17T12:18:12+00:00","breadcrumb":{"@id":"https:\/\/cardamomo.com\/pt\/flamenco-descuento-flamenco-discount\/#breadcrumb"},"inLanguage":"pt-PT","potentialAction":[{"@type":"ReadAction","target":[["https:\/\/cardamomo.com\/pt\/flamenco-descuento-flamenco-discount\/"]]}]},{"@type":"ImageObject","inLanguage":"pt-PT","@id":"https:\/\/cardamomo.com\/pt\/flamenco-descuento-flamenco-discount\/#primaryimage","url":"","contentUrl":""},{"@type":"BreadcrumbList","@id":"https:\/\/cardamomo.com\/pt\/flamenco-descuento-flamenco-discount\/#breadcrumb","itemListElement":[{"@type":"ListItem","position":1,"name":"Cardamomo","item":"https:\/\/cardamomo.com\/pt\/"},{"@type":"ListItem","position":2,"name":"Flamenco Descuento (Flamenco Discount)"}]},{"@type":"WebSite","@id":"https:\/\/cardamomo.com\/pt\/#website","url":"https:\/\/cardamomo.com\/pt\/","name":"Cardamomo Flamenco Madrid","description":"","potentialAction":[{"@type":"SearchAction","target":{"@type":"EntryPoint","urlTemplate":"https:\/\/cardamomo.com\/pt\/?s={search_term_string}"},"query-input":{"@type":"PropertyValueSpecification","valueRequired":true,"valueName":"search_term_string"}}],"inLanguage":"pt-PT"}]}},"_links":{"self":[{"href":"https:\/\/cardamomo.com\/pt\/wp-json\/wp\/v2\/pages\/22400","targetHints":{"allow":["GET"]}}],"collection":[{"href":"https:\/\/cardamomo.com\/pt\/wp-json\/wp\/v2\/pages"}],"about":[{"href":"https:\/\/cardamomo.com\/pt\/wp-json\/wp\/v2\/types\/page"}],"author":[{"embeddable":true,"href":"https:\/\/cardamomo.com\/pt\/wp-json\/wp\/v2\/users\/1"}],"replies":[{"embeddable":true,"href":"https:\/\/cardamomo.com\/pt\/wp-json\/wp\/v2\/comments?post=22400"}],"version-history":[{"count":0,"href":"https:\/\/cardamomo.com\/pt\/wp-json\/wp\/v2\/pages\/22400\/revisions"}],"wp:featuredmedia":[{"embeddable":true,"href":"https:\/\/cardamomo.com\/pt\/wp-json\/"}],"wp:attachment":[{"href":"https:\/\/cardamomo.com\/pt\/wp-json\/wp\/v2\/media?parent=22400"}],"curies":[{"name":"wp","href":"https:\/\/api.w.org\/{rel}","templated":true}]}}