{"id":158496,"date":"2026-01-27T13:15:31","date_gmt":"2026-01-27T12:15:31","guid":{"rendered":"https:\/\/cardamomo.com\/es\/?page_id=158496"},"modified":"2026-01-29T14:55:44","modified_gmt":"2026-01-29T13:55:44","slug":"bailaores-flamencos","status":"publish","type":"page","link":"https:\/\/cardamomo.com\/pt\/artistas\/bailarinos-de-flamenco\/","title":{"rendered":"Bailarinos de flamenco"},"content":{"rendered":"<p class=\"qtranxs-available-languages-message qtranxs-available-languages-message-pt\">Desculpe, este conte\u00fado s\u00f3 est\u00e1 dispon\u00edvel em <a href=\"https:\/\/cardamomo.com\/es\/wp-json\/wp\/v2\/pages\/158496\" class=\"qtranxs-available-language-link qtranxs-available-language-link-es\" title=\"Espa\u00f1ol\">Espa\u00f1ol<\/a>.<\/p><p>Lorem ipsum dolor sit amet, consectetur adipiscing elit. Aenean ut tempus nisl, sit amet rutrum ante. Mauris nisl erat, eleifend sed leo a, dictum tincidunt diam. Praesent in velit aliquam urna molestie lacinia. In in ligula eget dui convallis eleifend. Duis et arcu quis dui euismod ullamcorper a quis lectus. Fusce ac neque sagittis, ultricies justo eget, blandit felis.<\/p>","protected":false},"excerpt":{"rendered":"Desculpe, este conte\u00fado s\u00f3 est\u00e1 dispon\u00edvel em Espa\u00f1ol.Lorem ipsum dolor sit amet, consectetur adipiscing elit. Aenean ut tempus nisl, sit amet rutrum ante. Mauris nisl erat, eleifend sed leo a, dictum tincidunt diam. Praesent in velit aliquam urna molestie lacinia. In in ligula eget dui convallis eleifend. Duis et arcu quis dui euismod ullamcorper a&#8230;","protected":false},"author":1,"featured_media":158523,"parent":80,"menu_order":0,"comment_status":"closed","ping_status":"closed","template":"templates\/03-artists-category.php","meta":{"_acf_changed":false,"inline_featured_image":false,"footnotes":""},"class_list":["post-158496","page","type-page","status-publish","has-post-thumbnail","hentry"],"acf":{"display":"reduced","hero_intro":"A dan\u00e7a flamenca ao vivo","hero_heading":"h2","generic_slider":null},"yoast_head":"<!-- This site is optimized with the Yoast SEO plugin v27.4 - https:\/\/yoast.com\/product\/yoast-seo-wordpress\/ -->\n<title>Bailarinos de flamenco - Cardamomo Flamenco Madrid<\/title>\n<meta name=\"robots\" content=\"noindex, follow\" \/>\n<meta property=\"og:locale\" content=\"pt_PT\" \/>\n<meta property=\"og:type\" content=\"article\" \/>\n<meta property=\"og:title\" content=\"Bailarinos de flamenco - Cardamomo Flamenco Madrid\" \/>\n<meta property=\"og:description\" content=\"Desculpe, este conte\u00fado s\u00f3 est\u00e1 dispon\u00edvel em Espa\u00f1ol.Lorem ipsum dolor sit amet, consectetur adipiscing elit. Aenean ut tempus nisl, sit amet rutrum ante. Mauris nisl erat, eleifend sed leo a, dictum tincidunt diam. Praesent in velit aliquam urna molestie lacinia. In in ligula eget dui convallis eleifend. Duis et arcu quis dui euismod ullamcorper a...\" \/>\n<meta property=\"og:url\" content=\"https:\/\/cardamomo.com\/pt\/artistas\/bailaores-flamencos\/\" \/>\n<meta property=\"og:site_name\" content=\"Cardamomo Flamenco Madrid\" \/>\n<meta property=\"article:modified_time\" content=\"2026-01-29T13:55:44+00:00\" \/>\n<meta property=\"og:image\" content=\"https:\/\/cardamomo.ams3.digitaloceanspaces.com\/wp-content\/uploads\/2026\/01\/29122250\/bailaores-flamencos.jpg\" \/>\n\t<meta property=\"og:image:width\" content=\"900\" \/>\n\t<meta property=\"og:image:height\" content=\"600\" \/>\n\t<meta property=\"og:image:type\" content=\"image\/jpeg\" \/>\n<meta name=\"twitter:card\" content=\"summary_large_image\" \/>\n<meta name=\"twitter:label1\" content=\"Tempo estimado de leitura\" \/>\n\t<meta name=\"twitter:data1\" content=\"1 minuto\" \/>\n<script type=\"application\/ld+json\" class=\"yoast-schema-graph\">{\"@context\":\"https:\\\/\\\/schema.org\",\"@graph\":[{\"@type\":\"WebPage\",\"@id\":\"https:\\\/\\\/cardamomo.com\\\/pt\\\/artistas\\\/bailaores-flamencos\\\/\",\"url\":\"https:\\\/\\\/cardamomo.com\\\/pt\\\/artistas\\\/bailaores-flamencos\\\/\",\"name\":\"Bailarinos de flamenco - Cardamomo Flamenco Madrid\",\"isPartOf\":{\"@id\":\"https:\\\/\\\/cardamomo.com\\\/pt\\\/#website\"},\"primaryImageOfPage\":{\"@id\":\"https:\\\/\\\/cardamomo.com\\\/pt\\\/artistas\\\/bailaores-flamencos\\\/#primaryimage\"},\"image\":{\"@id\":\"https:\\\/\\\/cardamomo.com\\\/es\\\/artistas\\\/bailaores-flamencos\\\/#primaryimage\"},\"thumbnailUrl\":\"https:\\\/\\\/cardamomo.ams3.digitaloceanspaces.com\\\/wp-content\\\/uploads\\\/2026\\\/01\\\/29122250\\\/bailaores-flamencos.jpg\",\"datePublished\":\"2026-01-27T12:15:31+00:00\",\"dateModified\":\"2026-01-29T13:55:44+00:00\",\"breadcrumb\":{\"@id\":\"https:\\\/\\\/cardamomo.com\\\/pt\\\/artistas\\\/bailaores-flamencos\\\/#breadcrumb\"},\"inLanguage\":\"pt-PT\",\"potentialAction\":[{\"@type\":\"ReadAction\",\"target\":[[\"https:\\\/\\\/cardamomo.com\\\/pt\\\/artistas\\\/bailaores-flamencos\\\/\"]]}]},{\"@type\":\"ImageObject\",\"inLanguage\":\"pt-PT\",\"@id\":\"https:\\\/\\\/cardamomo.com\\\/pt\\\/artistas\\\/bailaores-flamencos\\\/#primaryimage\",\"url\":\"https:\\\/\\\/cardamomo.ams3.digitaloceanspaces.com\\\/wp-content\\\/uploads\\\/2026\\\/01\\\/29122250\\\/bailaores-flamencos.jpg\",\"contentUrl\":\"https:\\\/\\\/cardamomo.ams3.digitaloceanspaces.com\\\/wp-content\\\/uploads\\\/2026\\\/01\\\/29122250\\\/bailaores-flamencos.jpg\",\"width\":900,\"height\":600,\"caption\":\"Bailaora flamenco en primer plano en pose flamenca con las manos en alto\"},{\"@type\":\"BreadcrumbList\",\"@id\":\"https:\\\/\\\/cardamomo.com\\\/pt\\\/artistas\\\/bailaores-flamencos\\\/#breadcrumb\",\"itemListElement\":[{\"@type\":\"ListItem\",\"position\":1,\"name\":\"Cardamomo\",\"item\":\"https:\\\/\\\/cardamomo.com\\\/pt\\\/\"},{\"@type\":\"ListItem\",\"position\":2,\"name\":\"Artistas flamencos\",\"item\":\"https:\\\/\\\/cardamomo.com\\\/pt\\\/artistas\\\/\"},{\"@type\":\"ListItem\",\"position\":3,\"name\":\"Bailaores flamencos\"}]},{\"@type\":\"WebSite\",\"@id\":\"https:\\\/\\\/cardamomo.com\\\/pt\\\/#website\",\"url\":\"https:\\\/\\\/cardamomo.com\\\/pt\\\/\",\"name\":\"Cardamomo Flamenco Madrid\",\"description\":\"\",\"potentialAction\":[{\"@type\":\"SearchAction\",\"target\":{\"@type\":\"EntryPoint\",\"urlTemplate\":\"https:\\\/\\\/cardamomo.com\\\/pt\\\/?s={search_term_string}\"},\"query-input\":{\"@type\":\"PropertyValueSpecification\",\"valueRequired\":true,\"valueName\":\"search_term_string\"}}],\"inLanguage\":\"pt-PT\"}]}<\/script>\n<!-- \/ Yoast SEO plugin. -->","yoast_head_json":{"title":"Bailarinos de flamenco - Cardamomo Flamenco Madrid","robots":{"index":"noindex","follow":"follow"},"og_locale":"pt_PT","og_type":"article","og_title":"Bailarinos de flamenco - Cardamomo Flamenco Madrid","og_description":"Desculpe, este conte\u00fado s\u00f3 est\u00e1 dispon\u00edvel em Espa\u00f1ol.Lorem ipsum dolor sit amet, consectetur adipiscing elit. Aenean ut tempus nisl, sit amet rutrum ante. Mauris nisl erat, eleifend sed leo a, dictum tincidunt diam. Praesent in velit aliquam urna molestie lacinia. In in ligula eget dui convallis eleifend. Duis et arcu quis dui euismod ullamcorper a...","og_url":"https:\/\/cardamomo.com\/pt\/artistas\/bailaores-flamencos\/","og_site_name":"Cardamomo Flamenco Madrid","article_modified_time":"2026-01-29T13:55:44+00:00","og_image":[{"width":900,"height":600,"url":"https:\/\/cardamomo.ams3.digitaloceanspaces.com\/wp-content\/uploads\/2026\/01\/29122250\/bailaores-flamencos.jpg","type":"image\/jpeg"}],"twitter_card":"summary_large_image","twitter_misc":{"Tempo estimado de leitura":"1 minuto"},"schema":{"@context":"https:\/\/schema.org","@graph":[{"@type":"WebPage","@id":"https:\/\/cardamomo.com\/pt\/artistas\/bailaores-flamencos\/","url":"https:\/\/cardamomo.com\/pt\/artistas\/bailaores-flamencos\/","name":"Bailarinos de flamenco - Cardamomo Flamenco Madrid","isPartOf":{"@id":"https:\/\/cardamomo.com\/pt\/#website"},"primaryImageOfPage":{"@id":"https:\/\/cardamomo.com\/pt\/artistas\/bailaores-flamencos\/#primaryimage"},"image":{"@id":"https:\/\/cardamomo.com\/es\/artistas\/bailaores-flamencos\/#primaryimage"},"thumbnailUrl":"https:\/\/cardamomo.ams3.digitaloceanspaces.com\/wp-content\/uploads\/2026\/01\/29122250\/bailaores-flamencos.jpg","datePublished":"2026-01-27T12:15:31+00:00","dateModified":"2026-01-29T13:55:44+00:00","breadcrumb":{"@id":"https:\/\/cardamomo.com\/pt\/artistas\/bailaores-flamencos\/#breadcrumb"},"inLanguage":"pt-PT","potentialAction":[{"@type":"ReadAction","target":[["https:\/\/cardamomo.com\/pt\/artistas\/bailaores-flamencos\/"]]}]},{"@type":"ImageObject","inLanguage":"pt-PT","@id":"https:\/\/cardamomo.com\/pt\/artistas\/bailaores-flamencos\/#primaryimage","url":"https:\/\/cardamomo.ams3.digitaloceanspaces.com\/wp-content\/uploads\/2026\/01\/29122250\/bailaores-flamencos.jpg","contentUrl":"https:\/\/cardamomo.ams3.digitaloceanspaces.com\/wp-content\/uploads\/2026\/01\/29122250\/bailaores-flamencos.jpg","width":900,"height":600,"caption":"Bailaora flamenco en primer plano en pose flamenca con las manos en alto"},{"@type":"BreadcrumbList","@id":"https:\/\/cardamomo.com\/pt\/artistas\/bailaores-flamencos\/#breadcrumb","itemListElement":[{"@type":"ListItem","position":1,"name":"Cardamomo","item":"https:\/\/cardamomo.com\/pt\/"},{"@type":"ListItem","position":2,"name":"Artistas flamencos","item":"https:\/\/cardamomo.com\/pt\/artistas\/"},{"@type":"ListItem","position":3,"name":"Bailaores flamencos"}]},{"@type":"WebSite","@id":"https:\/\/cardamomo.com\/pt\/#website","url":"https:\/\/cardamomo.com\/pt\/","name":"Cardamomo Flamenco Madrid","description":"","potentialAction":[{"@type":"SearchAction","target":{"@type":"EntryPoint","urlTemplate":"https:\/\/cardamomo.com\/pt\/?s={search_term_string}"},"query-input":{"@type":"PropertyValueSpecification","valueRequired":true,"valueName":"search_term_string"}}],"inLanguage":"pt-PT"}]}},"_links":{"self":[{"href":"https:\/\/cardamomo.com\/pt\/wp-json\/wp\/v2\/pages\/158496","targetHints":{"allow":["GET"]}}],"collection":[{"href":"https:\/\/cardamomo.com\/pt\/wp-json\/wp\/v2\/pages"}],"about":[{"href":"https:\/\/cardamomo.com\/pt\/wp-json\/wp\/v2\/types\/page"}],"author":[{"embeddable":true,"href":"https:\/\/cardamomo.com\/pt\/wp-json\/wp\/v2\/users\/1"}],"replies":[{"embeddable":true,"href":"https:\/\/cardamomo.com\/pt\/wp-json\/wp\/v2\/comments?post=158496"}],"version-history":[{"count":5,"href":"https:\/\/cardamomo.com\/pt\/wp-json\/wp\/v2\/pages\/158496\/revisions"}],"predecessor-version":[{"id":158526,"href":"https:\/\/cardamomo.com\/pt\/wp-json\/wp\/v2\/pages\/158496\/revisions\/158526"}],"up":[{"embeddable":true,"href":"https:\/\/cardamomo.com\/pt\/wp-json\/wp\/v2\/pages\/80"}],"wp:featuredmedia":[{"embeddable":true,"href":"https:\/\/cardamomo.com\/pt\/wp-json\/wp\/v2\/media\/158523"}],"wp:attachment":[{"href":"https:\/\/cardamomo.com\/pt\/wp-json\/wp\/v2\/media?parent=158496"}],"curies":[{"name":"wp","href":"https:\/\/api.w.org\/{rel}","templated":true}]}}