{"id":158081,"date":"2025-12-11T10:42:37","date_gmt":"2025-12-11T09:42:37","guid":{"rendered":"https:\/\/cardamomo.com\/es\/?page_id=158081"},"modified":"2026-01-21T10:11:51","modified_gmt":"2026-01-21T09:11:51","slug":"comprar-entradas-test","status":"publish","type":"page","link":"https:\/\/cardamomo.com\/pt\/comprar-entradas\/","title":{"rendered":"Compre os seus bilhetes de flamenco no tablao mais aclamado de Madrid"},"content":{"rendered":"<p><\/p>\n<p data-start=\"2212\" data-end=\"2325\">No Cardamomo oferecemos-lhe a oportunidade de viver um <strong data-start=\"2267\" data-end=\"2293\">espet\u00e1culo de flamenco<\/strong> \u00fanico no <strong data-start=\"2303\" data-end=\"2324\">cora\u00e7\u00e3o de Madrid<\/strong>.<\/p>\n<p data-start=\"2327\" data-end=\"2492\">Reconhecido internacionalmente e com o selo de <strong data-start=\"2374\" data-end=\"2407\">Patrim\u00f3nio Cultural da cidade<\/strong>, o nosso tablao re\u00fane diariamente grandes artistas do canto, da dan\u00e7a e da guitarra.<\/p>\n<p data-start=\"2494\" data-end=\"2586\">Garanta os seus bilhetes online de forma simples e desfrute de uma experi\u00eancia inesquec\u00edvel.<\/p>\n<p><\/p>","protected":false},"excerpt":{"rendered":"No Cardamomo oferecemos-lhe a oportunidade de viver um espet\u00e1culo de flamenco \u00fanico no cora\u00e7\u00e3o de Madrid. Reconhecido internacionalmente e com o selo de Patrim\u00f3nio Cultural da cidade, o nosso tablao re\u00fane diariamente grandes artistas do canto, da dan\u00e7a e da guitarra. Garanta os seus bilhetes online de forma simples e desfrute de uma experi\u00eancia inesquec\u00edvel.","protected":false},"author":1,"featured_media":157308,"parent":0,"menu_order":7,"comment_status":"closed","ping_status":"closed","template":"templates\/10-buy-tickets.php","meta":{"_acf_changed":false,"inline_featured_image":false,"footnotes":""},"class_list":["post-158081","page","type-page","status-publish","has-post-thumbnail","hentry"],"acf":{"display":"hide","hero_intro":"","hero_heading":"h2","generic_slider":null},"yoast_head":"<!-- This site is optimized with the Yoast SEO plugin v27.3 - https:\/\/yoast.com\/product\/yoast-seo-wordpress\/ -->\n<title>Ingressos para tablao flamenco em Madrid | Cardamomo<\/title>\n<meta name=\"description\" content=\"Reserve os seus ingressos de flamenco no Cardamomo Madrid. Compre bilhetes oficiais online e desfrute de um espet\u00e1culo de flamenco aut\u00eantico no cora\u00e7\u00e3o de Madrid.\" \/>\n<meta name=\"robots\" content=\"index, follow, max-snippet:-1, max-image-preview:large, max-video-preview:-1\" \/>\n<link rel=\"canonical\" href=\"\/\" \/>\n<meta property=\"og:locale\" content=\"pt_PT\" \/>\n<meta property=\"og:type\" content=\"article\" \/>\n<meta property=\"og:title\" content=\"Ingressos para tablao flamenco em Madrid | Cardamomo\" \/>\n<meta property=\"og:description\" content=\"Reserve os seus ingressos de flamenco no Cardamomo Madrid. Compre bilhetes oficiais online e desfrute de um espet\u00e1culo de flamenco aut\u00eantico no cora\u00e7\u00e3o de Madrid.\" \/>\n<meta property=\"og:url\" content=\"https:\/\/cardamomo.com\/pt\/comprar-entradas\/\" \/>\n<meta property=\"og:site_name\" content=\"Cardamomo Flamenco Madrid\" \/>\n<meta property=\"article:modified_time\" content=\"2026-01-21T09:11:51+00:00\" \/>\n<meta property=\"og:image\" content=\"https:\/\/cardamomo.ams3.digitaloceanspaces.com\/wp-content\/uploads\/2025\/04\/07115829\/image-1024x677.png\" \/>\n\t<meta property=\"og:image:width\" content=\"1024\" \/>\n\t<meta property=\"og:image:height\" content=\"677\" \/>\n\t<meta property=\"og:image:type\" content=\"image\/png\" \/>\n<meta name=\"twitter:card\" content=\"summary_large_image\" \/>\n<meta name=\"twitter:label1\" content=\"Tempo estimado de leitura\" \/>\n\t<meta name=\"twitter:data1\" content=\"1 minuto\" \/>\n<script type=\"application\/ld+json\" class=\"yoast-schema-graph\">{\"@context\":\"https:\\\/\\\/schema.org\",\"@graph\":[{\"@type\":\"WebPage\",\"@id\":\"https:\\\/\\\/cardamomo.com\\\/pt\\\/comprar-entradas\\\/\",\"url\":\"https:\\\/\\\/cardamomo.com\\\/pt\\\/comprar-entradas\\\/\",\"name\":\"Ingressos para tablao flamenco em Madrid | Cardamomo\",\"isPartOf\":{\"@id\":\"https:\\\/\\\/cardamomo.com\\\/pt\\\/#website\"},\"primaryImageOfPage\":{\"@id\":\"https:\\\/\\\/cardamomo.com\\\/pt\\\/comprar-entradas\\\/#primaryimage\"},\"image\":{\"@id\":\"https:\\\/\\\/cardamomo.com\\\/es\\\/comprar-entradas\\\/#primaryimage\"},\"thumbnailUrl\":\"https:\\\/\\\/cardamomo.ams3.digitaloceanspaces.com\\\/wp-content\\\/uploads\\\/2025\\\/04\\\/07115829\\\/image.png\",\"datePublished\":\"2025-12-11T09:42:37+00:00\",\"dateModified\":\"2026-01-21T09:11:51+00:00\",\"description\":\"Reserve os seus ingressos de flamenco no Cardamomo Madrid. Compre bilhetes oficiais online e desfrute de um espet\u00e1culo de flamenco aut\u00eantico no cora\u00e7\u00e3o de Madrid.\",\"breadcrumb\":{\"@id\":\"https:\\\/\\\/cardamomo.com\\\/pt\\\/comprar-entradas\\\/#breadcrumb\"},\"inLanguage\":\"pt-PT\",\"potentialAction\":[{\"@type\":\"ReadAction\",\"target\":[[\"https:\\\/\\\/cardamomo.com\\\/pt\\\/comprar-entradas\\\/\"]]}]},{\"@type\":\"ImageObject\",\"inLanguage\":\"pt-PT\",\"@id\":\"https:\\\/\\\/cardamomo.com\\\/pt\\\/comprar-entradas\\\/#primaryimage\",\"url\":\"https:\\\/\\\/cardamomo.ams3.digitaloceanspaces.com\\\/wp-content\\\/uploads\\\/2025\\\/04\\\/07115829\\\/image.png\",\"contentUrl\":\"https:\\\/\\\/cardamomo.ams3.digitaloceanspaces.com\\\/wp-content\\\/uploads\\\/2025\\\/04\\\/07115829\\\/image.png\",\"width\":1716,\"height\":1134},{\"@type\":\"BreadcrumbList\",\"@id\":\"https:\\\/\\\/cardamomo.com\\\/pt\\\/comprar-entradas\\\/#breadcrumb\",\"itemListElement\":[{\"@type\":\"ListItem\",\"position\":1,\"name\":\"Cardamomo\",\"item\":\"https:\\\/\\\/cardamomo.com\\\/pt\\\/\"},{\"@type\":\"ListItem\",\"position\":2,\"name\":\"Comprar ingressos de flamenco\"}]},{\"@type\":\"WebSite\",\"@id\":\"https:\\\/\\\/cardamomo.com\\\/pt\\\/#website\",\"url\":\"https:\\\/\\\/cardamomo.com\\\/pt\\\/\",\"name\":\"Cardamomo Flamenco Madrid\",\"description\":\"\",\"potentialAction\":[{\"@type\":\"SearchAction\",\"target\":{\"@type\":\"EntryPoint\",\"urlTemplate\":\"https:\\\/\\\/cardamomo.com\\\/pt\\\/?s={search_term_string}\"},\"query-input\":{\"@type\":\"PropertyValueSpecification\",\"valueRequired\":true,\"valueName\":\"search_term_string\"}}],\"inLanguage\":\"pt-PT\"}]}<\/script>\n<!-- \/ Yoast SEO plugin. -->","yoast_head_json":{"title":"Ingressos para tablao flamenco em Madrid | Cardamomo","description":"Reserve os seus ingressos de flamenco no Cardamomo Madrid. Compre bilhetes oficiais online e desfrute de um espet\u00e1culo de flamenco aut\u00eantico no cora\u00e7\u00e3o de Madrid.","robots":{"index":"index","follow":"follow","max-snippet":"max-snippet:-1","max-image-preview":"max-image-preview:large","max-video-preview":"max-video-preview:-1"},"canonical":"\/","og_locale":"pt_PT","og_type":"article","og_title":"Ingressos para tablao flamenco em Madrid | Cardamomo","og_description":"Reserve os seus ingressos de flamenco no Cardamomo Madrid. Compre bilhetes oficiais online e desfrute de um espet\u00e1culo de flamenco aut\u00eantico no cora\u00e7\u00e3o de Madrid.","og_url":"https:\/\/cardamomo.com\/pt\/comprar-entradas\/","og_site_name":"Cardamomo Flamenco Madrid","article_modified_time":"2026-01-21T09:11:51+00:00","og_image":[{"width":1024,"height":677,"url":"https:\/\/cardamomo.ams3.digitaloceanspaces.com\/wp-content\/uploads\/2025\/04\/07115829\/image-1024x677.png","type":"image\/png"}],"twitter_card":"summary_large_image","twitter_misc":{"Tempo estimado de leitura":"1 minuto"},"schema":{"@context":"https:\/\/schema.org","@graph":[{"@type":"WebPage","@id":"https:\/\/cardamomo.com\/pt\/comprar-entradas\/","url":"https:\/\/cardamomo.com\/pt\/comprar-entradas\/","name":"Ingressos para tablao flamenco em Madrid | Cardamomo","isPartOf":{"@id":"https:\/\/cardamomo.com\/pt\/#website"},"primaryImageOfPage":{"@id":"https:\/\/cardamomo.com\/pt\/comprar-entradas\/#primaryimage"},"image":{"@id":"https:\/\/cardamomo.com\/es\/comprar-entradas\/#primaryimage"},"thumbnailUrl":"https:\/\/cardamomo.ams3.digitaloceanspaces.com\/wp-content\/uploads\/2025\/04\/07115829\/image.png","datePublished":"2025-12-11T09:42:37+00:00","dateModified":"2026-01-21T09:11:51+00:00","description":"Reserve os seus ingressos de flamenco no Cardamomo Madrid. Compre bilhetes oficiais online e desfrute de um espet\u00e1culo de flamenco aut\u00eantico no cora\u00e7\u00e3o de Madrid.","breadcrumb":{"@id":"https:\/\/cardamomo.com\/pt\/comprar-entradas\/#breadcrumb"},"inLanguage":"pt-PT","potentialAction":[{"@type":"ReadAction","target":[["https:\/\/cardamomo.com\/pt\/comprar-entradas\/"]]}]},{"@type":"ImageObject","inLanguage":"pt-PT","@id":"https:\/\/cardamomo.com\/pt\/comprar-entradas\/#primaryimage","url":"https:\/\/cardamomo.ams3.digitaloceanspaces.com\/wp-content\/uploads\/2025\/04\/07115829\/image.png","contentUrl":"https:\/\/cardamomo.ams3.digitaloceanspaces.com\/wp-content\/uploads\/2025\/04\/07115829\/image.png","width":1716,"height":1134},{"@type":"BreadcrumbList","@id":"https:\/\/cardamomo.com\/pt\/comprar-entradas\/#breadcrumb","itemListElement":[{"@type":"ListItem","position":1,"name":"Cardamomo","item":"https:\/\/cardamomo.com\/pt\/"},{"@type":"ListItem","position":2,"name":"Comprar ingressos de flamenco"}]},{"@type":"WebSite","@id":"https:\/\/cardamomo.com\/pt\/#website","url":"https:\/\/cardamomo.com\/pt\/","name":"Cardamomo Flamenco Madrid","description":"","potentialAction":[{"@type":"SearchAction","target":{"@type":"EntryPoint","urlTemplate":"https:\/\/cardamomo.com\/pt\/?s={search_term_string}"},"query-input":{"@type":"PropertyValueSpecification","valueRequired":true,"valueName":"search_term_string"}}],"inLanguage":"pt-PT"}]}},"_links":{"self":[{"href":"https:\/\/cardamomo.com\/pt\/wp-json\/wp\/v2\/pages\/158081","targetHints":{"allow":["GET"]}}],"collection":[{"href":"https:\/\/cardamomo.com\/pt\/wp-json\/wp\/v2\/pages"}],"about":[{"href":"https:\/\/cardamomo.com\/pt\/wp-json\/wp\/v2\/types\/page"}],"author":[{"embeddable":true,"href":"https:\/\/cardamomo.com\/pt\/wp-json\/wp\/v2\/users\/1"}],"replies":[{"embeddable":true,"href":"https:\/\/cardamomo.com\/pt\/wp-json\/wp\/v2\/comments?post=158081"}],"version-history":[{"count":41,"href":"https:\/\/cardamomo.com\/pt\/wp-json\/wp\/v2\/pages\/158081\/revisions"}],"predecessor-version":[{"id":158474,"href":"https:\/\/cardamomo.com\/pt\/wp-json\/wp\/v2\/pages\/158081\/revisions\/158474"}],"wp:featuredmedia":[{"embeddable":true,"href":"https:\/\/cardamomo.com\/pt\/wp-json\/wp\/v2\/media\/157308"}],"wp:attachment":[{"href":"https:\/\/cardamomo.com\/pt\/wp-json\/wp\/v2\/media?parent=158081"}],"curies":[{"name":"wp","href":"https:\/\/api.w.org\/{rel}","templated":true}]}}