{"id":155463,"date":"2024-12-02T09:58:35","date_gmt":"2024-12-02T09:58:35","guid":{"rendered":"http:\/\/fullcircle.es\/javato-hanzo\/?page_id=23"},"modified":"2026-01-13T16:39:08","modified_gmt":"2026-01-13T15:39:08","slug":"tablao","status":"publish","type":"page","link":"https:\/\/cardamomo.com\/pt\/tablao-flamenco\/","title":{"rendered":"Tablao Flamenco em Madrid"},"content":{"rendered":"<p>A lota\u00e7\u00e3o limitada do nosso tablao permite uma grande proximidade ao palco e cria uma conex\u00e3o especial com o artista.<\/p>","protected":false},"excerpt":{"rendered":"A lota\u00e7\u00e3o limitada do nosso tablao permite uma grande proximidade ao palco e cria uma conex\u00e3o especial com o artista.","protected":false},"author":1,"featured_media":156960,"parent":0,"menu_order":1,"comment_status":"closed","ping_status":"closed","template":"","meta":{"_acf_changed":false,"inline_featured_image":false,"footnotes":""},"class_list":["post-155463","page","type-page","status-publish","has-post-thumbnail","hentry"],"acf":{"display":"default","hero_intro":"O Cardamomo oferece a experi\u00eancia de flamenco mais exclusiva de Madrid","hero_heading":"h2","generic_slider":null},"yoast_head":"<!-- This site is optimized with the Yoast SEO plugin v27.1.1 - https:\/\/yoast.com\/product\/yoast-seo-wordpress\/ -->\n<title>Tablao Flamenco em Madrid | Cardamomo \u2013 Arte e tradi\u00e7\u00e3o ao vivo<\/title>\n<meta name=\"description\" content=\"Cardamomo, um dos espa\u00e7os de flamenco mais emblem\u00e1ticos de Madrid. Um ponto de encontro para artistas, cultura e tradi\u00e7\u00e3o.\" \/>\n<meta name=\"robots\" content=\"index, follow, max-snippet:-1, max-image-preview:large, max-video-preview:-1\" \/>\n<link rel=\"canonical\" href=\"\/\" \/>\n<meta property=\"og:locale\" content=\"pt_PT\" \/>\n<meta property=\"og:type\" content=\"article\" \/>\n<meta property=\"og:title\" content=\"Tablao Flamenco em Madrid | Cardamomo \u2013 Arte e tradi\u00e7\u00e3o ao vivo\" \/>\n<meta property=\"og:description\" content=\"Cardamomo, um dos espa\u00e7os de flamenco mais emblem\u00e1ticos de Madrid. Um ponto de encontro para artistas, cultura e tradi\u00e7\u00e3o.\" \/>\n<meta property=\"og:url\" content=\"https:\/\/cardamomo.com\/pt\/tablao-flamenco\/\" \/>\n<meta property=\"og:site_name\" content=\"Cardamomo Flamenco Madrid\" \/>\n<meta property=\"article:modified_time\" content=\"2026-01-13T15:39:08+00:00\" \/>\n<meta property=\"og:image\" content=\"https:\/\/cardamomo.ams3.digitaloceanspaces.com\/wp-content\/uploads\/2025\/02\/01132522\/el-tablao-flamenco-mas-exclusivo.jpg\" \/>\n\t<meta property=\"og:image:width\" content=\"1600\" \/>\n\t<meta property=\"og:image:height\" content=\"700\" \/>\n\t<meta property=\"og:image:type\" content=\"image\/jpeg\" \/>\n<meta name=\"twitter:card\" content=\"summary_large_image\" \/>\n<meta name=\"twitter:label1\" content=\"Tempo estimado de leitura\" \/>\n\t<meta name=\"twitter:data1\" content=\"1 minuto\" \/>\n<script type=\"application\/ld+json\" class=\"yoast-schema-graph\">{\"@context\":\"https:\/\/schema.org\",\"@graph\":[{\"@type\":\"WebPage\",\"@id\":\"https:\/\/cardamomo.com\/pt\/tablao-flamenco\/\",\"url\":\"https:\/\/cardamomo.com\/pt\/tablao-flamenco\/\",\"name\":\"Tablao Flamenco em Madrid | Cardamomo \u2013 Arte e tradi\u00e7\u00e3o ao vivo\",\"isPartOf\":{\"@id\":\"https:\/\/cardamomo.com\/pt\/#website\"},\"primaryImageOfPage\":{\"@id\":\"https:\/\/cardamomo.com\/pt\/tablao-flamenco\/#primaryimage\"},\"image\":{\"@id\":\"https:\/\/cardamomo.com\/es\/tablao-flamenco\/#primaryimage\"},\"thumbnailUrl\":\"https:\/\/cardamomo.ams3.digitaloceanspaces.com\/wp-content\/uploads\/2025\/02\/01132522\/el-tablao-flamenco-mas-exclusivo.jpg\",\"datePublished\":\"2024-12-02T09:58:35+00:00\",\"dateModified\":\"2026-01-13T15:39:08+00:00\",\"description\":\"Cardamomo, um dos espa\u00e7os de flamenco mais emblem\u00e1ticos de Madrid. Um ponto de encontro para artistas, cultura e tradi\u00e7\u00e3o.\",\"breadcrumb\":{\"@id\":\"https:\/\/cardamomo.com\/pt\/tablao-flamenco\/#breadcrumb\"},\"inLanguage\":\"pt-PT\",\"potentialAction\":[{\"@type\":\"ReadAction\",\"target\":[[\"https:\/\/cardamomo.com\/pt\/tablao-flamenco\/\"]]}]},{\"@type\":\"ImageObject\",\"inLanguage\":\"pt-PT\",\"@id\":\"https:\/\/cardamomo.com\/pt\/tablao-flamenco\/#primaryimage\",\"url\":\"https:\/\/cardamomo.ams3.digitaloceanspaces.com\/wp-content\/uploads\/2025\/02\/01132522\/el-tablao-flamenco-mas-exclusivo.jpg\",\"contentUrl\":\"https:\/\/cardamomo.ams3.digitaloceanspaces.com\/wp-content\/uploads\/2025\/02\/01132522\/el-tablao-flamenco-mas-exclusivo.jpg\",\"width\":1600,\"height\":700,\"caption\":\"Escenario con varios artistas y una bailaora, se pueden observar espectadores muy cerca del escenario\"},{\"@type\":\"BreadcrumbList\",\"@id\":\"https:\/\/cardamomo.com\/pt\/tablao-flamenco\/#breadcrumb\",\"itemListElement\":[{\"@type\":\"ListItem\",\"position\":1,\"name\":\"Cardamomo\",\"item\":\"https:\/\/cardamomo.com\/pt\/\"},{\"@type\":\"ListItem\",\"position\":2,\"name\":\"Tablao Flamenco Madrid\"}]},{\"@type\":\"WebSite\",\"@id\":\"https:\/\/cardamomo.com\/pt\/#website\",\"url\":\"https:\/\/cardamomo.com\/pt\/\",\"name\":\"Cardamomo Flamenco Madrid\",\"description\":\"\",\"potentialAction\":[{\"@type\":\"SearchAction\",\"target\":{\"@type\":\"EntryPoint\",\"urlTemplate\":\"https:\/\/cardamomo.com\/pt\/?s={search_term_string}\"},\"query-input\":{\"@type\":\"PropertyValueSpecification\",\"valueRequired\":true,\"valueName\":\"search_term_string\"}}],\"inLanguage\":\"pt-PT\"}]}<\/script>\n<!-- \/ Yoast SEO plugin. -->","yoast_head_json":{"title":"Tablao Flamenco em Madrid | Cardamomo \u2013 Arte e tradi\u00e7\u00e3o ao vivo","description":"Cardamomo, um dos espa\u00e7os de flamenco mais emblem\u00e1ticos de Madrid. Um ponto de encontro para artistas, cultura e tradi\u00e7\u00e3o.","robots":{"index":"index","follow":"follow","max-snippet":"max-snippet:-1","max-image-preview":"max-image-preview:large","max-video-preview":"max-video-preview:-1"},"canonical":"\/","og_locale":"pt_PT","og_type":"article","og_title":"Tablao Flamenco em Madrid | Cardamomo \u2013 Arte e tradi\u00e7\u00e3o ao vivo","og_description":"Cardamomo, um dos espa\u00e7os de flamenco mais emblem\u00e1ticos de Madrid. Um ponto de encontro para artistas, cultura e tradi\u00e7\u00e3o.","og_url":"https:\/\/cardamomo.com\/pt\/tablao-flamenco\/","og_site_name":"Cardamomo Flamenco Madrid","article_modified_time":"2026-01-13T15:39:08+00:00","og_image":[{"width":1600,"height":700,"url":"https:\/\/cardamomo.ams3.digitaloceanspaces.com\/wp-content\/uploads\/2025\/02\/01132522\/el-tablao-flamenco-mas-exclusivo.jpg","type":"image\/jpeg"}],"twitter_card":"summary_large_image","twitter_misc":{"Tempo estimado de leitura":"1 minuto"},"schema":{"@context":"https:\/\/schema.org","@graph":[{"@type":"WebPage","@id":"https:\/\/cardamomo.com\/pt\/tablao-flamenco\/","url":"https:\/\/cardamomo.com\/pt\/tablao-flamenco\/","name":"Tablao Flamenco em Madrid | Cardamomo \u2013 Arte e tradi\u00e7\u00e3o ao vivo","isPartOf":{"@id":"https:\/\/cardamomo.com\/pt\/#website"},"primaryImageOfPage":{"@id":"https:\/\/cardamomo.com\/pt\/tablao-flamenco\/#primaryimage"},"image":{"@id":"https:\/\/cardamomo.com\/es\/tablao-flamenco\/#primaryimage"},"thumbnailUrl":"https:\/\/cardamomo.ams3.digitaloceanspaces.com\/wp-content\/uploads\/2025\/02\/01132522\/el-tablao-flamenco-mas-exclusivo.jpg","datePublished":"2024-12-02T09:58:35+00:00","dateModified":"2026-01-13T15:39:08+00:00","description":"Cardamomo, um dos espa\u00e7os de flamenco mais emblem\u00e1ticos de Madrid. Um ponto de encontro para artistas, cultura e tradi\u00e7\u00e3o.","breadcrumb":{"@id":"https:\/\/cardamomo.com\/pt\/tablao-flamenco\/#breadcrumb"},"inLanguage":"pt-PT","potentialAction":[{"@type":"ReadAction","target":[["https:\/\/cardamomo.com\/pt\/tablao-flamenco\/"]]}]},{"@type":"ImageObject","inLanguage":"pt-PT","@id":"https:\/\/cardamomo.com\/pt\/tablao-flamenco\/#primaryimage","url":"https:\/\/cardamomo.ams3.digitaloceanspaces.com\/wp-content\/uploads\/2025\/02\/01132522\/el-tablao-flamenco-mas-exclusivo.jpg","contentUrl":"https:\/\/cardamomo.ams3.digitaloceanspaces.com\/wp-content\/uploads\/2025\/02\/01132522\/el-tablao-flamenco-mas-exclusivo.jpg","width":1600,"height":700,"caption":"Escenario con varios artistas y una bailaora, se pueden observar espectadores muy cerca del escenario"},{"@type":"BreadcrumbList","@id":"https:\/\/cardamomo.com\/pt\/tablao-flamenco\/#breadcrumb","itemListElement":[{"@type":"ListItem","position":1,"name":"Cardamomo","item":"https:\/\/cardamomo.com\/pt\/"},{"@type":"ListItem","position":2,"name":"Tablao Flamenco Madrid"}]},{"@type":"WebSite","@id":"https:\/\/cardamomo.com\/pt\/#website","url":"https:\/\/cardamomo.com\/pt\/","name":"Cardamomo Flamenco Madrid","description":"","potentialAction":[{"@type":"SearchAction","target":{"@type":"EntryPoint","urlTemplate":"https:\/\/cardamomo.com\/pt\/?s={search_term_string}"},"query-input":{"@type":"PropertyValueSpecification","valueRequired":true,"valueName":"search_term_string"}}],"inLanguage":"pt-PT"}]}},"_links":{"self":[{"href":"https:\/\/cardamomo.com\/pt\/wp-json\/wp\/v2\/pages\/155463","targetHints":{"allow":["GET"]}}],"collection":[{"href":"https:\/\/cardamomo.com\/pt\/wp-json\/wp\/v2\/pages"}],"about":[{"href":"https:\/\/cardamomo.com\/pt\/wp-json\/wp\/v2\/types\/page"}],"author":[{"embeddable":true,"href":"https:\/\/cardamomo.com\/pt\/wp-json\/wp\/v2\/users\/1"}],"replies":[{"embeddable":true,"href":"https:\/\/cardamomo.com\/pt\/wp-json\/wp\/v2\/comments?post=155463"}],"version-history":[{"count":83,"href":"https:\/\/cardamomo.com\/pt\/wp-json\/wp\/v2\/pages\/155463\/revisions"}],"predecessor-version":[{"id":158433,"href":"https:\/\/cardamomo.com\/pt\/wp-json\/wp\/v2\/pages\/155463\/revisions\/158433"}],"wp:featuredmedia":[{"embeddable":true,"href":"https:\/\/cardamomo.com\/pt\/wp-json\/wp\/v2\/media\/156960"}],"wp:attachment":[{"href":"https:\/\/cardamomo.com\/pt\/wp-json\/wp\/v2\/media?parent=155463"}],"curies":[{"name":"wp","href":"https:\/\/api.w.org\/{rel}","templated":true}]}}