{"id":99,"date":"2016-06-08T15:57:34","date_gmt":"2016-06-08T13:57:34","guid":{"rendered":"http:\/\/cardamomo.local\/?page_id=99"},"modified":"2026-01-13T16:26:47","modified_gmt":"2026-01-13T15:26:47","slug":"fundacion-cardamomo","status":"publish","type":"page","link":"https:\/\/cardamomo.com\/ja\/fundacion-cardamomo\/","title":{"rendered":"Cardamomo\u8ca1\u56e3"},"content":{"rendered":"<p><\/p>\n<h2>\u30d5\u30e9\u30e1\u30f3\u30b3\u82b8\u8853\u306e\u666e\u53ca\u3092\u76ee\u6307\u3057\u3066<\/h2>\n<div class=\"su-divider su-divider-style-default\"><\/div>\n<p>\u30ab\u30eb\u30c0\u30e2\u30e2\u8ca1\u56e3\u306f\u3001\u3042\u3089\u3086\u308b\u5e74\u9f62\u5c64\u3084\u7acb\u5834\u306e\u89b3\u5ba2\u306e\u9593\u3067\u30d5\u30e9\u30e1\u30f3\u30b3\u82b8\u8853\u3092\u632f\u8208\u3059\u308b\u3053\u3068\u3092\u76ee\u7684\u3068\u3057\u3066\u3001\u8a2d\u7acb\u3055\u308c\u307e\u3057\u305f\u3002\u65b0\u9032\u306e\u82e5\u624b\u30a2\u30fc\u30c6\u30a3\u30b9\u30c8\u3068\u5c06\u6765\u30a2\u30fc\u30c6\u30a3\u30b9\u30c8\u3092\u76ee\u6307\u3059\u5b50\u4f9b\u305f\u3061\u304c\u3001\u73fe\u6642\u70b9\u3067\u306e\u6210\u679c\u3092\u767a\u8868\u3059\u308b\u51fa\u4f1a\u3044\u30fb\u4ea4\u53cb\uff65\u4f53\u9a13\u306e\u5834\u3067\u3042\u308a\u3001\u30a2\u30fc\u30c6\u30a3\u30b9\u30c8\u3068\u3057\u3066\u306e\u30ec\u30c3\u30b9\u30f3\u3092\u7d9a\u3051\u308b\u305f\u3081\u306e\u3001\u3084\u308b\u6c17\u3092\u4e00\u5c64\u5f15\u304d\u51fa\u3059\u3053\u3068\u3092\u306d\u3089\u3044\u3068\u3057\u3066\u3044\u307e\u3059\u3002<\/p>\n<p>\u5c0f\u3055\u306a\u5b50\u4f9b\u305f\u3061\u306e\u30d5\u30e9\u30e1\u30f3\u30b3\u611b\u3092\u80b2\u6210\u3059\u308b\u53d6\u308a\u7d44\u307f\u3068\u3057\u3066\u30012013\u5e74\u3001\u8ca1\u56e3\u306f\u300cEl Flamenco tambi\u00e9n es Cosa de Ni\u00f1os\uff08\u30d5\u30e9\u30e1\u30f3\u30b3\u306f\u5b50\u4f9b\u306e\u3082\u306e\u3067\u3082\u3042\u308b\uff09\u300d\u30d7\u30ed\u30b8\u30a7\u30af\u30c8\u306e\u7b2c\u4e00\u5f3e\u306b\u7740\u624b\u3002\u3053\u306e\u30d7\u30ed\u30b8\u30a7\u30af\u30c8\u306e\u4e3b\u306a\u76ee\u6a19\u306f\u3001\u30e6\u30cd\u30b9\u30b3\u304c\u8a8d\u5b9a\u3059\u308b\u3053\u306e\u300c\u7121\u5f62\u6587\u5316\u907a\u7523\u300d\u3092\u6559\u80b2\u73fe\u5834\u306b\u7d39\u4ecb\u3059\u308b\u3053\u3068\u3067\u3059\u3002<\/p>\n<h2>\u30d5\u30e9\u30e1\u30f3\u30b3\u3092\u3042\u3089\u3086\u308b\u5e74\u9f62\u5c64\u306e\u89b3\u5ba2\u306b\u7d39\u4ecb<\/h2>\n<p>\u300cEl Flamenco tambi\u00e9n es Cosa de Ni\u00f1os\u300d\u306b\u53ce\u9332\u3055\u308c\u308b\uff14\u3064\u306e\u30b7\u30e7\u30fc\u305d\u308c\u305e\u308c\u3067\u306f\u30012\u6b73\u304b\u308916\u6b73\u306e\u30a2\u30fc\u30c6\u30a3\u30b9\u30c8\u305f\u3061\u304c\u5927\u4eba\u305f\u3061\u3068\u5171\u6f14\u3057\u3001\u30d5\u30e9\u30e1\u30f3\u30b3\u3092\u8868\u73fe\u3059\u308b\u30b3\u30e9\u30dc\u304c\u5b9f\u73fe\u3002\u7406\u8ad6\u3084\u5b9f\u8df5\u306b\u95a2\u3059\u308b\u96c6\u4e2d\u30ec\u30c3\u30b9\u30f3\u3092\u53d7\u8b1b\u3057\u3084\u3059\u304f\u3057\u3001\u307e\u305f\u51fa\u6f14\u8005\u306e\u300c\u821e\u53f0\u306b\u4e0a\u304c\u308b\u4e0d\u5b89\u300d\u3092\u548c\u3089\u3052\u308b\u305f\u3081\u3001\u3053\u306e\u30d7\u30ed\u30b0\u30e9\u30e0\u306f\u6c17\u3055\u304f\u3067\u89aa\u8fd1\u611f\u306e\u3042\u308b\u96f0\u56f2\u6c17\u306e\u4e2d\u3067\u5c55\u958b\u3055\u308c\u308b\u3088\u3046\u8003\u6848\u3055\u308c\u3066\u3044\u307e\u3059\u3002\u30a2\u30fc\u30c6\u30a3\u30b9\u30c8\u5fd7\u671b\u306e\u4eba\u3084\u30a2\u30fc\u30c6\u30a3\u30b9\u30c8\u3067\u306a\u3044\u666e\u901a\u306e\u4eba\u30012\u6b73\u306e\u5e7c\u5150\u308490\u6b73\u306e\u9ad8\u9f62\u8005\u306a\u3069\u3001\u53c2\u52a0\u8005\u5168\u54e1\u304c\u697d\u3057\u307f\u3092\u5171\u6709\u3057\u3001\u5b66\u3093\u3067\u3044\u307e\u3059\u3002\u3053\u306e\u3088\u3046\u306a\u958b\u653e\u7684\u306a\u6f14\u51fa\u306b\u3088\u308a\u3001\u30d5\u30e9\u30e1\u30f3\u30b3\u82b8\u8853\u304c\u3069\u306e\u3088\u3046\u306b\u7236\u304b\u3089\u5b50\u3078\u4f1d\u3048\u3089\u308c\u7fd2\u5f97\u3057\u3066\u3044\u304f\u306e\u304b\u3001\u307e\u305f\u6c38\u9060\u306e\u82b8\u8853\u3068\u306a\u308a\u4f55\u4e16\u4ee3\u306b\u3082\u308f\u305f\u3063\u3066\u9032\u5316\u3092\u9042\u3052\u3066\u3044\u308b\u306e\u304b\u7d39\u4ecb\u3059\u308b\u3068\u3044\u3046\u3001\u30ab\u30eb\u30c0\u30e2\u30e2\u8ca1\u56e3\u306e\u5225\u306e\u76ee\u6a19\u3082\u9054\u6210\u3055\u308c\u3066\u3044\u307e\u3059\u3002<\/p>\n<p class=\"separated-text\">\u300cEl Flamenco tambi\u00e9n es Cosa de Ni\u00f1os\u300d\u306e\uff11\u4f5c\u76ee\u3067\u306f\u3001\u8907\u6570\u306e\u30d5\u30e9\u30e1\u30f3\u30b3\u4e00\u5bb6\u304c\u4e09\u4e16\u4ee3\u306b\u308f\u305f\u3063\u3066\u30b7\u30fc\u30f3\u306b\u767b\u5834\u3002\u4e16\u754c\u7684\u306b\u6709\u540d\u306a\u30a2\u30fc\u30c6\u30a3\u30b9\u30c8\u3082\u53c2\u52a0\u3057\u3066\u3044\u307e\u3059\u3002\u4f8b\u3048\u3070\u3001\u30e9\u30a4\u30e0\u30f3\u30c9\u30fb\u30a2\u30de\u30c9\u30fc\u30eb\u306f\u3001\u30ab\u30f3\u30bf\u30aa\u30fc\u30e9\u3067\u3042\u308b\u5b6b\u5a18\uff088\uff09\u3092\u7d39\u4ecb\u3002\u30c8\u30de\u30c6\u30a3\u30fc\u30c8\u306f\u3001\u30d0\u30a4\u30e9\u30aa\u30fc\u30eb\u306e\u5b6b\uff088\uff09\u3068\u30bf\u30d6\u30e9\u30aa\u3092\u5171\u6709\u3002\u30df\u30b2\u30eb\u30fb\u30eb\u30d3\u30aa\u306f\u3001\u5b6b\u30df\u30b2\u30eb\u30fb\u30c7\u30fb\u30ed\u30b9\u30fb\u30eb\u30d3\u30aa\uff0810\uff09\u306e\u30ae\u30bf\u30ea\u30b9\u30c8\u3068\u3057\u3066\u7d39\u4ecb\u3002\u30da\u30d4\u30fc\u30c8\u30fb\u30e2\u30f3\u30c8\u30a4\u30fc\u30bf\u306f\u3001\u30d0\u30a4\u30e9\u30aa\u30fc\u30e9\u3067\u30ab\u30f3\u30bf\u30aa\u30fc\u30e9\u306e\u5b6b\u5a18\u30e9\u30fb\u30e2\u30f3\u30c6\u30a3\u30fc\u30ea\u30e3\uff082\uff09\u3068\u767b\u5834\u3002\u30a2\u30b0\u30b9\u30c6\u30a3\u30f3\u30fb\u30ab\u30eb\u30dc\u30cd\u30eb\u201c\u30a8\u30eb\u30fb\u30dc\u30e9\u201d\u306f\u4e8c\u4eba\u306e\u5b6b\uff082\u6b73\u30685\u6b73\uff09\u3068\u5171\u6f14\u3001\u3044\u305a\u308c\u3082\u6253\u697d\u5668\u594f\u8005\u3067\u3059\u3002\u30e9\u30d5\u30a3\u30fc\u30bf\u30fb\u30c7\u30fb\u30de\u30c9\u30ea\u30fc\u30c9\u306f\u30015\u6b73\u30017\u6b73\u300113\u6b73\u306e\u606f\u5b50\u9054\u3068\u51fa\u6f14\u3001\u6b21\u7537\u3068\u4e09\u7537\u306f\u30ab\u30f3\u30bf\u30aa\u30fc\u30eb\u3001\u9577\u7537\u306f\u6253\u697d\u5668\u594f\u3092\u62c5\u5f53\u3002\u30a2\u30a6\u30ed\u30e9\u30fb\u30ed\u30b5\u30c0\u306f\u3001\u30ab\u30f3\u30bf\u30aa\u30fc\u30e9\u5a18\u306e\u30c1\u30a7\u30ce\u30a2\uff0812\uff09\u3068\u767b\u5834\u3002<\/p>\n<p>\u4ed6\u306b\u3082\u3001\u3053\u306e\u30d7\u30ed\u30b8\u30a7\u30af\u30c8\u3067\u306f\u3001\u30c7\u30a3\u30a8\u30b4\u30fb\u30a8\u30eb\u30fb\u30b7\u30ac\u30e9\u3001\u30a8\u30eb\u30fb\u30cd\u30b0\u30ea\u3001\u30ab\u30eb\u30ed\u30b9\u30fb\u30ad\u30ed\u30fc\u30b9\u3001\u30a8\u30eb\u30fb\u30e2\u30ea\u30fc\u30c8\u3001\u30a8\u30eb\u30fb\u30e2\u30f3\u30c6\u30a3\u3001\u30a2\u30f3\u30c8\u30cb\u30aa\u30fb\u30a4\u30f3\u30b2\u30bf\u3001\u30a4\u30b5\u30c3\u30af\u30fb\u30c7\u30fb\u30ed\u30b9\u30fb\u30ec\u30a4\u30a7\u30b9\u3001\u30cb\u30ce\u30fb\u30c7\u30fb\u30ed\u30b9\u30fb\u30ec\u30a4\u30a7\u30b9\u3001\u30b1\u30ea\u30a2\u30f3\uff65\u30d2\u30e1\u30f3\u30b9\u3001\u30ad\u30ea\u30ce\u30fb\u30d2\u30e1\u30cd\u30b9\u3001\u30a8\u30eb\u30fb\u30a8\u30f3\u30c8\u30ea\u3092\u306f\u3058\u3081\u3068\u3059\u308b\u30d5\u30e9\u30e1\u30f3\u30b3\u306e\u5927\u7269\u306b\u3082\u53c2\u52a0\u3044\u305f\u3060\u3044\u304d\u307e\u3057\u305f\u3002<\/p>","protected":false},"excerpt":{"rendered":"\u30d5\u30e9\u30e1\u30f3\u30b3\u82b8\u8853\u306e\u666e\u53ca\u3092\u76ee\u6307\u3057\u3066 \u30ab\u30eb\u30c0\u30e2\u30e2\u8ca1\u56e3\u306f\u3001\u3042\u3089\u3086\u308b\u5e74\u9f62\u5c64\u3084\u7acb\u5834\u306e\u89b3\u5ba2\u306e\u9593\u3067\u30d5\u30e9\u30e1\u30f3\u30b3\u82b8\u8853\u3092\u632f\u8208\u3059\u308b\u3053\u3068\u3092\u76ee\u7684\u3068\u3057\u3066\u3001\u8a2d\u7acb\u3055\u308c\u307e\u3057\u305f\u3002\u65b0\u9032\u306e\u82e5\u624b\u30a2\u30fc\u30c6\u30a3\u30b9\u30c8\u3068\u5c06\u6765\u30a2\u30fc\u30c6\u30a3\u30b9\u30c8\u3092\u76ee\u6307\u3059\u5b50\u4f9b\u305f\u3061\u304c\u3001\u73fe\u6642\u70b9\u3067\u306e\u6210\u679c\u3092\u767a\u8868&#8230;","protected":false},"author":1,"featured_media":156836,"parent":0,"menu_order":10,"comment_status":"closed","ping_status":"closed","template":"","meta":{"_acf_changed":false,"inline_featured_image":false,"footnotes":""},"class_list":["post-99","page","type-page","status-publish","has-post-thumbnail","hentry"],"acf":{"display":"default","hero_intro":"Por la difusi\u00f3n del arte flamenco","hero_heading":"h2","generic_slider":null},"yoast_head":"<!-- This site is optimized with the Yoast SEO plugin v27.1.1 - https:\/\/yoast.com\/product\/yoast-seo-wordpress\/ -->\n<title>Fundaci\u00f3n Caramomo | Cardamomo Tablao Flamenco<\/title>\n<meta name=\"description\" content=\"Es un espacio de encuentro y conocimiento donde artistas nobeles y ni\u00f1os puedan mostrar su trabajo, siendo una motivaci\u00f3n m\u00e1s para que contin\u00faen sus estudios art\u00edsticos.\" \/>\n<meta name=\"robots\" content=\"index, follow, max-snippet:-1, max-image-preview:large, max-video-preview:-1\" \/>\n<link rel=\"canonical\" href=\"\/\" \/>\n<meta property=\"og:locale\" content=\"ja_JP\" \/>\n<meta property=\"og:type\" content=\"article\" \/>\n<meta property=\"og:title\" content=\"Fundaci\u00f3n Caramomo | Cardamomo Tablao Flamenco\" \/>\n<meta property=\"og:description\" content=\"Es un espacio de encuentro y conocimiento donde artistas nobeles y ni\u00f1os puedan mostrar su trabajo, siendo una motivaci\u00f3n m\u00e1s para que contin\u00faen sus estudios art\u00edsticos.\" \/>\n<meta property=\"og:url\" content=\"https:\/\/cardamomo.com\/ja\/fundacion-cardamomo\/\" \/>\n<meta property=\"og:site_name\" content=\"Cardamomo Flamenco Madrid\" \/>\n<meta property=\"article:modified_time\" content=\"2026-01-13T15:26:47+00:00\" \/>\n<meta property=\"og:image\" content=\"https:\/\/cardamomo.ams3.digitaloceanspaces.com\/wp-content\/uploads\/2025\/02\/01153419\/01-fundacion-cardamomo.jpg\" \/>\n\t<meta property=\"og:image:width\" content=\"1920\" \/>\n\t<meta property=\"og:image:height\" content=\"1280\" \/>\n\t<meta property=\"og:image:type\" content=\"image\/jpeg\" \/>\n<meta name=\"twitter:card\" content=\"summary_large_image\" \/>\n<meta name=\"twitter:label1\" content=\"\u63a8\u5b9a\u8aad\u307f\u53d6\u308a\u6642\u9593\" \/>\n\t<meta name=\"twitter:data1\" content=\"1\u5206\" \/>\n<script type=\"application\/ld+json\" class=\"yoast-schema-graph\">{\"@context\":\"https:\/\/schema.org\",\"@graph\":[{\"@type\":\"WebPage\",\"@id\":\"https:\/\/cardamomo.com\/ja\/fundacion-cardamomo\/\",\"url\":\"https:\/\/cardamomo.com\/ja\/fundacion-cardamomo\/\",\"name\":\"Fundaci\u00f3n Caramomo | Cardamomo Tablao Flamenco\",\"isPartOf\":{\"@id\":\"https:\/\/cardamomo.com\/ja\/#website\"},\"primaryImageOfPage\":{\"@id\":\"https:\/\/cardamomo.com\/ja\/fundacion-cardamomo\/#primaryimage\"},\"image\":{\"@id\":\"https:\/\/cardamomo.com\/es\/fundacion-cardamomo\/#primaryimage\"},\"thumbnailUrl\":\"https:\/\/cardamomo.ams3.digitaloceanspaces.com\/wp-content\/uploads\/2025\/02\/01153419\/01-fundacion-cardamomo.jpg\",\"datePublished\":\"2016-06-08T13:57:34+00:00\",\"dateModified\":\"2026-01-13T15:26:47+00:00\",\"description\":\"Es un espacio de encuentro y conocimiento donde artistas nobeles y ni\u00f1os puedan mostrar su trabajo, siendo una motivaci\u00f3n m\u00e1s para que contin\u00faen sus estudios art\u00edsticos.\",\"breadcrumb\":{\"@id\":\"https:\/\/cardamomo.com\/ja\/fundacion-cardamomo\/#breadcrumb\"},\"inLanguage\":\"ja\",\"potentialAction\":[{\"@type\":\"ReadAction\",\"target\":[[\"https:\/\/cardamomo.com\/ja\/fundacion-cardamomo\/\"]]}]},{\"@type\":\"ImageObject\",\"inLanguage\":\"ja\",\"@id\":\"https:\/\/cardamomo.com\/ja\/fundacion-cardamomo\/#primaryimage\",\"url\":\"https:\/\/cardamomo.ams3.digitaloceanspaces.com\/wp-content\/uploads\/2025\/02\/01153419\/01-fundacion-cardamomo.jpg\",\"contentUrl\":\"https:\/\/cardamomo.ams3.digitaloceanspaces.com\/wp-content\/uploads\/2025\/02\/01153419\/01-fundacion-cardamomo.jpg\",\"width\":1920,\"height\":1280,\"caption\":\"Vista del escenario desde el fondo del tablao\"},{\"@type\":\"BreadcrumbList\",\"@id\":\"https:\/\/cardamomo.com\/ja\/fundacion-cardamomo\/#breadcrumb\",\"itemListElement\":[{\"@type\":\"ListItem\",\"position\":1,\"name\":\"Cardamomo\",\"item\":\"https:\/\/cardamomo.com\/ja\/\"},{\"@type\":\"ListItem\",\"position\":2,\"name\":\"Fundaci\u00f3n Cardamomo\"}]},{\"@type\":\"WebSite\",\"@id\":\"https:\/\/cardamomo.com\/ja\/#website\",\"url\":\"https:\/\/cardamomo.com\/ja\/\",\"name\":\"Cardamomo Flamenco Madrid\",\"description\":\"\",\"potentialAction\":[{\"@type\":\"SearchAction\",\"target\":{\"@type\":\"EntryPoint\",\"urlTemplate\":\"https:\/\/cardamomo.com\/ja\/?s={search_term_string}\"},\"query-input\":{\"@type\":\"PropertyValueSpecification\",\"valueRequired\":true,\"valueName\":\"search_term_string\"}}],\"inLanguage\":\"ja\"}]}<\/script>\n<!-- \/ Yoast SEO plugin. -->","yoast_head_json":{"title":"Fundaci\u00f3n Caramomo | Cardamomo Tablao Flamenco","description":"Es un espacio de encuentro y conocimiento donde artistas nobeles y ni\u00f1os puedan mostrar su trabajo, siendo una motivaci\u00f3n m\u00e1s para que contin\u00faen sus estudios art\u00edsticos.","robots":{"index":"index","follow":"follow","max-snippet":"max-snippet:-1","max-image-preview":"max-image-preview:large","max-video-preview":"max-video-preview:-1"},"canonical":"\/","og_locale":"ja_JP","og_type":"article","og_title":"Fundaci\u00f3n Caramomo | Cardamomo Tablao Flamenco","og_description":"Es un espacio de encuentro y conocimiento donde artistas nobeles y ni\u00f1os puedan mostrar su trabajo, siendo una motivaci\u00f3n m\u00e1s para que contin\u00faen sus estudios art\u00edsticos.","og_url":"https:\/\/cardamomo.com\/ja\/fundacion-cardamomo\/","og_site_name":"Cardamomo Flamenco Madrid","article_modified_time":"2026-01-13T15:26:47+00:00","og_image":[{"width":1920,"height":1280,"url":"https:\/\/cardamomo.ams3.digitaloceanspaces.com\/wp-content\/uploads\/2025\/02\/01153419\/01-fundacion-cardamomo.jpg","type":"image\/jpeg"}],"twitter_card":"summary_large_image","twitter_misc":{"\u63a8\u5b9a\u8aad\u307f\u53d6\u308a\u6642\u9593":"1\u5206"},"schema":{"@context":"https:\/\/schema.org","@graph":[{"@type":"WebPage","@id":"https:\/\/cardamomo.com\/ja\/fundacion-cardamomo\/","url":"https:\/\/cardamomo.com\/ja\/fundacion-cardamomo\/","name":"Fundaci\u00f3n Caramomo | Cardamomo Tablao Flamenco","isPartOf":{"@id":"https:\/\/cardamomo.com\/ja\/#website"},"primaryImageOfPage":{"@id":"https:\/\/cardamomo.com\/ja\/fundacion-cardamomo\/#primaryimage"},"image":{"@id":"https:\/\/cardamomo.com\/es\/fundacion-cardamomo\/#primaryimage"},"thumbnailUrl":"https:\/\/cardamomo.ams3.digitaloceanspaces.com\/wp-content\/uploads\/2025\/02\/01153419\/01-fundacion-cardamomo.jpg","datePublished":"2016-06-08T13:57:34+00:00","dateModified":"2026-01-13T15:26:47+00:00","description":"Es un espacio de encuentro y conocimiento donde artistas nobeles y ni\u00f1os puedan mostrar su trabajo, siendo una motivaci\u00f3n m\u00e1s para que contin\u00faen sus estudios art\u00edsticos.","breadcrumb":{"@id":"https:\/\/cardamomo.com\/ja\/fundacion-cardamomo\/#breadcrumb"},"inLanguage":"ja","potentialAction":[{"@type":"ReadAction","target":[["https:\/\/cardamomo.com\/ja\/fundacion-cardamomo\/"]]}]},{"@type":"ImageObject","inLanguage":"ja","@id":"https:\/\/cardamomo.com\/ja\/fundacion-cardamomo\/#primaryimage","url":"https:\/\/cardamomo.ams3.digitaloceanspaces.com\/wp-content\/uploads\/2025\/02\/01153419\/01-fundacion-cardamomo.jpg","contentUrl":"https:\/\/cardamomo.ams3.digitaloceanspaces.com\/wp-content\/uploads\/2025\/02\/01153419\/01-fundacion-cardamomo.jpg","width":1920,"height":1280,"caption":"Vista del escenario desde el fondo del tablao"},{"@type":"BreadcrumbList","@id":"https:\/\/cardamomo.com\/ja\/fundacion-cardamomo\/#breadcrumb","itemListElement":[{"@type":"ListItem","position":1,"name":"Cardamomo","item":"https:\/\/cardamomo.com\/ja\/"},{"@type":"ListItem","position":2,"name":"Fundaci\u00f3n Cardamomo"}]},{"@type":"WebSite","@id":"https:\/\/cardamomo.com\/ja\/#website","url":"https:\/\/cardamomo.com\/ja\/","name":"Cardamomo Flamenco Madrid","description":"","potentialAction":[{"@type":"SearchAction","target":{"@type":"EntryPoint","urlTemplate":"https:\/\/cardamomo.com\/ja\/?s={search_term_string}"},"query-input":{"@type":"PropertyValueSpecification","valueRequired":true,"valueName":"search_term_string"}}],"inLanguage":"ja"}]}},"_links":{"self":[{"href":"https:\/\/cardamomo.com\/ja\/wp-json\/wp\/v2\/pages\/99","targetHints":{"allow":["GET"]}}],"collection":[{"href":"https:\/\/cardamomo.com\/ja\/wp-json\/wp\/v2\/pages"}],"about":[{"href":"https:\/\/cardamomo.com\/ja\/wp-json\/wp\/v2\/types\/page"}],"author":[{"embeddable":true,"href":"https:\/\/cardamomo.com\/ja\/wp-json\/wp\/v2\/users\/1"}],"replies":[{"embeddable":true,"href":"https:\/\/cardamomo.com\/ja\/wp-json\/wp\/v2\/comments?post=99"}],"version-history":[{"count":27,"href":"https:\/\/cardamomo.com\/ja\/wp-json\/wp\/v2\/pages\/99\/revisions"}],"predecessor-version":[{"id":158429,"href":"https:\/\/cardamomo.com\/ja\/wp-json\/wp\/v2\/pages\/99\/revisions\/158429"}],"wp:featuredmedia":[{"embeddable":true,"href":"https:\/\/cardamomo.com\/ja\/wp-json\/wp\/v2\/media\/156836"}],"wp:attachment":[{"href":"https:\/\/cardamomo.com\/ja\/wp-json\/wp\/v2\/media?parent=99"}],"curies":[{"name":"wp","href":"https:\/\/api.w.org\/{rel}","templated":true}]}}