{"id":84,"date":"2024-12-02T15:42:20","date_gmt":"2024-12-02T15:42:20","guid":{"rendered":"http:\/\/cardamomo.local\/?page_id=84"},"modified":"2025-10-21T13:08:51","modified_gmt":"2025-10-21T11:08:51","slug":"contact-location","status":"publish","type":"page","link":"https:\/\/cardamomo.com\/ja\/location-and-contact\/","title":{"rendered":"\u304a\u554f\u3044\u5408\u308f\u305b\uff06\u30a2\u30af\u30bb\u30b9"},"content":{"rendered":"<p>\u30ab\u30eb\u30c0\u30e2\u30e2\u306f\u3001\u30a8\u30c1\u30a7\u30ac\u30e9\u30a4\u901a\u308a15\u756a\u5730\u3001\u4e2d\u5fc3\u5730\u30e9\u30b9\u30fb\u30ec\u30c8\u30e9\u30b9\u5730\u533a\u3001\u30a6\u30a8\u30eb\u30bf\u30b9\u3068\u30b3\u30eb\u30c6\u30b9\u30a8\u30ea\u30a2\u306e\u4e2d\u5fc3\u306b\u4f4d\u7f6e\u3057\u3066\u3044\u307e\u3059\u3002\u30d7\u30a8\u30eb\u30bf\u30fb\u30c7\u30eb\u30fb\u30bd\u30eb\u304b\u3089\u3059\u3050\u306e\u5834\u6240\u3067\u30d5\u30e9\u30e1\u30f3\u30b3\u306e\u751f\u6f14\u594f\u3092\u304a\u697d\u3057\u307f\u3044\u305f\u3060\u3051\u307e\u3059\u3002<\/p>","protected":false},"excerpt":{"rendered":"\u30ab\u30eb\u30c0\u30e2\u30e2\u306f\u3001\u30a8\u30c1\u30a7\u30ac\u30e9\u30a4\u901a\u308a15\u756a\u5730\u3001\u4e2d\u5fc3\u5730\u30e9\u30b9\u30fb\u30ec\u30c8\u30e9\u30b9\u5730\u533a\u3001\u30a6\u30a8\u30eb\u30bf\u30b9\u3068\u30b3\u30eb\u30c6\u30b9\u30a8\u30ea\u30a2\u306e\u4e2d\u5fc3\u306b\u4f4d\u7f6e\u3057\u3066\u3044\u307e\u3059\u3002\u30d7\u30a8\u30eb\u30bf\u30fb\u30c7\u30eb\u30fb\u30bd\u30eb\u304b\u3089\u3059\u3050\u306e\u5834\u6240\u3067\u30d5\u30e9\u30e1\u30f3\u30b3\u306e\u751f\u6f14\u594f\u3092\u304a\u697d\u3057\u307f\u3044\u305f\u3060\u3051\u307e\u3059\u3002","protected":false},"author":1,"featured_media":0,"parent":0,"menu_order":7,"comment_status":"closed","ping_status":"closed","template":"templates\/05-contact.php","meta":{"_acf_changed":false,"inline_featured_image":false,"footnotes":""},"class_list":["post-84","page","type-page","status-publish","hentry"],"acf":{"display":"reduced","hero_intro":"\u00bfC\u00f3mo llegar a Cardamomo <br>Tablao Flamenco?","hero_heading":"h2","generic_slider":null},"yoast_head":"<!-- This site is optimized with the Yoast SEO plugin v27.4 - https:\/\/yoast.com\/product\/yoast-seo-wordpress\/ -->\n<title>Contacto y Localizaci\u00f3n | Cardamomo Tablao Flamenco<\/title>\n<meta name=\"description\" content=\"El tablao Cardamomo se encuentraen el c\u00e9ntrico barrio de Las letras, en el coraz\u00f3n de la zona de Huertas y Cortes, a un paso de la Puerta del Sol.\" \/>\n<meta name=\"robots\" content=\"index, follow, max-snippet:-1, max-image-preview:large, max-video-preview:-1\" \/>\n<link rel=\"canonical\" href=\"\/\" \/>\n<meta property=\"og:locale\" content=\"ja_JP\" \/>\n<meta property=\"og:type\" content=\"article\" \/>\n<meta property=\"og:title\" content=\"Contacto y Localizaci\u00f3n | Cardamomo Tablao Flamenco\" \/>\n<meta property=\"og:description\" content=\"El tablao Cardamomo se encuentraen el c\u00e9ntrico barrio de Las letras, en el coraz\u00f3n de la zona de Huertas y Cortes, a un paso de la Puerta del Sol.\" \/>\n<meta property=\"og:url\" content=\"https:\/\/cardamomo.com\/ja\/contacto-y-localizacion\/\" \/>\n<meta property=\"og:site_name\" content=\"Cardamomo Flamenco Madrid\" \/>\n<meta property=\"article:modified_time\" content=\"2025-10-21T11:08:51+00:00\" \/>\n<meta name=\"twitter:card\" content=\"summary_large_image\" \/>\n<meta name=\"twitter:label1\" content=\"\u63a8\u5b9a\u8aad\u307f\u53d6\u308a\u6642\u9593\" \/>\n\t<meta name=\"twitter:data1\" content=\"1\u5206\" \/>\n<script type=\"application\/ld+json\" class=\"yoast-schema-graph\">{\"@context\":\"https:\\\/\\\/schema.org\",\"@graph\":[{\"@type\":\"WebPage\",\"@id\":\"https:\\\/\\\/cardamomo.com\\\/ja\\\/contacto-y-localizacion\\\/\",\"url\":\"https:\\\/\\\/cardamomo.com\\\/ja\\\/contacto-y-localizacion\\\/\",\"name\":\"Contacto y Localizaci\u00f3n | Cardamomo Tablao Flamenco\",\"isPartOf\":{\"@id\":\"https:\\\/\\\/cardamomo.com\\\/ja\\\/#website\"},\"datePublished\":\"2024-12-02T15:42:20+00:00\",\"dateModified\":\"2025-10-21T11:08:51+00:00\",\"description\":\"El tablao Cardamomo se encuentraen el c\u00e9ntrico barrio de Las letras, en el coraz\u00f3n de la zona de Huertas y Cortes, a un paso de la Puerta del Sol.\",\"breadcrumb\":{\"@id\":\"https:\\\/\\\/cardamomo.com\\\/ja\\\/contacto-y-localizacion\\\/#breadcrumb\"},\"inLanguage\":\"ja\",\"potentialAction\":[{\"@type\":\"ReadAction\",\"target\":[[\"https:\\\/\\\/cardamomo.com\\\/ja\\\/contacto-y-localizacion\\\/\"]]}]},{\"@type\":\"BreadcrumbList\",\"@id\":\"https:\\\/\\\/cardamomo.com\\\/ja\\\/contacto-y-localizacion\\\/#breadcrumb\",\"itemListElement\":[{\"@type\":\"ListItem\",\"position\":1,\"name\":\"Cardamomo\",\"item\":\"https:\\\/\\\/cardamomo.com\\\/ja\\\/\"},{\"@type\":\"ListItem\",\"position\":2,\"name\":\"Contacto y localizaci\u00f3n\"}]},{\"@type\":\"WebSite\",\"@id\":\"https:\\\/\\\/cardamomo.com\\\/ja\\\/#website\",\"url\":\"https:\\\/\\\/cardamomo.com\\\/ja\\\/\",\"name\":\"Cardamomo Flamenco Madrid\",\"description\":\"\",\"potentialAction\":[{\"@type\":\"SearchAction\",\"target\":{\"@type\":\"EntryPoint\",\"urlTemplate\":\"https:\\\/\\\/cardamomo.com\\\/ja\\\/?s={search_term_string}\"},\"query-input\":{\"@type\":\"PropertyValueSpecification\",\"valueRequired\":true,\"valueName\":\"search_term_string\"}}],\"inLanguage\":\"ja\"}]}<\/script>\n<!-- \/ Yoast SEO plugin. -->","yoast_head_json":{"title":"Contacto y Localizaci\u00f3n | Cardamomo Tablao Flamenco","description":"El tablao Cardamomo se encuentraen el c\u00e9ntrico barrio de Las letras, en el coraz\u00f3n de la zona de Huertas y Cortes, a un paso de la Puerta del Sol.","robots":{"index":"index","follow":"follow","max-snippet":"max-snippet:-1","max-image-preview":"max-image-preview:large","max-video-preview":"max-video-preview:-1"},"canonical":"\/","og_locale":"ja_JP","og_type":"article","og_title":"Contacto y Localizaci\u00f3n | Cardamomo Tablao Flamenco","og_description":"El tablao Cardamomo se encuentraen el c\u00e9ntrico barrio de Las letras, en el coraz\u00f3n de la zona de Huertas y Cortes, a un paso de la Puerta del Sol.","og_url":"https:\/\/cardamomo.com\/ja\/contacto-y-localizacion\/","og_site_name":"Cardamomo Flamenco Madrid","article_modified_time":"2025-10-21T11:08:51+00:00","twitter_card":"summary_large_image","twitter_misc":{"\u63a8\u5b9a\u8aad\u307f\u53d6\u308a\u6642\u9593":"1\u5206"},"schema":{"@context":"https:\/\/schema.org","@graph":[{"@type":"WebPage","@id":"https:\/\/cardamomo.com\/ja\/contacto-y-localizacion\/","url":"https:\/\/cardamomo.com\/ja\/contacto-y-localizacion\/","name":"Contacto y Localizaci\u00f3n | Cardamomo Tablao Flamenco","isPartOf":{"@id":"https:\/\/cardamomo.com\/ja\/#website"},"datePublished":"2024-12-02T15:42:20+00:00","dateModified":"2025-10-21T11:08:51+00:00","description":"El tablao Cardamomo se encuentraen el c\u00e9ntrico barrio de Las letras, en el coraz\u00f3n de la zona de Huertas y Cortes, a un paso de la Puerta del Sol.","breadcrumb":{"@id":"https:\/\/cardamomo.com\/ja\/contacto-y-localizacion\/#breadcrumb"},"inLanguage":"ja","potentialAction":[{"@type":"ReadAction","target":[["https:\/\/cardamomo.com\/ja\/contacto-y-localizacion\/"]]}]},{"@type":"BreadcrumbList","@id":"https:\/\/cardamomo.com\/ja\/contacto-y-localizacion\/#breadcrumb","itemListElement":[{"@type":"ListItem","position":1,"name":"Cardamomo","item":"https:\/\/cardamomo.com\/ja\/"},{"@type":"ListItem","position":2,"name":"Contacto y localizaci\u00f3n"}]},{"@type":"WebSite","@id":"https:\/\/cardamomo.com\/ja\/#website","url":"https:\/\/cardamomo.com\/ja\/","name":"Cardamomo Flamenco Madrid","description":"","potentialAction":[{"@type":"SearchAction","target":{"@type":"EntryPoint","urlTemplate":"https:\/\/cardamomo.com\/ja\/?s={search_term_string}"},"query-input":{"@type":"PropertyValueSpecification","valueRequired":true,"valueName":"search_term_string"}}],"inLanguage":"ja"}]}},"_links":{"self":[{"href":"https:\/\/cardamomo.com\/ja\/wp-json\/wp\/v2\/pages\/84","targetHints":{"allow":["GET"]}}],"collection":[{"href":"https:\/\/cardamomo.com\/ja\/wp-json\/wp\/v2\/pages"}],"about":[{"href":"https:\/\/cardamomo.com\/ja\/wp-json\/wp\/v2\/types\/page"}],"author":[{"embeddable":true,"href":"https:\/\/cardamomo.com\/ja\/wp-json\/wp\/v2\/users\/1"}],"replies":[{"embeddable":true,"href":"https:\/\/cardamomo.com\/ja\/wp-json\/wp\/v2\/comments?post=84"}],"version-history":[{"count":8,"href":"https:\/\/cardamomo.com\/ja\/wp-json\/wp\/v2\/pages\/84\/revisions"}],"predecessor-version":[{"id":157856,"href":"https:\/\/cardamomo.com\/ja\/wp-json\/wp\/v2\/pages\/84\/revisions\/157856"}],"wp:attachment":[{"href":"https:\/\/cardamomo.com\/ja\/wp-json\/wp\/v2\/media?parent=84"}],"curies":[{"name":"wp","href":"https:\/\/api.w.org\/{rel}","templated":true}]}}