{"id":74017,"date":"2019-11-27T13:46:46","date_gmt":"2019-11-27T12:46:46","guid":{"rendered":"https:\/\/cardamomo.com\/es\/?page_id=74017"},"modified":"2024-12-17T11:50:40","modified_gmt":"2024-12-17T11:50:40","slug":"cardamomo-tv","status":"publish","type":"page","link":"https:\/\/cardamomo.com\/ja\/cardamomo-tv\/","title":{"rendered":"Cardamomo TV"},"content":{"rendered":"<p class=\"qtranxs-available-languages-message qtranxs-available-languages-message-ja\">\u7533\u3057\u8a33\u3042\u308a\u307e\u305b\u3093\u3001\u3053\u306e\u30b3\u30f3\u30c6\u30f3\u30c4\u306f\u305f\u3060\u4eca\u3000<a href=\"https:\/\/cardamomo.com\/es\/wp-json\/wp\/v2\/pages\/74017\" class=\"qtranxs-available-language-link qtranxs-available-language-link-es\" title=\"Espa\u00f1ol\">Espa\u00f1ol<\/a>\u3068 <a href=\"https:\/\/cardamomo.com\/en\/wp-json\/wp\/v2\/pages\/74017\" class=\"qtranxs-available-language-link qtranxs-available-language-link-en\" title=\"English\">English<\/a>\u3000\u306e\u307f\u3067\u3059\u3002<\/p><p><\/p>\n<h3>Disfruta del flamenco mientras nosotros nos encargamos de todo lo dem\u00e1s<\/h3>\n<p>Cardamomo es un tablao flamenco donde todos los p\u00fablicos son bienvenidos para sentir y disfrutar de la pasi\u00f3n del verdadero arte flamenco que tanto nos une y emociona. Ideal para acudir con ni\u00f1os, Cardamomo es un espacio libre de humos con la \u00fanica intenci\u00f3n de cautivar y desbordar con arte flamenco al espectador.<\/p>","protected":false},"excerpt":{"rendered":"\u7533\u3057\u8a33\u3042\u308a\u307e\u305b\u3093\u3001\u3053\u306e\u30b3\u30f3\u30c6\u30f3\u30c4\u306f\u305f\u3060\u4eca\u3000Espa\u00f1ol\u3068 English\u3000\u306e\u307f\u3067\u3059\u3002 Disfruta del flamenco mientras nosotros nos encargamos de todo lo &#8230;","protected":false},"author":1,"featured_media":0,"parent":0,"menu_order":30,"comment_status":"closed","ping_status":"closed","template":"","meta":{"_acf_changed":false,"inline_featured_image":false,"footnotes":""},"class_list":["post-74017","page","type-page","status-publish","hentry"],"acf":{"display":"","hero_intro":"","hero_heading":false,"generic_slider":null},"yoast_head":"<!-- This site is optimized with the Yoast SEO plugin v27.1.1 - https:\/\/yoast.com\/product\/yoast-seo-wordpress\/ -->\n<title>Cardamomo TV - Cardamomo Flamenco Madrid<\/title>\n<meta name=\"robots\" content=\"index, follow, max-snippet:-1, max-image-preview:large, max-video-preview:-1\" \/>\n<link rel=\"canonical\" href=\"\/\" \/>\n<meta property=\"og:locale\" content=\"ja_JP\" \/>\n<meta property=\"og:type\" content=\"article\" \/>\n<meta property=\"og:title\" content=\"Cardamomo TV - Cardamomo Flamenco Madrid\" \/>\n<meta property=\"og:description\" content=\"\u7533\u3057\u8a33\u3042\u308a\u307e\u305b\u3093\u3001\u3053\u306e\u30b3\u30f3\u30c6\u30f3\u30c4\u306f\u305f\u3060\u4eca\u3000Espa\u00f1ol\u3068 English\u3000\u306e\u307f\u3067\u3059\u3002 Disfruta del flamenco mientras nosotros nos encargamos de todo lo ...\" \/>\n<meta property=\"og:url\" content=\"https:\/\/cardamomo.com\/ja\/cardamomo-tv\/\" \/>\n<meta property=\"og:site_name\" content=\"Cardamomo Flamenco Madrid\" \/>\n<meta property=\"article:modified_time\" content=\"2024-12-17T11:50:40+00:00\" \/>\n<meta name=\"twitter:card\" content=\"summary_large_image\" \/>\n<meta name=\"twitter:label1\" content=\"\u63a8\u5b9a\u8aad\u307f\u53d6\u308a\u6642\u9593\" \/>\n\t<meta name=\"twitter:data1\" content=\"1\u5206\" \/>\n<script type=\"application\/ld+json\" class=\"yoast-schema-graph\">{\"@context\":\"https:\/\/schema.org\",\"@graph\":[{\"@type\":\"WebPage\",\"@id\":\"https:\/\/cardamomo.com\/ja\/cardamomo-tv\/\",\"url\":\"https:\/\/cardamomo.com\/ja\/cardamomo-tv\/\",\"name\":\"Cardamomo TV - Cardamomo Flamenco Madrid\",\"isPartOf\":{\"@id\":\"https:\/\/cardamomo.com\/ja\/#website\"},\"datePublished\":\"2019-11-27T12:46:46+00:00\",\"dateModified\":\"2024-12-17T11:50:40+00:00\",\"breadcrumb\":{\"@id\":\"https:\/\/cardamomo.com\/ja\/cardamomo-tv\/#breadcrumb\"},\"inLanguage\":\"ja\",\"potentialAction\":[{\"@type\":\"ReadAction\",\"target\":[[\"https:\/\/cardamomo.com\/ja\/cardamomo-tv\/\"]]}]},{\"@type\":\"BreadcrumbList\",\"@id\":\"https:\/\/cardamomo.com\/ja\/cardamomo-tv\/#breadcrumb\",\"itemListElement\":[{\"@type\":\"ListItem\",\"position\":1,\"name\":\"Cardamomo\",\"item\":\"https:\/\/cardamomo.com\/ja\/\"},{\"@type\":\"ListItem\",\"position\":2,\"name\":\"Cardamomo TV\"}]},{\"@type\":\"WebSite\",\"@id\":\"https:\/\/cardamomo.com\/ja\/#website\",\"url\":\"https:\/\/cardamomo.com\/ja\/\",\"name\":\"Cardamomo Flamenco Madrid\",\"description\":\"\",\"potentialAction\":[{\"@type\":\"SearchAction\",\"target\":{\"@type\":\"EntryPoint\",\"urlTemplate\":\"https:\/\/cardamomo.com\/ja\/?s={search_term_string}\"},\"query-input\":{\"@type\":\"PropertyValueSpecification\",\"valueRequired\":true,\"valueName\":\"search_term_string\"}}],\"inLanguage\":\"ja\"}]}<\/script>\n<!-- \/ Yoast SEO plugin. -->","yoast_head_json":{"title":"Cardamomo TV - Cardamomo Flamenco Madrid","robots":{"index":"index","follow":"follow","max-snippet":"max-snippet:-1","max-image-preview":"max-image-preview:large","max-video-preview":"max-video-preview:-1"},"canonical":"\/","og_locale":"ja_JP","og_type":"article","og_title":"Cardamomo TV - Cardamomo Flamenco Madrid","og_description":"\u7533\u3057\u8a33\u3042\u308a\u307e\u305b\u3093\u3001\u3053\u306e\u30b3\u30f3\u30c6\u30f3\u30c4\u306f\u305f\u3060\u4eca\u3000Espa\u00f1ol\u3068 English\u3000\u306e\u307f\u3067\u3059\u3002 Disfruta del flamenco mientras nosotros nos encargamos de todo lo ...","og_url":"https:\/\/cardamomo.com\/ja\/cardamomo-tv\/","og_site_name":"Cardamomo Flamenco Madrid","article_modified_time":"2024-12-17T11:50:40+00:00","twitter_card":"summary_large_image","twitter_misc":{"\u63a8\u5b9a\u8aad\u307f\u53d6\u308a\u6642\u9593":"1\u5206"},"schema":{"@context":"https:\/\/schema.org","@graph":[{"@type":"WebPage","@id":"https:\/\/cardamomo.com\/ja\/cardamomo-tv\/","url":"https:\/\/cardamomo.com\/ja\/cardamomo-tv\/","name":"Cardamomo TV - Cardamomo Flamenco Madrid","isPartOf":{"@id":"https:\/\/cardamomo.com\/ja\/#website"},"datePublished":"2019-11-27T12:46:46+00:00","dateModified":"2024-12-17T11:50:40+00:00","breadcrumb":{"@id":"https:\/\/cardamomo.com\/ja\/cardamomo-tv\/#breadcrumb"},"inLanguage":"ja","potentialAction":[{"@type":"ReadAction","target":[["https:\/\/cardamomo.com\/ja\/cardamomo-tv\/"]]}]},{"@type":"BreadcrumbList","@id":"https:\/\/cardamomo.com\/ja\/cardamomo-tv\/#breadcrumb","itemListElement":[{"@type":"ListItem","position":1,"name":"Cardamomo","item":"https:\/\/cardamomo.com\/ja\/"},{"@type":"ListItem","position":2,"name":"Cardamomo TV"}]},{"@type":"WebSite","@id":"https:\/\/cardamomo.com\/ja\/#website","url":"https:\/\/cardamomo.com\/ja\/","name":"Cardamomo Flamenco Madrid","description":"","potentialAction":[{"@type":"SearchAction","target":{"@type":"EntryPoint","urlTemplate":"https:\/\/cardamomo.com\/ja\/?s={search_term_string}"},"query-input":{"@type":"PropertyValueSpecification","valueRequired":true,"valueName":"search_term_string"}}],"inLanguage":"ja"}]}},"_links":{"self":[{"href":"https:\/\/cardamomo.com\/ja\/wp-json\/wp\/v2\/pages\/74017","targetHints":{"allow":["GET"]}}],"collection":[{"href":"https:\/\/cardamomo.com\/ja\/wp-json\/wp\/v2\/pages"}],"about":[{"href":"https:\/\/cardamomo.com\/ja\/wp-json\/wp\/v2\/types\/page"}],"author":[{"embeddable":true,"href":"https:\/\/cardamomo.com\/ja\/wp-json\/wp\/v2\/users\/1"}],"replies":[{"embeddable":true,"href":"https:\/\/cardamomo.com\/ja\/wp-json\/wp\/v2\/comments?post=74017"}],"version-history":[{"count":0,"href":"https:\/\/cardamomo.com\/ja\/wp-json\/wp\/v2\/pages\/74017\/revisions"}],"wp:attachment":[{"href":"https:\/\/cardamomo.com\/ja\/wp-json\/wp\/v2\/media?parent=74017"}],"curies":[{"name":"wp","href":"https:\/\/api.w.org\/{rel}","templated":true}]}}