{"id":41149,"date":"2018-01-24T07:27:27","date_gmt":"2018-01-24T06:27:27","guid":{"rendered":"https:\/\/cardamomo.com\/es\/?page_id=41149"},"modified":"2024-12-17T12:38:58","modified_gmt":"2024-12-17T12:38:58","slug":"proteccion-de-datos","status":"publish","type":"page","link":"https:\/\/cardamomo.com\/ja\/proteccion-de-datos\/","title":{"rendered":"\u00bf?Protecci\u00f3n de datos"},"content":{"rendered":"<p class=\"qtranxs-available-languages-message qtranxs-available-languages-message-ja\">\u7533\u3057\u8a33\u3042\u308a\u307e\u305b\u3093\u3001\u3053\u306e\u30b3\u30f3\u30c6\u30f3\u30c4\u306f\u305f\u3060\u4eca\u3000<a href=\"https:\/\/cardamomo.com\/es\/wp-json\/wp\/v2\/pages\/41149\" class=\"qtranxs-available-language-link qtranxs-available-language-link-es\" title=\"Espa\u00f1ol\">Espa\u00f1ol<\/a>\u3000\u306e\u307f\u3067\u3059\u3002<\/p><p><strong>PROTECCI\u00d3N DE DATOS<\/strong><\/p>\n<p>De conformidad con lo establecido en el Art. 5 de la Ley Org\u00e1nica 15\/1999 de diciembre de Protecci\u00f3n de Datos de Car\u00e1cter Personal, por el que se regula el derecho de informaci\u00f3n en la recogida de datos le informamos de los siguientes extremos:<\/p>\n<p>&#8211;\u00a0\u00a0\u00a0\u00a0\u00a0\u00a0Los datos de car\u00e1cter personal que nos ha suministrado en esta y otras comunicaciones mantenidas con usted ser\u00e1n objeto de tratamiento en los ficheros responsabilidad de\u00a0<strong>Proyectos Cinco Hermanos S.L.<\/strong><\/p>\n<p>&#8211;\u00a0\u00a0\u00a0\u00a0\u00a0\u00a0La finalidad del tratamiento es la de gestionar de forma adecuada la prestaci\u00f3n del servicio que nos ha requerido. Asimismo estos datos no ser\u00e1n cedidos a terceros, salvo las cesiones legalmente permitidas.<\/p>\n<p>&#8211;\u00a0\u00a0\u00a0\u00a0\u00a0\u00a0Los datos solicitados a trav\u00e9s de esta y otras comunicaciones son de suministro obligatorio para la prestaci\u00f3n del servicio. Estos son adecuados, pertinentes y no excesivos.<\/p>\n<p>&#8211;\u00a0\u00a0\u00a0\u00a0\u00a0\u00a0Su negativa a suministrar los datos solicitados implica la imposibilidad de prestarle el servicio.<\/p>\n<p>&#8211;\u00a0\u00a0\u00a0\u00a0\u00a0\u00a0Asimismo, le informamos de la posibilidad de ejercitar los correspondiente derechos de acceso, rectificaci\u00f3n, cancelaci\u00f3n y oposici\u00f3n de conformidad con lo establecido en la Ley 15\/1999 ante Proyectos Cinco Hermanos S.L. como responsables del fichero.\u00a0<strong>Los derechos mencionados los puede ejercitar a trav\u00e9s de los siguientes medios: Oficina de Proyectos Cinco Hermanos C\/ Echegaray 15 o contactando por medio de nuestro formulario de contacto general.<\/strong><\/p>","protected":false},"excerpt":{"rendered":"\u7533\u3057\u8a33\u3042\u308a\u307e\u305b\u3093\u3001\u3053\u306e\u30b3\u30f3\u30c6\u30f3\u30c4\u306f\u305f\u3060\u4eca\u3000Espa\u00f1ol\u3000\u306e\u307f\u3067\u3059\u3002PROTECCI\u00d3N DE DATOS De conformidad con lo establecido en el Art. 5 de la Ley&#8230;","protected":false},"author":1,"featured_media":0,"parent":0,"menu_order":23,"comment_status":"closed","ping_status":"closed","template":"","meta":{"_acf_changed":false,"inline_featured_image":false,"footnotes":""},"class_list":["post-41149","page","type-page","status-publish","hentry"],"acf":{"display":"","hero_intro":"","hero_heading":false,"generic_slider":null},"yoast_head":"<!-- This site is optimized with the Yoast SEO plugin v27.1.1 - https:\/\/yoast.com\/product\/yoast-seo-wordpress\/ -->\n<title>\u00bf?Protecci\u00f3n de datos - Cardamomo Flamenco Madrid<\/title>\n<meta name=\"robots\" content=\"noindex, follow\" \/>\n<meta property=\"og:locale\" content=\"ja_JP\" \/>\n<meta property=\"og:type\" content=\"article\" \/>\n<meta property=\"og:title\" content=\"\u00bf?Protecci\u00f3n de datos - Cardamomo Flamenco Madrid\" \/>\n<meta property=\"og:description\" content=\"\u7533\u3057\u8a33\u3042\u308a\u307e\u305b\u3093\u3001\u3053\u306e\u30b3\u30f3\u30c6\u30f3\u30c4\u306f\u305f\u3060\u4eca\u3000Espa\u00f1ol\u3000\u306e\u307f\u3067\u3059\u3002PROTECCI\u00d3N DE DATOS De conformidad con lo establecido en el Art. 5 de la Ley...\" \/>\n<meta property=\"og:url\" content=\"https:\/\/cardamomo.com\/ja\/proteccion-de-datos\/\" \/>\n<meta property=\"og:site_name\" content=\"Cardamomo Flamenco Madrid\" \/>\n<meta property=\"article:modified_time\" content=\"2024-12-17T12:38:58+00:00\" \/>\n<meta name=\"twitter:card\" content=\"summary_large_image\" \/>\n<meta name=\"twitter:label1\" content=\"\u63a8\u5b9a\u8aad\u307f\u53d6\u308a\u6642\u9593\" \/>\n\t<meta name=\"twitter:data1\" content=\"1\u5206\" \/>\n<script type=\"application\/ld+json\" class=\"yoast-schema-graph\">{\"@context\":\"https:\/\/schema.org\",\"@graph\":[{\"@type\":\"WebPage\",\"@id\":\"https:\/\/cardamomo.com\/ja\/proteccion-de-datos\/\",\"url\":\"https:\/\/cardamomo.com\/ja\/proteccion-de-datos\/\",\"name\":\"\u00bf?Protecci\u00f3n de datos - Cardamomo Flamenco Madrid\",\"isPartOf\":{\"@id\":\"https:\/\/cardamomo.com\/ja\/#website\"},\"datePublished\":\"2018-01-24T06:27:27+00:00\",\"dateModified\":\"2024-12-17T12:38:58+00:00\",\"breadcrumb\":{\"@id\":\"https:\/\/cardamomo.com\/ja\/proteccion-de-datos\/#breadcrumb\"},\"inLanguage\":\"ja\",\"potentialAction\":[{\"@type\":\"ReadAction\",\"target\":[[\"https:\/\/cardamomo.com\/ja\/proteccion-de-datos\/\"]]}]},{\"@type\":\"BreadcrumbList\",\"@id\":\"https:\/\/cardamomo.com\/ja\/proteccion-de-datos\/#breadcrumb\",\"itemListElement\":[{\"@type\":\"ListItem\",\"position\":1,\"name\":\"Cardamomo\",\"item\":\"https:\/\/cardamomo.com\/ja\/\"},{\"@type\":\"ListItem\",\"position\":2,\"name\":\"\u00bf?Protecci\u00f3n de datos\"}]},{\"@type\":\"WebSite\",\"@id\":\"https:\/\/cardamomo.com\/ja\/#website\",\"url\":\"https:\/\/cardamomo.com\/ja\/\",\"name\":\"Cardamomo Flamenco Madrid\",\"description\":\"\",\"potentialAction\":[{\"@type\":\"SearchAction\",\"target\":{\"@type\":\"EntryPoint\",\"urlTemplate\":\"https:\/\/cardamomo.com\/ja\/?s={search_term_string}\"},\"query-input\":{\"@type\":\"PropertyValueSpecification\",\"valueRequired\":true,\"valueName\":\"search_term_string\"}}],\"inLanguage\":\"ja\"}]}<\/script>\n<!-- \/ Yoast SEO plugin. -->","yoast_head_json":{"title":"\u00bf?Protecci\u00f3n de datos - Cardamomo Flamenco Madrid","robots":{"index":"noindex","follow":"follow"},"og_locale":"ja_JP","og_type":"article","og_title":"\u00bf?Protecci\u00f3n de datos - Cardamomo Flamenco Madrid","og_description":"\u7533\u3057\u8a33\u3042\u308a\u307e\u305b\u3093\u3001\u3053\u306e\u30b3\u30f3\u30c6\u30f3\u30c4\u306f\u305f\u3060\u4eca\u3000Espa\u00f1ol\u3000\u306e\u307f\u3067\u3059\u3002PROTECCI\u00d3N DE DATOS De conformidad con lo establecido en el Art. 5 de la Ley...","og_url":"https:\/\/cardamomo.com\/ja\/proteccion-de-datos\/","og_site_name":"Cardamomo Flamenco Madrid","article_modified_time":"2024-12-17T12:38:58+00:00","twitter_card":"summary_large_image","twitter_misc":{"\u63a8\u5b9a\u8aad\u307f\u53d6\u308a\u6642\u9593":"1\u5206"},"schema":{"@context":"https:\/\/schema.org","@graph":[{"@type":"WebPage","@id":"https:\/\/cardamomo.com\/ja\/proteccion-de-datos\/","url":"https:\/\/cardamomo.com\/ja\/proteccion-de-datos\/","name":"\u00bf?Protecci\u00f3n de datos - Cardamomo Flamenco Madrid","isPartOf":{"@id":"https:\/\/cardamomo.com\/ja\/#website"},"datePublished":"2018-01-24T06:27:27+00:00","dateModified":"2024-12-17T12:38:58+00:00","breadcrumb":{"@id":"https:\/\/cardamomo.com\/ja\/proteccion-de-datos\/#breadcrumb"},"inLanguage":"ja","potentialAction":[{"@type":"ReadAction","target":[["https:\/\/cardamomo.com\/ja\/proteccion-de-datos\/"]]}]},{"@type":"BreadcrumbList","@id":"https:\/\/cardamomo.com\/ja\/proteccion-de-datos\/#breadcrumb","itemListElement":[{"@type":"ListItem","position":1,"name":"Cardamomo","item":"https:\/\/cardamomo.com\/ja\/"},{"@type":"ListItem","position":2,"name":"\u00bf?Protecci\u00f3n de datos"}]},{"@type":"WebSite","@id":"https:\/\/cardamomo.com\/ja\/#website","url":"https:\/\/cardamomo.com\/ja\/","name":"Cardamomo Flamenco Madrid","description":"","potentialAction":[{"@type":"SearchAction","target":{"@type":"EntryPoint","urlTemplate":"https:\/\/cardamomo.com\/ja\/?s={search_term_string}"},"query-input":{"@type":"PropertyValueSpecification","valueRequired":true,"valueName":"search_term_string"}}],"inLanguage":"ja"}]}},"_links":{"self":[{"href":"https:\/\/cardamomo.com\/ja\/wp-json\/wp\/v2\/pages\/41149","targetHints":{"allow":["GET"]}}],"collection":[{"href":"https:\/\/cardamomo.com\/ja\/wp-json\/wp\/v2\/pages"}],"about":[{"href":"https:\/\/cardamomo.com\/ja\/wp-json\/wp\/v2\/types\/page"}],"author":[{"embeddable":true,"href":"https:\/\/cardamomo.com\/ja\/wp-json\/wp\/v2\/users\/1"}],"replies":[{"embeddable":true,"href":"https:\/\/cardamomo.com\/ja\/wp-json\/wp\/v2\/comments?post=41149"}],"version-history":[{"count":0,"href":"https:\/\/cardamomo.com\/ja\/wp-json\/wp\/v2\/pages\/41149\/revisions"}],"wp:attachment":[{"href":"https:\/\/cardamomo.com\/ja\/wp-json\/wp\/v2\/media?parent=41149"}],"curies":[{"name":"wp","href":"https:\/\/api.w.org\/{rel}","templated":true}]}}