{"id":115,"date":"2016-06-09T09:30:13","date_gmt":"2016-06-09T09:30:13","guid":{"rendered":"http:\/\/cardamomo.local\/?page_id=115"},"modified":"2024-12-25T14:52:26","modified_gmt":"2024-12-25T14:52:26","slug":"politica-de-cookies","status":"publish","type":"page","link":"https:\/\/cardamomo.com\/ja\/cookie%e3%81%ab%e9%96%a2%e3%81%99%e3%82%8b%e3%83%9d%e3%83%aa%e3%82%b7%e3%83%bc\/","title":{"rendered":"Cookie\u306b\u95a2\u3059\u308b\u30dd\u30ea\u30b7\u30fc"},"content":{"rendered":"<p><\/p>\n<h3>Cookie\u306b\u95a2\u3059\u308b\u30dd\u30ea\u30b7\u30fc<\/h3>\n<p>\u30af\u30c3\u30ad\u30fc\uff08Cookie\uff09\u3068\u306f\u3001\u307b\u3068\u3093\u3069\u3059\u3079\u3066\u306e\u30a6\u30a7\u30d6\u30da\u30fc\u30b8\u306b\u30a2\u30af\u30bb\u30b9\u3059\u308b\u969b\u3001\u304a\u4f7f\u3044\u306e\u30d6\u30e9\u30f3\u30b6\u306b\u8a18\u9332\u3055\u308c\u308b\u5c0f\u3055\u306a\u30c6\u30ad\u30b9\u30c8\u30d5\u30a1\u30a4\u30eb\u3067\u3059\u3002\u30af\u30c3\u30ad\u30fc\u306f\u3001\u6b21\u56de\u30a6\u30a7\u30d6\u30da\u30fc\u30b8\u3092\u95b2\u89a7\u3044\u305f\u3060\u304f\u969b\u3001\u305d\u306e\u30da\u30fc\u30b8\u304c\u304a\u5ba2\u69d8\u306e\u30a2\u30af\u30bb\u30b9\u5c65\u6b74\u3092\u53c2\u7167\u3067\u304d\u308b\u3088\u3046\u306b\u3059\u308b\u306e\u306b\u5f79\u7acb\u3061\u307e\u3059\u3002\u30af\u30c3\u30ad\u30fc\u306f\u3001\u901a\u5e38\u3001\u6280\u8853\u7684\u306a\u60c5\u5831\u3001\u500b\u4eba\u306e\u597d\u307f\u3001\u30b3\u30f3\u30c6\u30f3\u30c4\u306e\u30ab\u30b9\u30bf\u30de\u30a4\u30ba\u5316\u3001\u5229\u7528\u306b\u95a2\u3059\u308b\u7d71\u8a08\u3001\u30bd\u30fc\u30b7\u30e3\u30eb\u30cd\u30c3\u30c8\u30ef\u30fc\u30af\u3078\u306e\u30ea\u30f3\u30af\u3001\u30e6\u30fc\u30b6\u30fc\u30a2\u30ab\u30a6\u30f3\u30c8\u3078\u306e\u30a2\u30af\u30bb\u30b9\u7b49\u306b\u95a2\u3059\u308b\u60c5\u5831\u3092\u4fdd\u5b58\u3057\u307e\u3059\u3002\u30af\u30c3\u30ad\u30fc\u306e\u76ee\u7684\u306f\u3001\u30a6\u30a7\u30d6\u30da\u30fc\u30b8\u306e\u30b3\u30f3\u30c6\u30f3\u30c4\u3092\u5229\u7528\u8005\u306e\u30d7\u30ed\u30d5\u30a3\u30fc\u30eb\u3084\u30cb\u30fc\u30ba\u306b\u9069\u5408\u3055\u305b\u308b\u3053\u3068\u3067\u3059\u3002\u30af\u30c3\u30ad\u30fc\u3092\u4f7f\u7528\u3057\u306a\u3044\u5834\u5408\u3001\u5404\u30da\u30fc\u30b8\u306e\u30b5\u30fc\u30d3\u30b9\u304c\u8457\u3057\u304f\u4f4e\u4e0b\u3059\u308b\u53ef\u80fd\u6027\u304c\u3042\u308a\u307e\u3059\u3002<\/p>\n<h3>\u5f53\u30a6\u30a7\u30d6\u30b5\u30a4\u30c8\u3067\u4f7f\u7528\u3055\u308c\u308b\u30af\u30c3\u30ad\u30fc<\/h3>\n<p>\u30b9\u30da\u30a4\u30f3\u30c7\u30fc\u30bf\u4fdd\u8b77\u5e81\u306e\u6307\u793a\u306b\u5f93\u3044\u3001\u672c\u30a6\u30a7\u30d6\u30da\u30fc\u30b8\u3067\u767a\u884c\u3055\u308c\u308b\u30af\u30c3\u30ad\u30fc\u306b\u3064\u3044\u3066\u3001\u3067\u304d\u308b\u9650\u308a\u6b63\u78ba\u306a\u60c5\u5831\u3092\u63d0\u4f9b\u3059\u308b\u3053\u3068\u3092\u76ee\u7684\u3068\u3057\u3001\u305d\u306e\u4f7f\u7528\u306b\u3064\u3044\u3066\u8a73\u3057\u304f\u3054\u6848\u5185\u3044\u305f\u3057\u307e\u3059\u3002<\/p>\n<p>\u5f53\u30a6\u30a7\u30d6\u30b5\u30a4\u30c8\u3067\u306f\u3001\u4ee5\u4e0b\u306e\u72ec\u81ea\u306e\u30af\u30c3\u30ad\u30fc\u3092\u4f7f\u7528\u3057\u3066\u304a\u308a\u307e\u3059\u3002<\/p>\n<ul>\n<li>\u30bb\u30c3\u30b7\u30e7\u30f3\u30af\u30c3\u30ad\u30fc\u3002\u30d6\u30ed\u30b0\u306b\u30b3\u30e1\u30f3\u30c8\u3092\u6295\u7a3f\u3059\u308b\u5229\u7528\u8005\u304c\u5b9f\u5728\u306e\u4eba\u7269\u3067\u3042\u308a\u3001\u81ea\u52d5\u64cd\u4f5c\u3055\u308c\u305f\u30a2\u30d7\u30ea\u3067\u306f\u306a\u3044\u3053\u3068\u3092\u4fdd\u8a3c\u3059\u308b\u305f\u3081\u306e\u30af\u30c3\u30ad\u30fc\u3002\u3053\u308c\u306b\u3088\u308a\u3001\u30b9\u30d1\u30e0\u3092\u9632\u6b62\u3057\u307e\u3059\u3002<\/li>\n<\/ul>\n<p>\u5f53\u30a6\u30a7\u30d6\u30b5\u30a4\u30c8\u3067\u306f\u3001\u4ee5\u4e0b\u306e\u7b2c\u4e09\u8005\u306e\u30af\u30c3\u30ad\u30fc\u3092\u4f7f\u7528\u3057\u3066\u304a\u308a\u307e\u3059\u3002<\/p>\n<ul>\n<li>Google \u30a2\u30ca\u30ea\u30c6\u30a3\u30af\u30b9\uff1a\u30af\u30c3\u30ad\u30fc\u3092\u4fdd\u5b58\u3057\u3001\u30a6\u30a7\u30d6\u30da\u30fc\u30b8\u306e\u30c8\u30e9\u30d5\u30a3\u30c3\u30af\u3084\u8a2a\u554f\u91cf\u3092\u96c6\u8a08\u3067\u304d\u308b\u3088\u3046\u306b\u3057\u307e\u3059\u3002\u5f53\u30a6\u30a7\u30d6\u30b5\u30a4\u30c8\u3092\u3054\u5229\u7528\u306e\u969b\u3001Google\u306b\u3088\u308b\u304a\u5ba2\u69d8\u306b\u95a2\u3059\u308b\u60c5\u5831\u51e6\u7406\u306b\u3054\u540c\u610f\u3044\u305f\u3060\u3044\u305f\u3082\u306e\u3068\u3055\u305b\u3066\u3044\u305f\u3060\u304d\u307e\u3059\u3002\u5f93\u3063\u3066\u3001\u3053\u308c\u306b\u95a2\u3059\u308b\u3042\u3089\u3086\u308b\u6a29\u5229\u306e\u884c\u4f7f\u306b\u3064\u3044\u3066\u306f\u3001\u76f4\u63a5Google\u306b\u3054\u9023\u7d61\u304f\u3060\u3055\u3044\u3002<\/li>\n<li>\u30bd\u30fc\u30b7\u30e3\u30eb\u30cd\u30c3\u30c8\u30ef\u30fc\u30af\uff1a\u5404\u30bd\u30fc\u30b7\u30e3\u30eb\u30cd\u30c3\u30c8\u30ef\u30fc\u30af\u306f\u3001\u304a\u5ba2\u69d8\u304c\u300c\u3044\u3044\u306d\u300d\u3084\u300c\u30b7\u30a7\u30a2\u3059\u308b\u300d\u306a\u3069\u306e\u30dc\u30bf\u30f3\u3092\u30af\u30ea\u30c3\u30af\u3067\u304d\u308b\u3088\u3046\u72ec\u81ea\u306e\u30af\u30c3\u30ad\u30fc\u3092\u4f7f\u7528\u3057\u3066\u3044\u307e\u3059\u3002<\/li>\n<\/ul>\n<h3>\u30af\u30c3\u30ad\u30fc\u306e\u7121\u52b9\u307e\u305f\u306f\u524a\u9664<\/h3>\n<p>\u672c\u30a6\u30a7\u30d6\u30b5\u30a4\u30c8\u306e\u30af\u30c3\u30ad\u30fc\u3092\u7121\u52b9\u306b\u3059\u308b\u3001\u307e\u305f\u306f\u524a\u9664\u3059\u308b\u6a29\u5229\u3092\u3044\u3064\u3067\u3082\u884c\u4f7f\u3059\u308b\u3053\u3068\u304c\u3067\u304d\u307e\u3059\u3002\u3053\u308c\u3089\u306e\u5b9f\u884c\u306f\u3001\u304a\u4f7f\u3044\u306e\u30d6\u30e9\u30a6\u30b6\u306b\u3088\u3063\u3066\u8a2d\u5b9a\u65b9\u6cd5\u304c\u7570\u306a\u308a\u307e\u3059\u3002<\/p>\n<h3>\u6ce8\u8a18<\/h3>\n<ul>\n<li>\u672c\u30a6\u30a7\u30d6\u30b5\u30a4\u30c8\u304a\u3088\u3073\u305d\u306e\u6cd5\u5b9a\u4ee3\u7406\u4eba\u306e\u3044\u305a\u308c\u3082\u3001\u672c\u30af\u30c3\u30ad\u30fc\u30dd\u30ea\u30b7\u30fc\u306b\u8a18\u8f09\u3055\u308c\u308b\u7b2c\u4e09\u8005\u304c\u4fdd\u6709\u3059\u308b\u30b3\u30f3\u30c6\u30f3\u30c4\u304a\u3088\u3073\u30d7\u30e9\u30a4\u30d0\u30b7\u30fc\u30dd\u30ea\u30b7\u30fc\u306e\u4fe1\u6191\u6027\u306b\u3064\u3044\u3066\u8cac\u4efb\u3092\u8ca0\u3044\u307e\u305b\u3093\u3002.<\/li>\n<li>\u30a6\u30a7\u30d6\u30d6\u30e9\u30a6\u30b6\u306f\u30af\u30c3\u30ad\u30fc\u306e\u8a18\u61b6\u3092\u62c5\u3046\u30c4\u30fc\u30eb\u3067\u3059\u3002\u30d6\u30e9\u30a6\u30b6\u304b\u3089\u30af\u30c3\u30ad\u30fc\u306e\u524a\u9664\u307e\u305f\u306f\u7121\u52b9\u306e\u6a29\u5229\u3092\u884c\u4f7f\u3057\u3066\u304f\u3060\u3055\u3044\u3002\u672c\u30a6\u30a7\u30d6\u30b5\u30a4\u30c8\u304a\u3088\u3073\u305d\u306e\u6cd5\u5b9a\u4ee3\u7406\u4eba\u306e\u3044\u305a\u308c\u3082\u3001\u524d\u8ff0\u306e\u30d6\u30e9\u30a6\u30b6\u5074\u306b\u3088\u308b\u30af\u30c3\u30ad\u30fc\u306e\u6b63\u3057\u3044\u64cd\u4f5c\u3001\u307e\u305f\u306f\u4e0d\u6b63\u64cd\u4f5c\u306b\u3064\u3044\u3066\u4fdd\u8a3c\u3044\u305f\u3057\u304b\u306d\u307e\u3059\u3002<\/li>\n<li>\u30af\u30c3\u30ad\u30fc\u306e\u4f7f\u7528\u3092\u62d2\u5426\u3059\u308b\u5834\u5408\u3001\u30d6\u30e9\u30a6\u30b6\u304c\u305d\u306e\u6c7a\u5b9a\u3092\u8a18\u61b6\u3059\u308b\u3088\u3046\u30af\u30c3\u30ad\u30fc\u3092\u8a2d\u5b9a\u3057\u306a\u3051\u308c\u3070\u306a\u3089\u306a\u3044\u3053\u3068\u304c\u3042\u308a\u307e\u3059\u3002<\/li>\n<li>IGoogle \u30a2\u30ca\u30ea\u30c6\u30a3\u30af\u30b9\u306e\u30af\u30c3\u30ad\u30fc\u306e\u5834\u5408\u3001\u540c\u793e\u304c\u7c73\u56fd\u306b\u3042\u308b\u30b5\u30fc\u30d0\u30fc\u306b\u30af\u30c3\u30ad\u30fc\u3092\u4fdd\u5b58\u3057\u307e\u3059\u3002\u307e\u305f\u3001\u30b7\u30b9\u30c6\u30e0\u304c\u6a5f\u80fd\u3059\u308b\u305f\u3081\u306b\u5fc5\u8981\u306a\u5834\u5408\u3001\u3082\u3057\u304f\u306f\u6cd5\u306b\u3088\u308a\u7fa9\u52d9\u4ed8\u3051\u3089\u308c\u308b\u5834\u5408\u3092\u9664\u304d\u3001\u7b2c\u4e09\u8005\u3068\u5171\u6709\u3059\u308b\u3053\u3068\u306f\u3042\u308a\u307e\u305b\u3093\u3002Google\u306b\u3088\u308c\u3070\u3001\u540c\u793e\u306f\u304a\u5ba2\u69d8\u306eIP\u30a2\u30c9\u30ec\u30b9\u3092\u4fdd\u5b58\u3057\u306a\u3044\u3068\u306e\u3053\u3068\u3067\u3059\u3002Google Inc.\u306f\u30bb\u30fc\u30d5\u30cf\u30fc\u30d0\u30fc\u5354\u5b9a\u306b\u52a0\u76df\u3059\u308b\u4f01\u696d\u3067\u3059\u3002\u3053\u306e\u5354\u5b9a\u306f\u3001\u8ee2\u9001\u3055\u308c\u305f\u5168\u30c7\u30fc\u30bf\u304c\u6b27\u5dde\u9023\u5408\u306e\u6307\u4ee4\u306b\u6e96\u62e0\u3059\u308b\u4fdd\u8b77\u6c34\u6e96\u3067\u51e6\u7406\u3055\u308c\u308b\u3053\u3068\u3092\u4fdd\u8a3c\u3057\u3066\u3044\u307e\u3059\u3002\u3053\u3061\u3089\u306e\u30ea\u30f3\u30af\u3067\u3001\u672c\u4ef6\u306b\u95a2\u3059\u308b\u8a73\u3057\u3044\u60c5\u5831\u3092\u3054\u89a7\u3044\u305f\u3060\u3051\u307e\u3059\u3002<br \/>\nGoogle\u306b\u3088\u308b\u30af\u30c3\u30ad\u30fc\u306e\u5229\u7528\u306b\u95a2\u3059\u308b\u60c5\u5831\u3092\u3054\u5e0c\u671b\u306e\u65b9\u306e\u305f\u3081\u306b\u3001\u5225\u306e\u30ea\u30f3\u30af\u3092\u3054\u7d39\u4ecb\u3057\u307e\u3059\u3002<\/li>\n<li>\u672c\u30af\u30c3\u30ad\u30fc\u30dd\u30ea\u30b7\u30fc\u306b\u95a2\u3057\u3001\u3054\u4e0d\u660e\u306a\u70b9\u3084\u304a\u554f\u3044\u5408\u308f\u305b\u304c\u3042\u308b\u5834\u5408\u3001\u300c\u304a\u554f\u3044\u5408\u308f\u305b\u300d\u306e\u30da\u30fc\u30b8\u304b\u3089\u304a\u6c17\u8efd\u306b\u3054\u9023\u7d61\u304f\u3060\u3055\u3044\u3002<\/li>\n<\/ul>\n<p><\/p>","protected":false},"excerpt":{"rendered":"Cookie\u306b\u95a2\u3059\u308b\u30dd\u30ea\u30b7\u30fc \u30af\u30c3\u30ad\u30fc\uff08Cookie\uff09\u3068\u306f\u3001\u307b\u3068\u3093\u3069\u3059\u3079\u3066\u306e\u30a6\u30a7\u30d6\u30da\u30fc\u30b8\u306b\u30a2\u30af\u30bb\u30b9\u3059\u308b\u969b\u3001\u304a\u4f7f\u3044\u306e\u30d6\u30e9\u30f3\u30b6\u306b\u8a18\u9332\u3055\u308c\u308b\u5c0f\u3055\u306a\u30c6\u30ad\u30b9\u30c8\u30d5\u30a1\u30a4\u30eb\u3067\u3059\u3002\u30af\u30c3\u30ad\u30fc\u306f\u3001\u6b21\u56de\u30a6\u30a7\u30d6\u30da\u30fc\u30b8\u3092\u95b2\u89a7\u3044\u305f\u3060\u304f\u969b\u3001\u305d\u306e\u30da\u30fc\u30b8\u304c&#8230;","protected":false},"author":1,"featured_media":0,"parent":0,"menu_order":22,"comment_status":"closed","ping_status":"closed","template":"","meta":{"_acf_changed":false,"inline_featured_image":false,"footnotes":""},"class_list":["post-115","page","type-page","status-publish","hentry"],"acf":{"display":"hide","hero_intro":"","hero_heading":false,"generic_slider":null},"yoast_head":"<!-- This site is optimized with the Yoast SEO plugin v27.4 - https:\/\/yoast.com\/product\/yoast-seo-wordpress\/ -->\n<title>Pol\u00edtica de Cookies | Cardamomo Tablao Flamenco<\/title>\n<meta name=\"description\" content=\"Datos de la pol\u00edtica de cookies de nuestra web. Tipos de cookies usadas, activaci\u00f3n y eliminacion y datos adicionales.\" \/>\n<meta name=\"robots\" content=\"noindex, follow\" \/>\n<meta property=\"og:locale\" content=\"ja_JP\" \/>\n<meta property=\"og:type\" content=\"article\" \/>\n<meta property=\"og:title\" content=\"Pol\u00edtica de Cookies | Cardamomo Tablao Flamenco\" \/>\n<meta property=\"og:description\" content=\"Datos de la pol\u00edtica de cookies de nuestra web. Tipos de cookies usadas, activaci\u00f3n y eliminacion y datos adicionales.\" \/>\n<meta property=\"og:url\" content=\"https:\/\/cardamomo.com\/ja\/politica-de-cookies\/\" \/>\n<meta property=\"og:site_name\" content=\"Cardamomo Flamenco Madrid\" \/>\n<meta property=\"article:modified_time\" content=\"2024-12-25T14:52:26+00:00\" \/>\n<meta name=\"twitter:card\" content=\"summary_large_image\" \/>\n<meta name=\"twitter:label1\" content=\"\u63a8\u5b9a\u8aad\u307f\u53d6\u308a\u6642\u9593\" \/>\n\t<meta name=\"twitter:data1\" content=\"3\u5206\" \/>\n<script type=\"application\/ld+json\" class=\"yoast-schema-graph\">{\"@context\":\"https:\\\/\\\/schema.org\",\"@graph\":[{\"@type\":\"WebPage\",\"@id\":\"https:\\\/\\\/cardamomo.com\\\/ja\\\/politica-de-cookies\\\/\",\"url\":\"https:\\\/\\\/cardamomo.com\\\/ja\\\/politica-de-cookies\\\/\",\"name\":\"Pol\u00edtica de Cookies | Cardamomo Tablao Flamenco\",\"isPartOf\":{\"@id\":\"https:\\\/\\\/cardamomo.com\\\/ja\\\/#website\"},\"datePublished\":\"2016-06-09T09:30:13+00:00\",\"dateModified\":\"2024-12-25T14:52:26+00:00\",\"description\":\"Datos de la pol\u00edtica de cookies de nuestra web. Tipos de cookies usadas, activaci\u00f3n y eliminacion y datos adicionales.\",\"breadcrumb\":{\"@id\":\"https:\\\/\\\/cardamomo.com\\\/ja\\\/politica-de-cookies\\\/#breadcrumb\"},\"inLanguage\":\"ja\",\"potentialAction\":[{\"@type\":\"ReadAction\",\"target\":[[\"https:\\\/\\\/cardamomo.com\\\/ja\\\/politica-de-cookies\\\/\"]]}]},{\"@type\":\"BreadcrumbList\",\"@id\":\"https:\\\/\\\/cardamomo.com\\\/ja\\\/politica-de-cookies\\\/#breadcrumb\",\"itemListElement\":[{\"@type\":\"ListItem\",\"position\":1,\"name\":\"Cardamomo\",\"item\":\"https:\\\/\\\/cardamomo.com\\\/ja\\\/\"},{\"@type\":\"ListItem\",\"position\":2,\"name\":\"Pol\u00edtica de Cookies\"}]},{\"@type\":\"WebSite\",\"@id\":\"https:\\\/\\\/cardamomo.com\\\/ja\\\/#website\",\"url\":\"https:\\\/\\\/cardamomo.com\\\/ja\\\/\",\"name\":\"Cardamomo Flamenco Madrid\",\"description\":\"\",\"potentialAction\":[{\"@type\":\"SearchAction\",\"target\":{\"@type\":\"EntryPoint\",\"urlTemplate\":\"https:\\\/\\\/cardamomo.com\\\/ja\\\/?s={search_term_string}\"},\"query-input\":{\"@type\":\"PropertyValueSpecification\",\"valueRequired\":true,\"valueName\":\"search_term_string\"}}],\"inLanguage\":\"ja\"}]}<\/script>\n<!-- \/ Yoast SEO plugin. -->","yoast_head_json":{"title":"Pol\u00edtica de Cookies | Cardamomo Tablao Flamenco","description":"Datos de la pol\u00edtica de cookies de nuestra web. Tipos de cookies usadas, activaci\u00f3n y eliminacion y datos adicionales.","robots":{"index":"noindex","follow":"follow"},"og_locale":"ja_JP","og_type":"article","og_title":"Pol\u00edtica de Cookies | Cardamomo Tablao Flamenco","og_description":"Datos de la pol\u00edtica de cookies de nuestra web. Tipos de cookies usadas, activaci\u00f3n y eliminacion y datos adicionales.","og_url":"https:\/\/cardamomo.com\/ja\/politica-de-cookies\/","og_site_name":"Cardamomo Flamenco Madrid","article_modified_time":"2024-12-25T14:52:26+00:00","twitter_card":"summary_large_image","twitter_misc":{"\u63a8\u5b9a\u8aad\u307f\u53d6\u308a\u6642\u9593":"3\u5206"},"schema":{"@context":"https:\/\/schema.org","@graph":[{"@type":"WebPage","@id":"https:\/\/cardamomo.com\/ja\/politica-de-cookies\/","url":"https:\/\/cardamomo.com\/ja\/politica-de-cookies\/","name":"Pol\u00edtica de Cookies | Cardamomo Tablao Flamenco","isPartOf":{"@id":"https:\/\/cardamomo.com\/ja\/#website"},"datePublished":"2016-06-09T09:30:13+00:00","dateModified":"2024-12-25T14:52:26+00:00","description":"Datos de la pol\u00edtica de cookies de nuestra web. Tipos de cookies usadas, activaci\u00f3n y eliminacion y datos adicionales.","breadcrumb":{"@id":"https:\/\/cardamomo.com\/ja\/politica-de-cookies\/#breadcrumb"},"inLanguage":"ja","potentialAction":[{"@type":"ReadAction","target":[["https:\/\/cardamomo.com\/ja\/politica-de-cookies\/"]]}]},{"@type":"BreadcrumbList","@id":"https:\/\/cardamomo.com\/ja\/politica-de-cookies\/#breadcrumb","itemListElement":[{"@type":"ListItem","position":1,"name":"Cardamomo","item":"https:\/\/cardamomo.com\/ja\/"},{"@type":"ListItem","position":2,"name":"Pol\u00edtica de Cookies"}]},{"@type":"WebSite","@id":"https:\/\/cardamomo.com\/ja\/#website","url":"https:\/\/cardamomo.com\/ja\/","name":"Cardamomo Flamenco Madrid","description":"","potentialAction":[{"@type":"SearchAction","target":{"@type":"EntryPoint","urlTemplate":"https:\/\/cardamomo.com\/ja\/?s={search_term_string}"},"query-input":{"@type":"PropertyValueSpecification","valueRequired":true,"valueName":"search_term_string"}}],"inLanguage":"ja"}]}},"_links":{"self":[{"href":"https:\/\/cardamomo.com\/ja\/wp-json\/wp\/v2\/pages\/115","targetHints":{"allow":["GET"]}}],"collection":[{"href":"https:\/\/cardamomo.com\/ja\/wp-json\/wp\/v2\/pages"}],"about":[{"href":"https:\/\/cardamomo.com\/ja\/wp-json\/wp\/v2\/types\/page"}],"author":[{"embeddable":true,"href":"https:\/\/cardamomo.com\/ja\/wp-json\/wp\/v2\/users\/1"}],"replies":[{"embeddable":true,"href":"https:\/\/cardamomo.com\/ja\/wp-json\/wp\/v2\/comments?post=115"}],"version-history":[{"count":0,"href":"https:\/\/cardamomo.com\/ja\/wp-json\/wp\/v2\/pages\/115\/revisions"}],"wp:attachment":[{"href":"https:\/\/cardamomo.com\/ja\/wp-json\/wp\/v2\/media?parent=115"}],"curies":[{"name":"wp","href":"https:\/\/api.w.org\/{rel}","templated":true}]}}