{"id":99,"date":"2016-06-08T15:57:34","date_gmt":"2016-06-08T13:57:34","guid":{"rendered":"http:\/\/cardamomo.local\/?page_id=99"},"modified":"2026-01-13T16:26:47","modified_gmt":"2026-01-13T15:26:47","slug":"fundacion-cardamomo","status":"publish","type":"page","link":"https:\/\/cardamomo.com\/it\/fundacion-cardamomo\/","title":{"rendered":"Fondazione Cardamomo"},"content":{"rendered":"<p><\/p>\n<h2>A SOSTEGNO DELLA DIFFUSIONE DEL FLAMENCO<\/h2>\n<p>La Fondazione Cardamomo \u00e8 stata creata per diffondere la conoscenza del flamenco tra ogni fascia e genere di pubblico. \u00c8 uno spazio di incontro, di conoscenza e di esperienza in cui artisti celebri -e bambini che sognano di diventarlo in avvenire- possono dar prova delle loro qualit\u00e0 artistiche per cercare di motivare ulteriormente i bambini e indurli a proseguire gli studi artistici.<br \/>\nNell\u2019ambito di questa sua attivit\u00e0 di stimolo degli interessi tra i pi\u00f9 piccoli, nell\u2019ottobre del 2013, la Fondazione ha avviato la prima edizione del progetto \u2018El Flamenco tambi\u00e9n es cosa de ni\u00f1os\u2019 (Il flamenco \u00e8 anche per i bambini), volto principalmente ad avvicinare questo \u2018Patrimonio culturale immateriale dell\u2019Umanit\u00e0\u2019 dell\u2019UNESCO alle scuole.<\/p>\n<h3>Avviciniamo il flamenco a ogni fascia di pubblico<\/h3>\n<p>In tutti e quattro gli spettacoli del programma \u2018El Flamenco tambi\u00e9n es cosa de ni\u00f1os\u2019, viene promossa la convivenza di questo genere musicale fra giovani artisti da 2 a 16 anni di et\u00e0, accompagnati da adulti.<br \/>\nPer agevolare questa esperienza formativa teorica e pratica e superare il \u201cpanico da palcoscenico\u201d dei partecipanti, il programma si svolge in un\u2019atmosfera improntata al divertimento e al gioco. La parola d\u2019ordine \u00e8 condivisione e apprendimento per tutti i partecipanti, artisti e profani, giovani e meno giovani, da 2 a 90 anni di et\u00e0.<br \/>\nQuesta apertura consente di raggiungere anche un altro obiettivo della Fondazione Cardamomo: dimostrare e far capire come il flamenco si trasmette da padre a figlio, come si perpetua e come evolve di generazione in generazione.<\/p>\n<p>La prima edizione del progetto \u2018El Flamenco tambi\u00e9n es cosa de ni\u00f1os\u2019 ha visto in scena ben 3 generazioni di varie dinastie di flamenco. Vi hanno partecipato artisti di chiara fama internazionale come<strong> Raimundo Amador<\/strong> che ha colto l\u2019occasione per presentare la nipote cantante di 8 anni; <strong>Tomatito<\/strong> si \u00e8 esibito sul palcoscenico in compagnia del nipote ballerino di 8 anni; <strong>Miguel Rubio<\/strong> ha presentato il nipote Miguel de los Rubio, chitarrista, di 10 anni; <strong>Pepito Montoyita<\/strong> vi ha partecipato in compagnia della nipote La Montilla, ballerina e cantante di 2 anni; <strong>Agust\u00edn Carbonell \u2018El Bola<\/strong>\u2019 in compagnia di due suoi nipoti di 2 e 5 anni, entrambi percussionisti; <strong>Rafita de Madrid<\/strong> si \u00e8 esibito con i figli di 5, 7 e 13 anni, i primi due cantanti e il figlio maggiore percussionista e<strong> Aurora Losada<\/strong> \u00e8 intervenuta con la figlia Chenoa, cantante di 12 anni.<\/p>\n<p>Inoltre, al progetto hanno aderito anche altri autorevoli artisti di flamenco tra cui <strong>Diego el Cigala, El Negri, Carlos Quir\u00f3s, El Morito, El Monty, Antonio Ingueta, Isaac de los Reyes, Nino de los Reyes, Kelian Jim\u00e9nez, Quilino Jim\u00e9nez ed El Entri.<\/strong><\/p>","protected":false},"excerpt":{"rendered":"A SOSTEGNO DELLA DIFFUSIONE DEL FLAMENCO La Fondazione Cardamomo \u00e8 stata creata per diffondere la conoscenza del flamenco tra ogni fascia e genere di pubblico. \u00c8 uno spazio di incontro, di conoscenza e di esperienza in cui artisti celebri -e bambini che sognano di diventarlo in avvenire- possono dar prova delle loro qualit\u00e0 artistiche per&#8230;","protected":false},"author":1,"featured_media":156836,"parent":0,"menu_order":10,"comment_status":"closed","ping_status":"closed","template":"","meta":{"_acf_changed":false,"inline_featured_image":false,"footnotes":""},"class_list":["post-99","page","type-page","status-publish","has-post-thumbnail","hentry"],"acf":{"display":"default","hero_intro":"Por la difusi\u00f3n del arte flamenco","hero_heading":"h2","generic_slider":null},"yoast_head":"<!-- This site is optimized with the Yoast SEO plugin v27.3 - https:\/\/yoast.com\/product\/yoast-seo-wordpress\/ -->\n<title>Fundaci\u00f3n Caramomo | Cardamomo Tablao Flamenco<\/title>\n<meta name=\"description\" content=\"Es un espacio de encuentro y conocimiento donde artistas nobeles y ni\u00f1os puedan mostrar su trabajo, siendo una motivaci\u00f3n m\u00e1s para que contin\u00faen sus estudios art\u00edsticos.\" \/>\n<meta name=\"robots\" content=\"index, follow, max-snippet:-1, max-image-preview:large, max-video-preview:-1\" \/>\n<link rel=\"canonical\" href=\"\/\" \/>\n<meta property=\"og:locale\" content=\"it_IT\" \/>\n<meta property=\"og:type\" content=\"article\" \/>\n<meta property=\"og:title\" content=\"Fundaci\u00f3n Caramomo | Cardamomo Tablao Flamenco\" \/>\n<meta property=\"og:description\" content=\"Es un espacio de encuentro y conocimiento donde artistas nobeles y ni\u00f1os puedan mostrar su trabajo, siendo una motivaci\u00f3n m\u00e1s para que contin\u00faen sus estudios art\u00edsticos.\" \/>\n<meta property=\"og:url\" content=\"https:\/\/cardamomo.com\/it\/fundacion-cardamomo\/\" \/>\n<meta property=\"og:site_name\" content=\"Cardamomo Flamenco Madrid\" \/>\n<meta property=\"article:modified_time\" content=\"2026-01-13T15:26:47+00:00\" \/>\n<meta property=\"og:image\" content=\"https:\/\/cardamomo.ams3.digitaloceanspaces.com\/wp-content\/uploads\/2025\/02\/01153419\/01-fundacion-cardamomo.jpg\" \/>\n\t<meta property=\"og:image:width\" content=\"1920\" \/>\n\t<meta property=\"og:image:height\" content=\"1280\" \/>\n\t<meta property=\"og:image:type\" content=\"image\/jpeg\" \/>\n<meta name=\"twitter:card\" content=\"summary_large_image\" \/>\n<meta name=\"twitter:label1\" content=\"Tempo di lettura stimato\" \/>\n\t<meta name=\"twitter:data1\" content=\"1 minuto\" \/>\n<script type=\"application\/ld+json\" class=\"yoast-schema-graph\">{\"@context\":\"https:\\\/\\\/schema.org\",\"@graph\":[{\"@type\":\"WebPage\",\"@id\":\"https:\\\/\\\/cardamomo.com\\\/it\\\/fundacion-cardamomo\\\/\",\"url\":\"https:\\\/\\\/cardamomo.com\\\/it\\\/fundacion-cardamomo\\\/\",\"name\":\"Fundaci\u00f3n Caramomo | Cardamomo Tablao Flamenco\",\"isPartOf\":{\"@id\":\"https:\\\/\\\/cardamomo.com\\\/it\\\/#website\"},\"primaryImageOfPage\":{\"@id\":\"https:\\\/\\\/cardamomo.com\\\/it\\\/fundacion-cardamomo\\\/#primaryimage\"},\"image\":{\"@id\":\"https:\\\/\\\/cardamomo.com\\\/es\\\/fundacion-cardamomo\\\/#primaryimage\"},\"thumbnailUrl\":\"https:\\\/\\\/cardamomo.ams3.digitaloceanspaces.com\\\/wp-content\\\/uploads\\\/2025\\\/02\\\/01153419\\\/01-fundacion-cardamomo.jpg\",\"datePublished\":\"2016-06-08T13:57:34+00:00\",\"dateModified\":\"2026-01-13T15:26:47+00:00\",\"description\":\"Es un espacio de encuentro y conocimiento donde artistas nobeles y ni\u00f1os puedan mostrar su trabajo, siendo una motivaci\u00f3n m\u00e1s para que contin\u00faen sus estudios art\u00edsticos.\",\"breadcrumb\":{\"@id\":\"https:\\\/\\\/cardamomo.com\\\/it\\\/fundacion-cardamomo\\\/#breadcrumb\"},\"inLanguage\":\"it-IT\",\"potentialAction\":[{\"@type\":\"ReadAction\",\"target\":[[\"https:\\\/\\\/cardamomo.com\\\/it\\\/fundacion-cardamomo\\\/\"]]}]},{\"@type\":\"ImageObject\",\"inLanguage\":\"it-IT\",\"@id\":\"https:\\\/\\\/cardamomo.com\\\/it\\\/fundacion-cardamomo\\\/#primaryimage\",\"url\":\"https:\\\/\\\/cardamomo.ams3.digitaloceanspaces.com\\\/wp-content\\\/uploads\\\/2025\\\/02\\\/01153419\\\/01-fundacion-cardamomo.jpg\",\"contentUrl\":\"https:\\\/\\\/cardamomo.ams3.digitaloceanspaces.com\\\/wp-content\\\/uploads\\\/2025\\\/02\\\/01153419\\\/01-fundacion-cardamomo.jpg\",\"width\":1920,\"height\":1280,\"caption\":\"Vista del escenario desde el fondo del tablao\"},{\"@type\":\"BreadcrumbList\",\"@id\":\"https:\\\/\\\/cardamomo.com\\\/it\\\/fundacion-cardamomo\\\/#breadcrumb\",\"itemListElement\":[{\"@type\":\"ListItem\",\"position\":1,\"name\":\"Cardamomo\",\"item\":\"https:\\\/\\\/cardamomo.com\\\/it\\\/\"},{\"@type\":\"ListItem\",\"position\":2,\"name\":\"Fundaci\u00f3n Cardamomo\"}]},{\"@type\":\"WebSite\",\"@id\":\"https:\\\/\\\/cardamomo.com\\\/it\\\/#website\",\"url\":\"https:\\\/\\\/cardamomo.com\\\/it\\\/\",\"name\":\"Cardamomo Flamenco Madrid\",\"description\":\"\",\"potentialAction\":[{\"@type\":\"SearchAction\",\"target\":{\"@type\":\"EntryPoint\",\"urlTemplate\":\"https:\\\/\\\/cardamomo.com\\\/it\\\/?s={search_term_string}\"},\"query-input\":{\"@type\":\"PropertyValueSpecification\",\"valueRequired\":true,\"valueName\":\"search_term_string\"}}],\"inLanguage\":\"it-IT\"}]}<\/script>\n<!-- \/ Yoast SEO plugin. -->","yoast_head_json":{"title":"Fundaci\u00f3n Caramomo | Cardamomo Tablao Flamenco","description":"Es un espacio de encuentro y conocimiento donde artistas nobeles y ni\u00f1os puedan mostrar su trabajo, siendo una motivaci\u00f3n m\u00e1s para que contin\u00faen sus estudios art\u00edsticos.","robots":{"index":"index","follow":"follow","max-snippet":"max-snippet:-1","max-image-preview":"max-image-preview:large","max-video-preview":"max-video-preview:-1"},"canonical":"\/","og_locale":"it_IT","og_type":"article","og_title":"Fundaci\u00f3n Caramomo | Cardamomo Tablao Flamenco","og_description":"Es un espacio de encuentro y conocimiento donde artistas nobeles y ni\u00f1os puedan mostrar su trabajo, siendo una motivaci\u00f3n m\u00e1s para que contin\u00faen sus estudios art\u00edsticos.","og_url":"https:\/\/cardamomo.com\/it\/fundacion-cardamomo\/","og_site_name":"Cardamomo Flamenco Madrid","article_modified_time":"2026-01-13T15:26:47+00:00","og_image":[{"width":1920,"height":1280,"url":"https:\/\/cardamomo.ams3.digitaloceanspaces.com\/wp-content\/uploads\/2025\/02\/01153419\/01-fundacion-cardamomo.jpg","type":"image\/jpeg"}],"twitter_card":"summary_large_image","twitter_misc":{"Tempo di lettura stimato":"1 minuto"},"schema":{"@context":"https:\/\/schema.org","@graph":[{"@type":"WebPage","@id":"https:\/\/cardamomo.com\/it\/fundacion-cardamomo\/","url":"https:\/\/cardamomo.com\/it\/fundacion-cardamomo\/","name":"Fundaci\u00f3n Caramomo | Cardamomo Tablao Flamenco","isPartOf":{"@id":"https:\/\/cardamomo.com\/it\/#website"},"primaryImageOfPage":{"@id":"https:\/\/cardamomo.com\/it\/fundacion-cardamomo\/#primaryimage"},"image":{"@id":"https:\/\/cardamomo.com\/es\/fundacion-cardamomo\/#primaryimage"},"thumbnailUrl":"https:\/\/cardamomo.ams3.digitaloceanspaces.com\/wp-content\/uploads\/2025\/02\/01153419\/01-fundacion-cardamomo.jpg","datePublished":"2016-06-08T13:57:34+00:00","dateModified":"2026-01-13T15:26:47+00:00","description":"Es un espacio de encuentro y conocimiento donde artistas nobeles y ni\u00f1os puedan mostrar su trabajo, siendo una motivaci\u00f3n m\u00e1s para que contin\u00faen sus estudios art\u00edsticos.","breadcrumb":{"@id":"https:\/\/cardamomo.com\/it\/fundacion-cardamomo\/#breadcrumb"},"inLanguage":"it-IT","potentialAction":[{"@type":"ReadAction","target":[["https:\/\/cardamomo.com\/it\/fundacion-cardamomo\/"]]}]},{"@type":"ImageObject","inLanguage":"it-IT","@id":"https:\/\/cardamomo.com\/it\/fundacion-cardamomo\/#primaryimage","url":"https:\/\/cardamomo.ams3.digitaloceanspaces.com\/wp-content\/uploads\/2025\/02\/01153419\/01-fundacion-cardamomo.jpg","contentUrl":"https:\/\/cardamomo.ams3.digitaloceanspaces.com\/wp-content\/uploads\/2025\/02\/01153419\/01-fundacion-cardamomo.jpg","width":1920,"height":1280,"caption":"Vista del escenario desde el fondo del tablao"},{"@type":"BreadcrumbList","@id":"https:\/\/cardamomo.com\/it\/fundacion-cardamomo\/#breadcrumb","itemListElement":[{"@type":"ListItem","position":1,"name":"Cardamomo","item":"https:\/\/cardamomo.com\/it\/"},{"@type":"ListItem","position":2,"name":"Fundaci\u00f3n Cardamomo"}]},{"@type":"WebSite","@id":"https:\/\/cardamomo.com\/it\/#website","url":"https:\/\/cardamomo.com\/it\/","name":"Cardamomo Flamenco Madrid","description":"","potentialAction":[{"@type":"SearchAction","target":{"@type":"EntryPoint","urlTemplate":"https:\/\/cardamomo.com\/it\/?s={search_term_string}"},"query-input":{"@type":"PropertyValueSpecification","valueRequired":true,"valueName":"search_term_string"}}],"inLanguage":"it-IT"}]}},"_links":{"self":[{"href":"https:\/\/cardamomo.com\/it\/wp-json\/wp\/v2\/pages\/99","targetHints":{"allow":["GET"]}}],"collection":[{"href":"https:\/\/cardamomo.com\/it\/wp-json\/wp\/v2\/pages"}],"about":[{"href":"https:\/\/cardamomo.com\/it\/wp-json\/wp\/v2\/types\/page"}],"author":[{"embeddable":true,"href":"https:\/\/cardamomo.com\/it\/wp-json\/wp\/v2\/users\/1"}],"replies":[{"embeddable":true,"href":"https:\/\/cardamomo.com\/it\/wp-json\/wp\/v2\/comments?post=99"}],"version-history":[{"count":27,"href":"https:\/\/cardamomo.com\/it\/wp-json\/wp\/v2\/pages\/99\/revisions"}],"predecessor-version":[{"id":158429,"href":"https:\/\/cardamomo.com\/it\/wp-json\/wp\/v2\/pages\/99\/revisions\/158429"}],"wp:featuredmedia":[{"embeddable":true,"href":"https:\/\/cardamomo.com\/it\/wp-json\/wp\/v2\/media\/156836"}],"wp:attachment":[{"href":"https:\/\/cardamomo.com\/it\/wp-json\/wp\/v2\/media?parent=99"}],"curies":[{"name":"wp","href":"https:\/\/api.w.org\/{rel}","templated":true}]}}