{"id":113,"date":"2016-06-09T09:30:01","date_gmt":"2016-06-09T09:30:01","guid":{"rendered":"http:\/\/cardamomo.local\/?page_id=113"},"modified":"2026-04-10T15:31:30","modified_gmt":"2026-04-10T13:31:30","slug":"%e6%b3%95%e7%9a%84%e9%80%9a%e7%9f%a5%e3%83%bb%e3%83%97%e3%83%a9%e3%82%a4%e3%83%90%e3%82%b7%e3%83%bc%e3%83%9d%e3%83%aa%e3%82%b7%e3%83%bc","status":"publish","type":"page","link":"https:\/\/cardamomo.com\/it\/legal-notice\/","title":{"rendered":"Avviso Legale e politica della privacy"},"content":{"rendered":"<p><\/p>\n<h2>Informazioni identificative<\/h2>\n<p>in conformit\u00e0 con l\u2019articolo 10 della Legge 34\/2002 dell\u201911 Luglio, sui Servizi della Societ\u00e0 dell\u2019Informazione e del Commercio Elettronico (LSSICE), le informazioni identificative dei proprietari di www.cardamomo.com, Proyectos Cincohermanos, S.L. (da qui in avanti, \u201cProyectos Cincohermanos\u201d), sono: Codice Identificativo Fiscale (CIF) B86842085, registrato al Registro Commerciale di Madrid, tomo 31546, foglio 114, sezione 8, 1a entrata, pagina M-567749; con indirizzo in calle Echegaray 16, 28014 di Madrid (28014), contatto +34 918 051 038, e email contacto@cardamomo.com<\/p>\n<h2>Condizioni d&#8217;uso<\/h2>\n<p>L\u2019accesso e\/o l\u2019uso di questo sito web \u00e8 rimesso alle condizioni dell\u2019USER, il quale accetta, attraverso l\u2019accesso e\/o l\u2019uso, le Condizioni d\u2019Uso qui contenute e che possono essere applicate separatamente rispetto alle Condizioni Generali di Partecipazione, le quali risultano essere di applicazione obbligatoria.<\/p>\n<p>www.cardamomo.com fornisce accesso a informazioni, servizi, programmi o dati (da qui in avanti \u201cil contenuto\u201d) in Internet, che appartengono a Proyectos Cincohermanos S.L. o a terze parti. l\u2019USER si assume la responsabilit\u00e0 dell\u2019uso del portale. La responsabilit\u00e0 si estende alla registrazione che potrebbe essere necessaria per accedere a certi servizi o contenuti. Nella detta registrazione, l\u2019USER pu\u00f2 essere responsabile per aver fornito informazioni in linea con la legge e veritiere. Come risultato di questa registrazione, all\u2019USER potrebbe essere fornita una password, per la quale pu\u00f2 rimanere responsabile, assumendosi l\u2019impegno di fare uso diligente e confidenziale della stessa.<br \/>\nL\u2019USER si assume l\u2019impegno di fare uso appropriato dei contenuti e dei servizi che Proyectos Cincohermanos S.L offre attraverso www.cardamomo.com e &#8211; includendo, ma non limitandosi a ci\u00f2 &#8211; di astenersi dal farne uso in azioni illegali, contro la legge o contrarie al buon costume e all\u2019ordine pubblico.<\/p>\n<p>Proyectos Cincohermanos S.L. si riserva il diritto di rimuovere commenti e contributi che rompono il rispetto della dignit\u00e0 di una persona, che siano discriminatori, xenofobi, razzisti, pornografici, che violano la giovent\u00f9 o i bambini o che, per sua considerazione, siano inappropriate alla pubblicazione. In ogni caso Proyectos Cincohermanos S.L. non pu\u00f2 essere ritenuto responsabile delle opinioni espresse dagli user attraverso i forum, le chat, i social media o ogni altro mezzo di partecipazione.<\/p>\n<h2>Protezione dei dati<\/h2>\n<p>Nel sito www.cardamomo.com sono contenuti i dati personali necessari per l\u2019efficace gestione e manutenzione di alcuni dei nostri servizi. In conformit\u00e0 con quanto \u00e8 stabilito nella Legge Organica sulla Protezione dei Dati, LOPD 15\/1999 del 13 Dicembre, questi dati possono essere trattati come confidenziali e sono conservati nei nostri files, che sono debitamente inseriti nel Registro della Agenzia della Protezione dei Dati (www.aepd.es).<br \/>\nInoltre, Proyectos Cincohermanos S.L. \u00e8 in conformit\u00e0 con la Legge 34\/2002 dell\u201911 Luglio sui Servizi della Societ\u00e0 dell\u2019Informazione e del Commercio Elettronico e chieder\u00e0 il consenso dell\u2019user per il trattamento della sua posta elettronica a scopi commerciali. L\u2019USER pu\u00f2 esercitare il diritto di accesso, rettificazione o cancellazione e di revoca riguardo a questi dati, inviando la richiesta all\u2019indirizzo di Proyectos Cincohermanos S.L..<\/p>\n<h2>Propriet\u00e0 industriale e intellettuale<\/h2>\n<p>Proyectos Cincohermanos S.L., in suo nome o quale assegnatario, \u00e8 proprietaria di tutti i diritti di propriet\u00e0 industriali e intellettuali di www.cardamomo.com, cos\u00ec come degli oggetti contenuti dal sito (design, testi, immagini, video, marchi e loghi\u2026); e, in conformit\u00e0 con la Legge sulla Propriet\u00e0 Intellettuale, la riproduzione, la distribuzione e la pubblica comunicazione, sia totalmente che parzialmente, di questi dati, senza l\u2019autorizzazione di Proyectos Cincohermanos S.L. \u00e8 rigidamente vietata.<\/p>\n<h2>Esclusioni di responsabilit\u00e0<\/h2>\n<p>Proyectos Cincohermanos S.L. non pu\u00f2 essere ritenuta responsabile per qualunque danno o conseguenza derivante da errori o omissioni nei contenuti, mancanza di disponibilit\u00e0 del portale o trasferimento di virus o malware nei contenuti, se sono state adottate tutte le misure tecnologiche per prevenirli.<\/p>\n<h2>Modificazioni<\/h2>\n<p>Proyectos Cincohermanos S.L. si riserva il diritto di effettuare, senza alcun bisogno di preventivo avviso, qualsiasi modifica ritenuta appropriata, essendo capace di cambiare, rimuovere o aggiungere contenuti o servizi forniti da www.cardamomo.com, cos\u00ec come il modo in cui queste vengono rintracciate.<\/p>\n<h2>Modificazioni<\/h2>\n<p>Lo scopo dei link o degli iperlink in www.cardamomo.com ad altri siti internet \u00e8 puramente informativo; questi non costituiscono un invito o una raccomandazione riguardo a detti siti e Proyectos Cincohermanos S.L. non pu\u00f2 esercitare alcun tipo di controllo su detti siti o i loro contenuti. Allo stesso modo, non \u00e8 responsabile per i contenuti dei link che dipendono da siti esterni indipendenti al proprio controllo.<\/p>\n<h2>Diritto di esclusione<\/h2>\n<p>Proyectos Cincohermanos S.L. si riserva il diritto di negare o prevenire l\u2019accesso al portale e\/o ai servizi offerti senza la necessit\u00e0 di un preavviso, rispetto a quegli users che violano le Condizioni Generali d\u2019Uso.<\/p>\n<h2>Punti generali<\/h2>\n<p>Proyectos Cincohermanos S.L. pu\u00f2 intentare qualsiasi azione civile o penale richiesta in caso di violazione di queste condizioni o uso improprio del proprio portale.<\/p>\n<h2>Modificazione delle condizioni<\/h2>\n<p>Con uno sguardo al miglioramento, Proyectos Cincohermanos S.L. si reserva il diritto, senza il bisogno di alcuna previa notifica, di modificare, ampliare o sospendere temporaneamente la presentazione, la configurazione, la specificazione tecnica e i servizi sul sito. Allo stesso modo, si riserva il diritto di modificare queste avvertenze generali d\u2019uso in qualsiasi momento.<\/p>\n<h2>Legislazione e giurisdizione applicabile<\/h2>\n<p>La relazione tra Proyectos Cincohermanos S.L. e l\u2019USER \u00e8 regolata dalla legislazione spagnola in vigore e ogni controversia \u00e8 sottoposta alle Corti di Madrid.<\/p>","protected":false},"excerpt":{"rendered":"Informazioni identificative in conformit\u00e0 con l\u2019articolo 10 della Legge 34\/2002 dell\u201911 Luglio, sui Servizi della Societ\u00e0 dell\u2019Informazione e del Commercio Elettronico (LSSICE), le informazioni identificative dei proprietari di www.cardamomo.com, Proyectos Cincohermanos, S.L. (da qui in avanti, \u201cProyectos Cincohermanos\u201d), sono: Codice Identificativo Fiscale (CIF) B86842085, registrato al Registro Commerciale di Madrid, tomo 31546, foglio 114, sezione&#8230;","protected":false},"author":1,"featured_media":0,"parent":0,"menu_order":20,"comment_status":"closed","ping_status":"closed","template":"","meta":{"_acf_changed":false,"inline_featured_image":false,"footnotes":""},"class_list":["post-113","page","type-page","status-publish","hentry"],"acf":{"display":"hide","hero_intro":"","hero_heading":false,"generic_slider":null},"yoast_head":"<!-- This site is optimized with the Yoast SEO plugin v27.3 - https:\/\/yoast.com\/product\/yoast-seo-wordpress\/ -->\n<title>Avviso Legale e politica della privacy - Cardamomo Tablao Flamenco<\/title>\n<meta name=\"description\" content=\"Nel sito www.cardamomo.com sono contenuti i dati personali necessari per l\u2019efficace gestione e manutenzione di alcuni dei nostri servizi. In conformit\u00e0 con quanto \u00e8 stabilito nella Legge Organica sulla Protezione dei Dati, LOPD 15\/1999.\" \/>\n<meta name=\"robots\" content=\"noindex, follow\" \/>\n<meta property=\"og:locale\" content=\"it_IT\" \/>\n<meta property=\"og:type\" content=\"article\" \/>\n<meta property=\"og:title\" content=\"Avviso Legale e politica della privacy - Cardamomo Tablao Flamenco\" \/>\n<meta property=\"og:description\" content=\"Nel sito www.cardamomo.com sono contenuti i dati personali necessari per l\u2019efficace gestione e manutenzione di alcuni dei nostri servizi. In conformit\u00e0 con quanto \u00e8 stabilito nella Legge Organica sulla Protezione dei Dati, LOPD 15\/1999.\" \/>\n<meta property=\"og:url\" content=\"https:\/\/cardamomo.com\/it\/aviso-legal\/\" \/>\n<meta property=\"og:site_name\" content=\"Cardamomo Flamenco Madrid\" \/>\n<meta property=\"article:modified_time\" content=\"2026-04-10T13:31:30+00:00\" \/>\n<meta name=\"twitter:card\" content=\"summary_large_image\" \/>\n<meta name=\"twitter:label1\" content=\"Tempo di lettura stimato\" \/>\n\t<meta name=\"twitter:data1\" content=\"4 minuti\" \/>\n<script type=\"application\/ld+json\" class=\"yoast-schema-graph\">{\"@context\":\"https:\\\/\\\/schema.org\",\"@graph\":[{\"@type\":\"WebPage\",\"@id\":\"https:\\\/\\\/cardamomo.com\\\/it\\\/aviso-legal\\\/\",\"url\":\"https:\\\/\\\/cardamomo.com\\\/it\\\/aviso-legal\\\/\",\"name\":\"Avviso Legale e politica della privacy - Cardamomo Tablao Flamenco\",\"isPartOf\":{\"@id\":\"https:\\\/\\\/cardamomo.com\\\/it\\\/#website\"},\"datePublished\":\"2016-06-09T09:30:01+00:00\",\"dateModified\":\"2026-04-10T13:31:30+00:00\",\"description\":\"Nel sito www.cardamomo.com sono contenuti i dati personali necessari per l\u2019efficace gestione e manutenzione di alcuni dei nostri servizi. In conformit\u00e0 con quanto \u00e8 stabilito nella Legge Organica sulla Protezione dei Dati, LOPD 15\\\/1999.\",\"breadcrumb\":{\"@id\":\"https:\\\/\\\/cardamomo.com\\\/it\\\/aviso-legal\\\/#breadcrumb\"},\"inLanguage\":\"it-IT\",\"potentialAction\":[{\"@type\":\"ReadAction\",\"target\":[[\"https:\\\/\\\/cardamomo.com\\\/it\\\/aviso-legal\\\/\"]]}]},{\"@type\":\"BreadcrumbList\",\"@id\":\"https:\\\/\\\/cardamomo.com\\\/it\\\/aviso-legal\\\/#breadcrumb\",\"itemListElement\":[{\"@type\":\"ListItem\",\"position\":1,\"name\":\"Cardamomo\",\"item\":\"https:\\\/\\\/cardamomo.com\\\/it\\\/\"},{\"@type\":\"ListItem\",\"position\":2,\"name\":\"Aviso Legal y Pol\u00edtica de Privacidad\"}]},{\"@type\":\"WebSite\",\"@id\":\"https:\\\/\\\/cardamomo.com\\\/it\\\/#website\",\"url\":\"https:\\\/\\\/cardamomo.com\\\/it\\\/\",\"name\":\"Cardamomo Flamenco Madrid\",\"description\":\"\",\"potentialAction\":[{\"@type\":\"SearchAction\",\"target\":{\"@type\":\"EntryPoint\",\"urlTemplate\":\"https:\\\/\\\/cardamomo.com\\\/it\\\/?s={search_term_string}\"},\"query-input\":{\"@type\":\"PropertyValueSpecification\",\"valueRequired\":true,\"valueName\":\"search_term_string\"}}],\"inLanguage\":\"it-IT\"}]}<\/script>\n<!-- \/ Yoast SEO plugin. -->","yoast_head_json":{"title":"Avviso Legale e politica della privacy - Cardamomo Tablao Flamenco","description":"Nel sito www.cardamomo.com sono contenuti i dati personali necessari per l\u2019efficace gestione e manutenzione di alcuni dei nostri servizi. In conformit\u00e0 con quanto \u00e8 stabilito nella Legge Organica sulla Protezione dei Dati, LOPD 15\/1999.","robots":{"index":"noindex","follow":"follow"},"og_locale":"it_IT","og_type":"article","og_title":"Avviso Legale e politica della privacy - Cardamomo Tablao Flamenco","og_description":"Nel sito www.cardamomo.com sono contenuti i dati personali necessari per l\u2019efficace gestione e manutenzione di alcuni dei nostri servizi. In conformit\u00e0 con quanto \u00e8 stabilito nella Legge Organica sulla Protezione dei Dati, LOPD 15\/1999.","og_url":"https:\/\/cardamomo.com\/it\/aviso-legal\/","og_site_name":"Cardamomo Flamenco Madrid","article_modified_time":"2026-04-10T13:31:30+00:00","twitter_card":"summary_large_image","twitter_misc":{"Tempo di lettura stimato":"4 minuti"},"schema":{"@context":"https:\/\/schema.org","@graph":[{"@type":"WebPage","@id":"https:\/\/cardamomo.com\/it\/aviso-legal\/","url":"https:\/\/cardamomo.com\/it\/aviso-legal\/","name":"Avviso Legale e politica della privacy - Cardamomo Tablao Flamenco","isPartOf":{"@id":"https:\/\/cardamomo.com\/it\/#website"},"datePublished":"2016-06-09T09:30:01+00:00","dateModified":"2026-04-10T13:31:30+00:00","description":"Nel sito www.cardamomo.com sono contenuti i dati personali necessari per l\u2019efficace gestione e manutenzione di alcuni dei nostri servizi. In conformit\u00e0 con quanto \u00e8 stabilito nella Legge Organica sulla Protezione dei Dati, LOPD 15\/1999.","breadcrumb":{"@id":"https:\/\/cardamomo.com\/it\/aviso-legal\/#breadcrumb"},"inLanguage":"it-IT","potentialAction":[{"@type":"ReadAction","target":[["https:\/\/cardamomo.com\/it\/aviso-legal\/"]]}]},{"@type":"BreadcrumbList","@id":"https:\/\/cardamomo.com\/it\/aviso-legal\/#breadcrumb","itemListElement":[{"@type":"ListItem","position":1,"name":"Cardamomo","item":"https:\/\/cardamomo.com\/it\/"},{"@type":"ListItem","position":2,"name":"Aviso Legal y Pol\u00edtica de Privacidad"}]},{"@type":"WebSite","@id":"https:\/\/cardamomo.com\/it\/#website","url":"https:\/\/cardamomo.com\/it\/","name":"Cardamomo Flamenco Madrid","description":"","potentialAction":[{"@type":"SearchAction","target":{"@type":"EntryPoint","urlTemplate":"https:\/\/cardamomo.com\/it\/?s={search_term_string}"},"query-input":{"@type":"PropertyValueSpecification","valueRequired":true,"valueName":"search_term_string"}}],"inLanguage":"it-IT"}]}},"_links":{"self":[{"href":"https:\/\/cardamomo.com\/it\/wp-json\/wp\/v2\/pages\/113","targetHints":{"allow":["GET"]}}],"collection":[{"href":"https:\/\/cardamomo.com\/it\/wp-json\/wp\/v2\/pages"}],"about":[{"href":"https:\/\/cardamomo.com\/it\/wp-json\/wp\/v2\/types\/page"}],"author":[{"embeddable":true,"href":"https:\/\/cardamomo.com\/it\/wp-json\/wp\/v2\/users\/1"}],"replies":[{"embeddable":true,"href":"https:\/\/cardamomo.com\/it\/wp-json\/wp\/v2\/comments?post=113"}],"version-history":[{"count":2,"href":"https:\/\/cardamomo.com\/it\/wp-json\/wp\/v2\/pages\/113\/revisions"}],"predecessor-version":[{"id":158876,"href":"https:\/\/cardamomo.com\/it\/wp-json\/wp\/v2\/pages\/113\/revisions\/158876"}],"wp:attachment":[{"href":"https:\/\/cardamomo.com\/it\/wp-json\/wp\/v2\/media?parent=113"}],"curies":[{"name":"wp","href":"https:\/\/api.w.org\/{rel}","templated":true}]}}