{"id":99,"date":"2016-06-08T15:57:34","date_gmt":"2016-06-08T13:57:34","guid":{"rendered":"http:\/\/cardamomo.local\/?page_id=99"},"modified":"2026-01-13T16:26:47","modified_gmt":"2026-01-13T15:26:47","slug":"fundacion-cardamomo","status":"publish","type":"page","link":"https:\/\/cardamomo.com\/fr\/fundacion-cardamomo\/","title":{"rendered":"Fondation Cardamomo"},"content":{"rendered":"<p><\/p>\n<h2>POUR LA DIFFUSION DE L\u2019ART FLAMENCO<\/h2>\n<p><strong>La Fondation Cardamomo<\/strong> a \u00e9t\u00e9 constitu\u00e9e pour rapprocher l\u2019art du flamenco du public de tous \u00e2ges et conditions. Il s\u2019agit d\u2019un espace de rencontre, de connaissance et d\u2019exp\u00e9rience o\u00f9 les nouveaux et les futurs artistes peuvent pr\u00e9senter leur travail. Cela permet de les motiver \u00e0 poursuivre leurs \u00e9tudes artistiques.<br \/>\nAfin de favoriser l\u2019int\u00e9r\u00eat des plus jeunes, en octobre 2013, la Fondation a mis en \u0153uvre la premi\u00e8re \u00e9dition de son projet \u00ab Le Flamenco est aussi un jeu d\u2019enfants \u00bb (El Flamenco tambi\u00e9n es cosa de ni\u00f1os) dont le principal objectif est de rapprocher ce \u00ab Patrimoine culturel immat\u00e9riel de l\u2019Humanit\u00e9 \u00bb reconnu par l\u2019UNESCO des \u00e9tablissements scolaires.<\/p>\n<h3>Nous rapprochons le Flamenco du public de tous \u00e2ges<\/h3>\n<p>Chacun des 4 spectacles du programme \u00ab Le Flamenco est aussi un jeu d\u2019enfants \u00bb favorise la convivialit\u00e9 de l\u2019expression du Flamenco d\u2019artistes de 2 \u00e0 16 ans accompagn\u00e9s d\u2019adultes.<br \/>\nPour favoriser l\u2019immersion dans les concepts th\u00e9oriques et pratiques et r\u00e9duire ainsi le \u00ab trac \u00bb des participants, le programme se d\u00e9roule dans une ambiance l\u00e9g\u00e8re et proche. Tous les participants partagent et apprennent : le public artiste et non artiste, du petit de 2 ans au grand-p\u00e8re de 90.<br \/>\nCette ouverture permet d\u2019atteindre \u00e9galement un des objectifs de la Fondation Cardamomo : montrer comment l\u2019Art du Flamenco est transmis et appris de p\u00e8re en fils. Comment il est perp\u00e9tu\u00e9 et \u00e9volue de g\u00e9n\u00e9ration en g\u00e9n\u00e9ration.<br \/>\nLa premi\u00e8re \u00e9dition de \u00ab Le Flamenco est aussi un jeu d\u2019enfants \u00bb a r\u00e9uni sur sc\u00e8ne jusqu\u2019\u00e0 3 g\u00e9n\u00e9rations de diff\u00e9rentes dynasties du Flamenco. Des artistes d\u2019envergure internationale tels que <strong>Raimundo Amador<\/strong> y ont particip\u00e9. Ce dernier a pr\u00e9sent\u00e9 sa petite-fille, chanteuse de 8 ans. <strong>Tomatito<\/strong> a partag\u00e9 le tablao avec son petit-fils, danseur de 8 ans. <strong>Miguel Rubio<\/strong> a pr\u00e9sent\u00e9 son petit-fils Miguel de los Rubio, guitariste \u00e2g\u00e9 de 10 ans. <strong>Pepito Montoyita<\/strong> est venu accompagn\u00e9 de sa petite-fille La Montilla, danseuse et chanteuse de 2 ans. <strong>Agust\u00edn Carbonell \u00ab El Bola \u00bb<\/strong> a accompagn\u00e9 deux de ses petits-fils de 2 et 5 ans, les deux percussionnistes. <strong>Rafita de Madrid<\/strong> a particip\u00e9 avec ses enfants de 5, 7 et 13 ans, chanteurs pour les deux premiers et percussionniste pour le plus \u00e2g\u00e9 ; enfin, <strong>Aurora Losada<\/strong> est venue avec sa fille Chenoa, chanteuse de 12 ans.<br \/>\nPar ailleurs, le projet a b\u00e9n\u00e9fici\u00e9 de la participation de personnalit\u00e9s du Flamenco telles que <strong>el Cigala, El Negri, Carlos Quir\u00f3s, El Morito, El Monty, Antonio Ingueta, Isaac de los Reyes, Nino de los Reyes, Kelian Jim\u00e9nez, Quilino Jim\u00e9nez <\/strong>et<strong> El Entri<\/strong>, parmi d\u2019autres.<\/p>","protected":false},"excerpt":{"rendered":"POUR LA DIFFUSION DE L\u2019ART FLAMENCO La Fondation Cardamomo a \u00e9t\u00e9 constitu\u00e9e pour rapprocher l\u2019art du flamenco du public de tous \u00e2ges et conditions. Il s\u2019agit d\u2019un espace de rencontre, de connaissance et d\u2019exp\u00e9rience o\u00f9 les nouveaux et les futurs artistes peuvent pr\u00e9senter leur travail. Cela permet de les motiver \u00e0 poursuivre leurs \u00e9tudes artistiques&#8230;.","protected":false},"author":1,"featured_media":156836,"parent":0,"menu_order":10,"comment_status":"closed","ping_status":"closed","template":"","meta":{"_acf_changed":false,"inline_featured_image":false,"footnotes":""},"class_list":["post-99","page","type-page","status-publish","has-post-thumbnail","hentry"],"acf":{"display":"default","hero_intro":"Por la difusi\u00f3n del arte flamenco","hero_heading":"h2","generic_slider":null},"yoast_head":"<!-- This site is optimized with the Yoast SEO plugin v27.3 - https:\/\/yoast.com\/product\/yoast-seo-wordpress\/ -->\n<title>Fundaci\u00f3n Caramomo | Cardamomo Tablao Flamenco<\/title>\n<meta name=\"description\" content=\"Es un espacio de encuentro y conocimiento donde artistas nobeles y ni\u00f1os puedan mostrar su trabajo, siendo una motivaci\u00f3n m\u00e1s para que contin\u00faen sus estudios art\u00edsticos.\" \/>\n<meta name=\"robots\" content=\"index, follow, max-snippet:-1, max-image-preview:large, max-video-preview:-1\" \/>\n<link rel=\"canonical\" href=\"\/\" \/>\n<meta property=\"og:locale\" content=\"fr_FR\" \/>\n<meta property=\"og:type\" content=\"article\" \/>\n<meta property=\"og:title\" content=\"Fundaci\u00f3n Caramomo | Cardamomo Tablao Flamenco\" \/>\n<meta property=\"og:description\" content=\"Es un espacio de encuentro y conocimiento donde artistas nobeles y ni\u00f1os puedan mostrar su trabajo, siendo una motivaci\u00f3n m\u00e1s para que contin\u00faen sus estudios art\u00edsticos.\" \/>\n<meta property=\"og:url\" content=\"https:\/\/cardamomo.com\/fr\/fundacion-cardamomo\/\" \/>\n<meta property=\"og:site_name\" content=\"Cardamomo Flamenco Madrid\" \/>\n<meta property=\"article:modified_time\" content=\"2026-01-13T15:26:47+00:00\" \/>\n<meta property=\"og:image\" content=\"https:\/\/cardamomo.ams3.digitaloceanspaces.com\/wp-content\/uploads\/2025\/02\/01153419\/01-fundacion-cardamomo.jpg\" \/>\n\t<meta property=\"og:image:width\" content=\"1920\" \/>\n\t<meta property=\"og:image:height\" content=\"1280\" \/>\n\t<meta property=\"og:image:type\" content=\"image\/jpeg\" \/>\n<meta name=\"twitter:card\" content=\"summary_large_image\" \/>\n<meta name=\"twitter:label1\" content=\"Dur\u00e9e de lecture estim\u00e9e\" \/>\n\t<meta name=\"twitter:data1\" content=\"1 minute\" \/>\n<script type=\"application\/ld+json\" class=\"yoast-schema-graph\">{\"@context\":\"https:\\\/\\\/schema.org\",\"@graph\":[{\"@type\":\"WebPage\",\"@id\":\"https:\\\/\\\/cardamomo.com\\\/fr\\\/fundacion-cardamomo\\\/\",\"url\":\"https:\\\/\\\/cardamomo.com\\\/fr\\\/fundacion-cardamomo\\\/\",\"name\":\"Fundaci\u00f3n Caramomo | Cardamomo Tablao Flamenco\",\"isPartOf\":{\"@id\":\"https:\\\/\\\/cardamomo.com\\\/fr\\\/#website\"},\"primaryImageOfPage\":{\"@id\":\"https:\\\/\\\/cardamomo.com\\\/fr\\\/fundacion-cardamomo\\\/#primaryimage\"},\"image\":{\"@id\":\"https:\\\/\\\/cardamomo.com\\\/es\\\/fundacion-cardamomo\\\/#primaryimage\"},\"thumbnailUrl\":\"https:\\\/\\\/cardamomo.ams3.digitaloceanspaces.com\\\/wp-content\\\/uploads\\\/2025\\\/02\\\/01153419\\\/01-fundacion-cardamomo.jpg\",\"datePublished\":\"2016-06-08T13:57:34+00:00\",\"dateModified\":\"2026-01-13T15:26:47+00:00\",\"description\":\"Es un espacio de encuentro y conocimiento donde artistas nobeles y ni\u00f1os puedan mostrar su trabajo, siendo una motivaci\u00f3n m\u00e1s para que contin\u00faen sus estudios art\u00edsticos.\",\"breadcrumb\":{\"@id\":\"https:\\\/\\\/cardamomo.com\\\/fr\\\/fundacion-cardamomo\\\/#breadcrumb\"},\"inLanguage\":\"fr-FR\",\"potentialAction\":[{\"@type\":\"ReadAction\",\"target\":[[\"https:\\\/\\\/cardamomo.com\\\/fr\\\/fundacion-cardamomo\\\/\"]]}]},{\"@type\":\"ImageObject\",\"inLanguage\":\"fr-FR\",\"@id\":\"https:\\\/\\\/cardamomo.com\\\/fr\\\/fundacion-cardamomo\\\/#primaryimage\",\"url\":\"https:\\\/\\\/cardamomo.ams3.digitaloceanspaces.com\\\/wp-content\\\/uploads\\\/2025\\\/02\\\/01153419\\\/01-fundacion-cardamomo.jpg\",\"contentUrl\":\"https:\\\/\\\/cardamomo.ams3.digitaloceanspaces.com\\\/wp-content\\\/uploads\\\/2025\\\/02\\\/01153419\\\/01-fundacion-cardamomo.jpg\",\"width\":1920,\"height\":1280,\"caption\":\"Vista del escenario desde el fondo del tablao\"},{\"@type\":\"BreadcrumbList\",\"@id\":\"https:\\\/\\\/cardamomo.com\\\/fr\\\/fundacion-cardamomo\\\/#breadcrumb\",\"itemListElement\":[{\"@type\":\"ListItem\",\"position\":1,\"name\":\"Cardamomo\",\"item\":\"https:\\\/\\\/cardamomo.com\\\/fr\\\/\"},{\"@type\":\"ListItem\",\"position\":2,\"name\":\"Fundaci\u00f3n Cardamomo\"}]},{\"@type\":\"WebSite\",\"@id\":\"https:\\\/\\\/cardamomo.com\\\/fr\\\/#website\",\"url\":\"https:\\\/\\\/cardamomo.com\\\/fr\\\/\",\"name\":\"Cardamomo Flamenco Madrid\",\"description\":\"\",\"potentialAction\":[{\"@type\":\"SearchAction\",\"target\":{\"@type\":\"EntryPoint\",\"urlTemplate\":\"https:\\\/\\\/cardamomo.com\\\/fr\\\/?s={search_term_string}\"},\"query-input\":{\"@type\":\"PropertyValueSpecification\",\"valueRequired\":true,\"valueName\":\"search_term_string\"}}],\"inLanguage\":\"fr-FR\"}]}<\/script>\n<!-- \/ Yoast SEO plugin. -->","yoast_head_json":{"title":"Fundaci\u00f3n Caramomo | Cardamomo Tablao Flamenco","description":"Es un espacio de encuentro y conocimiento donde artistas nobeles y ni\u00f1os puedan mostrar su trabajo, siendo una motivaci\u00f3n m\u00e1s para que contin\u00faen sus estudios art\u00edsticos.","robots":{"index":"index","follow":"follow","max-snippet":"max-snippet:-1","max-image-preview":"max-image-preview:large","max-video-preview":"max-video-preview:-1"},"canonical":"\/","og_locale":"fr_FR","og_type":"article","og_title":"Fundaci\u00f3n Caramomo | Cardamomo Tablao Flamenco","og_description":"Es un espacio de encuentro y conocimiento donde artistas nobeles y ni\u00f1os puedan mostrar su trabajo, siendo una motivaci\u00f3n m\u00e1s para que contin\u00faen sus estudios art\u00edsticos.","og_url":"https:\/\/cardamomo.com\/fr\/fundacion-cardamomo\/","og_site_name":"Cardamomo Flamenco Madrid","article_modified_time":"2026-01-13T15:26:47+00:00","og_image":[{"width":1920,"height":1280,"url":"https:\/\/cardamomo.ams3.digitaloceanspaces.com\/wp-content\/uploads\/2025\/02\/01153419\/01-fundacion-cardamomo.jpg","type":"image\/jpeg"}],"twitter_card":"summary_large_image","twitter_misc":{"Dur\u00e9e de lecture estim\u00e9e":"1 minute"},"schema":{"@context":"https:\/\/schema.org","@graph":[{"@type":"WebPage","@id":"https:\/\/cardamomo.com\/fr\/fundacion-cardamomo\/","url":"https:\/\/cardamomo.com\/fr\/fundacion-cardamomo\/","name":"Fundaci\u00f3n Caramomo | Cardamomo Tablao Flamenco","isPartOf":{"@id":"https:\/\/cardamomo.com\/fr\/#website"},"primaryImageOfPage":{"@id":"https:\/\/cardamomo.com\/fr\/fundacion-cardamomo\/#primaryimage"},"image":{"@id":"https:\/\/cardamomo.com\/es\/fundacion-cardamomo\/#primaryimage"},"thumbnailUrl":"https:\/\/cardamomo.ams3.digitaloceanspaces.com\/wp-content\/uploads\/2025\/02\/01153419\/01-fundacion-cardamomo.jpg","datePublished":"2016-06-08T13:57:34+00:00","dateModified":"2026-01-13T15:26:47+00:00","description":"Es un espacio de encuentro y conocimiento donde artistas nobeles y ni\u00f1os puedan mostrar su trabajo, siendo una motivaci\u00f3n m\u00e1s para que contin\u00faen sus estudios art\u00edsticos.","breadcrumb":{"@id":"https:\/\/cardamomo.com\/fr\/fundacion-cardamomo\/#breadcrumb"},"inLanguage":"fr-FR","potentialAction":[{"@type":"ReadAction","target":[["https:\/\/cardamomo.com\/fr\/fundacion-cardamomo\/"]]}]},{"@type":"ImageObject","inLanguage":"fr-FR","@id":"https:\/\/cardamomo.com\/fr\/fundacion-cardamomo\/#primaryimage","url":"https:\/\/cardamomo.ams3.digitaloceanspaces.com\/wp-content\/uploads\/2025\/02\/01153419\/01-fundacion-cardamomo.jpg","contentUrl":"https:\/\/cardamomo.ams3.digitaloceanspaces.com\/wp-content\/uploads\/2025\/02\/01153419\/01-fundacion-cardamomo.jpg","width":1920,"height":1280,"caption":"Vista del escenario desde el fondo del tablao"},{"@type":"BreadcrumbList","@id":"https:\/\/cardamomo.com\/fr\/fundacion-cardamomo\/#breadcrumb","itemListElement":[{"@type":"ListItem","position":1,"name":"Cardamomo","item":"https:\/\/cardamomo.com\/fr\/"},{"@type":"ListItem","position":2,"name":"Fundaci\u00f3n Cardamomo"}]},{"@type":"WebSite","@id":"https:\/\/cardamomo.com\/fr\/#website","url":"https:\/\/cardamomo.com\/fr\/","name":"Cardamomo Flamenco Madrid","description":"","potentialAction":[{"@type":"SearchAction","target":{"@type":"EntryPoint","urlTemplate":"https:\/\/cardamomo.com\/fr\/?s={search_term_string}"},"query-input":{"@type":"PropertyValueSpecification","valueRequired":true,"valueName":"search_term_string"}}],"inLanguage":"fr-FR"}]}},"_links":{"self":[{"href":"https:\/\/cardamomo.com\/fr\/wp-json\/wp\/v2\/pages\/99","targetHints":{"allow":["GET"]}}],"collection":[{"href":"https:\/\/cardamomo.com\/fr\/wp-json\/wp\/v2\/pages"}],"about":[{"href":"https:\/\/cardamomo.com\/fr\/wp-json\/wp\/v2\/types\/page"}],"author":[{"embeddable":true,"href":"https:\/\/cardamomo.com\/fr\/wp-json\/wp\/v2\/users\/1"}],"replies":[{"embeddable":true,"href":"https:\/\/cardamomo.com\/fr\/wp-json\/wp\/v2\/comments?post=99"}],"version-history":[{"count":27,"href":"https:\/\/cardamomo.com\/fr\/wp-json\/wp\/v2\/pages\/99\/revisions"}],"predecessor-version":[{"id":158429,"href":"https:\/\/cardamomo.com\/fr\/wp-json\/wp\/v2\/pages\/99\/revisions\/158429"}],"wp:featuredmedia":[{"embeddable":true,"href":"https:\/\/cardamomo.com\/fr\/wp-json\/wp\/v2\/media\/156836"}],"wp:attachment":[{"href":"https:\/\/cardamomo.com\/fr\/wp-json\/wp\/v2\/media?parent=99"}],"curies":[{"name":"wp","href":"https:\/\/api.w.org\/{rel}","templated":true}]}}