{"id":86,"date":"2024-12-02T15:42:35","date_gmt":"2024-12-02T15:42:35","guid":{"rendered":"http:\/\/cardamomo.local\/?page_id=86"},"modified":"2026-03-31T12:50:42","modified_gmt":"2026-03-31T10:50:42","slug":"gallery","status":"publish","type":"page","link":"https:\/\/cardamomo.com\/fr\/galerie\/","title":{"rendered":"Galerie"},"content":{"rendered":"","protected":false},"excerpt":{"rendered":"","protected":false},"author":1,"featured_media":0,"parent":0,"menu_order":4,"comment_status":"closed","ping_status":"closed","template":"templates\/07-gallery.php","meta":{"_acf_changed":false,"inline_featured_image":false,"footnotes":""},"class_list":["post-86","page","type-page","status-publish","hentry"],"acf":{"display":"hide","hero_intro":"","hero_heading":false,"generic_slider":null},"yoast_head":"<!-- This site is optimized with the Yoast SEO plugin v27.1.1 - https:\/\/yoast.com\/product\/yoast-seo-wordpress\/ -->\n<title>Nuestra galer\u00eda de fotos | Cardamomo Tablao Flamenco<\/title>\n<meta name=\"description\" content=\"Una imagen vale m\u00e1s que mil palabras, aqu\u00ed te dejamos con las mejores im\u00e1genes de nuestro show y nuestros artistas.\" \/>\n<meta name=\"robots\" content=\"index, follow, max-snippet:-1, max-image-preview:large, max-video-preview:-1\" \/>\n<link rel=\"canonical\" href=\"\/\" \/>\n<meta property=\"og:locale\" content=\"fr_FR\" \/>\n<meta property=\"og:type\" content=\"article\" \/>\n<meta property=\"og:title\" content=\"Nuestra galer\u00eda de fotos | Cardamomo Tablao Flamenco\" \/>\n<meta property=\"og:description\" content=\"Una imagen vale m\u00e1s que mil palabras, aqu\u00ed te dejamos con las mejores im\u00e1genes de nuestro show y nuestros artistas.\" \/>\n<meta property=\"og:url\" content=\"https:\/\/cardamomo.com\/fr\/galeria\/\" \/>\n<meta property=\"og:site_name\" content=\"Cardamomo Flamenco Madrid\" \/>\n<meta property=\"article:modified_time\" content=\"2026-03-31T10:50:42+00:00\" \/>\n<meta name=\"twitter:card\" content=\"summary_large_image\" \/>\n<script type=\"application\/ld+json\" class=\"yoast-schema-graph\">{\"@context\":\"https:\/\/schema.org\",\"@graph\":[{\"@type\":\"WebPage\",\"@id\":\"https:\/\/cardamomo.com\/fr\/galeria\/\",\"url\":\"https:\/\/cardamomo.com\/fr\/galeria\/\",\"name\":\"Nuestra galer\u00eda de fotos | Cardamomo Tablao Flamenco\",\"isPartOf\":{\"@id\":\"https:\/\/cardamomo.com\/fr\/#website\"},\"datePublished\":\"2024-12-02T15:42:35+00:00\",\"dateModified\":\"2026-03-31T10:50:42+00:00\",\"description\":\"Una imagen vale m\u00e1s que mil palabras, aqu\u00ed te dejamos con las mejores im\u00e1genes de nuestro show y nuestros artistas.\",\"breadcrumb\":{\"@id\":\"https:\/\/cardamomo.com\/fr\/galeria\/#breadcrumb\"},\"inLanguage\":\"fr-FR\",\"potentialAction\":[{\"@type\":\"ReadAction\",\"target\":[[\"https:\/\/cardamomo.com\/fr\/galeria\/\"]]}]},{\"@type\":\"BreadcrumbList\",\"@id\":\"https:\/\/cardamomo.com\/fr\/galeria\/#breadcrumb\",\"itemListElement\":[{\"@type\":\"ListItem\",\"position\":1,\"name\":\"Cardamomo\",\"item\":\"https:\/\/cardamomo.com\/fr\/\"},{\"@type\":\"ListItem\",\"position\":2,\"name\":\"Galer\u00eda\"}]},{\"@type\":\"WebSite\",\"@id\":\"https:\/\/cardamomo.com\/fr\/#website\",\"url\":\"https:\/\/cardamomo.com\/fr\/\",\"name\":\"Cardamomo Flamenco Madrid\",\"description\":\"\",\"potentialAction\":[{\"@type\":\"SearchAction\",\"target\":{\"@type\":\"EntryPoint\",\"urlTemplate\":\"https:\/\/cardamomo.com\/fr\/?s={search_term_string}\"},\"query-input\":{\"@type\":\"PropertyValueSpecification\",\"valueRequired\":true,\"valueName\":\"search_term_string\"}}],\"inLanguage\":\"fr-FR\"}]}<\/script>\n<!-- \/ Yoast SEO plugin. -->","yoast_head_json":{"title":"Nuestra galer\u00eda de fotos | Cardamomo Tablao Flamenco","description":"Una imagen vale m\u00e1s que mil palabras, aqu\u00ed te dejamos con las mejores im\u00e1genes de nuestro show y nuestros artistas.","robots":{"index":"index","follow":"follow","max-snippet":"max-snippet:-1","max-image-preview":"max-image-preview:large","max-video-preview":"max-video-preview:-1"},"canonical":"\/","og_locale":"fr_FR","og_type":"article","og_title":"Nuestra galer\u00eda de fotos | Cardamomo Tablao Flamenco","og_description":"Una imagen vale m\u00e1s que mil palabras, aqu\u00ed te dejamos con las mejores im\u00e1genes de nuestro show y nuestros artistas.","og_url":"https:\/\/cardamomo.com\/fr\/galeria\/","og_site_name":"Cardamomo Flamenco Madrid","article_modified_time":"2026-03-31T10:50:42+00:00","twitter_card":"summary_large_image","schema":{"@context":"https:\/\/schema.org","@graph":[{"@type":"WebPage","@id":"https:\/\/cardamomo.com\/fr\/galeria\/","url":"https:\/\/cardamomo.com\/fr\/galeria\/","name":"Nuestra galer\u00eda de fotos | Cardamomo Tablao Flamenco","isPartOf":{"@id":"https:\/\/cardamomo.com\/fr\/#website"},"datePublished":"2024-12-02T15:42:35+00:00","dateModified":"2026-03-31T10:50:42+00:00","description":"Una imagen vale m\u00e1s que mil palabras, aqu\u00ed te dejamos con las mejores im\u00e1genes de nuestro show y nuestros artistas.","breadcrumb":{"@id":"https:\/\/cardamomo.com\/fr\/galeria\/#breadcrumb"},"inLanguage":"fr-FR","potentialAction":[{"@type":"ReadAction","target":[["https:\/\/cardamomo.com\/fr\/galeria\/"]]}]},{"@type":"BreadcrumbList","@id":"https:\/\/cardamomo.com\/fr\/galeria\/#breadcrumb","itemListElement":[{"@type":"ListItem","position":1,"name":"Cardamomo","item":"https:\/\/cardamomo.com\/fr\/"},{"@type":"ListItem","position":2,"name":"Galer\u00eda"}]},{"@type":"WebSite","@id":"https:\/\/cardamomo.com\/fr\/#website","url":"https:\/\/cardamomo.com\/fr\/","name":"Cardamomo Flamenco Madrid","description":"","potentialAction":[{"@type":"SearchAction","target":{"@type":"EntryPoint","urlTemplate":"https:\/\/cardamomo.com\/fr\/?s={search_term_string}"},"query-input":{"@type":"PropertyValueSpecification","valueRequired":true,"valueName":"search_term_string"}}],"inLanguage":"fr-FR"}]}},"_links":{"self":[{"href":"https:\/\/cardamomo.com\/fr\/wp-json\/wp\/v2\/pages\/86","targetHints":{"allow":["GET"]}}],"collection":[{"href":"https:\/\/cardamomo.com\/fr\/wp-json\/wp\/v2\/pages"}],"about":[{"href":"https:\/\/cardamomo.com\/fr\/wp-json\/wp\/v2\/types\/page"}],"author":[{"embeddable":true,"href":"https:\/\/cardamomo.com\/fr\/wp-json\/wp\/v2\/users\/1"}],"replies":[{"embeddable":true,"href":"https:\/\/cardamomo.com\/fr\/wp-json\/wp\/v2\/comments?post=86"}],"version-history":[{"count":25,"href":"https:\/\/cardamomo.com\/fr\/wp-json\/wp\/v2\/pages\/86\/revisions"}],"predecessor-version":[{"id":158810,"href":"https:\/\/cardamomo.com\/fr\/wp-json\/wp\/v2\/pages\/86\/revisions\/158810"}],"wp:attachment":[{"href":"https:\/\/cardamomo.com\/fr\/wp-json\/wp\/v2\/media?parent=86"}],"curies":[{"name":"wp","href":"https:\/\/api.w.org\/{rel}","templated":true}]}}