{"id":82,"date":"2024-12-02T15:42:08","date_gmt":"2024-12-02T15:42:08","guid":{"rendered":"http:\/\/cardamomo.local\/?page_id=82"},"modified":"2026-01-16T11:57:01","modified_gmt":"2026-01-16T10:57:01","slug":"cenas-y-tapas","status":"publish","type":"page","link":"https:\/\/cardamomo.com\/fr\/diner-avec-spectacle-de-flamenco-a-madrid\/","title":{"rendered":"D\u00eener avec spectacle de flamenco \u00e0 Madrid"},"content":{"rendered":"<p>Vivez l\u2019exp\u00e9rience la plus authentique et d\u00e9couvrez la gastronomie de rue madril\u00e8ne. Partagez une vari\u00e9t\u00e9 de tapas et de plats gourmets, accompagn\u00e9s d\u2019une bi\u00e8re fra\u00eeche ou d\u2019un verre de vin.<\/p>","protected":false},"excerpt":{"rendered":"Vivez l\u2019exp\u00e9rience la plus authentique et d\u00e9couvrez la gastronomie de rue madril\u00e8ne. Partagez une vari\u00e9t\u00e9 de tapas et de plats gourmets, accompagn\u00e9s d\u2019une bi\u00e8re fra\u00eeche ou d\u2019un verre de vin.","protected":false},"author":1,"featured_media":157002,"parent":0,"menu_order":5,"comment_status":"closed","ping_status":"closed","template":"","meta":{"_acf_changed":false,"inline_featured_image":false,"footnotes":""},"class_list":["post-82","page","type-page","status-publish","has-post-thumbnail","hentry"],"acf":{"display":"default","hero_intro":"Comme un v\u00e9ritable Madril\u00e8ne ! Accompagnez le spectacle d\u2019une s\u00e9lection de tapas espagnoles","hero_heading":"p","generic_slider":null},"yoast_head":"<!-- This site is optimized with the Yoast SEO plugin v27.3 - https:\/\/yoast.com\/product\/yoast-seo-wordpress\/ -->\n<title>D\u00eener-spectacle flamenco \u00e0 Madrid | Cardamomo<\/title>\n<meta name=\"description\" content=\"Vivez un d\u00eener flamenco au c\u0153ur de Madrid. Savourez des tapas espagnoles et un spectacle unique au tablao Cardamomo.\" \/>\n<meta name=\"robots\" content=\"index, follow, max-snippet:-1, max-image-preview:large, max-video-preview:-1\" \/>\n<link rel=\"canonical\" href=\"\/\" \/>\n<meta property=\"og:locale\" content=\"fr_FR\" \/>\n<meta property=\"og:type\" content=\"article\" \/>\n<meta property=\"og:title\" content=\"D\u00eener-spectacle flamenco \u00e0 Madrid | Cardamomo\" \/>\n<meta property=\"og:description\" content=\"Vivez un d\u00eener flamenco au c\u0153ur de Madrid. Savourez des tapas espagnoles et un spectacle unique au tablao Cardamomo.\" \/>\n<meta property=\"og:url\" content=\"https:\/\/cardamomo.com\/fr\/cena-con-espectaculo-flamenco-en-madrid\/\" \/>\n<meta property=\"og:site_name\" content=\"Cardamomo Flamenco Madrid\" \/>\n<meta property=\"article:modified_time\" content=\"2026-01-16T10:57:01+00:00\" \/>\n<meta property=\"og:image\" content=\"https:\/\/cardamomo.ams3.digitaloceanspaces.com\/wp-content\/uploads\/2025\/02\/03130329\/show-y-tapas-jamon.jpg\" \/>\n\t<meta property=\"og:image:width\" content=\"1600\" \/>\n\t<meta property=\"og:image:height\" content=\"750\" \/>\n\t<meta property=\"og:image:type\" content=\"image\/jpeg\" \/>\n<meta name=\"twitter:card\" content=\"summary_large_image\" \/>\n<meta name=\"twitter:label1\" content=\"Dur\u00e9e de lecture estim\u00e9e\" \/>\n\t<meta name=\"twitter:data1\" content=\"1 minute\" \/>\n<script type=\"application\/ld+json\" class=\"yoast-schema-graph\">{\"@context\":\"https:\\\/\\\/schema.org\",\"@graph\":[{\"@type\":\"WebPage\",\"@id\":\"https:\\\/\\\/cardamomo.com\\\/fr\\\/cena-con-espectaculo-flamenco-en-madrid\\\/\",\"url\":\"https:\\\/\\\/cardamomo.com\\\/fr\\\/cena-con-espectaculo-flamenco-en-madrid\\\/\",\"name\":\"D\u00eener-spectacle flamenco \u00e0 Madrid | Cardamomo\",\"isPartOf\":{\"@id\":\"https:\\\/\\\/cardamomo.com\\\/fr\\\/#website\"},\"primaryImageOfPage\":{\"@id\":\"https:\\\/\\\/cardamomo.com\\\/fr\\\/cena-con-espectaculo-flamenco-en-madrid\\\/#primaryimage\"},\"image\":{\"@id\":\"https:\\\/\\\/cardamomo.com\\\/es\\\/cena-con-espectaculo-flamenco-en-madrid\\\/#primaryimage\"},\"thumbnailUrl\":\"https:\\\/\\\/cardamomo.ams3.digitaloceanspaces.com\\\/wp-content\\\/uploads\\\/2025\\\/02\\\/03130329\\\/show-y-tapas-jamon.jpg\",\"datePublished\":\"2024-12-02T15:42:08+00:00\",\"dateModified\":\"2026-01-16T10:57:01+00:00\",\"description\":\"Vivez un d\u00eener flamenco au c\u0153ur de Madrid. Savourez des tapas espagnoles et un spectacle unique au tablao Cardamomo.\",\"breadcrumb\":{\"@id\":\"https:\\\/\\\/cardamomo.com\\\/fr\\\/cena-con-espectaculo-flamenco-en-madrid\\\/#breadcrumb\"},\"inLanguage\":\"fr-FR\",\"potentialAction\":[{\"@type\":\"ReadAction\",\"target\":[[\"https:\\\/\\\/cardamomo.com\\\/fr\\\/cena-con-espectaculo-flamenco-en-madrid\\\/\"]]}]},{\"@type\":\"ImageObject\",\"inLanguage\":\"fr-FR\",\"@id\":\"https:\\\/\\\/cardamomo.com\\\/fr\\\/cena-con-espectaculo-flamenco-en-madrid\\\/#primaryimage\",\"url\":\"https:\\\/\\\/cardamomo.ams3.digitaloceanspaces.com\\\/wp-content\\\/uploads\\\/2025\\\/02\\\/03130329\\\/show-y-tapas-jamon.jpg\",\"contentUrl\":\"https:\\\/\\\/cardamomo.ams3.digitaloceanspaces.com\\\/wp-content\\\/uploads\\\/2025\\\/02\\\/03130329\\\/show-y-tapas-jamon.jpg\",\"width\":1600,\"height\":750},{\"@type\":\"BreadcrumbList\",\"@id\":\"https:\\\/\\\/cardamomo.com\\\/fr\\\/cena-con-espectaculo-flamenco-en-madrid\\\/#breadcrumb\",\"itemListElement\":[{\"@type\":\"ListItem\",\"position\":1,\"name\":\"Cardamomo\",\"item\":\"https:\\\/\\\/cardamomo.com\\\/fr\\\/\"},{\"@type\":\"ListItem\",\"position\":2,\"name\":\"Tablao Flamenco en Madrid con Cena\"}]},{\"@type\":\"WebSite\",\"@id\":\"https:\\\/\\\/cardamomo.com\\\/fr\\\/#website\",\"url\":\"https:\\\/\\\/cardamomo.com\\\/fr\\\/\",\"name\":\"Cardamomo Flamenco Madrid\",\"description\":\"\",\"potentialAction\":[{\"@type\":\"SearchAction\",\"target\":{\"@type\":\"EntryPoint\",\"urlTemplate\":\"https:\\\/\\\/cardamomo.com\\\/fr\\\/?s={search_term_string}\"},\"query-input\":{\"@type\":\"PropertyValueSpecification\",\"valueRequired\":true,\"valueName\":\"search_term_string\"}}],\"inLanguage\":\"fr-FR\"}]}<\/script>\n<!-- \/ Yoast SEO plugin. -->","yoast_head_json":{"title":"D\u00eener-spectacle flamenco \u00e0 Madrid | Cardamomo","description":"Vivez un d\u00eener flamenco au c\u0153ur de Madrid. Savourez des tapas espagnoles et un spectacle unique au tablao Cardamomo.","robots":{"index":"index","follow":"follow","max-snippet":"max-snippet:-1","max-image-preview":"max-image-preview:large","max-video-preview":"max-video-preview:-1"},"canonical":"\/","og_locale":"fr_FR","og_type":"article","og_title":"D\u00eener-spectacle flamenco \u00e0 Madrid | Cardamomo","og_description":"Vivez un d\u00eener flamenco au c\u0153ur de Madrid. Savourez des tapas espagnoles et un spectacle unique au tablao Cardamomo.","og_url":"https:\/\/cardamomo.com\/fr\/cena-con-espectaculo-flamenco-en-madrid\/","og_site_name":"Cardamomo Flamenco Madrid","article_modified_time":"2026-01-16T10:57:01+00:00","og_image":[{"width":1600,"height":750,"url":"https:\/\/cardamomo.ams3.digitaloceanspaces.com\/wp-content\/uploads\/2025\/02\/03130329\/show-y-tapas-jamon.jpg","type":"image\/jpeg"}],"twitter_card":"summary_large_image","twitter_misc":{"Dur\u00e9e de lecture estim\u00e9e":"1 minute"},"schema":{"@context":"https:\/\/schema.org","@graph":[{"@type":"WebPage","@id":"https:\/\/cardamomo.com\/fr\/cena-con-espectaculo-flamenco-en-madrid\/","url":"https:\/\/cardamomo.com\/fr\/cena-con-espectaculo-flamenco-en-madrid\/","name":"D\u00eener-spectacle flamenco \u00e0 Madrid | Cardamomo","isPartOf":{"@id":"https:\/\/cardamomo.com\/fr\/#website"},"primaryImageOfPage":{"@id":"https:\/\/cardamomo.com\/fr\/cena-con-espectaculo-flamenco-en-madrid\/#primaryimage"},"image":{"@id":"https:\/\/cardamomo.com\/es\/cena-con-espectaculo-flamenco-en-madrid\/#primaryimage"},"thumbnailUrl":"https:\/\/cardamomo.ams3.digitaloceanspaces.com\/wp-content\/uploads\/2025\/02\/03130329\/show-y-tapas-jamon.jpg","datePublished":"2024-12-02T15:42:08+00:00","dateModified":"2026-01-16T10:57:01+00:00","description":"Vivez un d\u00eener flamenco au c\u0153ur de Madrid. Savourez des tapas espagnoles et un spectacle unique au tablao Cardamomo.","breadcrumb":{"@id":"https:\/\/cardamomo.com\/fr\/cena-con-espectaculo-flamenco-en-madrid\/#breadcrumb"},"inLanguage":"fr-FR","potentialAction":[{"@type":"ReadAction","target":[["https:\/\/cardamomo.com\/fr\/cena-con-espectaculo-flamenco-en-madrid\/"]]}]},{"@type":"ImageObject","inLanguage":"fr-FR","@id":"https:\/\/cardamomo.com\/fr\/cena-con-espectaculo-flamenco-en-madrid\/#primaryimage","url":"https:\/\/cardamomo.ams3.digitaloceanspaces.com\/wp-content\/uploads\/2025\/02\/03130329\/show-y-tapas-jamon.jpg","contentUrl":"https:\/\/cardamomo.ams3.digitaloceanspaces.com\/wp-content\/uploads\/2025\/02\/03130329\/show-y-tapas-jamon.jpg","width":1600,"height":750},{"@type":"BreadcrumbList","@id":"https:\/\/cardamomo.com\/fr\/cena-con-espectaculo-flamenco-en-madrid\/#breadcrumb","itemListElement":[{"@type":"ListItem","position":1,"name":"Cardamomo","item":"https:\/\/cardamomo.com\/fr\/"},{"@type":"ListItem","position":2,"name":"Tablao Flamenco en Madrid con Cena"}]},{"@type":"WebSite","@id":"https:\/\/cardamomo.com\/fr\/#website","url":"https:\/\/cardamomo.com\/fr\/","name":"Cardamomo Flamenco Madrid","description":"","potentialAction":[{"@type":"SearchAction","target":{"@type":"EntryPoint","urlTemplate":"https:\/\/cardamomo.com\/fr\/?s={search_term_string}"},"query-input":{"@type":"PropertyValueSpecification","valueRequired":true,"valueName":"search_term_string"}}],"inLanguage":"fr-FR"}]}},"_links":{"self":[{"href":"https:\/\/cardamomo.com\/fr\/wp-json\/wp\/v2\/pages\/82","targetHints":{"allow":["GET"]}}],"collection":[{"href":"https:\/\/cardamomo.com\/fr\/wp-json\/wp\/v2\/pages"}],"about":[{"href":"https:\/\/cardamomo.com\/fr\/wp-json\/wp\/v2\/types\/page"}],"author":[{"embeddable":true,"href":"https:\/\/cardamomo.com\/fr\/wp-json\/wp\/v2\/users\/1"}],"replies":[{"embeddable":true,"href":"https:\/\/cardamomo.com\/fr\/wp-json\/wp\/v2\/comments?post=82"}],"version-history":[{"count":57,"href":"https:\/\/cardamomo.com\/fr\/wp-json\/wp\/v2\/pages\/82\/revisions"}],"predecessor-version":[{"id":158459,"href":"https:\/\/cardamomo.com\/fr\/wp-json\/wp\/v2\/pages\/82\/revisions\/158459"}],"wp:featuredmedia":[{"embeddable":true,"href":"https:\/\/cardamomo.com\/fr\/wp-json\/wp\/v2\/media\/157002"}],"wp:attachment":[{"href":"https:\/\/cardamomo.com\/fr\/wp-json\/wp\/v2\/media?parent=82"}],"curies":[{"name":"wp","href":"https:\/\/api.w.org\/{rel}","templated":true}]}}