{"id":80,"date":"2024-12-02T15:41:52","date_gmt":"2024-12-02T15:41:52","guid":{"rendered":"http:\/\/cardamomo.local\/?page_id=80"},"modified":"2026-01-29T12:24:49","modified_gmt":"2026-01-29T11:24:49","slug":"artistas-2","status":"publish","type":"page","link":"https:\/\/cardamomo.com\/fr\/artistes\/","title":{"rendered":"Artistes"},"content":{"rendered":"<p>Dans un <strong>spectacle de flamenco en direct<\/strong>, la connexion entre les artistes est essentielle. Le chant marque le rythme \u00e9motionnel, la danse interpr\u00e8te le comp\u00e1s avec le corps et la guitare soutient chaque instant avec pr\u00e9cision et sensibilit\u00e9.<\/p>\n<p>Au Tablao Flamenco Cardamomo, cette rencontre artistique a lieu chaque soir, donnant naissance \u00e0 un spectacle de flamenco pur et sans artifices.<br \/>\n<\/p>","protected":false},"excerpt":{"rendered":"Dans un spectacle de flamenco en direct, la connexion entre les artistes est essentielle. Le chant marque le rythme \u00e9motionnel, la danse interpr\u00e8te le comp\u00e1s avec le corps et la guitare soutient chaque instant avec pr\u00e9cision et sensibilit\u00e9. Au Tablao Flamenco Cardamomo, cette rencontre artistique a lieu chaque soir, donnant naissance \u00e0 un spectacle de&#8230;","protected":false},"author":1,"featured_media":158522,"parent":0,"menu_order":3,"comment_status":"closed","ping_status":"closed","template":"templates\/03-artists.php","meta":{"_acf_changed":false,"inline_featured_image":false,"footnotes":""},"class_list":["post-80","page","type-page","status-publish","has-post-thumbnail","hentry"],"acf":{"display":"default","hero_intro":"M\u00e1s de 6 artistas en el escenario, cantaores y bailaores de flamenco en directo","hero_heading":"h2","generic_slider":null},"yoast_head":"<!-- This site is optimized with the Yoast SEO plugin v27.3 - https:\/\/yoast.com\/product\/yoast-seo-wordpress\/ -->\n<title>Artistes flamenco : chanteurs, danseurs et plus | Cardamomo<\/title>\n<meta name=\"description\" content=\"D\u00e9couvrez les artistes flamenco les plus repr\u00e9sentatifs : chanteurs, danseurs et guitaristes qui font vivre le flamenco.\" \/>\n<meta name=\"robots\" content=\"index, follow, max-snippet:-1, max-image-preview:large, max-video-preview:-1\" \/>\n<link rel=\"canonical\" href=\"\/\" \/>\n<meta property=\"og:locale\" content=\"fr_FR\" \/>\n<meta property=\"og:type\" content=\"article\" \/>\n<meta property=\"og:title\" content=\"Artistes flamenco : chanteurs, danseurs et plus | Cardamomo\" \/>\n<meta property=\"og:description\" content=\"D\u00e9couvrez les artistes flamenco les plus repr\u00e9sentatifs : chanteurs, danseurs et guitaristes qui font vivre le flamenco.\" \/>\n<meta property=\"og:url\" content=\"https:\/\/cardamomo.com\/fr\/artistas\/\" \/>\n<meta property=\"og:site_name\" content=\"Cardamomo Flamenco Madrid\" \/>\n<meta property=\"article:modified_time\" content=\"2026-01-29T11:24:49+00:00\" \/>\n<meta property=\"og:image\" content=\"https:\/\/cardamomo.ams3.digitaloceanspaces.com\/wp-content\/uploads\/2026\/01\/29120146\/artistas-flamencos.jpg\" \/>\n\t<meta property=\"og:image:width\" content=\"1600\" \/>\n\t<meta property=\"og:image:height\" content=\"1067\" \/>\n\t<meta property=\"og:image:type\" content=\"image\/jpeg\" \/>\n<meta name=\"twitter:card\" content=\"summary_large_image\" \/>\n<meta name=\"twitter:label1\" content=\"Dur\u00e9e de lecture estim\u00e9e\" \/>\n\t<meta name=\"twitter:data1\" content=\"1 minute\" \/>\n<script type=\"application\/ld+json\" class=\"yoast-schema-graph\">{\"@context\":\"https:\\\/\\\/schema.org\",\"@graph\":[{\"@type\":\"WebPage\",\"@id\":\"https:\\\/\\\/cardamomo.com\\\/fr\\\/artistas\\\/\",\"url\":\"https:\\\/\\\/cardamomo.com\\\/fr\\\/artistas\\\/\",\"name\":\"Artistes flamenco : chanteurs, danseurs et plus | Cardamomo\",\"isPartOf\":{\"@id\":\"https:\\\/\\\/cardamomo.com\\\/fr\\\/#website\"},\"primaryImageOfPage\":{\"@id\":\"https:\\\/\\\/cardamomo.com\\\/fr\\\/artistas\\\/#primaryimage\"},\"image\":{\"@id\":\"https:\\\/\\\/cardamomo.com\\\/es\\\/artistas\\\/#primaryimage\"},\"thumbnailUrl\":\"https:\\\/\\\/cardamomo.ams3.digitaloceanspaces.com\\\/wp-content\\\/uploads\\\/2026\\\/01\\\/29120146\\\/artistas-flamencos.jpg\",\"datePublished\":\"2024-12-02T15:41:52+00:00\",\"dateModified\":\"2026-01-29T11:24:49+00:00\",\"description\":\"D\u00e9couvrez les artistes flamenco les plus repr\u00e9sentatifs : chanteurs, danseurs et guitaristes qui font vivre le flamenco.\",\"breadcrumb\":{\"@id\":\"https:\\\/\\\/cardamomo.com\\\/fr\\\/artistas\\\/#breadcrumb\"},\"inLanguage\":\"fr-FR\",\"potentialAction\":[{\"@type\":\"ReadAction\",\"target\":[[\"https:\\\/\\\/cardamomo.com\\\/fr\\\/artistas\\\/\"]]}]},{\"@type\":\"ImageObject\",\"inLanguage\":\"fr-FR\",\"@id\":\"https:\\\/\\\/cardamomo.com\\\/fr\\\/artistas\\\/#primaryimage\",\"url\":\"https:\\\/\\\/cardamomo.ams3.digitaloceanspaces.com\\\/wp-content\\\/uploads\\\/2026\\\/01\\\/29120146\\\/artistas-flamencos.jpg\",\"contentUrl\":\"https:\\\/\\\/cardamomo.ams3.digitaloceanspaces.com\\\/wp-content\\\/uploads\\\/2026\\\/01\\\/29120146\\\/artistas-flamencos.jpg\",\"width\":1600,\"height\":1067,\"caption\":\"Grupos de artistas, dos guitarristas, un percusionista y dos cantantes\"},{\"@type\":\"BreadcrumbList\",\"@id\":\"https:\\\/\\\/cardamomo.com\\\/fr\\\/artistas\\\/#breadcrumb\",\"itemListElement\":[{\"@type\":\"ListItem\",\"position\":1,\"name\":\"Cardamomo\",\"item\":\"https:\\\/\\\/cardamomo.com\\\/fr\\\/\"},{\"@type\":\"ListItem\",\"position\":2,\"name\":\"Artistas flamencos\"}]},{\"@type\":\"WebSite\",\"@id\":\"https:\\\/\\\/cardamomo.com\\\/fr\\\/#website\",\"url\":\"https:\\\/\\\/cardamomo.com\\\/fr\\\/\",\"name\":\"Cardamomo Flamenco Madrid\",\"description\":\"\",\"potentialAction\":[{\"@type\":\"SearchAction\",\"target\":{\"@type\":\"EntryPoint\",\"urlTemplate\":\"https:\\\/\\\/cardamomo.com\\\/fr\\\/?s={search_term_string}\"},\"query-input\":{\"@type\":\"PropertyValueSpecification\",\"valueRequired\":true,\"valueName\":\"search_term_string\"}}],\"inLanguage\":\"fr-FR\"}]}<\/script>\n<!-- \/ Yoast SEO plugin. -->","yoast_head_json":{"title":"Artistes flamenco : chanteurs, danseurs et plus | Cardamomo","description":"D\u00e9couvrez les artistes flamenco les plus repr\u00e9sentatifs : chanteurs, danseurs et guitaristes qui font vivre le flamenco.","robots":{"index":"index","follow":"follow","max-snippet":"max-snippet:-1","max-image-preview":"max-image-preview:large","max-video-preview":"max-video-preview:-1"},"canonical":"\/","og_locale":"fr_FR","og_type":"article","og_title":"Artistes flamenco : chanteurs, danseurs et plus | Cardamomo","og_description":"D\u00e9couvrez les artistes flamenco les plus repr\u00e9sentatifs : chanteurs, danseurs et guitaristes qui font vivre le flamenco.","og_url":"https:\/\/cardamomo.com\/fr\/artistas\/","og_site_name":"Cardamomo Flamenco Madrid","article_modified_time":"2026-01-29T11:24:49+00:00","og_image":[{"width":1600,"height":1067,"url":"https:\/\/cardamomo.ams3.digitaloceanspaces.com\/wp-content\/uploads\/2026\/01\/29120146\/artistas-flamencos.jpg","type":"image\/jpeg"}],"twitter_card":"summary_large_image","twitter_misc":{"Dur\u00e9e de lecture estim\u00e9e":"1 minute"},"schema":{"@context":"https:\/\/schema.org","@graph":[{"@type":"WebPage","@id":"https:\/\/cardamomo.com\/fr\/artistas\/","url":"https:\/\/cardamomo.com\/fr\/artistas\/","name":"Artistes flamenco : chanteurs, danseurs et plus | Cardamomo","isPartOf":{"@id":"https:\/\/cardamomo.com\/fr\/#website"},"primaryImageOfPage":{"@id":"https:\/\/cardamomo.com\/fr\/artistas\/#primaryimage"},"image":{"@id":"https:\/\/cardamomo.com\/es\/artistas\/#primaryimage"},"thumbnailUrl":"https:\/\/cardamomo.ams3.digitaloceanspaces.com\/wp-content\/uploads\/2026\/01\/29120146\/artistas-flamencos.jpg","datePublished":"2024-12-02T15:41:52+00:00","dateModified":"2026-01-29T11:24:49+00:00","description":"D\u00e9couvrez les artistes flamenco les plus repr\u00e9sentatifs : chanteurs, danseurs et guitaristes qui font vivre le flamenco.","breadcrumb":{"@id":"https:\/\/cardamomo.com\/fr\/artistas\/#breadcrumb"},"inLanguage":"fr-FR","potentialAction":[{"@type":"ReadAction","target":[["https:\/\/cardamomo.com\/fr\/artistas\/"]]}]},{"@type":"ImageObject","inLanguage":"fr-FR","@id":"https:\/\/cardamomo.com\/fr\/artistas\/#primaryimage","url":"https:\/\/cardamomo.ams3.digitaloceanspaces.com\/wp-content\/uploads\/2026\/01\/29120146\/artistas-flamencos.jpg","contentUrl":"https:\/\/cardamomo.ams3.digitaloceanspaces.com\/wp-content\/uploads\/2026\/01\/29120146\/artistas-flamencos.jpg","width":1600,"height":1067,"caption":"Grupos de artistas, dos guitarristas, un percusionista y dos cantantes"},{"@type":"BreadcrumbList","@id":"https:\/\/cardamomo.com\/fr\/artistas\/#breadcrumb","itemListElement":[{"@type":"ListItem","position":1,"name":"Cardamomo","item":"https:\/\/cardamomo.com\/fr\/"},{"@type":"ListItem","position":2,"name":"Artistas flamencos"}]},{"@type":"WebSite","@id":"https:\/\/cardamomo.com\/fr\/#website","url":"https:\/\/cardamomo.com\/fr\/","name":"Cardamomo Flamenco Madrid","description":"","potentialAction":[{"@type":"SearchAction","target":{"@type":"EntryPoint","urlTemplate":"https:\/\/cardamomo.com\/fr\/?s={search_term_string}"},"query-input":{"@type":"PropertyValueSpecification","valueRequired":true,"valueName":"search_term_string"}}],"inLanguage":"fr-FR"}]}},"_links":{"self":[{"href":"https:\/\/cardamomo.com\/fr\/wp-json\/wp\/v2\/pages\/80","targetHints":{"allow":["GET"]}}],"collection":[{"href":"https:\/\/cardamomo.com\/fr\/wp-json\/wp\/v2\/pages"}],"about":[{"href":"https:\/\/cardamomo.com\/fr\/wp-json\/wp\/v2\/types\/page"}],"author":[{"embeddable":true,"href":"https:\/\/cardamomo.com\/fr\/wp-json\/wp\/v2\/users\/1"}],"replies":[{"embeddable":true,"href":"https:\/\/cardamomo.com\/fr\/wp-json\/wp\/v2\/comments?post=80"}],"version-history":[{"count":9,"href":"https:\/\/cardamomo.com\/fr\/wp-json\/wp\/v2\/pages\/80\/revisions"}],"predecessor-version":[{"id":158521,"href":"https:\/\/cardamomo.com\/fr\/wp-json\/wp\/v2\/pages\/80\/revisions\/158521"}],"wp:featuredmedia":[{"embeddable":true,"href":"https:\/\/cardamomo.com\/fr\/wp-json\/wp\/v2\/media\/158522"}],"wp:attachment":[{"href":"https:\/\/cardamomo.com\/fr\/wp-json\/wp\/v2\/media?parent=80"}],"curies":[{"name":"wp","href":"https:\/\/api.w.org\/{rel}","templated":true}]}}