{"id":78,"date":"2024-12-02T15:41:38","date_gmt":"2024-12-02T15:41:38","guid":{"rendered":"http:\/\/cardamomo.local\/?page_id=78"},"modified":"2026-04-14T17:28:05","modified_gmt":"2026-04-14T15:28:05","slug":"espectaculos","status":"publish","type":"page","link":"https:\/\/cardamomo.com\/fr\/spectacle-de-flamenco-a-madrid\/","title":{"rendered":"Spectacle de flamenco \u00e0 Madrid"},"content":{"rendered":"<p><\/p>\n<p class=\"\" data-start=\"394\" data-end=\"594\">Chaque mois, nous \u00e9tablissons une <strong data-start=\"428\" data-end=\"492\">programmation d\u2019artistes venus des quatre coins de l\u2019Espagne<\/strong>, et m\u00eame de l\u2019\u00e9tranger, afin de renouveler constamment l\u2019offre de ce <strong data-start=\"562\" data-end=\"593\">spectacle flamenco \u00e0 Madrid<\/strong>.<\/p>\n<p>&nbsp;<\/p>","protected":false},"excerpt":{"rendered":"Chaque mois, nous \u00e9tablissons une programmation d\u2019artistes venus des quatre coins de l\u2019Espagne, et m\u00eame de l\u2019\u00e9tranger, afin de renouveler constamment l\u2019offre de ce spectacle flamenco \u00e0 Madrid. &nbsp;","protected":false},"author":1,"featured_media":156997,"parent":0,"menu_order":2,"comment_status":"closed","ping_status":"closed","template":"templates\/02-shows.php","meta":{"_acf_changed":false,"inline_featured_image":false,"footnotes":""},"class_list":["post-78","page","type-page","status-publish","has-post-thumbnail","hentry"],"acf":{"display":"default","hero_intro":"4 repr\u00e9sentations par jour avec des programmes et des artistes diff\u00e9rents chaque semaine","hero_heading":"h2","generic_slider":null},"yoast_head":"<!-- This site is optimized with the Yoast SEO plugin v27.3 - https:\/\/yoast.com\/product\/yoast-seo-wordpress\/ -->\n<title>Spectacle de flamenco \u00e0 Madrid \u2013 Repr\u00e9sentations uniques | Cardamomo<\/title>\n<meta name=\"description\" content=\"Profitez du meilleur spectacle de flamenco \u00e0 Madrid. 4 repr\u00e9sentations par jour avec des artistes de renomm\u00e9e mondiale. Achetez vos billets en ligne et vivez une exp\u00e9rience unique.\" \/>\n<meta name=\"robots\" content=\"index, follow, max-snippet:-1, max-image-preview:large, max-video-preview:-1\" \/>\n<link rel=\"canonical\" href=\"\/\" \/>\n<meta property=\"og:locale\" content=\"fr_FR\" \/>\n<meta property=\"og:type\" content=\"article\" \/>\n<meta property=\"og:title\" content=\"Spectacle de flamenco \u00e0 Madrid \u2013 Repr\u00e9sentations uniques | Cardamomo\" \/>\n<meta property=\"og:description\" content=\"Profitez du meilleur spectacle de flamenco \u00e0 Madrid. 4 repr\u00e9sentations par jour avec des artistes de renomm\u00e9e mondiale. Achetez vos billets en ligne et vivez une exp\u00e9rience unique.\" \/>\n<meta property=\"og:url\" content=\"https:\/\/cardamomo.com\/fr\/flamenco-show-en-madrid\/\" \/>\n<meta property=\"og:site_name\" content=\"Cardamomo Flamenco Madrid\" \/>\n<meta property=\"article:modified_time\" content=\"2026-04-14T15:28:05+00:00\" \/>\n<meta property=\"og:image\" content=\"https:\/\/cardamomo.ams3.digitaloceanspaces.com\/wp-content\/uploads\/2025\/02\/03125744\/cardamomo-4-shows-flamencos.jpg\" \/>\n\t<meta property=\"og:image:width\" content=\"1600\" \/>\n\t<meta property=\"og:image:height\" content=\"793\" \/>\n\t<meta property=\"og:image:type\" content=\"image\/jpeg\" \/>\n<meta name=\"twitter:card\" content=\"summary_large_image\" \/>\n<meta name=\"twitter:label1\" content=\"Dur\u00e9e de lecture estim\u00e9e\" \/>\n\t<meta name=\"twitter:data1\" content=\"1 minute\" \/>\n<script type=\"application\/ld+json\" class=\"yoast-schema-graph\">{\"@context\":\"https:\\\/\\\/schema.org\",\"@graph\":[{\"@type\":\"WebPage\",\"@id\":\"https:\\\/\\\/cardamomo.com\\\/fr\\\/flamenco-show-en-madrid\\\/\",\"url\":\"https:\\\/\\\/cardamomo.com\\\/fr\\\/flamenco-show-en-madrid\\\/\",\"name\":\"Spectacle de flamenco \u00e0 Madrid \u2013 Repr\u00e9sentations uniques | Cardamomo\",\"isPartOf\":{\"@id\":\"https:\\\/\\\/cardamomo.com\\\/fr\\\/#website\"},\"primaryImageOfPage\":{\"@id\":\"https:\\\/\\\/cardamomo.com\\\/fr\\\/flamenco-show-en-madrid\\\/#primaryimage\"},\"image\":{\"@id\":\"https:\\\/\\\/cardamomo.com\\\/es\\\/flamenco-show-en-madrid\\\/#primaryimage\"},\"thumbnailUrl\":\"https:\\\/\\\/cardamomo.ams3.digitaloceanspaces.com\\\/wp-content\\\/uploads\\\/2025\\\/02\\\/03125744\\\/cardamomo-4-shows-flamencos.jpg\",\"datePublished\":\"2024-12-02T15:41:38+00:00\",\"dateModified\":\"2026-04-14T15:28:05+00:00\",\"description\":\"Profitez du meilleur spectacle de flamenco \u00e0 Madrid. 4 repr\u00e9sentations par jour avec des artistes de renomm\u00e9e mondiale. Achetez vos billets en ligne et vivez une exp\u00e9rience unique.\",\"breadcrumb\":{\"@id\":\"https:\\\/\\\/cardamomo.com\\\/fr\\\/flamenco-show-en-madrid\\\/#breadcrumb\"},\"inLanguage\":\"fr-FR\",\"potentialAction\":[{\"@type\":\"ReadAction\",\"target\":[[\"https:\\\/\\\/cardamomo.com\\\/fr\\\/flamenco-show-en-madrid\\\/\"]]}]},{\"@type\":\"ImageObject\",\"inLanguage\":\"fr-FR\",\"@id\":\"https:\\\/\\\/cardamomo.com\\\/fr\\\/flamenco-show-en-madrid\\\/#primaryimage\",\"url\":\"https:\\\/\\\/cardamomo.ams3.digitaloceanspaces.com\\\/wp-content\\\/uploads\\\/2025\\\/02\\\/03125744\\\/cardamomo-4-shows-flamencos.jpg\",\"contentUrl\":\"https:\\\/\\\/cardamomo.ams3.digitaloceanspaces.com\\\/wp-content\\\/uploads\\\/2025\\\/02\\\/03125744\\\/cardamomo-4-shows-flamencos.jpg\",\"width\":1600,\"height\":793,\"caption\":\"Bailaor en el escenario rodeado de otros artistas\"},{\"@type\":\"BreadcrumbList\",\"@id\":\"https:\\\/\\\/cardamomo.com\\\/fr\\\/flamenco-show-en-madrid\\\/#breadcrumb\",\"itemListElement\":[{\"@type\":\"ListItem\",\"position\":1,\"name\":\"Cardamomo\",\"item\":\"https:\\\/\\\/cardamomo.com\\\/fr\\\/\"},{\"@type\":\"ListItem\",\"position\":2,\"name\":\"Espect\u00e1culos de Flamenco en Madrid\"}]},{\"@type\":\"WebSite\",\"@id\":\"https:\\\/\\\/cardamomo.com\\\/fr\\\/#website\",\"url\":\"https:\\\/\\\/cardamomo.com\\\/fr\\\/\",\"name\":\"Cardamomo Flamenco Madrid\",\"description\":\"\",\"potentialAction\":[{\"@type\":\"SearchAction\",\"target\":{\"@type\":\"EntryPoint\",\"urlTemplate\":\"https:\\\/\\\/cardamomo.com\\\/fr\\\/?s={search_term_string}\"},\"query-input\":{\"@type\":\"PropertyValueSpecification\",\"valueRequired\":true,\"valueName\":\"search_term_string\"}}],\"inLanguage\":\"fr-FR\"}]}<\/script>\n<!-- \/ Yoast SEO plugin. -->","yoast_head_json":{"title":"Spectacle de flamenco \u00e0 Madrid \u2013 Repr\u00e9sentations uniques | Cardamomo","description":"Profitez du meilleur spectacle de flamenco \u00e0 Madrid. 4 repr\u00e9sentations par jour avec des artistes de renomm\u00e9e mondiale. Achetez vos billets en ligne et vivez une exp\u00e9rience unique.","robots":{"index":"index","follow":"follow","max-snippet":"max-snippet:-1","max-image-preview":"max-image-preview:large","max-video-preview":"max-video-preview:-1"},"canonical":"\/","og_locale":"fr_FR","og_type":"article","og_title":"Spectacle de flamenco \u00e0 Madrid \u2013 Repr\u00e9sentations uniques | Cardamomo","og_description":"Profitez du meilleur spectacle de flamenco \u00e0 Madrid. 4 repr\u00e9sentations par jour avec des artistes de renomm\u00e9e mondiale. Achetez vos billets en ligne et vivez une exp\u00e9rience unique.","og_url":"https:\/\/cardamomo.com\/fr\/flamenco-show-en-madrid\/","og_site_name":"Cardamomo Flamenco Madrid","article_modified_time":"2026-04-14T15:28:05+00:00","og_image":[{"width":1600,"height":793,"url":"https:\/\/cardamomo.ams3.digitaloceanspaces.com\/wp-content\/uploads\/2025\/02\/03125744\/cardamomo-4-shows-flamencos.jpg","type":"image\/jpeg"}],"twitter_card":"summary_large_image","twitter_misc":{"Dur\u00e9e de lecture estim\u00e9e":"1 minute"},"schema":{"@context":"https:\/\/schema.org","@graph":[{"@type":"WebPage","@id":"https:\/\/cardamomo.com\/fr\/flamenco-show-en-madrid\/","url":"https:\/\/cardamomo.com\/fr\/flamenco-show-en-madrid\/","name":"Spectacle de flamenco \u00e0 Madrid \u2013 Repr\u00e9sentations uniques | Cardamomo","isPartOf":{"@id":"https:\/\/cardamomo.com\/fr\/#website"},"primaryImageOfPage":{"@id":"https:\/\/cardamomo.com\/fr\/flamenco-show-en-madrid\/#primaryimage"},"image":{"@id":"https:\/\/cardamomo.com\/es\/flamenco-show-en-madrid\/#primaryimage"},"thumbnailUrl":"https:\/\/cardamomo.ams3.digitaloceanspaces.com\/wp-content\/uploads\/2025\/02\/03125744\/cardamomo-4-shows-flamencos.jpg","datePublished":"2024-12-02T15:41:38+00:00","dateModified":"2026-04-14T15:28:05+00:00","description":"Profitez du meilleur spectacle de flamenco \u00e0 Madrid. 4 repr\u00e9sentations par jour avec des artistes de renomm\u00e9e mondiale. Achetez vos billets en ligne et vivez une exp\u00e9rience unique.","breadcrumb":{"@id":"https:\/\/cardamomo.com\/fr\/flamenco-show-en-madrid\/#breadcrumb"},"inLanguage":"fr-FR","potentialAction":[{"@type":"ReadAction","target":[["https:\/\/cardamomo.com\/fr\/flamenco-show-en-madrid\/"]]}]},{"@type":"ImageObject","inLanguage":"fr-FR","@id":"https:\/\/cardamomo.com\/fr\/flamenco-show-en-madrid\/#primaryimage","url":"https:\/\/cardamomo.ams3.digitaloceanspaces.com\/wp-content\/uploads\/2025\/02\/03125744\/cardamomo-4-shows-flamencos.jpg","contentUrl":"https:\/\/cardamomo.ams3.digitaloceanspaces.com\/wp-content\/uploads\/2025\/02\/03125744\/cardamomo-4-shows-flamencos.jpg","width":1600,"height":793,"caption":"Bailaor en el escenario rodeado de otros artistas"},{"@type":"BreadcrumbList","@id":"https:\/\/cardamomo.com\/fr\/flamenco-show-en-madrid\/#breadcrumb","itemListElement":[{"@type":"ListItem","position":1,"name":"Cardamomo","item":"https:\/\/cardamomo.com\/fr\/"},{"@type":"ListItem","position":2,"name":"Espect\u00e1culos de Flamenco en Madrid"}]},{"@type":"WebSite","@id":"https:\/\/cardamomo.com\/fr\/#website","url":"https:\/\/cardamomo.com\/fr\/","name":"Cardamomo Flamenco Madrid","description":"","potentialAction":[{"@type":"SearchAction","target":{"@type":"EntryPoint","urlTemplate":"https:\/\/cardamomo.com\/fr\/?s={search_term_string}"},"query-input":{"@type":"PropertyValueSpecification","valueRequired":true,"valueName":"search_term_string"}}],"inLanguage":"fr-FR"}]}},"_links":{"self":[{"href":"https:\/\/cardamomo.com\/fr\/wp-json\/wp\/v2\/pages\/78","targetHints":{"allow":["GET"]}}],"collection":[{"href":"https:\/\/cardamomo.com\/fr\/wp-json\/wp\/v2\/pages"}],"about":[{"href":"https:\/\/cardamomo.com\/fr\/wp-json\/wp\/v2\/types\/page"}],"author":[{"embeddable":true,"href":"https:\/\/cardamomo.com\/fr\/wp-json\/wp\/v2\/users\/1"}],"replies":[{"embeddable":true,"href":"https:\/\/cardamomo.com\/fr\/wp-json\/wp\/v2\/comments?post=78"}],"version-history":[{"count":27,"href":"https:\/\/cardamomo.com\/fr\/wp-json\/wp\/v2\/pages\/78\/revisions"}],"predecessor-version":[{"id":158894,"href":"https:\/\/cardamomo.com\/fr\/wp-json\/wp\/v2\/pages\/78\/revisions\/158894"}],"wp:featuredmedia":[{"embeddable":true,"href":"https:\/\/cardamomo.com\/fr\/wp-json\/wp\/v2\/media\/156997"}],"wp:attachment":[{"href":"https:\/\/cardamomo.com\/fr\/wp-json\/wp\/v2\/media?parent=78"}],"curies":[{"name":"wp","href":"https:\/\/api.w.org\/{rel}","templated":true}]}}