{"id":64590,"date":"2019-06-25T09:50:07","date_gmt":"2019-06-25T07:50:07","guid":{"rendered":"https:\/\/cardamomo.com\/es\/?page_id=64590"},"modified":"2024-12-17T12:17:00","modified_gmt":"2024-12-17T12:17:00","slug":"evento-days-2019","status":"publish","type":"page","link":"https:\/\/cardamomo.com\/fr\/evento-days-2019\/","title":{"rendered":"Evento Days 2019"},"content":{"rendered":"<p class=\"qtranxs-available-languages-message qtranxs-available-languages-message-fr\">D\u00e9sol\u00e9, cet article est seulement disponible en <a href=\"https:\/\/cardamomo.com\/es\/wp-json\/wp\/v2\/pages\/64590\" class=\"qtranxs-available-language-link qtranxs-available-language-link-es\" title=\"Espa\u00f1ol\">Espa\u00f1ol<\/a>.<\/p><p><embed src=\"https:\/\/cardamomo.com\/wp-content\/uploads\/2019\/06\/feria-julio.pdf\" type=\"application\/pdf\" width=\"100%\" height=\"750px\" \/><\/p>","protected":false},"excerpt":{"rendered":"D\u00e9sol\u00e9, cet article est seulement disponible en Espa\u00f1ol.","protected":false},"author":1,"featured_media":0,"parent":0,"menu_order":30,"comment_status":"closed","ping_status":"closed","template":"","meta":{"_acf_changed":false,"inline_featured_image":false,"footnotes":""},"class_list":["post-64590","page","type-page","status-publish","hentry"],"acf":{"display":"","hero_intro":"","hero_heading":false,"generic_slider":null},"yoast_head":"<!-- This site is optimized with the Yoast SEO plugin v27.1.1 - https:\/\/yoast.com\/product\/yoast-seo-wordpress\/ -->\n<title>Evento Days 2019 - Cardamomo Flamenco Madrid<\/title>\n<meta name=\"robots\" content=\"index, follow, max-snippet:-1, max-image-preview:large, max-video-preview:-1\" \/>\n<link rel=\"canonical\" href=\"\/\" \/>\n<meta property=\"og:locale\" content=\"fr_FR\" \/>\n<meta property=\"og:type\" content=\"article\" \/>\n<meta property=\"og:title\" content=\"Evento Days 2019 - Cardamomo Flamenco Madrid\" \/>\n<meta property=\"og:description\" content=\"D\u00e9sol\u00e9, cet article est seulement disponible en Espa\u00f1ol.\" \/>\n<meta property=\"og:url\" content=\"https:\/\/cardamomo.com\/fr\/evento-days-2019\/\" \/>\n<meta property=\"og:site_name\" content=\"Cardamomo Flamenco Madrid\" \/>\n<meta property=\"article:modified_time\" content=\"2024-12-17T12:17:00+00:00\" \/>\n<meta name=\"twitter:card\" content=\"summary_large_image\" \/>\n<script type=\"application\/ld+json\" class=\"yoast-schema-graph\">{\"@context\":\"https:\/\/schema.org\",\"@graph\":[{\"@type\":\"WebPage\",\"@id\":\"https:\/\/cardamomo.com\/fr\/evento-days-2019\/\",\"url\":\"https:\/\/cardamomo.com\/fr\/evento-days-2019\/\",\"name\":\"Evento Days 2019 - Cardamomo Flamenco Madrid\",\"isPartOf\":{\"@id\":\"https:\/\/cardamomo.com\/fr\/#website\"},\"datePublished\":\"2019-06-25T07:50:07+00:00\",\"dateModified\":\"2024-12-17T12:17:00+00:00\",\"breadcrumb\":{\"@id\":\"https:\/\/cardamomo.com\/fr\/evento-days-2019\/#breadcrumb\"},\"inLanguage\":\"fr-FR\",\"potentialAction\":[{\"@type\":\"ReadAction\",\"target\":[[\"https:\/\/cardamomo.com\/fr\/evento-days-2019\/\"]]}]},{\"@type\":\"BreadcrumbList\",\"@id\":\"https:\/\/cardamomo.com\/fr\/evento-days-2019\/#breadcrumb\",\"itemListElement\":[{\"@type\":\"ListItem\",\"position\":1,\"name\":\"Cardamomo\",\"item\":\"https:\/\/cardamomo.com\/fr\/\"},{\"@type\":\"ListItem\",\"position\":2,\"name\":\"Evento Days 2019\"}]},{\"@type\":\"WebSite\",\"@id\":\"https:\/\/cardamomo.com\/fr\/#website\",\"url\":\"https:\/\/cardamomo.com\/fr\/\",\"name\":\"Cardamomo Flamenco Madrid\",\"description\":\"\",\"potentialAction\":[{\"@type\":\"SearchAction\",\"target\":{\"@type\":\"EntryPoint\",\"urlTemplate\":\"https:\/\/cardamomo.com\/fr\/?s={search_term_string}\"},\"query-input\":{\"@type\":\"PropertyValueSpecification\",\"valueRequired\":true,\"valueName\":\"search_term_string\"}}],\"inLanguage\":\"fr-FR\"}]}<\/script>\n<!-- \/ Yoast SEO plugin. -->","yoast_head_json":{"title":"Evento Days 2019 - Cardamomo Flamenco Madrid","robots":{"index":"index","follow":"follow","max-snippet":"max-snippet:-1","max-image-preview":"max-image-preview:large","max-video-preview":"max-video-preview:-1"},"canonical":"\/","og_locale":"fr_FR","og_type":"article","og_title":"Evento Days 2019 - Cardamomo Flamenco Madrid","og_description":"D\u00e9sol\u00e9, cet article est seulement disponible en Espa\u00f1ol.","og_url":"https:\/\/cardamomo.com\/fr\/evento-days-2019\/","og_site_name":"Cardamomo Flamenco Madrid","article_modified_time":"2024-12-17T12:17:00+00:00","twitter_card":"summary_large_image","schema":{"@context":"https:\/\/schema.org","@graph":[{"@type":"WebPage","@id":"https:\/\/cardamomo.com\/fr\/evento-days-2019\/","url":"https:\/\/cardamomo.com\/fr\/evento-days-2019\/","name":"Evento Days 2019 - Cardamomo Flamenco Madrid","isPartOf":{"@id":"https:\/\/cardamomo.com\/fr\/#website"},"datePublished":"2019-06-25T07:50:07+00:00","dateModified":"2024-12-17T12:17:00+00:00","breadcrumb":{"@id":"https:\/\/cardamomo.com\/fr\/evento-days-2019\/#breadcrumb"},"inLanguage":"fr-FR","potentialAction":[{"@type":"ReadAction","target":[["https:\/\/cardamomo.com\/fr\/evento-days-2019\/"]]}]},{"@type":"BreadcrumbList","@id":"https:\/\/cardamomo.com\/fr\/evento-days-2019\/#breadcrumb","itemListElement":[{"@type":"ListItem","position":1,"name":"Cardamomo","item":"https:\/\/cardamomo.com\/fr\/"},{"@type":"ListItem","position":2,"name":"Evento Days 2019"}]},{"@type":"WebSite","@id":"https:\/\/cardamomo.com\/fr\/#website","url":"https:\/\/cardamomo.com\/fr\/","name":"Cardamomo Flamenco Madrid","description":"","potentialAction":[{"@type":"SearchAction","target":{"@type":"EntryPoint","urlTemplate":"https:\/\/cardamomo.com\/fr\/?s={search_term_string}"},"query-input":{"@type":"PropertyValueSpecification","valueRequired":true,"valueName":"search_term_string"}}],"inLanguage":"fr-FR"}]}},"_links":{"self":[{"href":"https:\/\/cardamomo.com\/fr\/wp-json\/wp\/v2\/pages\/64590","targetHints":{"allow":["GET"]}}],"collection":[{"href":"https:\/\/cardamomo.com\/fr\/wp-json\/wp\/v2\/pages"}],"about":[{"href":"https:\/\/cardamomo.com\/fr\/wp-json\/wp\/v2\/types\/page"}],"author":[{"embeddable":true,"href":"https:\/\/cardamomo.com\/fr\/wp-json\/wp\/v2\/users\/1"}],"replies":[{"embeddable":true,"href":"https:\/\/cardamomo.com\/fr\/wp-json\/wp\/v2\/comments?post=64590"}],"version-history":[{"count":0,"href":"https:\/\/cardamomo.com\/fr\/wp-json\/wp\/v2\/pages\/64590\/revisions"}],"wp:attachment":[{"href":"https:\/\/cardamomo.com\/fr\/wp-json\/wp\/v2\/media?parent=64590"}],"curies":[{"name":"wp","href":"https:\/\/api.w.org\/{rel}","templated":true}]}}