{"id":158490,"date":"2026-01-27T13:08:23","date_gmt":"2026-01-27T12:08:23","guid":{"rendered":"https:\/\/cardamomo.com\/es\/?page_id=158490"},"modified":"2026-01-29T12:24:09","modified_gmt":"2026-01-29T11:24:09","slug":"cantaores-flamencos","status":"publish","type":"page","link":"https:\/\/cardamomo.com\/fr\/artistes\/chanteurs-de-flamenco\/","title":{"rendered":"Chanteurs de flamenco"},"content":{"rendered":"<p>Les chanteurs de flamenco sont la base du flamenco traditionnel. \u00c0 travers le chant, ils transmettent l\u2019\u00e9motion, l\u2019histoire et le caract\u00e8re de chaque palo flamenco, de la sole\u00e1 et la seguiriya aux alegr\u00edas ou aux tangos.<\/p>\n<p>Chanteurs et chanteuses de flamenco maintiennent vivante l\u2019une des expressions culturelles les plus importantes d\u2019Espagne.<\/p>","protected":false},"excerpt":{"rendered":"Les chanteurs de flamenco sont la base du flamenco traditionnel. \u00c0 travers le chant, ils transmettent l\u2019\u00e9motion, l\u2019histoire et le caract\u00e8re de chaque palo flamenco, de la sole\u00e1 et la seguiriya aux alegr\u00edas ou aux tangos. Chanteurs et chanteuses de flamenco maintiennent vivante l\u2019une des expressions culturelles les plus importantes d\u2019Espagne.","protected":false},"author":1,"featured_media":158524,"parent":80,"menu_order":0,"comment_status":"closed","ping_status":"closed","template":"templates\/03-artists-category.php","meta":{"_acf_changed":false,"inline_featured_image":false,"footnotes":""},"class_list":["post-158490","page","type-page","status-publish","has-post-thumbnail","hentry"],"acf":{"display":"reduced","hero_intro":"Le chant flamenco en direct","hero_heading":"h2","generic_slider":null},"yoast_head":"<!-- This site is optimized with the Yoast SEO plugin v27.4 - https:\/\/yoast.com\/product\/yoast-seo-wordpress\/ -->\n<title>Chanteurs de flamenco - Cardamomo Flamenco Madrid<\/title>\n<meta name=\"robots\" content=\"noindex, follow\" \/>\n<meta property=\"og:locale\" content=\"fr_FR\" \/>\n<meta property=\"og:type\" content=\"article\" \/>\n<meta property=\"og:title\" content=\"Chanteurs de flamenco - Cardamomo Flamenco Madrid\" \/>\n<meta property=\"og:description\" content=\"Les chanteurs de flamenco sont la base du flamenco traditionnel. \u00c0 travers le chant, ils transmettent l\u2019\u00e9motion, l\u2019histoire et le caract\u00e8re de chaque palo flamenco, de la sole\u00e1 et la seguiriya aux alegr\u00edas ou aux tangos. Chanteurs et chanteuses de flamenco maintiennent vivante l\u2019une des expressions culturelles les plus importantes d\u2019Espagne.\" \/>\n<meta property=\"og:url\" content=\"https:\/\/cardamomo.com\/fr\/artistas\/cantaores-flamencos\/\" \/>\n<meta property=\"og:site_name\" content=\"Cardamomo Flamenco Madrid\" \/>\n<meta property=\"article:modified_time\" content=\"2026-01-29T11:24:09+00:00\" \/>\n<meta property=\"og:image\" content=\"https:\/\/cardamomo.ams3.digitaloceanspaces.com\/wp-content\/uploads\/2026\/01\/29122338\/cantaores-flamencos.jpg\" \/>\n\t<meta property=\"og:image:width\" content=\"900\" \/>\n\t<meta property=\"og:image:height\" content=\"600\" \/>\n\t<meta property=\"og:image:type\" content=\"image\/jpeg\" \/>\n<meta name=\"twitter:card\" content=\"summary_large_image\" \/>\n<meta name=\"twitter:label1\" content=\"Dur\u00e9e de lecture estim\u00e9e\" \/>\n\t<meta name=\"twitter:data1\" content=\"1 minute\" \/>\n<script type=\"application\/ld+json\" class=\"yoast-schema-graph\">{\"@context\":\"https:\\\/\\\/schema.org\",\"@graph\":[{\"@type\":\"WebPage\",\"@id\":\"https:\\\/\\\/cardamomo.com\\\/fr\\\/artistas\\\/cantaores-flamencos\\\/\",\"url\":\"https:\\\/\\\/cardamomo.com\\\/fr\\\/artistas\\\/cantaores-flamencos\\\/\",\"name\":\"Chanteurs de flamenco - Cardamomo Flamenco Madrid\",\"isPartOf\":{\"@id\":\"https:\\\/\\\/cardamomo.com\\\/fr\\\/#website\"},\"primaryImageOfPage\":{\"@id\":\"https:\\\/\\\/cardamomo.com\\\/fr\\\/artistas\\\/cantaores-flamencos\\\/#primaryimage\"},\"image\":{\"@id\":\"https:\\\/\\\/cardamomo.com\\\/es\\\/artistas\\\/cantaores-flamencos\\\/#primaryimage\"},\"thumbnailUrl\":\"https:\\\/\\\/cardamomo.ams3.digitaloceanspaces.com\\\/wp-content\\\/uploads\\\/2026\\\/01\\\/29122338\\\/cantaores-flamencos.jpg\",\"datePublished\":\"2026-01-27T12:08:23+00:00\",\"dateModified\":\"2026-01-29T11:24:09+00:00\",\"breadcrumb\":{\"@id\":\"https:\\\/\\\/cardamomo.com\\\/fr\\\/artistas\\\/cantaores-flamencos\\\/#breadcrumb\"},\"inLanguage\":\"fr-FR\",\"potentialAction\":[{\"@type\":\"ReadAction\",\"target\":[[\"https:\\\/\\\/cardamomo.com\\\/fr\\\/artistas\\\/cantaores-flamencos\\\/\"]]}]},{\"@type\":\"ImageObject\",\"inLanguage\":\"fr-FR\",\"@id\":\"https:\\\/\\\/cardamomo.com\\\/fr\\\/artistas\\\/cantaores-flamencos\\\/#primaryimage\",\"url\":\"https:\\\/\\\/cardamomo.ams3.digitaloceanspaces.com\\\/wp-content\\\/uploads\\\/2026\\\/01\\\/29122338\\\/cantaores-flamencos.jpg\",\"contentUrl\":\"https:\\\/\\\/cardamomo.ams3.digitaloceanspaces.com\\\/wp-content\\\/uploads\\\/2026\\\/01\\\/29122338\\\/cantaores-flamencos.jpg\",\"width\":900,\"height\":600,\"caption\":\"Grupo de 3 hombres tocando las palmas, el caj\u00f3n y cantando\"},{\"@type\":\"BreadcrumbList\",\"@id\":\"https:\\\/\\\/cardamomo.com\\\/fr\\\/artistas\\\/cantaores-flamencos\\\/#breadcrumb\",\"itemListElement\":[{\"@type\":\"ListItem\",\"position\":1,\"name\":\"Cardamomo\",\"item\":\"https:\\\/\\\/cardamomo.com\\\/fr\\\/\"},{\"@type\":\"ListItem\",\"position\":2,\"name\":\"Artistas flamencos\",\"item\":\"https:\\\/\\\/cardamomo.com\\\/fr\\\/artistas\\\/\"},{\"@type\":\"ListItem\",\"position\":3,\"name\":\"Cantaores flamencos\"}]},{\"@type\":\"WebSite\",\"@id\":\"https:\\\/\\\/cardamomo.com\\\/fr\\\/#website\",\"url\":\"https:\\\/\\\/cardamomo.com\\\/fr\\\/\",\"name\":\"Cardamomo Flamenco Madrid\",\"description\":\"\",\"potentialAction\":[{\"@type\":\"SearchAction\",\"target\":{\"@type\":\"EntryPoint\",\"urlTemplate\":\"https:\\\/\\\/cardamomo.com\\\/fr\\\/?s={search_term_string}\"},\"query-input\":{\"@type\":\"PropertyValueSpecification\",\"valueRequired\":true,\"valueName\":\"search_term_string\"}}],\"inLanguage\":\"fr-FR\"}]}<\/script>\n<!-- \/ Yoast SEO plugin. -->","yoast_head_json":{"title":"Chanteurs de flamenco - Cardamomo Flamenco Madrid","robots":{"index":"noindex","follow":"follow"},"og_locale":"fr_FR","og_type":"article","og_title":"Chanteurs de flamenco - Cardamomo Flamenco Madrid","og_description":"Les chanteurs de flamenco sont la base du flamenco traditionnel. \u00c0 travers le chant, ils transmettent l\u2019\u00e9motion, l\u2019histoire et le caract\u00e8re de chaque palo flamenco, de la sole\u00e1 et la seguiriya aux alegr\u00edas ou aux tangos. Chanteurs et chanteuses de flamenco maintiennent vivante l\u2019une des expressions culturelles les plus importantes d\u2019Espagne.","og_url":"https:\/\/cardamomo.com\/fr\/artistas\/cantaores-flamencos\/","og_site_name":"Cardamomo Flamenco Madrid","article_modified_time":"2026-01-29T11:24:09+00:00","og_image":[{"width":900,"height":600,"url":"https:\/\/cardamomo.ams3.digitaloceanspaces.com\/wp-content\/uploads\/2026\/01\/29122338\/cantaores-flamencos.jpg","type":"image\/jpeg"}],"twitter_card":"summary_large_image","twitter_misc":{"Dur\u00e9e de lecture estim\u00e9e":"1 minute"},"schema":{"@context":"https:\/\/schema.org","@graph":[{"@type":"WebPage","@id":"https:\/\/cardamomo.com\/fr\/artistas\/cantaores-flamencos\/","url":"https:\/\/cardamomo.com\/fr\/artistas\/cantaores-flamencos\/","name":"Chanteurs de flamenco - Cardamomo Flamenco Madrid","isPartOf":{"@id":"https:\/\/cardamomo.com\/fr\/#website"},"primaryImageOfPage":{"@id":"https:\/\/cardamomo.com\/fr\/artistas\/cantaores-flamencos\/#primaryimage"},"image":{"@id":"https:\/\/cardamomo.com\/es\/artistas\/cantaores-flamencos\/#primaryimage"},"thumbnailUrl":"https:\/\/cardamomo.ams3.digitaloceanspaces.com\/wp-content\/uploads\/2026\/01\/29122338\/cantaores-flamencos.jpg","datePublished":"2026-01-27T12:08:23+00:00","dateModified":"2026-01-29T11:24:09+00:00","breadcrumb":{"@id":"https:\/\/cardamomo.com\/fr\/artistas\/cantaores-flamencos\/#breadcrumb"},"inLanguage":"fr-FR","potentialAction":[{"@type":"ReadAction","target":[["https:\/\/cardamomo.com\/fr\/artistas\/cantaores-flamencos\/"]]}]},{"@type":"ImageObject","inLanguage":"fr-FR","@id":"https:\/\/cardamomo.com\/fr\/artistas\/cantaores-flamencos\/#primaryimage","url":"https:\/\/cardamomo.ams3.digitaloceanspaces.com\/wp-content\/uploads\/2026\/01\/29122338\/cantaores-flamencos.jpg","contentUrl":"https:\/\/cardamomo.ams3.digitaloceanspaces.com\/wp-content\/uploads\/2026\/01\/29122338\/cantaores-flamencos.jpg","width":900,"height":600,"caption":"Grupo de 3 hombres tocando las palmas, el caj\u00f3n y cantando"},{"@type":"BreadcrumbList","@id":"https:\/\/cardamomo.com\/fr\/artistas\/cantaores-flamencos\/#breadcrumb","itemListElement":[{"@type":"ListItem","position":1,"name":"Cardamomo","item":"https:\/\/cardamomo.com\/fr\/"},{"@type":"ListItem","position":2,"name":"Artistas flamencos","item":"https:\/\/cardamomo.com\/fr\/artistas\/"},{"@type":"ListItem","position":3,"name":"Cantaores flamencos"}]},{"@type":"WebSite","@id":"https:\/\/cardamomo.com\/fr\/#website","url":"https:\/\/cardamomo.com\/fr\/","name":"Cardamomo Flamenco Madrid","description":"","potentialAction":[{"@type":"SearchAction","target":{"@type":"EntryPoint","urlTemplate":"https:\/\/cardamomo.com\/fr\/?s={search_term_string}"},"query-input":{"@type":"PropertyValueSpecification","valueRequired":true,"valueName":"search_term_string"}}],"inLanguage":"fr-FR"}]}},"_links":{"self":[{"href":"https:\/\/cardamomo.com\/fr\/wp-json\/wp\/v2\/pages\/158490","targetHints":{"allow":["GET"]}}],"collection":[{"href":"https:\/\/cardamomo.com\/fr\/wp-json\/wp\/v2\/pages"}],"about":[{"href":"https:\/\/cardamomo.com\/fr\/wp-json\/wp\/v2\/types\/page"}],"author":[{"embeddable":true,"href":"https:\/\/cardamomo.com\/fr\/wp-json\/wp\/v2\/users\/1"}],"replies":[{"embeddable":true,"href":"https:\/\/cardamomo.com\/fr\/wp-json\/wp\/v2\/comments?post=158490"}],"version-history":[{"count":8,"href":"https:\/\/cardamomo.com\/fr\/wp-json\/wp\/v2\/pages\/158490\/revisions"}],"predecessor-version":[{"id":158517,"href":"https:\/\/cardamomo.com\/fr\/wp-json\/wp\/v2\/pages\/158490\/revisions\/158517"}],"up":[{"embeddable":true,"href":"https:\/\/cardamomo.com\/fr\/wp-json\/wp\/v2\/pages\/80"}],"wp:featuredmedia":[{"embeddable":true,"href":"https:\/\/cardamomo.com\/fr\/wp-json\/wp\/v2\/media\/158524"}],"wp:attachment":[{"href":"https:\/\/cardamomo.com\/fr\/wp-json\/wp\/v2\/media?parent=158490"}],"curies":[{"name":"wp","href":"https:\/\/api.w.org\/{rel}","templated":true}]}}