{"id":158081,"date":"2025-12-11T10:42:37","date_gmt":"2025-12-11T09:42:37","guid":{"rendered":"https:\/\/cardamomo.com\/es\/?page_id=158081"},"modified":"2026-01-21T10:11:51","modified_gmt":"2026-01-21T09:11:51","slug":"comprar-entradas-test","status":"publish","type":"page","link":"https:\/\/cardamomo.com\/fr\/achat-de-billets\/","title":{"rendered":"Achetez vos billets de flamenco dans le tablao le plus acclam\u00e9 de Madrid"},"content":{"rendered":"<p><\/p>\n<p data-start=\"978\" data-end=\"1093\">Chez Cardamomo, nous vous offrons l\u2019opportunit\u00e9 de vivre un <strong data-start=\"1038\" data-end=\"1063\">spectacle de flamenco<\/strong> unique au <strong data-start=\"1074\" data-end=\"1092\">c\u0153ur de Madrid<\/strong>.<\/p>\n<p data-start=\"1095\" data-end=\"1269\">Reconnu internationalement et dot\u00e9 du label de <strong data-start=\"1142\" data-end=\"1177\">Patrimoine Culturel de la ville<\/strong>, notre tablao r\u00e9unit chaque jour de grands artistes du chant, de la danse et de la guitare.<\/p>\n<p data-start=\"1271\" data-end=\"1353\">R\u00e9servez vos billets en ligne facilement et profitez d\u2019une exp\u00e9rience inoubliable.<\/p>\n<p><\/p>","protected":false},"excerpt":{"rendered":"Chez Cardamomo, nous vous offrons l\u2019opportunit\u00e9 de vivre un spectacle de flamenco unique au c\u0153ur de Madrid. Reconnu internationalement et dot\u00e9 du label de Patrimoine Culturel de la ville, notre tablao r\u00e9unit chaque jour de grands artistes du chant, de la danse et de la guitare. R\u00e9servez vos billets en ligne facilement et profitez d\u2019une&#8230;","protected":false},"author":1,"featured_media":157308,"parent":0,"menu_order":7,"comment_status":"closed","ping_status":"closed","template":"templates\/10-buy-tickets.php","meta":{"_acf_changed":false,"inline_featured_image":false,"footnotes":""},"class_list":["post-158081","page","type-page","status-publish","has-post-thumbnail","hentry"],"acf":{"display":"hide","hero_intro":"","hero_heading":"h2","generic_slider":null},"yoast_head":"<!-- This site is optimized with the Yoast SEO plugin v27.1.1 - https:\/\/yoast.com\/product\/yoast-seo-wordpress\/ -->\n<title>Billets pour le tablao flamenco \u00e0 Madrid | Cardamomo<\/title>\n<meta name=\"description\" content=\"R\u00e9servez vos billets de flamenco au Cardamomo Madrid. Achetez vos billets officiels en ligne et profitez d\u2019un spectacle de flamenco authentique au c\u0153ur de Madrid.\" \/>\n<meta name=\"robots\" content=\"index, follow, max-snippet:-1, max-image-preview:large, max-video-preview:-1\" \/>\n<link rel=\"canonical\" href=\"\/\" \/>\n<meta property=\"og:locale\" content=\"fr_FR\" \/>\n<meta property=\"og:type\" content=\"article\" \/>\n<meta property=\"og:title\" content=\"Billets pour le tablao flamenco \u00e0 Madrid | Cardamomo\" \/>\n<meta property=\"og:description\" content=\"R\u00e9servez vos billets de flamenco au Cardamomo Madrid. Achetez vos billets officiels en ligne et profitez d\u2019un spectacle de flamenco authentique au c\u0153ur de Madrid.\" \/>\n<meta property=\"og:url\" content=\"https:\/\/cardamomo.com\/fr\/comprar-entradas\/\" \/>\n<meta property=\"og:site_name\" content=\"Cardamomo Flamenco Madrid\" \/>\n<meta property=\"article:modified_time\" content=\"2026-01-21T09:11:51+00:00\" \/>\n<meta property=\"og:image\" content=\"https:\/\/cardamomo.ams3.digitaloceanspaces.com\/wp-content\/uploads\/2025\/04\/07115829\/image-1024x677.png\" \/>\n\t<meta property=\"og:image:width\" content=\"1024\" \/>\n\t<meta property=\"og:image:height\" content=\"677\" \/>\n\t<meta property=\"og:image:type\" content=\"image\/png\" \/>\n<meta name=\"twitter:card\" content=\"summary_large_image\" \/>\n<meta name=\"twitter:label1\" content=\"Dur\u00e9e de lecture estim\u00e9e\" \/>\n\t<meta name=\"twitter:data1\" content=\"1 minute\" \/>\n<script type=\"application\/ld+json\" class=\"yoast-schema-graph\">{\"@context\":\"https:\/\/schema.org\",\"@graph\":[{\"@type\":\"WebPage\",\"@id\":\"https:\/\/cardamomo.com\/fr\/comprar-entradas\/\",\"url\":\"https:\/\/cardamomo.com\/fr\/comprar-entradas\/\",\"name\":\"Billets pour le tablao flamenco \u00e0 Madrid | Cardamomo\",\"isPartOf\":{\"@id\":\"https:\/\/cardamomo.com\/fr\/#website\"},\"primaryImageOfPage\":{\"@id\":\"https:\/\/cardamomo.com\/fr\/comprar-entradas\/#primaryimage\"},\"image\":{\"@id\":\"https:\/\/cardamomo.com\/es\/comprar-entradas\/#primaryimage\"},\"thumbnailUrl\":\"https:\/\/cardamomo.ams3.digitaloceanspaces.com\/wp-content\/uploads\/2025\/04\/07115829\/image.png\",\"datePublished\":\"2025-12-11T09:42:37+00:00\",\"dateModified\":\"2026-01-21T09:11:51+00:00\",\"description\":\"R\u00e9servez vos billets de flamenco au Cardamomo Madrid. Achetez vos billets officiels en ligne et profitez d\u2019un spectacle de flamenco authentique au c\u0153ur de Madrid.\",\"breadcrumb\":{\"@id\":\"https:\/\/cardamomo.com\/fr\/comprar-entradas\/#breadcrumb\"},\"inLanguage\":\"fr-FR\",\"potentialAction\":[{\"@type\":\"ReadAction\",\"target\":[[\"https:\/\/cardamomo.com\/fr\/comprar-entradas\/\"]]}]},{\"@type\":\"ImageObject\",\"inLanguage\":\"fr-FR\",\"@id\":\"https:\/\/cardamomo.com\/fr\/comprar-entradas\/#primaryimage\",\"url\":\"https:\/\/cardamomo.ams3.digitaloceanspaces.com\/wp-content\/uploads\/2025\/04\/07115829\/image.png\",\"contentUrl\":\"https:\/\/cardamomo.ams3.digitaloceanspaces.com\/wp-content\/uploads\/2025\/04\/07115829\/image.png\",\"width\":1716,\"height\":1134},{\"@type\":\"BreadcrumbList\",\"@id\":\"https:\/\/cardamomo.com\/fr\/comprar-entradas\/#breadcrumb\",\"itemListElement\":[{\"@type\":\"ListItem\",\"position\":1,\"name\":\"Cardamomo\",\"item\":\"https:\/\/cardamomo.com\/fr\/\"},{\"@type\":\"ListItem\",\"position\":2,\"name\":\"Acheter des billets de flamenco\"}]},{\"@type\":\"WebSite\",\"@id\":\"https:\/\/cardamomo.com\/fr\/#website\",\"url\":\"https:\/\/cardamomo.com\/fr\/\",\"name\":\"Cardamomo Flamenco Madrid\",\"description\":\"\",\"potentialAction\":[{\"@type\":\"SearchAction\",\"target\":{\"@type\":\"EntryPoint\",\"urlTemplate\":\"https:\/\/cardamomo.com\/fr\/?s={search_term_string}\"},\"query-input\":{\"@type\":\"PropertyValueSpecification\",\"valueRequired\":true,\"valueName\":\"search_term_string\"}}],\"inLanguage\":\"fr-FR\"}]}<\/script>\n<!-- \/ Yoast SEO plugin. -->","yoast_head_json":{"title":"Billets pour le tablao flamenco \u00e0 Madrid | Cardamomo","description":"R\u00e9servez vos billets de flamenco au Cardamomo Madrid. Achetez vos billets officiels en ligne et profitez d\u2019un spectacle de flamenco authentique au c\u0153ur de Madrid.","robots":{"index":"index","follow":"follow","max-snippet":"max-snippet:-1","max-image-preview":"max-image-preview:large","max-video-preview":"max-video-preview:-1"},"canonical":"\/","og_locale":"fr_FR","og_type":"article","og_title":"Billets pour le tablao flamenco \u00e0 Madrid | Cardamomo","og_description":"R\u00e9servez vos billets de flamenco au Cardamomo Madrid. Achetez vos billets officiels en ligne et profitez d\u2019un spectacle de flamenco authentique au c\u0153ur de Madrid.","og_url":"https:\/\/cardamomo.com\/fr\/comprar-entradas\/","og_site_name":"Cardamomo Flamenco Madrid","article_modified_time":"2026-01-21T09:11:51+00:00","og_image":[{"width":1024,"height":677,"url":"https:\/\/cardamomo.ams3.digitaloceanspaces.com\/wp-content\/uploads\/2025\/04\/07115829\/image-1024x677.png","type":"image\/png"}],"twitter_card":"summary_large_image","twitter_misc":{"Dur\u00e9e de lecture estim\u00e9e":"1 minute"},"schema":{"@context":"https:\/\/schema.org","@graph":[{"@type":"WebPage","@id":"https:\/\/cardamomo.com\/fr\/comprar-entradas\/","url":"https:\/\/cardamomo.com\/fr\/comprar-entradas\/","name":"Billets pour le tablao flamenco \u00e0 Madrid | Cardamomo","isPartOf":{"@id":"https:\/\/cardamomo.com\/fr\/#website"},"primaryImageOfPage":{"@id":"https:\/\/cardamomo.com\/fr\/comprar-entradas\/#primaryimage"},"image":{"@id":"https:\/\/cardamomo.com\/es\/comprar-entradas\/#primaryimage"},"thumbnailUrl":"https:\/\/cardamomo.ams3.digitaloceanspaces.com\/wp-content\/uploads\/2025\/04\/07115829\/image.png","datePublished":"2025-12-11T09:42:37+00:00","dateModified":"2026-01-21T09:11:51+00:00","description":"R\u00e9servez vos billets de flamenco au Cardamomo Madrid. Achetez vos billets officiels en ligne et profitez d\u2019un spectacle de flamenco authentique au c\u0153ur de Madrid.","breadcrumb":{"@id":"https:\/\/cardamomo.com\/fr\/comprar-entradas\/#breadcrumb"},"inLanguage":"fr-FR","potentialAction":[{"@type":"ReadAction","target":[["https:\/\/cardamomo.com\/fr\/comprar-entradas\/"]]}]},{"@type":"ImageObject","inLanguage":"fr-FR","@id":"https:\/\/cardamomo.com\/fr\/comprar-entradas\/#primaryimage","url":"https:\/\/cardamomo.ams3.digitaloceanspaces.com\/wp-content\/uploads\/2025\/04\/07115829\/image.png","contentUrl":"https:\/\/cardamomo.ams3.digitaloceanspaces.com\/wp-content\/uploads\/2025\/04\/07115829\/image.png","width":1716,"height":1134},{"@type":"BreadcrumbList","@id":"https:\/\/cardamomo.com\/fr\/comprar-entradas\/#breadcrumb","itemListElement":[{"@type":"ListItem","position":1,"name":"Cardamomo","item":"https:\/\/cardamomo.com\/fr\/"},{"@type":"ListItem","position":2,"name":"Acheter des billets de flamenco"}]},{"@type":"WebSite","@id":"https:\/\/cardamomo.com\/fr\/#website","url":"https:\/\/cardamomo.com\/fr\/","name":"Cardamomo Flamenco Madrid","description":"","potentialAction":[{"@type":"SearchAction","target":{"@type":"EntryPoint","urlTemplate":"https:\/\/cardamomo.com\/fr\/?s={search_term_string}"},"query-input":{"@type":"PropertyValueSpecification","valueRequired":true,"valueName":"search_term_string"}}],"inLanguage":"fr-FR"}]}},"_links":{"self":[{"href":"https:\/\/cardamomo.com\/fr\/wp-json\/wp\/v2\/pages\/158081","targetHints":{"allow":["GET"]}}],"collection":[{"href":"https:\/\/cardamomo.com\/fr\/wp-json\/wp\/v2\/pages"}],"about":[{"href":"https:\/\/cardamomo.com\/fr\/wp-json\/wp\/v2\/types\/page"}],"author":[{"embeddable":true,"href":"https:\/\/cardamomo.com\/fr\/wp-json\/wp\/v2\/users\/1"}],"replies":[{"embeddable":true,"href":"https:\/\/cardamomo.com\/fr\/wp-json\/wp\/v2\/comments?post=158081"}],"version-history":[{"count":41,"href":"https:\/\/cardamomo.com\/fr\/wp-json\/wp\/v2\/pages\/158081\/revisions"}],"predecessor-version":[{"id":158474,"href":"https:\/\/cardamomo.com\/fr\/wp-json\/wp\/v2\/pages\/158081\/revisions\/158474"}],"wp:featuredmedia":[{"embeddable":true,"href":"https:\/\/cardamomo.com\/fr\/wp-json\/wp\/v2\/media\/157308"}],"wp:attachment":[{"href":"https:\/\/cardamomo.com\/fr\/wp-json\/wp\/v2\/media?parent=158081"}],"curies":[{"name":"wp","href":"https:\/\/api.w.org\/{rel}","templated":true}]}}