{"id":155463,"date":"2024-12-02T09:58:35","date_gmt":"2024-12-02T09:58:35","guid":{"rendered":"http:\/\/fullcircle.es\/javato-hanzo\/?page_id=23"},"modified":"2026-01-13T16:39:08","modified_gmt":"2026-01-13T15:39:08","slug":"tablao","status":"publish","type":"page","link":"https:\/\/cardamomo.com\/fr\/tablao-flamenco\/","title":{"rendered":"Tablao Flamenco \u00e0 Madrid"},"content":{"rendered":"<p>La capacit\u00e9 limit\u00e9e de notre tablao permet une grande proximit\u00e9 avec la sc\u00e8ne et cr\u00e9e une relation de complicit\u00e9 avec l\u2019artiste.<\/p>","protected":false},"excerpt":{"rendered":"La capacit\u00e9 limit\u00e9e de notre tablao permet une grande proximit\u00e9 avec la sc\u00e8ne et cr\u00e9e une relation de complicit\u00e9 avec l\u2019artiste.","protected":false},"author":1,"featured_media":156960,"parent":0,"menu_order":1,"comment_status":"closed","ping_status":"closed","template":"","meta":{"_acf_changed":false,"inline_featured_image":false,"footnotes":""},"class_list":["post-155463","page","type-page","status-publish","has-post-thumbnail","hentry"],"acf":{"display":"default","hero_intro":"Cardamomo offre l\u2019exp\u00e9rience de flamenco la plus exclusive de Madrid","hero_heading":"h2","generic_slider":null},"yoast_head":"<!-- This site is optimized with the Yoast SEO plugin v27.3 - https:\/\/yoast.com\/product\/yoast-seo-wordpress\/ -->\n<title>Tablao Flamenco \u00e0 Madrid | Cardamomo \u2013 Art et tradition en direct<\/title>\n<meta name=\"description\" content=\"Cardamomo, l\u2019un des lieux de flamenco les plus embl\u00e9matiques de Madrid. Un lieu de rencontre pour les artistes, la culture et la tradition.\" \/>\n<meta name=\"robots\" content=\"index, follow, max-snippet:-1, max-image-preview:large, max-video-preview:-1\" \/>\n<link rel=\"canonical\" href=\"\/\" \/>\n<meta property=\"og:locale\" content=\"fr_FR\" \/>\n<meta property=\"og:type\" content=\"article\" \/>\n<meta property=\"og:title\" content=\"Tablao Flamenco \u00e0 Madrid | Cardamomo \u2013 Art et tradition en direct\" \/>\n<meta property=\"og:description\" content=\"Cardamomo, l\u2019un des lieux de flamenco les plus embl\u00e9matiques de Madrid. Un lieu de rencontre pour les artistes, la culture et la tradition.\" \/>\n<meta property=\"og:url\" content=\"https:\/\/cardamomo.com\/fr\/tablao-flamenco\/\" \/>\n<meta property=\"og:site_name\" content=\"Cardamomo Flamenco Madrid\" \/>\n<meta property=\"article:modified_time\" content=\"2026-01-13T15:39:08+00:00\" \/>\n<meta property=\"og:image\" content=\"https:\/\/cardamomo.ams3.digitaloceanspaces.com\/wp-content\/uploads\/2025\/02\/01132522\/el-tablao-flamenco-mas-exclusivo.jpg\" \/>\n\t<meta property=\"og:image:width\" content=\"1600\" \/>\n\t<meta property=\"og:image:height\" content=\"700\" \/>\n\t<meta property=\"og:image:type\" content=\"image\/jpeg\" \/>\n<meta name=\"twitter:card\" content=\"summary_large_image\" \/>\n<meta name=\"twitter:label1\" content=\"Dur\u00e9e de lecture estim\u00e9e\" \/>\n\t<meta name=\"twitter:data1\" content=\"1 minute\" \/>\n<script type=\"application\/ld+json\" class=\"yoast-schema-graph\">{\"@context\":\"https:\\\/\\\/schema.org\",\"@graph\":[{\"@type\":\"WebPage\",\"@id\":\"https:\\\/\\\/cardamomo.com\\\/fr\\\/tablao-flamenco\\\/\",\"url\":\"https:\\\/\\\/cardamomo.com\\\/fr\\\/tablao-flamenco\\\/\",\"name\":\"Tablao Flamenco \u00e0 Madrid | Cardamomo \u2013 Art et tradition en direct\",\"isPartOf\":{\"@id\":\"https:\\\/\\\/cardamomo.com\\\/fr\\\/#website\"},\"primaryImageOfPage\":{\"@id\":\"https:\\\/\\\/cardamomo.com\\\/fr\\\/tablao-flamenco\\\/#primaryimage\"},\"image\":{\"@id\":\"https:\\\/\\\/cardamomo.com\\\/es\\\/tablao-flamenco\\\/#primaryimage\"},\"thumbnailUrl\":\"https:\\\/\\\/cardamomo.ams3.digitaloceanspaces.com\\\/wp-content\\\/uploads\\\/2025\\\/02\\\/01132522\\\/el-tablao-flamenco-mas-exclusivo.jpg\",\"datePublished\":\"2024-12-02T09:58:35+00:00\",\"dateModified\":\"2026-01-13T15:39:08+00:00\",\"description\":\"Cardamomo, l\u2019un des lieux de flamenco les plus embl\u00e9matiques de Madrid. Un lieu de rencontre pour les artistes, la culture et la tradition.\",\"breadcrumb\":{\"@id\":\"https:\\\/\\\/cardamomo.com\\\/fr\\\/tablao-flamenco\\\/#breadcrumb\"},\"inLanguage\":\"fr-FR\",\"potentialAction\":[{\"@type\":\"ReadAction\",\"target\":[[\"https:\\\/\\\/cardamomo.com\\\/fr\\\/tablao-flamenco\\\/\"]]}]},{\"@type\":\"ImageObject\",\"inLanguage\":\"fr-FR\",\"@id\":\"https:\\\/\\\/cardamomo.com\\\/fr\\\/tablao-flamenco\\\/#primaryimage\",\"url\":\"https:\\\/\\\/cardamomo.ams3.digitaloceanspaces.com\\\/wp-content\\\/uploads\\\/2025\\\/02\\\/01132522\\\/el-tablao-flamenco-mas-exclusivo.jpg\",\"contentUrl\":\"https:\\\/\\\/cardamomo.ams3.digitaloceanspaces.com\\\/wp-content\\\/uploads\\\/2025\\\/02\\\/01132522\\\/el-tablao-flamenco-mas-exclusivo.jpg\",\"width\":1600,\"height\":700,\"caption\":\"Escenario con varios artistas y una bailaora, se pueden observar espectadores muy cerca del escenario\"},{\"@type\":\"BreadcrumbList\",\"@id\":\"https:\\\/\\\/cardamomo.com\\\/fr\\\/tablao-flamenco\\\/#breadcrumb\",\"itemListElement\":[{\"@type\":\"ListItem\",\"position\":1,\"name\":\"Cardamomo\",\"item\":\"https:\\\/\\\/cardamomo.com\\\/fr\\\/\"},{\"@type\":\"ListItem\",\"position\":2,\"name\":\"Tablao Flamenco Madrid\"}]},{\"@type\":\"WebSite\",\"@id\":\"https:\\\/\\\/cardamomo.com\\\/fr\\\/#website\",\"url\":\"https:\\\/\\\/cardamomo.com\\\/fr\\\/\",\"name\":\"Cardamomo Flamenco Madrid\",\"description\":\"\",\"potentialAction\":[{\"@type\":\"SearchAction\",\"target\":{\"@type\":\"EntryPoint\",\"urlTemplate\":\"https:\\\/\\\/cardamomo.com\\\/fr\\\/?s={search_term_string}\"},\"query-input\":{\"@type\":\"PropertyValueSpecification\",\"valueRequired\":true,\"valueName\":\"search_term_string\"}}],\"inLanguage\":\"fr-FR\"}]}<\/script>\n<!-- \/ Yoast SEO plugin. -->","yoast_head_json":{"title":"Tablao Flamenco \u00e0 Madrid | Cardamomo \u2013 Art et tradition en direct","description":"Cardamomo, l\u2019un des lieux de flamenco les plus embl\u00e9matiques de Madrid. Un lieu de rencontre pour les artistes, la culture et la tradition.","robots":{"index":"index","follow":"follow","max-snippet":"max-snippet:-1","max-image-preview":"max-image-preview:large","max-video-preview":"max-video-preview:-1"},"canonical":"\/","og_locale":"fr_FR","og_type":"article","og_title":"Tablao Flamenco \u00e0 Madrid | Cardamomo \u2013 Art et tradition en direct","og_description":"Cardamomo, l\u2019un des lieux de flamenco les plus embl\u00e9matiques de Madrid. Un lieu de rencontre pour les artistes, la culture et la tradition.","og_url":"https:\/\/cardamomo.com\/fr\/tablao-flamenco\/","og_site_name":"Cardamomo Flamenco Madrid","article_modified_time":"2026-01-13T15:39:08+00:00","og_image":[{"width":1600,"height":700,"url":"https:\/\/cardamomo.ams3.digitaloceanspaces.com\/wp-content\/uploads\/2025\/02\/01132522\/el-tablao-flamenco-mas-exclusivo.jpg","type":"image\/jpeg"}],"twitter_card":"summary_large_image","twitter_misc":{"Dur\u00e9e de lecture estim\u00e9e":"1 minute"},"schema":{"@context":"https:\/\/schema.org","@graph":[{"@type":"WebPage","@id":"https:\/\/cardamomo.com\/fr\/tablao-flamenco\/","url":"https:\/\/cardamomo.com\/fr\/tablao-flamenco\/","name":"Tablao Flamenco \u00e0 Madrid | Cardamomo \u2013 Art et tradition en direct","isPartOf":{"@id":"https:\/\/cardamomo.com\/fr\/#website"},"primaryImageOfPage":{"@id":"https:\/\/cardamomo.com\/fr\/tablao-flamenco\/#primaryimage"},"image":{"@id":"https:\/\/cardamomo.com\/es\/tablao-flamenco\/#primaryimage"},"thumbnailUrl":"https:\/\/cardamomo.ams3.digitaloceanspaces.com\/wp-content\/uploads\/2025\/02\/01132522\/el-tablao-flamenco-mas-exclusivo.jpg","datePublished":"2024-12-02T09:58:35+00:00","dateModified":"2026-01-13T15:39:08+00:00","description":"Cardamomo, l\u2019un des lieux de flamenco les plus embl\u00e9matiques de Madrid. Un lieu de rencontre pour les artistes, la culture et la tradition.","breadcrumb":{"@id":"https:\/\/cardamomo.com\/fr\/tablao-flamenco\/#breadcrumb"},"inLanguage":"fr-FR","potentialAction":[{"@type":"ReadAction","target":[["https:\/\/cardamomo.com\/fr\/tablao-flamenco\/"]]}]},{"@type":"ImageObject","inLanguage":"fr-FR","@id":"https:\/\/cardamomo.com\/fr\/tablao-flamenco\/#primaryimage","url":"https:\/\/cardamomo.ams3.digitaloceanspaces.com\/wp-content\/uploads\/2025\/02\/01132522\/el-tablao-flamenco-mas-exclusivo.jpg","contentUrl":"https:\/\/cardamomo.ams3.digitaloceanspaces.com\/wp-content\/uploads\/2025\/02\/01132522\/el-tablao-flamenco-mas-exclusivo.jpg","width":1600,"height":700,"caption":"Escenario con varios artistas y una bailaora, se pueden observar espectadores muy cerca del escenario"},{"@type":"BreadcrumbList","@id":"https:\/\/cardamomo.com\/fr\/tablao-flamenco\/#breadcrumb","itemListElement":[{"@type":"ListItem","position":1,"name":"Cardamomo","item":"https:\/\/cardamomo.com\/fr\/"},{"@type":"ListItem","position":2,"name":"Tablao Flamenco Madrid"}]},{"@type":"WebSite","@id":"https:\/\/cardamomo.com\/fr\/#website","url":"https:\/\/cardamomo.com\/fr\/","name":"Cardamomo Flamenco Madrid","description":"","potentialAction":[{"@type":"SearchAction","target":{"@type":"EntryPoint","urlTemplate":"https:\/\/cardamomo.com\/fr\/?s={search_term_string}"},"query-input":{"@type":"PropertyValueSpecification","valueRequired":true,"valueName":"search_term_string"}}],"inLanguage":"fr-FR"}]}},"_links":{"self":[{"href":"https:\/\/cardamomo.com\/fr\/wp-json\/wp\/v2\/pages\/155463","targetHints":{"allow":["GET"]}}],"collection":[{"href":"https:\/\/cardamomo.com\/fr\/wp-json\/wp\/v2\/pages"}],"about":[{"href":"https:\/\/cardamomo.com\/fr\/wp-json\/wp\/v2\/types\/page"}],"author":[{"embeddable":true,"href":"https:\/\/cardamomo.com\/fr\/wp-json\/wp\/v2\/users\/1"}],"replies":[{"embeddable":true,"href":"https:\/\/cardamomo.com\/fr\/wp-json\/wp\/v2\/comments?post=155463"}],"version-history":[{"count":83,"href":"https:\/\/cardamomo.com\/fr\/wp-json\/wp\/v2\/pages\/155463\/revisions"}],"predecessor-version":[{"id":158433,"href":"https:\/\/cardamomo.com\/fr\/wp-json\/wp\/v2\/pages\/155463\/revisions\/158433"}],"wp:featuredmedia":[{"embeddable":true,"href":"https:\/\/cardamomo.com\/fr\/wp-json\/wp\/v2\/media\/156960"}],"wp:attachment":[{"href":"https:\/\/cardamomo.com\/fr\/wp-json\/wp\/v2\/media?parent=155463"}],"curies":[{"name":"wp","href":"https:\/\/api.w.org\/{rel}","templated":true}]}}