{"id":113,"date":"2016-06-09T09:30:01","date_gmt":"2016-06-09T09:30:01","guid":{"rendered":"http:\/\/cardamomo.local\/?page_id=113"},"modified":"2026-04-10T15:31:30","modified_gmt":"2026-04-10T13:31:30","slug":"%e6%b3%95%e7%9a%84%e9%80%9a%e7%9f%a5%e3%83%bb%e3%83%97%e3%83%a9%e3%82%a4%e3%83%90%e3%82%b7%e3%83%bc%e3%83%9d%e3%83%aa%e3%82%b7%e3%83%bc","status":"publish","type":"page","link":"https:\/\/cardamomo.com\/fr\/legal-notice\/","title":{"rendered":"Mentions l\u00e9gales y Politique de confidentialit\u00e9"},"content":{"rendered":"<p><\/p>\n<h2>Donn\u00e9es d&rsquo;identification<\/h2>\n<p>En application de l\u2019article 10 de la loi 34\/2002, du 11 juillet, sur les services de la soci\u00e9t\u00e9 de l\u2019information et du commerce \u00e9lectronique (LSSICE), les donn\u00e9es d\u2019identification de l\u2019entreprise titulaire du site www.cardamomo.com, \u00e0 savoir Proyectos Cincohermanos S.L. (ci-apr\u00e8s \u2018Proyectos Cincohermanos\u2019), sont\u00a0: CIF B86842085\u00a0; inscrite au Registre du commerce de Madrid, au tome 31546, folio 114, section 8, inscription 1, Feuille M-567749\u00a0; ayant son si\u00e8ge social \u00e0 calle Echegaray 16, 28014 Madrid (Espagne)\u00a0; num\u00e9ro de t\u00e9l\u00e9phone 918 051 038 et adresse de courrier \u00e9lectronique : contacto@cardamomo.com<\/p>\n<h2>Conditions d&rsquo;usage<\/h2>\n<p>L\u2019acc\u00e8s et\/ou l\u2019usage du portail d\u2019internet de Proyectos Cincohermanos attribue la condition d\u2019UTILISATEUR. Ce dernier accepte, \u00e0 partir de cet acc\u00e8s et\/ou utilisation, les Conditions d\u2019usage mentionn\u00e9es ici, qui seront applicables ind\u00e9pendamment des Conditions g\u00e9n\u00e9rales dont, le cas \u00e9ch\u00e9ant, l\u2019application sera obligatoire.<br \/>\nwww.cardamomo.com donne acc\u00e8s \u00e0 des informations, des services, des logiciels et des donn\u00e9es (ci-apr\u00e8s \u2018le contenu\u2019) sur internet appartenant \u00e0 Proyectos Cincohermanos ou \u00e0 des tiers. L\u2019UTILISATEUR assume la responsabilit\u00e9 de l\u2019usage du portail. Sa responsabilit\u00e9 s\u2019\u00e9tend \u00e0 l\u2019enregistrement qui serait n\u00e9cessaire pour acc\u00e9der \u00e0 certains services ou contenus. Lors de cet enregistrement, l\u2019UTILISATEUR sera responsable de fournir des informations authentiques et licites. \u00c0 cons\u00e9quence de cet enregistrement, un mot de passe pourra \u00eatre assign\u00e9 \u00e0 l\u2019UTILISATEUR, dont il sera responsable, s\u2019engageant \u00e0 en faire un usage diligent et confidentiel.<br \/>\nL\u2019UTILISATEUR s\u2019engage \u00e0 utiliser convenablement le contenu et les services que Proyectos Cincohermanos propose sur www.cardamomo.com et \u2013 \u00e0 titre d\u2019exemple non limitatif \u2013 \u00e0 ne pas les employer pour r\u00e9aliser des activit\u00e9s illicites, ill\u00e9gales ou contraires \u00e0 la bonne foi et \u00e0 l\u2019ordre public. Proyectos Cincohermanos se r\u00e9serve le droit de retirer des commentaires et des apports pouvant violer le respect \u00e0 la dignit\u00e9 des personnes, qui soient discriminatoires, x\u00e9nophobes, racistes, pornographiques, qui attentent contre la jeunesse ou l\u2019enfance ou qui, de son point de vue, soient inad\u00e9quats pour \u00eatre publi\u00e9s. Quoi qu\u2019il en soit, Proyectos Cincohermanos ne sera pas responsable des opinions donn\u00e9es par les utilisateurs sur les forums, les chats, les r\u00e9seaux sociaux ou autres outils de participation.<\/p>\n<h2>Protection de donn\u00e9es<\/h2>\n<p>Proyectos Cincohermanos se r\u00e9serve le droit de retirer des commentaires et des apports pouvant violer le respect \u00e0 la dignit\u00e9 des personnes, qui soient discriminatoires, x\u00e9nophobes, racistes, pornographiques, qui attentent contre la jeunesse ou l\u2019enfance ou qui, de son point de vue, soient inad\u00e9quats pour \u00eatre publi\u00e9s. Quoi qu\u2019il en soit, Proyectos Cincohermanos ne sera pas responsable des opinions donn\u00e9es par les utilisateurs sur les forums, les chats, les r\u00e9seaux sociaux ou autres outils de participation.<br \/>\n\u00c9galement, Proyectos Cincohermanos, en ex\u00e9cution de la loi 34\/2002, du 11 juillet, sur les services de la soci\u00e9t\u00e9 de l\u2019information et du commerce \u00e9lectronique, demandera \u00e0 l\u2019UTILISATEUR son consentement pour le traitement de son adresse de courrier \u00e9lectronique \u00e0 des fins commerciales. L\u2019UTILISATEUR pourra exercer son droit d\u2019acc\u00e8s, de rectification et d\u2019annulation et de r\u00e9vocation en rapport avec ces donn\u00e9es, en adressant sa demande \u00e0 l\u2019adresse de Proyectos Cincohermanos.<\/p>\n<h2>Propri\u00e9t\u00e9 intellectuelle et industrielle<\/h2>\n<p>Proyectos Cincohermanos, en tant que telle ou comme cessionnaire, est titulaire de tous les droits de propri\u00e9t\u00e9 intellectuelle et industrielle de www.cardamomo.com, ainsi que des \u00e9l\u00e9ments que contient le site (design, textes, images, vid\u00e9os, marques et logos\u2026). En vertu de la loi sur la propri\u00e9t\u00e9 intellectuelle, toute reproduction, distribution et communication publique, en tout ou en partie, est interdite sans l\u2019autorisation de Proyectos Cincohermanos.<\/p>\n<h2>Rejet de responsabilit\u00e9<\/h2>\n<p>Proyectos Cincohermanos d\u00e9cline toute responsabilit\u00e9 concernant les dommages et int\u00e9r\u00eats de toute nature que pourraient causer des erreurs ou des omissions dans le contenu, le manque de disponibilit\u00e9 du portail ou la transmission de virus ou de logiciels malveillants ou pr\u00e9judiciables, malgr\u00e9 la prise de toutes les mesures technologiques n\u00e9cessaires pour l\u2019\u00e9viter.<\/p>\n<h2>Modifications<\/h2>\n<p>Proyectos Cincohermanos se r\u00e9serve le droit d\u2019effectuer, sans avis pr\u00e9alable les modifications qu\u2019elle jugera convenables, pouvant changer, supprimer ou ajouter des contenus et des services propos\u00e9s \u00e0 travers www.cardamomo.com, ainsi que la mani\u00e8re dont ces derniers apparaissent localis\u00e9s.<\/p>\n<h2>Liens<\/h2>\n<p>Le but des liens ou liens hypertextes \u00e1 www.cardamomo.com vers d\u2019autres sites internet est seulement informatif. Ils ne constituent pas une invitation ou recommandation vers tels sites Internet and Proyectos Cincohermanos S.L. ne fait aucun type de control sur eux ou leur contenu. Du m\u00eame, Proyectos Cincohermanos S.L n\u2019est pas responsable du contenu des liens qui d\u00e9pendent des sites externes au-del\u00e0 de son contr\u00f4le.<\/p>\n<h2>Droit d&rsquo;exclusion<\/h2>\n<p>Proyectos Cincohermanos se r\u00e9serve le droit de refuser ou de retirer l\u2019acc\u00e8s au portail et\/ou les services propos\u00e9s, sans pr\u00e9avis, \u00e0 tout utilisateur manquant aux pr\u00e9sentes conditions g\u00e9n\u00e9rales d\u2019usage.<\/p>\n<h2>G\u00e9n\u00e9ralit\u00e9s<\/h2>\n<p>Proyectos Cincohermanos exercera les actions civiles et p\u00e9nales n\u00e9cessaires contre tout manquement aux pr\u00e9sentes conditions et en cas d\u2019utilisation incorrecte de son portail.<\/p>\n<h2>Modifications des conditions<\/h2>\n<p>Pour l\u2019am\u00e9lioration de son site web, Grupo Cincohermanos se r\u00e9serve le droit, sans avis pr\u00e9alable, de modifier, \u00e9tendre ou suspendre temporairement la pr\u00e9sentation, la configuration, les sp\u00e9cifications techniques et les services de celui-ci. Elle se r\u00e9serve \u00e9galement le droit de modifier les pr\u00e9sentes mentions l\u00e9gales \u00e0 tout moment.<\/p>\n<h2>L\u00e9gislation applicable et juridiction<\/h2>\n<p>La relation entre Proyectos Cincohermanos et l\u2019UTILISATEUR sera r\u00e9gie par la l\u00e9gislation espagnole en vigueur. Tout litige sera soumis aux tribunaux de Madrid.<\/p>","protected":false},"excerpt":{"rendered":"Donn\u00e9es d&rsquo;identification En application de l\u2019article 10 de la loi 34\/2002, du 11 juillet, sur les services de la soci\u00e9t\u00e9 de l\u2019information et du commerce \u00e9lectronique (LSSICE), les donn\u00e9es d\u2019identification de l\u2019entreprise titulaire du site www.cardamomo.com, \u00e0 savoir Proyectos Cincohermanos S.L. (ci-apr\u00e8s \u2018Proyectos Cincohermanos\u2019), sont\u00a0: CIF B86842085\u00a0; inscrite au Registre du commerce de Madrid, au&#8230;","protected":false},"author":1,"featured_media":0,"parent":0,"menu_order":20,"comment_status":"closed","ping_status":"closed","template":"","meta":{"_acf_changed":false,"inline_featured_image":false,"footnotes":""},"class_list":["post-113","page","type-page","status-publish","hentry"],"acf":{"display":"hide","hero_intro":"","hero_heading":false,"generic_slider":null},"yoast_head":"<!-- This site is optimized with the Yoast SEO plugin v27.3 - https:\/\/yoast.com\/product\/yoast-seo-wordpress\/ -->\n<title>Mentions l\u00e9gales y Politique de confidentialit\u00e9 - Cardamomo Tablao Flamenco<\/title>\n<meta name=\"description\" content=\"L\u2019UTILISATEUR s\u2019engage \u00e0 utiliser convenablement le contenu et les services que Proyectos Cincohermanos propose sur www.cardamomo.com et \u2013 \u00e0 titre d\u2019exemple non limitatif \u2013 \u00e0 ne pas les employer pour r\u00e9aliser des activit\u00e9s illicites, ill\u00e9gales ou contraires \u00e0 la bonne foi et \u00e0 l\u2019ordre public.\" \/>\n<meta name=\"robots\" content=\"noindex, follow\" \/>\n<meta property=\"og:locale\" content=\"fr_FR\" \/>\n<meta property=\"og:type\" content=\"article\" \/>\n<meta property=\"og:title\" content=\"Mentions l\u00e9gales y Politique de confidentialit\u00e9 - Cardamomo Tablao Flamenco\" \/>\n<meta property=\"og:description\" content=\"L\u2019UTILISATEUR s\u2019engage \u00e0 utiliser convenablement le contenu et les services que Proyectos Cincohermanos propose sur www.cardamomo.com et \u2013 \u00e0 titre d\u2019exemple non limitatif \u2013 \u00e0 ne pas les employer pour r\u00e9aliser des activit\u00e9s illicites, ill\u00e9gales ou contraires \u00e0 la bonne foi et \u00e0 l\u2019ordre public.\" \/>\n<meta property=\"og:url\" content=\"https:\/\/cardamomo.com\/fr\/aviso-legal\/\" \/>\n<meta property=\"og:site_name\" content=\"Cardamomo Flamenco Madrid\" \/>\n<meta property=\"article:modified_time\" content=\"2026-04-10T13:31:30+00:00\" \/>\n<meta name=\"twitter:card\" content=\"summary_large_image\" \/>\n<meta name=\"twitter:label1\" content=\"Dur\u00e9e de lecture estim\u00e9e\" \/>\n\t<meta name=\"twitter:data1\" content=\"4 minutes\" \/>\n<script type=\"application\/ld+json\" class=\"yoast-schema-graph\">{\"@context\":\"https:\\\/\\\/schema.org\",\"@graph\":[{\"@type\":\"WebPage\",\"@id\":\"https:\\\/\\\/cardamomo.com\\\/fr\\\/aviso-legal\\\/\",\"url\":\"https:\\\/\\\/cardamomo.com\\\/fr\\\/aviso-legal\\\/\",\"name\":\"Mentions l\u00e9gales y Politique de confidentialit\u00e9 - Cardamomo Tablao Flamenco\",\"isPartOf\":{\"@id\":\"https:\\\/\\\/cardamomo.com\\\/fr\\\/#website\"},\"datePublished\":\"2016-06-09T09:30:01+00:00\",\"dateModified\":\"2026-04-10T13:31:30+00:00\",\"description\":\"L\u2019UTILISATEUR s\u2019engage \u00e0 utiliser convenablement le contenu et les services que Proyectos Cincohermanos propose sur www.cardamomo.com et \u2013 \u00e0 titre d\u2019exemple non limitatif \u2013 \u00e0 ne pas les employer pour r\u00e9aliser des activit\u00e9s illicites, ill\u00e9gales ou contraires \u00e0 la bonne foi et \u00e0 l\u2019ordre public.\",\"breadcrumb\":{\"@id\":\"https:\\\/\\\/cardamomo.com\\\/fr\\\/aviso-legal\\\/#breadcrumb\"},\"inLanguage\":\"fr-FR\",\"potentialAction\":[{\"@type\":\"ReadAction\",\"target\":[[\"https:\\\/\\\/cardamomo.com\\\/fr\\\/aviso-legal\\\/\"]]}]},{\"@type\":\"BreadcrumbList\",\"@id\":\"https:\\\/\\\/cardamomo.com\\\/fr\\\/aviso-legal\\\/#breadcrumb\",\"itemListElement\":[{\"@type\":\"ListItem\",\"position\":1,\"name\":\"Cardamomo\",\"item\":\"https:\\\/\\\/cardamomo.com\\\/fr\\\/\"},{\"@type\":\"ListItem\",\"position\":2,\"name\":\"Aviso Legal y Pol\u00edtica de Privacidad\"}]},{\"@type\":\"WebSite\",\"@id\":\"https:\\\/\\\/cardamomo.com\\\/fr\\\/#website\",\"url\":\"https:\\\/\\\/cardamomo.com\\\/fr\\\/\",\"name\":\"Cardamomo Flamenco Madrid\",\"description\":\"\",\"potentialAction\":[{\"@type\":\"SearchAction\",\"target\":{\"@type\":\"EntryPoint\",\"urlTemplate\":\"https:\\\/\\\/cardamomo.com\\\/fr\\\/?s={search_term_string}\"},\"query-input\":{\"@type\":\"PropertyValueSpecification\",\"valueRequired\":true,\"valueName\":\"search_term_string\"}}],\"inLanguage\":\"fr-FR\"}]}<\/script>\n<!-- \/ Yoast SEO plugin. -->","yoast_head_json":{"title":"Mentions l\u00e9gales y Politique de confidentialit\u00e9 - Cardamomo Tablao Flamenco","description":"L\u2019UTILISATEUR s\u2019engage \u00e0 utiliser convenablement le contenu et les services que Proyectos Cincohermanos propose sur www.cardamomo.com et \u2013 \u00e0 titre d\u2019exemple non limitatif \u2013 \u00e0 ne pas les employer pour r\u00e9aliser des activit\u00e9s illicites, ill\u00e9gales ou contraires \u00e0 la bonne foi et \u00e0 l\u2019ordre public.","robots":{"index":"noindex","follow":"follow"},"og_locale":"fr_FR","og_type":"article","og_title":"Mentions l\u00e9gales y Politique de confidentialit\u00e9 - Cardamomo Tablao Flamenco","og_description":"L\u2019UTILISATEUR s\u2019engage \u00e0 utiliser convenablement le contenu et les services que Proyectos Cincohermanos propose sur www.cardamomo.com et \u2013 \u00e0 titre d\u2019exemple non limitatif \u2013 \u00e0 ne pas les employer pour r\u00e9aliser des activit\u00e9s illicites, ill\u00e9gales ou contraires \u00e0 la bonne foi et \u00e0 l\u2019ordre public.","og_url":"https:\/\/cardamomo.com\/fr\/aviso-legal\/","og_site_name":"Cardamomo Flamenco Madrid","article_modified_time":"2026-04-10T13:31:30+00:00","twitter_card":"summary_large_image","twitter_misc":{"Dur\u00e9e de lecture estim\u00e9e":"4 minutes"},"schema":{"@context":"https:\/\/schema.org","@graph":[{"@type":"WebPage","@id":"https:\/\/cardamomo.com\/fr\/aviso-legal\/","url":"https:\/\/cardamomo.com\/fr\/aviso-legal\/","name":"Mentions l\u00e9gales y Politique de confidentialit\u00e9 - Cardamomo Tablao Flamenco","isPartOf":{"@id":"https:\/\/cardamomo.com\/fr\/#website"},"datePublished":"2016-06-09T09:30:01+00:00","dateModified":"2026-04-10T13:31:30+00:00","description":"L\u2019UTILISATEUR s\u2019engage \u00e0 utiliser convenablement le contenu et les services que Proyectos Cincohermanos propose sur www.cardamomo.com et \u2013 \u00e0 titre d\u2019exemple non limitatif \u2013 \u00e0 ne pas les employer pour r\u00e9aliser des activit\u00e9s illicites, ill\u00e9gales ou contraires \u00e0 la bonne foi et \u00e0 l\u2019ordre public.","breadcrumb":{"@id":"https:\/\/cardamomo.com\/fr\/aviso-legal\/#breadcrumb"},"inLanguage":"fr-FR","potentialAction":[{"@type":"ReadAction","target":[["https:\/\/cardamomo.com\/fr\/aviso-legal\/"]]}]},{"@type":"BreadcrumbList","@id":"https:\/\/cardamomo.com\/fr\/aviso-legal\/#breadcrumb","itemListElement":[{"@type":"ListItem","position":1,"name":"Cardamomo","item":"https:\/\/cardamomo.com\/fr\/"},{"@type":"ListItem","position":2,"name":"Aviso Legal y Pol\u00edtica de Privacidad"}]},{"@type":"WebSite","@id":"https:\/\/cardamomo.com\/fr\/#website","url":"https:\/\/cardamomo.com\/fr\/","name":"Cardamomo Flamenco Madrid","description":"","potentialAction":[{"@type":"SearchAction","target":{"@type":"EntryPoint","urlTemplate":"https:\/\/cardamomo.com\/fr\/?s={search_term_string}"},"query-input":{"@type":"PropertyValueSpecification","valueRequired":true,"valueName":"search_term_string"}}],"inLanguage":"fr-FR"}]}},"_links":{"self":[{"href":"https:\/\/cardamomo.com\/fr\/wp-json\/wp\/v2\/pages\/113","targetHints":{"allow":["GET"]}}],"collection":[{"href":"https:\/\/cardamomo.com\/fr\/wp-json\/wp\/v2\/pages"}],"about":[{"href":"https:\/\/cardamomo.com\/fr\/wp-json\/wp\/v2\/types\/page"}],"author":[{"embeddable":true,"href":"https:\/\/cardamomo.com\/fr\/wp-json\/wp\/v2\/users\/1"}],"replies":[{"embeddable":true,"href":"https:\/\/cardamomo.com\/fr\/wp-json\/wp\/v2\/comments?post=113"}],"version-history":[{"count":2,"href":"https:\/\/cardamomo.com\/fr\/wp-json\/wp\/v2\/pages\/113\/revisions"}],"predecessor-version":[{"id":158876,"href":"https:\/\/cardamomo.com\/fr\/wp-json\/wp\/v2\/pages\/113\/revisions\/158876"}],"wp:attachment":[{"href":"https:\/\/cardamomo.com\/fr\/wp-json\/wp\/v2\/media?parent=113"}],"curies":[{"name":"wp","href":"https:\/\/api.w.org\/{rel}","templated":true}]}}