{"id":101,"date":"2016-06-08T15:58:00","date_gmt":"2016-06-08T15:58:00","guid":{"rendered":"http:\/\/cardamomo.local\/?page_id=101"},"modified":"2025-05-08T13:54:59","modified_gmt":"2025-05-08T13:54:59","slug":"politica-de-devoluciones-y-reintegros","status":"publish","type":"page","link":"https:\/\/cardamomo.com\/fr\/terminos-condiciones-proteccion-de-datos-politica-de-devoluciones-y-reintegros\/","title":{"rendered":"T\u00e9rminos, Condiciones, Protecci\u00f3n de Datos, Pol\u00edtica de Devoluciones y Reintegros"},"content":{"rendered":"<p><\/p>\n<h2>\u00a0Protecci\u00f3n de Datos.<\/h2>\n<ul>\n<li>\u201cDe conformidad con lo establecido en la normativa vigente en Protecci\u00f3n de Datos de Car\u00e1cter Personal, le informamos que sus datos ser\u00e1n incorporados al sistema de tratamiento titularidad de PROYECTOS CINCOHERMANOS SL con CIF B86842085 y domicilio social sito en C. ECHEGARAY 16, 2 28014, MADRID, con la finalidad de atender sus consultas y remitirle informaci\u00f3n relacionada que pueda ser de su inter\u00e9s. En cumplimiento con la normativa vigente, PROYECTOS CINCOHERMANOS SL informa que los datos ser\u00e1n conservados durante el plazo estrictamente necesario para cumplir con los preceptos mencionados con anterioridad.<br \/>\nMientras no nos comunique lo contrario, entenderemos que sus datos no han sido modificados, que usted se compromete a notificarnos cualquier variaci\u00f3n y que tenemos su consentimiento para utilizarlos para las finalidades mencionadas.<br \/>\nPROYECTOS CINCOHERMANOS SL informa que proceder\u00e1 a tratar los datos de manera l\u00edcita, leal, transparente, adecuada, pertinente, limitada, exacta y actualizada. Es por ello que PROYECTOS CINCOHERMANOS SL se compromete a adoptar todas las medidas razonables para que estos se supriman o rectifiquen sin dilaci\u00f3n cuando sean inexactos.<br \/>\nDe acuerdo con los derechos que le confiere el la normativa vigente en protecci\u00f3n de datos podr\u00e1 ejercer los derechos de acceso, rectificaci\u00f3n, limitaci\u00f3n de tratamiento, supresi\u00f3n, portabilidad y oposici\u00f3n al tratamiento de sus datos de car\u00e1cter personal as\u00ed como del consentimiento prestado para el tratamiento de los mismos, dirigiendo su petici\u00f3n a la direcci\u00f3n postal indicada m\u00e1s arriba o al correo electr\u00f3nico CONTACTO@CARDAMOMO.COM.<br \/>\nA su vez, le informamos que puede contactar con el Delegado de Protecci\u00f3n de Datos de PROYECTOS CINCOHERMANOS SL, dirigi\u00e9ndose por escrito a la direcci\u00f3n de correo dpo.cliente@conversia.es o al tel\u00e9fono 902877192.<br \/>\nPodr\u00e1 dirigirse a la Autoridad de Control competente para presentar la reclamaci\u00f3n que considere oportuna.<br \/>\nCon env\u00edo del formulario de recogida de datos usted acepta la pol\u00edtica de privacidad de PROYECTOS CINCOHERMANOS SL.<\/li>\n<li>Este texto puede referirse a Proyectos Cincohermanos SL como Cardamomo.<\/li>\n<\/ul>\n<h2>Pol\u00edtica de Devoluciones y Reintegros<\/h2>\n<ul>\n<li>Puede solicitarse el cambio de fecha hasta 24 horas antes del inicio del espect\u00e1culo.<\/li>\n<li>En caso de anular una entrada, Cardamomo Tablao Flamenco har\u00e1 efectivo el reembolso del 100% de su importe si se comunica, al menos, 24 horas antes del inicio del espect\u00e1culo. Si se comunica entre 24 y 12 horas antes del espect\u00e1culo, Cardamomo Tablao Flamenco devolver\u00e1 el 50% de su importe.<\/li>\n<li>No habr\u00e1 derecho a devoluci\u00f3n del importe de la Entrada si la cancelaci\u00f3n se notifica a Cardamomo Tablao Flamenco con menos de 12 horas del inicio del espect\u00e1culo.<\/li>\n<li>La Entrada, no es nominativa y s\u00ed es transferible.<\/li>\n<li>Cardamomo Tablao Flamenco no se hace responsable en caso de p\u00e9rdida, hurto o extrav\u00edo de la Entrada.<\/li>\n<li>Cardamomo Tablao Flamenco se reserva el derecho a modificar (fecha, horario y artistas) o a suspender el espect\u00e1culo programado si as\u00ed lo exigieran circunstancias t\u00e9cnicas, art\u00edsticas o motivos de fuerza mayor.<\/li>\n<li>En caso de modificaci\u00f3n o suspensi\u00f3n del espect\u00e1culo, por motivos imputables a Cardamomo Tablao Flamenco, el cliente tendr\u00e1 derecho a la devoluci\u00f3n del importe de su\/s entrada\/s.<\/li>\n<li>Si se adquiere el <strong>seguro de cancelaci\u00f3n<\/strong>, el cliente tendr\u00e1 derecho al reembolso de la entrada si comunica su deseo de cancelar la reserva, hasta una hora antes del espect\u00e1culo. El importe del seguro no es reembolsable.<\/li>\n<li>Las entradas para espect\u00e1culos especiales, cuyo importe por entrada sea superior a 55\u20ac por unidad, tendr\u00e1n una pol\u00edtica de cancelaci\u00f3n distinta. Por su excepcionalidad, ser\u00e1n reembolsables hasta 10 d\u00edas antes del evento y si se hubiese adquirido seguro de cancelaci\u00f3n, hasta un semana antes del evento.<\/li>\n<li>El seguro de cancelaci\u00f3n no es aplicable para compras superiores a 25 localidades. En caso de realizar una compra superior a 25 entradas, Cardamomo reembolsar\u00e1 el importe del seguro de cancelaci\u00f3n cuando se comunique por parte del cliente.<\/li>\n<li>Los reembolsos se har\u00e1n por el mismo m\u00e9todo por el que se pag\u00f3. No obstante, Cardamomo se reserva el derecho de reembolsarlo de otro modo, si tuviese alguna raz\u00f3n para ello.<\/li>\n<\/ul>\n<h2>PAGOS<\/h2>\n<div>\n<p>Cardamomo Tablao Flamenco le garantiza que el pago y la experiencia de sus compras <i>online<\/i> con nosotros (cardamomo.com) son seguros y fiables mediante nuestras pasarelas de pago como por ejemplo PayPal, Stripe, etc. Tanto clientes internacionales como de la Uni\u00f3n Europea podr\u00e1n utilizar PayPal \/ Stripe como forma de pago para sus compras <i>online<\/i>. Para pagar con PayPal \/Stripe no necesita tener una cuenta con estas entidades: puede vincular su tarjeta de d\u00e9bito, de cr\u00e9dito o incluso, en caso de no tener tarjeta, su cuenta bancaria.<\/p>\n<p>PayPal \/Stripe es la forma f\u00e1cil y segura de pagar y recibir pagos sin necesidad de compartir su informaci\u00f3n financiera. \u00c9sta estar\u00e1 segura gracias a su sistema de encriptaci\u00f3n autom\u00e1tica y de sus sistemas contra el fraude m\u00e1s avanzados del mercado.<\/p>\n<\/div>\n<h2>ENTRADA REGALO<\/h2>\n<ul>\n<li>Puede solicitar el cambio de fecha de una Entrada Regalo hasta 24 horas antes del inicio del espect\u00e1culo.<\/li>\n<li>En caso de anular la Entrada Regalo, Cardamomo Tablao Flamenco har\u00e1 efectivo el reembolso del 100% de su importe si se lo comunica 24 horas antes del inicio del espect\u00e1culo. Si lo comunica 12 horas antes del espect\u00e1culo, Cardamomo Tablao Flamenco devolver\u00e1 el 50% de su importe.<\/li>\n<li>No habr\u00e1 derecho a devoluci\u00f3n del importe de la Entrada Regalo si la cancelaci\u00f3n se notifica a Cardamomo Tablao Flamenco con menos de 12 horas del inicio del espect\u00e1culo.<\/li>\n<li>La Entrada Regalo no es nominativa y es transferible.<\/li>\n<li>Cardamomo Tablao Flamenco no se hace responsable en caso de p\u00e9rdida, hurto o extrav\u00edo de la Entrada Regalo.<\/li>\n<li>Cardamomo Tablao Flamenco se reserva el derecho a modificar (fecha, horario y artistas) o a suspender el espect\u00e1culo programado si as\u00ed lo exigieran circunstancias t\u00e9cnicas, art\u00edsticas o motivos de fuerza mayor.<\/li>\n<li>En caso de modificaci\u00f3n o suspensi\u00f3n del espect\u00e1culo, por motivos imputables a Cardamomo Tablao Flamenco, el cliente tendr\u00e1 derecho a la devoluci\u00f3n del importe de su\/s entrada\/s.<\/li>\n<\/ul>\n<h2>Promociones. Ni\u00f1os &#8211; beb\u00e9s.<\/h2>\n<p>Los descuentos en promociones no son acumulables a no ser que se especifique lo contrario.<\/p>\n<p>Los ni\u00f1os, entre 3 y 12 a\u00f1os, tendr\u00e1n en muchos de los espect\u00e1culos un 50% de descuento, aunque en ocasiones, esta promoci\u00f3n podr\u00e1 dejar de aplicarse, previo aviso por parte de Cardamomo.<\/p>\n<p>En los eventos en los que a los ni\u00f1os menores de 3 a\u00f1os, se les aplique un 100% de descuento, no podr\u00e1n ocupar plaza. Habr\u00e1n de mantenerse en brazos de sus padres.<\/p>\n<p>El n\u00famero de ni\u00f1os en una reserva (el t\u00e9rmino ni\u00f1os incluye a todos los ni\u00f1os menores de 12 a\u00f1os) no podr\u00e1 ser superior al n\u00famero de adultos.<\/p>\n<h2>CANCELACI\u00d3N DE PROMOCIONES.<\/h2>\n<p>Cardamomo se reserva el derecho de cancelar una promoci\u00f3n y no aplicarla, si por las razones cualesquiera que concurriesen, entendiera que no debe ser aplicable. Tanto para entradas adquiridas como para las que no.<br \/>\nEn caso de haberse adquirido una entrada con un promoci\u00f3n no aplicable y que Cardamomo comunicase al cliente que dicha promoci\u00f3n no deb\u00eda aplicarse, el cliente podr\u00e1 solicitar el reembolso total.<\/p>\n<p>____________________________<\/p>\n<p>Para consultas, cambios o anulaciones, contacte con el Servicio de Atenci\u00f3n al Cliente de Cardamomo Tablao flamenco en los tel\u00e9fonos 918 051 038 y 691 022 177 -en horario de 10:00 a 24:00 horas- o en <a href=\"mailto:reservas@cardamomo.com\" target=\"_blank\" rel=\"noopener\">reservas@cardamomo.com<\/a><\/p>","protected":false},"excerpt":{"rendered":"\u00a0Protecci\u00f3n de Datos. \u201cDe conformidad con lo establecido en la normativa vigente en Protecci\u00f3n de Datos de Car\u00e1cter Personal, le informamos que sus datos ser\u00e1n incorporados al sistema de tratamiento titularidad de PROYECTOS CINCOHERMANOS SL con CIF B86842085 y domicilio social sito en C. ECHEGARAY 16, 2 28014, MADRID, con la finalidad de atender sus&#8230;","protected":false},"author":1,"featured_media":0,"parent":0,"menu_order":25,"comment_status":"closed","ping_status":"closed","template":"","meta":{"_acf_changed":false,"inline_featured_image":false,"footnotes":""},"class_list":["post-101","page","type-page","status-publish","hentry"],"acf":{"display":"hide","hero_intro":"","hero_heading":false,"generic_slider":null},"yoast_head":"<!-- This site is optimized with the Yoast SEO plugin v27.1.1 - https:\/\/yoast.com\/product\/yoast-seo-wordpress\/ -->\n<title>T\u00e9rminos, Condiciones, Protecci\u00f3n de Datos, Pol\u00edtica de Devoluciones y Reintegros - Cardamomo Flamenco Madrid<\/title>\n<meta name=\"robots\" content=\"noindex, follow\" \/>\n<meta property=\"og:locale\" content=\"fr_FR\" \/>\n<meta property=\"og:type\" content=\"article\" \/>\n<meta property=\"og:title\" content=\"T\u00e9rminos, Condiciones, Protecci\u00f3n de Datos, Pol\u00edtica de Devoluciones y Reintegros - Cardamomo Flamenco Madrid\" \/>\n<meta property=\"og:description\" content=\"\u00a0Protecci\u00f3n de Datos. \u201cDe conformidad con lo establecido en la normativa vigente en Protecci\u00f3n de Datos de Car\u00e1cter Personal, le informamos que sus datos ser\u00e1n incorporados al sistema de tratamiento titularidad de PROYECTOS CINCOHERMANOS SL con CIF B86842085 y domicilio social sito en C. ECHEGARAY 16, 2 28014, MADRID, con la finalidad de atender sus...\" \/>\n<meta property=\"og:url\" content=\"https:\/\/cardamomo.com\/fr\/terminos-condiciones-proteccion-de-datos-politica-de-devoluciones-y-reintegros\/\" \/>\n<meta property=\"og:site_name\" content=\"Cardamomo Flamenco Madrid\" \/>\n<meta property=\"article:modified_time\" content=\"2025-05-08T13:54:59+00:00\" \/>\n<meta name=\"twitter:card\" content=\"summary_large_image\" \/>\n<meta name=\"twitter:label1\" content=\"Dur\u00e9e de lecture estim\u00e9e\" \/>\n\t<meta name=\"twitter:data1\" content=\"6 minutes\" \/>\n<script type=\"application\/ld+json\" class=\"yoast-schema-graph\">{\"@context\":\"https:\/\/schema.org\",\"@graph\":[{\"@type\":\"WebPage\",\"@id\":\"https:\/\/cardamomo.com\/fr\/terminos-condiciones-proteccion-de-datos-politica-de-devoluciones-y-reintegros\/\",\"url\":\"https:\/\/cardamomo.com\/fr\/terminos-condiciones-proteccion-de-datos-politica-de-devoluciones-y-reintegros\/\",\"name\":\"T\u00e9rminos, Condiciones, Protecci\u00f3n de Datos, Pol\u00edtica de Devoluciones y Reintegros - Cardamomo Flamenco Madrid\",\"isPartOf\":{\"@id\":\"https:\/\/cardamomo.com\/fr\/#website\"},\"datePublished\":\"2016-06-08T15:58:00+00:00\",\"dateModified\":\"2025-05-08T13:54:59+00:00\",\"breadcrumb\":{\"@id\":\"https:\/\/cardamomo.com\/fr\/terminos-condiciones-proteccion-de-datos-politica-de-devoluciones-y-reintegros\/#breadcrumb\"},\"inLanguage\":\"fr-FR\",\"potentialAction\":[{\"@type\":\"ReadAction\",\"target\":[[\"https:\/\/cardamomo.com\/fr\/terminos-condiciones-proteccion-de-datos-politica-de-devoluciones-y-reintegros\/\"]]}]},{\"@type\":\"BreadcrumbList\",\"@id\":\"https:\/\/cardamomo.com\/fr\/terminos-condiciones-proteccion-de-datos-politica-de-devoluciones-y-reintegros\/#breadcrumb\",\"itemListElement\":[{\"@type\":\"ListItem\",\"position\":1,\"name\":\"Cardamomo\",\"item\":\"https:\/\/cardamomo.com\/fr\/\"},{\"@type\":\"ListItem\",\"position\":2,\"name\":\"T\u00e9rminos, Condiciones, Protecci\u00f3n de Datos, Pol\u00edtica de Devoluciones y Reintegros\"}]},{\"@type\":\"WebSite\",\"@id\":\"https:\/\/cardamomo.com\/fr\/#website\",\"url\":\"https:\/\/cardamomo.com\/fr\/\",\"name\":\"Cardamomo Flamenco Madrid\",\"description\":\"\",\"potentialAction\":[{\"@type\":\"SearchAction\",\"target\":{\"@type\":\"EntryPoint\",\"urlTemplate\":\"https:\/\/cardamomo.com\/fr\/?s={search_term_string}\"},\"query-input\":{\"@type\":\"PropertyValueSpecification\",\"valueRequired\":true,\"valueName\":\"search_term_string\"}}],\"inLanguage\":\"fr-FR\"}]}<\/script>\n<!-- \/ Yoast SEO plugin. -->","yoast_head_json":{"title":"T\u00e9rminos, Condiciones, Protecci\u00f3n de Datos, Pol\u00edtica de Devoluciones y Reintegros - Cardamomo Flamenco Madrid","robots":{"index":"noindex","follow":"follow"},"og_locale":"fr_FR","og_type":"article","og_title":"T\u00e9rminos, Condiciones, Protecci\u00f3n de Datos, Pol\u00edtica de Devoluciones y Reintegros - Cardamomo Flamenco Madrid","og_description":"\u00a0Protecci\u00f3n de Datos. \u201cDe conformidad con lo establecido en la normativa vigente en Protecci\u00f3n de Datos de Car\u00e1cter Personal, le informamos que sus datos ser\u00e1n incorporados al sistema de tratamiento titularidad de PROYECTOS CINCOHERMANOS SL con CIF B86842085 y domicilio social sito en C. ECHEGARAY 16, 2 28014, MADRID, con la finalidad de atender sus...","og_url":"https:\/\/cardamomo.com\/fr\/terminos-condiciones-proteccion-de-datos-politica-de-devoluciones-y-reintegros\/","og_site_name":"Cardamomo Flamenco Madrid","article_modified_time":"2025-05-08T13:54:59+00:00","twitter_card":"summary_large_image","twitter_misc":{"Dur\u00e9e de lecture estim\u00e9e":"6 minutes"},"schema":{"@context":"https:\/\/schema.org","@graph":[{"@type":"WebPage","@id":"https:\/\/cardamomo.com\/fr\/terminos-condiciones-proteccion-de-datos-politica-de-devoluciones-y-reintegros\/","url":"https:\/\/cardamomo.com\/fr\/terminos-condiciones-proteccion-de-datos-politica-de-devoluciones-y-reintegros\/","name":"T\u00e9rminos, Condiciones, Protecci\u00f3n de Datos, Pol\u00edtica de Devoluciones y Reintegros - Cardamomo Flamenco Madrid","isPartOf":{"@id":"https:\/\/cardamomo.com\/fr\/#website"},"datePublished":"2016-06-08T15:58:00+00:00","dateModified":"2025-05-08T13:54:59+00:00","breadcrumb":{"@id":"https:\/\/cardamomo.com\/fr\/terminos-condiciones-proteccion-de-datos-politica-de-devoluciones-y-reintegros\/#breadcrumb"},"inLanguage":"fr-FR","potentialAction":[{"@type":"ReadAction","target":[["https:\/\/cardamomo.com\/fr\/terminos-condiciones-proteccion-de-datos-politica-de-devoluciones-y-reintegros\/"]]}]},{"@type":"BreadcrumbList","@id":"https:\/\/cardamomo.com\/fr\/terminos-condiciones-proteccion-de-datos-politica-de-devoluciones-y-reintegros\/#breadcrumb","itemListElement":[{"@type":"ListItem","position":1,"name":"Cardamomo","item":"https:\/\/cardamomo.com\/fr\/"},{"@type":"ListItem","position":2,"name":"T\u00e9rminos, Condiciones, Protecci\u00f3n de Datos, Pol\u00edtica de Devoluciones y Reintegros"}]},{"@type":"WebSite","@id":"https:\/\/cardamomo.com\/fr\/#website","url":"https:\/\/cardamomo.com\/fr\/","name":"Cardamomo Flamenco Madrid","description":"","potentialAction":[{"@type":"SearchAction","target":{"@type":"EntryPoint","urlTemplate":"https:\/\/cardamomo.com\/fr\/?s={search_term_string}"},"query-input":{"@type":"PropertyValueSpecification","valueRequired":true,"valueName":"search_term_string"}}],"inLanguage":"fr-FR"}]}},"_links":{"self":[{"href":"https:\/\/cardamomo.com\/fr\/wp-json\/wp\/v2\/pages\/101","targetHints":{"allow":["GET"]}}],"collection":[{"href":"https:\/\/cardamomo.com\/fr\/wp-json\/wp\/v2\/pages"}],"about":[{"href":"https:\/\/cardamomo.com\/fr\/wp-json\/wp\/v2\/types\/page"}],"author":[{"embeddable":true,"href":"https:\/\/cardamomo.com\/fr\/wp-json\/wp\/v2\/users\/1"}],"replies":[{"embeddable":true,"href":"https:\/\/cardamomo.com\/fr\/wp-json\/wp\/v2\/comments?post=101"}],"version-history":[{"count":2,"href":"https:\/\/cardamomo.com\/fr\/wp-json\/wp\/v2\/pages\/101\/revisions"}],"predecessor-version":[{"id":157428,"href":"https:\/\/cardamomo.com\/fr\/wp-json\/wp\/v2\/pages\/101\/revisions\/157428"}],"wp:attachment":[{"href":"https:\/\/cardamomo.com\/fr\/wp-json\/wp\/v2\/media?parent=101"}],"curies":[{"name":"wp","href":"https:\/\/api.w.org\/{rel}","templated":true}]}}