{"id":84,"date":"2024-12-02T15:42:20","date_gmt":"2024-12-02T15:42:20","guid":{"rendered":"http:\/\/cardamomo.local\/?page_id=84"},"modified":"2025-10-21T13:08:51","modified_gmt":"2025-10-21T11:08:51","slug":"contact-location","status":"publish","type":"page","link":"https:\/\/cardamomo.com\/es\/contacto-y-localizacion\/","title":{"rendered":"Contacto y localizaci\u00f3n"},"content":{"rendered":"<p>Cardamomo se encuentra en la calle Echegaray n\u00ba15, en el c\u00e9ntrico barrio de Las letras, en el coraz\u00f3n de la <strong>zona de Huertas y Cortes<\/strong>: <a href=\"https:\/\/cardamomo.com\/es\/espectaculos-en-madrid\/\">flamenco en vivo<\/a> a un paso de la <strong>Puerta del Sol<\/strong>.<\/p>","protected":false},"excerpt":{"rendered":"Cardamomo se encuentra en la calle Echegaray n\u00ba15, en el c\u00e9ntrico barrio de Las letras, en el coraz\u00f3n de la zona de Huertas y Cortes: flamenco en vivo a un paso de la Puerta del Sol.","protected":false},"author":1,"featured_media":0,"parent":0,"menu_order":7,"comment_status":"closed","ping_status":"closed","template":"templates\/05-contact.php","meta":{"_acf_changed":false,"inline_featured_image":false,"footnotes":""},"class_list":["post-84","page","type-page","status-publish","hentry"],"acf":{"display":"reduced","hero_intro":"\u00bfC\u00f3mo llegar a Cardamomo <br>Tablao Flamenco?","hero_heading":"h2","generic_slider":null},"yoast_head":"<!-- This site is optimized with the Yoast SEO plugin v27.3 - https:\/\/yoast.com\/product\/yoast-seo-wordpress\/ -->\n<title>Contacto y Localizaci\u00f3n | Cardamomo Tablao Flamenco<\/title>\n<meta name=\"description\" content=\"El tablao Cardamomo se encuentraen el c\u00e9ntrico barrio de Las letras, en el coraz\u00f3n de la zona de Huertas y Cortes, a un paso de la Puerta del Sol.\" \/>\n<meta name=\"robots\" content=\"index, follow, max-snippet:-1, max-image-preview:large, max-video-preview:-1\" \/>\n<link rel=\"canonical\" href=\"\/\" \/>\n<meta property=\"og:locale\" content=\"es_ES\" \/>\n<meta property=\"og:type\" content=\"article\" \/>\n<meta property=\"og:title\" content=\"Contacto y Localizaci\u00f3n | Cardamomo Tablao Flamenco\" \/>\n<meta property=\"og:description\" content=\"El tablao Cardamomo se encuentraen el c\u00e9ntrico barrio de Las letras, en el coraz\u00f3n de la zona de Huertas y Cortes, a un paso de la Puerta del Sol.\" \/>\n<meta property=\"og:url\" content=\"https:\/\/cardamomo.com\/es\/contacto-y-localizacion\/\" \/>\n<meta property=\"og:site_name\" content=\"Cardamomo Flamenco Madrid\" \/>\n<meta property=\"article:modified_time\" content=\"2025-10-21T11:08:51+00:00\" \/>\n<meta name=\"twitter:card\" content=\"summary_large_image\" \/>\n<meta name=\"twitter:label1\" content=\"Tiempo de lectura\" \/>\n\t<meta name=\"twitter:data1\" content=\"1 minuto\" \/>\n<script type=\"application\/ld+json\" class=\"yoast-schema-graph\">{\"@context\":\"https:\\\/\\\/schema.org\",\"@graph\":[{\"@type\":\"WebPage\",\"@id\":\"https:\\\/\\\/cardamomo.com\\\/es\\\/contacto-y-localizacion\\\/\",\"url\":\"https:\\\/\\\/cardamomo.com\\\/es\\\/contacto-y-localizacion\\\/\",\"name\":\"Contacto y Localizaci\u00f3n | Cardamomo Tablao Flamenco\",\"isPartOf\":{\"@id\":\"https:\\\/\\\/cardamomo.com\\\/es\\\/#website\"},\"datePublished\":\"2024-12-02T15:42:20+00:00\",\"dateModified\":\"2025-10-21T11:08:51+00:00\",\"description\":\"El tablao Cardamomo se encuentraen el c\u00e9ntrico barrio de Las letras, en el coraz\u00f3n de la zona de Huertas y Cortes, a un paso de la Puerta del Sol.\",\"breadcrumb\":{\"@id\":\"https:\\\/\\\/cardamomo.com\\\/es\\\/contacto-y-localizacion\\\/#breadcrumb\"},\"inLanguage\":\"es\",\"potentialAction\":[{\"@type\":\"ReadAction\",\"target\":[[\"https:\\\/\\\/cardamomo.com\\\/es\\\/contacto-y-localizacion\\\/\"]]}]},{\"@type\":\"BreadcrumbList\",\"@id\":\"https:\\\/\\\/cardamomo.com\\\/es\\\/contacto-y-localizacion\\\/#breadcrumb\",\"itemListElement\":[{\"@type\":\"ListItem\",\"position\":1,\"name\":\"Cardamomo\",\"item\":\"https:\\\/\\\/cardamomo.com\\\/es\\\/\"},{\"@type\":\"ListItem\",\"position\":2,\"name\":\"Contacto y localizaci\u00f3n\"}]},{\"@type\":\"WebSite\",\"@id\":\"https:\\\/\\\/cardamomo.com\\\/es\\\/#website\",\"url\":\"https:\\\/\\\/cardamomo.com\\\/es\\\/\",\"name\":\"Cardamomo Flamenco Madrid\",\"description\":\"\",\"potentialAction\":[{\"@type\":\"SearchAction\",\"target\":{\"@type\":\"EntryPoint\",\"urlTemplate\":\"https:\\\/\\\/cardamomo.com\\\/es\\\/?s={search_term_string}\"},\"query-input\":{\"@type\":\"PropertyValueSpecification\",\"valueRequired\":true,\"valueName\":\"search_term_string\"}}],\"inLanguage\":\"es\"}]}<\/script>\n<!-- \/ Yoast SEO plugin. -->","yoast_head_json":{"title":"Contacto y Localizaci\u00f3n | Cardamomo Tablao Flamenco","description":"El tablao Cardamomo se encuentraen el c\u00e9ntrico barrio de Las letras, en el coraz\u00f3n de la zona de Huertas y Cortes, a un paso de la Puerta del Sol.","robots":{"index":"index","follow":"follow","max-snippet":"max-snippet:-1","max-image-preview":"max-image-preview:large","max-video-preview":"max-video-preview:-1"},"canonical":"\/","og_locale":"es_ES","og_type":"article","og_title":"Contacto y Localizaci\u00f3n | Cardamomo Tablao Flamenco","og_description":"El tablao Cardamomo se encuentraen el c\u00e9ntrico barrio de Las letras, en el coraz\u00f3n de la zona de Huertas y Cortes, a un paso de la Puerta del Sol.","og_url":"https:\/\/cardamomo.com\/es\/contacto-y-localizacion\/","og_site_name":"Cardamomo Flamenco Madrid","article_modified_time":"2025-10-21T11:08:51+00:00","twitter_card":"summary_large_image","twitter_misc":{"Tiempo de lectura":"1 minuto"},"schema":{"@context":"https:\/\/schema.org","@graph":[{"@type":"WebPage","@id":"https:\/\/cardamomo.com\/es\/contacto-y-localizacion\/","url":"https:\/\/cardamomo.com\/es\/contacto-y-localizacion\/","name":"Contacto y Localizaci\u00f3n | Cardamomo Tablao Flamenco","isPartOf":{"@id":"https:\/\/cardamomo.com\/es\/#website"},"datePublished":"2024-12-02T15:42:20+00:00","dateModified":"2025-10-21T11:08:51+00:00","description":"El tablao Cardamomo se encuentraen el c\u00e9ntrico barrio de Las letras, en el coraz\u00f3n de la zona de Huertas y Cortes, a un paso de la Puerta del Sol.","breadcrumb":{"@id":"https:\/\/cardamomo.com\/es\/contacto-y-localizacion\/#breadcrumb"},"inLanguage":"es","potentialAction":[{"@type":"ReadAction","target":[["https:\/\/cardamomo.com\/es\/contacto-y-localizacion\/"]]}]},{"@type":"BreadcrumbList","@id":"https:\/\/cardamomo.com\/es\/contacto-y-localizacion\/#breadcrumb","itemListElement":[{"@type":"ListItem","position":1,"name":"Cardamomo","item":"https:\/\/cardamomo.com\/es\/"},{"@type":"ListItem","position":2,"name":"Contacto y localizaci\u00f3n"}]},{"@type":"WebSite","@id":"https:\/\/cardamomo.com\/es\/#website","url":"https:\/\/cardamomo.com\/es\/","name":"Cardamomo Flamenco Madrid","description":"","potentialAction":[{"@type":"SearchAction","target":{"@type":"EntryPoint","urlTemplate":"https:\/\/cardamomo.com\/es\/?s={search_term_string}"},"query-input":{"@type":"PropertyValueSpecification","valueRequired":true,"valueName":"search_term_string"}}],"inLanguage":"es"}]}},"_links":{"self":[{"href":"https:\/\/cardamomo.com\/es\/wp-json\/wp\/v2\/pages\/84","targetHints":{"allow":["GET"]}}],"collection":[{"href":"https:\/\/cardamomo.com\/es\/wp-json\/wp\/v2\/pages"}],"about":[{"href":"https:\/\/cardamomo.com\/es\/wp-json\/wp\/v2\/types\/page"}],"author":[{"embeddable":true,"href":"https:\/\/cardamomo.com\/es\/wp-json\/wp\/v2\/users\/1"}],"replies":[{"embeddable":true,"href":"https:\/\/cardamomo.com\/es\/wp-json\/wp\/v2\/comments?post=84"}],"version-history":[{"count":8,"href":"https:\/\/cardamomo.com\/es\/wp-json\/wp\/v2\/pages\/84\/revisions"}],"predecessor-version":[{"id":157856,"href":"https:\/\/cardamomo.com\/es\/wp-json\/wp\/v2\/pages\/84\/revisions\/157856"}],"wp:attachment":[{"href":"https:\/\/cardamomo.com\/es\/wp-json\/wp\/v2\/media?parent=84"}],"curies":[{"name":"wp","href":"https:\/\/api.w.org\/{rel}","templated":true}]}}