{"id":48771,"date":"2024-12-02T17:41:20","date_gmt":"2024-12-02T17:41:20","guid":{"rendered":"https:\/\/cardamomo.com\/es\/?page_id=48771"},"modified":"2025-02-03T12:04:16","modified_gmt":"2025-02-03T12:04:16","slug":"mapa-de-la-web","status":"publish","type":"page","link":"https:\/\/cardamomo.com\/es\/mapa-de-la-web\/","title":{"rendered":"Mapa de la web"},"content":{"rendered":"<p><div class=\"menu-sitemap-container\"><ul id=\"menu-sitemap\" class=\"menu\"><li id=\"menu-item-156967\" class=\"menu-item menu-item-type-post_type menu-item-object-page menu-item-home menu-item-156967\"><a href=\"https:\/\/cardamomo.com\/es\/\">Cardamomo Flamenco Madrid<\/a><\/li>\n<li id=\"menu-item-156968\" class=\"menu-item menu-item-type-post_type menu-item-object-page menu-item-156968\"><a href=\"https:\/\/cardamomo.com\/es\/tablao-flamenco\/\">Tablao Flamenco en Madrid<\/a><\/li>\n<li id=\"menu-item-156969\" class=\"menu-item menu-item-type-post_type menu-item-object-page menu-item-156969\"><a href=\"https:\/\/cardamomo.com\/es\/flamenco-show-en-madrid\/\">Flamenco Show en Madrid<\/a><\/li>\n<li id=\"menu-item-156970\" class=\"menu-item menu-item-type-post_type menu-item-object-page menu-item-156970\"><a href=\"https:\/\/cardamomo.com\/es\/artistas\/\">Artistas flamencos<\/a><\/li>\n<li id=\"menu-item-156971\" class=\"menu-item menu-item-type-post_type menu-item-object-page menu-item-156971\"><a href=\"https:\/\/cardamomo.com\/es\/galeria\/\">Galer\u00eda<\/a><\/li>\n<li id=\"menu-item-156972\" class=\"menu-item menu-item-type-post_type menu-item-object-page menu-item-156972\"><a href=\"https:\/\/cardamomo.com\/es\/cena-con-espectaculo-flamenco-en-madrid\/\">Cena con espect\u00e1culo flamenco en Madrid<\/a><\/li>\n<li id=\"menu-item-156973\" class=\"menu-item menu-item-type-post_type menu-item-object-page menu-item-156973\"><a href=\"https:\/\/cardamomo.com\/es\/lo-que-dicen-de-nosotros\/\">Lo que dicen de nosotros<\/a><\/li>\n<li id=\"menu-item-156974\" class=\"menu-item menu-item-type-post_type menu-item-object-page menu-item-156974\"><a href=\"https:\/\/cardamomo.com\/es\/checkout\/\">Comprar Entradas &#8211; Checkout<\/a><\/li>\n<li id=\"menu-item-156975\" class=\"menu-item menu-item-type-post_type menu-item-object-page menu-item-156975\"><a href=\"https:\/\/cardamomo.com\/es\/contacto-y-localizacion\/\">Contacto y localizaci\u00f3n<\/a><\/li>\n<li id=\"menu-item-156976\" class=\"menu-item menu-item-type-post_type menu-item-object-page menu-item-156976\"><a href=\"https:\/\/cardamomo.com\/es\/fundacion-cardamomo\/\">Fundaci\u00f3n Cardamomo<\/a><\/li>\n<li id=\"menu-item-156977\" class=\"menu-item menu-item-type-post_type menu-item-object-page menu-item-156977\"><a href=\"https:\/\/cardamomo.com\/es\/entradas-especiales\/\">Entradas especiales<\/a><\/li>\n<li id=\"menu-item-156978\" class=\"menu-item menu-item-type-post_type menu-item-object-page menu-item-156978\"><a href=\"https:\/\/cardamomo.com\/es\/trabajar-en-cardamomo\/\">Trabajar en Cardamomo<\/a><\/li>\n<li id=\"menu-item-156979\" class=\"menu-item menu-item-type-post_type menu-item-object-page menu-item-156979\"><a href=\"https:\/\/cardamomo.com\/es\/eventos-empresas-madrid\/\">Eventos para empresas<\/a><\/li>\n<li id=\"menu-item-156980\" class=\"menu-item menu-item-type-post_type menu-item-object-page menu-item-156980\"><a href=\"https:\/\/cardamomo.com\/es\/aviso-legal\/\">Aviso Legal y Pol\u00edtica de Privacidad<\/a><\/li>\n<li id=\"menu-item-156981\" class=\"menu-item menu-item-type-post_type menu-item-object-page menu-item-156981\"><a href=\"https:\/\/cardamomo.com\/es\/politica-de-cookies\/\">Pol\u00edtica de Cookies<\/a><\/li>\n<li id=\"menu-item-156982\" class=\"menu-item menu-item-type-post_type menu-item-object-page menu-item-156982\"><a href=\"https:\/\/cardamomo.com\/es\/terminos-condiciones-proteccion-de-datos-politica-de-devoluciones-y-reintegros\/\">T\u00e9rminos, Condiciones, Protecci\u00f3n de Datos, Pol\u00edtica de Devoluciones y Reintegros<\/a><\/li>\n<\/ul><\/div><\/p>","protected":false},"excerpt":{"rendered":"Disculpa, pero esta entrada est\u00e1 disponible s\u00f3lo en English, Deutsch, Fran\u00e7ais, Portugu\u00eas, \u4e2d\u6587, Italiano, \u0420\u0443\u0441\u0441\u043a\u0438\u0439 y \u65e5\u672c\u8a9e.[listmenu menu=\u00bbSitemap\u00bb]","protected":false},"author":1,"featured_media":0,"parent":0,"menu_order":8,"comment_status":"closed","ping_status":"closed","template":"","meta":{"_acf_changed":false,"inline_featured_image":false,"footnotes":""},"class_list":["post-48771","page","type-page","status-publish","hentry"],"acf":{"display":"hide","hero_intro":"","hero_heading":false,"generic_slider":null},"yoast_head":"<!-- This site is optimized with the Yoast SEO plugin v27.3 - https:\/\/yoast.com\/product\/yoast-seo-wordpress\/ -->\n<title>Mapa de la web - Cardamomo Flamenco Madrid<\/title>\n<meta name=\"robots\" content=\"index, follow, max-snippet:-1, max-image-preview:large, max-video-preview:-1\" \/>\n<link rel=\"canonical\" href=\"\/\" \/>\n<meta property=\"og:locale\" content=\"es_ES\" \/>\n<meta property=\"og:type\" content=\"article\" \/>\n<meta property=\"og:title\" content=\"Mapa de la web - Cardamomo Flamenco Madrid\" \/>\n<meta property=\"og:description\" content=\"Disculpa, pero esta entrada est\u00e1 disponible s\u00f3lo en English, Deutsch, Fran\u00e7ais, Portugu\u00eas, \u4e2d\u6587, Italiano, \u0420\u0443\u0441\u0441\u043a\u0438\u0439 y \u65e5\u672c\u8a9e.[listmenu menu=\u00bbSitemap\u00bb]\" \/>\n<meta property=\"og:url\" content=\"https:\/\/cardamomo.com\/es\/mapa-de-la-web\/\" \/>\n<meta property=\"og:site_name\" content=\"Cardamomo Flamenco Madrid\" \/>\n<meta property=\"article:modified_time\" content=\"2025-02-03T12:04:16+00:00\" \/>\n<meta name=\"twitter:card\" content=\"summary_large_image\" \/>\n<meta name=\"twitter:label1\" content=\"Tiempo de lectura\" \/>\n\t<meta name=\"twitter:data1\" content=\"1 minuto\" \/>\n<script type=\"application\/ld+json\" class=\"yoast-schema-graph\">{\"@context\":\"https:\\\/\\\/schema.org\",\"@graph\":[{\"@type\":\"WebPage\",\"@id\":\"https:\\\/\\\/cardamomo.com\\\/es\\\/mapa-de-la-web\\\/\",\"url\":\"https:\\\/\\\/cardamomo.com\\\/es\\\/mapa-de-la-web\\\/\",\"name\":\"Mapa de la web - Cardamomo Flamenco Madrid\",\"isPartOf\":{\"@id\":\"https:\\\/\\\/cardamomo.com\\\/es\\\/#website\"},\"datePublished\":\"2024-12-02T17:41:20+00:00\",\"dateModified\":\"2025-02-03T12:04:16+00:00\",\"breadcrumb\":{\"@id\":\"https:\\\/\\\/cardamomo.com\\\/es\\\/mapa-de-la-web\\\/#breadcrumb\"},\"inLanguage\":\"es\",\"potentialAction\":[{\"@type\":\"ReadAction\",\"target\":[[\"https:\\\/\\\/cardamomo.com\\\/es\\\/mapa-de-la-web\\\/\"]]}]},{\"@type\":\"BreadcrumbList\",\"@id\":\"https:\\\/\\\/cardamomo.com\\\/es\\\/mapa-de-la-web\\\/#breadcrumb\",\"itemListElement\":[{\"@type\":\"ListItem\",\"position\":1,\"name\":\"Cardamomo\",\"item\":\"https:\\\/\\\/cardamomo.com\\\/es\\\/\"},{\"@type\":\"ListItem\",\"position\":2,\"name\":\"Mapa de la web\"}]},{\"@type\":\"WebSite\",\"@id\":\"https:\\\/\\\/cardamomo.com\\\/es\\\/#website\",\"url\":\"https:\\\/\\\/cardamomo.com\\\/es\\\/\",\"name\":\"Cardamomo Flamenco Madrid\",\"description\":\"\",\"potentialAction\":[{\"@type\":\"SearchAction\",\"target\":{\"@type\":\"EntryPoint\",\"urlTemplate\":\"https:\\\/\\\/cardamomo.com\\\/es\\\/?s={search_term_string}\"},\"query-input\":{\"@type\":\"PropertyValueSpecification\",\"valueRequired\":true,\"valueName\":\"search_term_string\"}}],\"inLanguage\":\"es\"}]}<\/script>\n<!-- \/ Yoast SEO plugin. -->","yoast_head_json":{"title":"Mapa de la web - Cardamomo Flamenco Madrid","robots":{"index":"index","follow":"follow","max-snippet":"max-snippet:-1","max-image-preview":"max-image-preview:large","max-video-preview":"max-video-preview:-1"},"canonical":"\/","og_locale":"es_ES","og_type":"article","og_title":"Mapa de la web - Cardamomo Flamenco Madrid","og_description":"Disculpa, pero esta entrada est\u00e1 disponible s\u00f3lo en English, Deutsch, Fran\u00e7ais, Portugu\u00eas, \u4e2d\u6587, Italiano, \u0420\u0443\u0441\u0441\u043a\u0438\u0439 y \u65e5\u672c\u8a9e.[listmenu menu=\u00bbSitemap\u00bb]","og_url":"https:\/\/cardamomo.com\/es\/mapa-de-la-web\/","og_site_name":"Cardamomo Flamenco Madrid","article_modified_time":"2025-02-03T12:04:16+00:00","twitter_card":"summary_large_image","twitter_misc":{"Tiempo de lectura":"1 minuto"},"schema":{"@context":"https:\/\/schema.org","@graph":[{"@type":"WebPage","@id":"https:\/\/cardamomo.com\/es\/mapa-de-la-web\/","url":"https:\/\/cardamomo.com\/es\/mapa-de-la-web\/","name":"Mapa de la web - Cardamomo Flamenco Madrid","isPartOf":{"@id":"https:\/\/cardamomo.com\/es\/#website"},"datePublished":"2024-12-02T17:41:20+00:00","dateModified":"2025-02-03T12:04:16+00:00","breadcrumb":{"@id":"https:\/\/cardamomo.com\/es\/mapa-de-la-web\/#breadcrumb"},"inLanguage":"es","potentialAction":[{"@type":"ReadAction","target":[["https:\/\/cardamomo.com\/es\/mapa-de-la-web\/"]]}]},{"@type":"BreadcrumbList","@id":"https:\/\/cardamomo.com\/es\/mapa-de-la-web\/#breadcrumb","itemListElement":[{"@type":"ListItem","position":1,"name":"Cardamomo","item":"https:\/\/cardamomo.com\/es\/"},{"@type":"ListItem","position":2,"name":"Mapa de la web"}]},{"@type":"WebSite","@id":"https:\/\/cardamomo.com\/es\/#website","url":"https:\/\/cardamomo.com\/es\/","name":"Cardamomo Flamenco Madrid","description":"","potentialAction":[{"@type":"SearchAction","target":{"@type":"EntryPoint","urlTemplate":"https:\/\/cardamomo.com\/es\/?s={search_term_string}"},"query-input":{"@type":"PropertyValueSpecification","valueRequired":true,"valueName":"search_term_string"}}],"inLanguage":"es"}]}},"_links":{"self":[{"href":"https:\/\/cardamomo.com\/es\/wp-json\/wp\/v2\/pages\/48771","targetHints":{"allow":["GET"]}}],"collection":[{"href":"https:\/\/cardamomo.com\/es\/wp-json\/wp\/v2\/pages"}],"about":[{"href":"https:\/\/cardamomo.com\/es\/wp-json\/wp\/v2\/types\/page"}],"author":[{"embeddable":true,"href":"https:\/\/cardamomo.com\/es\/wp-json\/wp\/v2\/users\/1"}],"replies":[{"embeddable":true,"href":"https:\/\/cardamomo.com\/es\/wp-json\/wp\/v2\/comments?post=48771"}],"version-history":[{"count":2,"href":"https:\/\/cardamomo.com\/es\/wp-json\/wp\/v2\/pages\/48771\/revisions"}],"predecessor-version":[{"id":156965,"href":"https:\/\/cardamomo.com\/es\/wp-json\/wp\/v2\/pages\/48771\/revisions\/156965"}],"wp:attachment":[{"href":"https:\/\/cardamomo.com\/es\/wp-json\/wp\/v2\/media?parent=48771"}],"curies":[{"name":"wp","href":"https:\/\/api.w.org\/{rel}","templated":true}]}}