{"id":23737,"date":"2016-10-27T11:15:55","date_gmt":"2016-10-27T09:15:55","guid":{"rendered":"https:\/\/cardamomo.com\/es\/?page_id=23737"},"modified":"2025-02-04T17:02:43","modified_gmt":"2025-02-04T17:02:43","slug":"campanas","status":"publish","type":"page","link":"https:\/\/cardamomo.com\/es\/campanas\/","title":{"rendered":"Campa\u00f1as"},"content":{"rendered":"<p>Cardamomo campaigns<\/p>","protected":false},"excerpt":{"rendered":"Cardamomo campaigns","protected":false},"author":1,"featured_media":0,"parent":0,"menu_order":30,"comment_status":"closed","ping_status":"closed","template":"","meta":{"_acf_changed":false,"inline_featured_image":false,"footnotes":""},"class_list":["post-23737","page","type-page","status-publish","hentry"],"acf":{"display":"hide","hero_intro":"","hero_heading":false,"generic_slider":null},"yoast_head":"<!-- This site is optimized with the Yoast SEO plugin v27.3 - https:\/\/yoast.com\/product\/yoast-seo-wordpress\/ -->\n<title>Campa\u00f1as a<\/title>\n<meta name=\"description\" content=\"Descripci\u00f3n de Campa\u00f1as a\" \/>\n<meta name=\"robots\" content=\"index, follow, max-snippet:-1, max-image-preview:large, max-video-preview:-1\" \/>\n<link rel=\"canonical\" href=\"\/\" \/>\n<meta property=\"og:locale\" content=\"es_ES\" \/>\n<meta property=\"og:type\" content=\"article\" \/>\n<meta property=\"og:title\" content=\"Campa\u00f1as a\" \/>\n<meta property=\"og:description\" content=\"Descripci\u00f3n de Campa\u00f1as a\" \/>\n<meta property=\"og:url\" content=\"https:\/\/cardamomo.com\/es\/campanas\/\" \/>\n<meta property=\"og:site_name\" content=\"Cardamomo Flamenco Madrid\" \/>\n<meta property=\"article:modified_time\" content=\"2025-02-04T17:02:43+00:00\" \/>\n<meta name=\"twitter:card\" content=\"summary_large_image\" \/>\n<meta name=\"twitter:label1\" content=\"Tiempo de lectura\" \/>\n\t<meta name=\"twitter:data1\" content=\"1 minuto\" \/>\n<script type=\"application\/ld+json\" class=\"yoast-schema-graph\">{\"@context\":\"https:\\\/\\\/schema.org\",\"@graph\":[{\"@type\":\"WebPage\",\"@id\":\"https:\\\/\\\/cardamomo.com\\\/es\\\/campanas\\\/\",\"url\":\"https:\\\/\\\/cardamomo.com\\\/es\\\/campanas\\\/\",\"name\":\"Campa\u00f1as a\",\"isPartOf\":{\"@id\":\"https:\\\/\\\/cardamomo.com\\\/es\\\/#website\"},\"datePublished\":\"2016-10-27T09:15:55+00:00\",\"dateModified\":\"2025-02-04T17:02:43+00:00\",\"description\":\"Descripci\u00f3n de Campa\u00f1as a\",\"breadcrumb\":{\"@id\":\"https:\\\/\\\/cardamomo.com\\\/es\\\/campanas\\\/#breadcrumb\"},\"inLanguage\":\"es\",\"potentialAction\":[{\"@type\":\"ReadAction\",\"target\":[[\"https:\\\/\\\/cardamomo.com\\\/es\\\/campanas\\\/\"]]}]},{\"@type\":\"BreadcrumbList\",\"@id\":\"https:\\\/\\\/cardamomo.com\\\/es\\\/campanas\\\/#breadcrumb\",\"itemListElement\":[{\"@type\":\"ListItem\",\"position\":1,\"name\":\"Cardamomo\",\"item\":\"https:\\\/\\\/cardamomo.com\\\/es\\\/\"},{\"@type\":\"ListItem\",\"position\":2,\"name\":\"Campa\u00f1as\"}]},{\"@type\":\"WebSite\",\"@id\":\"https:\\\/\\\/cardamomo.com\\\/es\\\/#website\",\"url\":\"https:\\\/\\\/cardamomo.com\\\/es\\\/\",\"name\":\"Cardamomo Flamenco Madrid\",\"description\":\"\",\"potentialAction\":[{\"@type\":\"SearchAction\",\"target\":{\"@type\":\"EntryPoint\",\"urlTemplate\":\"https:\\\/\\\/cardamomo.com\\\/es\\\/?s={search_term_string}\"},\"query-input\":{\"@type\":\"PropertyValueSpecification\",\"valueRequired\":true,\"valueName\":\"search_term_string\"}}],\"inLanguage\":\"es\"}]}<\/script>\n<!-- \/ Yoast SEO plugin. -->","yoast_head_json":{"title":"Campa\u00f1as a","description":"Descripci\u00f3n de Campa\u00f1as a","robots":{"index":"index","follow":"follow","max-snippet":"max-snippet:-1","max-image-preview":"max-image-preview:large","max-video-preview":"max-video-preview:-1"},"canonical":"\/","og_locale":"es_ES","og_type":"article","og_title":"Campa\u00f1as a","og_description":"Descripci\u00f3n de Campa\u00f1as a","og_url":"https:\/\/cardamomo.com\/es\/campanas\/","og_site_name":"Cardamomo Flamenco Madrid","article_modified_time":"2025-02-04T17:02:43+00:00","twitter_card":"summary_large_image","twitter_misc":{"Tiempo de lectura":"1 minuto"},"schema":{"@context":"https:\/\/schema.org","@graph":[{"@type":"WebPage","@id":"https:\/\/cardamomo.com\/es\/campanas\/","url":"https:\/\/cardamomo.com\/es\/campanas\/","name":"Campa\u00f1as a","isPartOf":{"@id":"https:\/\/cardamomo.com\/es\/#website"},"datePublished":"2016-10-27T09:15:55+00:00","dateModified":"2025-02-04T17:02:43+00:00","description":"Descripci\u00f3n de Campa\u00f1as a","breadcrumb":{"@id":"https:\/\/cardamomo.com\/es\/campanas\/#breadcrumb"},"inLanguage":"es","potentialAction":[{"@type":"ReadAction","target":[["https:\/\/cardamomo.com\/es\/campanas\/"]]}]},{"@type":"BreadcrumbList","@id":"https:\/\/cardamomo.com\/es\/campanas\/#breadcrumb","itemListElement":[{"@type":"ListItem","position":1,"name":"Cardamomo","item":"https:\/\/cardamomo.com\/es\/"},{"@type":"ListItem","position":2,"name":"Campa\u00f1as"}]},{"@type":"WebSite","@id":"https:\/\/cardamomo.com\/es\/#website","url":"https:\/\/cardamomo.com\/es\/","name":"Cardamomo Flamenco Madrid","description":"","potentialAction":[{"@type":"SearchAction","target":{"@type":"EntryPoint","urlTemplate":"https:\/\/cardamomo.com\/es\/?s={search_term_string}"},"query-input":{"@type":"PropertyValueSpecification","valueRequired":true,"valueName":"search_term_string"}}],"inLanguage":"es"}]}},"_links":{"self":[{"href":"https:\/\/cardamomo.com\/es\/wp-json\/wp\/v2\/pages\/23737","targetHints":{"allow":["GET"]}}],"collection":[{"href":"https:\/\/cardamomo.com\/es\/wp-json\/wp\/v2\/pages"}],"about":[{"href":"https:\/\/cardamomo.com\/es\/wp-json\/wp\/v2\/types\/page"}],"author":[{"embeddable":true,"href":"https:\/\/cardamomo.com\/es\/wp-json\/wp\/v2\/users\/1"}],"replies":[{"embeddable":true,"href":"https:\/\/cardamomo.com\/es\/wp-json\/wp\/v2\/comments?post=23737"}],"version-history":[{"count":1,"href":"https:\/\/cardamomo.com\/es\/wp-json\/wp\/v2\/pages\/23737\/revisions"}],"predecessor-version":[{"id":157026,"href":"https:\/\/cardamomo.com\/es\/wp-json\/wp\/v2\/pages\/23737\/revisions\/157026"}],"wp:attachment":[{"href":"https:\/\/cardamomo.com\/es\/wp-json\/wp\/v2\/media?parent=23737"}],"curies":[{"name":"wp","href":"https:\/\/api.w.org\/{rel}","templated":true}]}}