{"id":158081,"date":"2025-12-11T10:42:37","date_gmt":"2025-12-11T09:42:37","guid":{"rendered":"https:\/\/cardamomo.com\/es\/?page_id=158081"},"modified":"2026-01-21T10:11:51","modified_gmt":"2026-01-21T09:11:51","slug":"comprar-entradas-test","status":"publish","type":"page","link":"https:\/\/cardamomo.com\/es\/comprar-entradas\/","title":{"rendered":"Compra tus entradas de flamenco en el tablao m\u00e1s aclamado de Madrid"},"content":{"rendered":"<p>En Cardamomo te ofrecemos la oportunidad de vivir un <strong>espect\u00e1culo flamenco<\/strong> \u00fanico en pleno <strong>coraz\u00f3n de Madrid<\/strong>.<\/p>\n<p>Reconocido internacionalmente y con el sello de <strong>Patrimonio Cultural de la ciudad<\/strong>, nuestro tablao re\u00fane cada d\u00eda a grandes artistas del cante, el baile y la guitarra.<\/p>\n<p>Asegura tus entradas online de forma f\u00e1cil y disfruta de una experiencia inolvidable.<\/p>","protected":false},"excerpt":{"rendered":"En Cardamomo te ofrecemos la oportunidad de vivir un espect\u00e1culo flamenco \u00fanico en pleno coraz\u00f3n de Madrid. Reconocido internacionalmente y con el sello de Patrimonio Cultural de la ciudad, nuestro tablao re\u00fane cada d\u00eda a grandes artistas del cante, el baile y la guitarra. Asegura tus entradas online de forma f\u00e1cil y disfruta de una&#8230;","protected":false},"author":1,"featured_media":157308,"parent":0,"menu_order":7,"comment_status":"closed","ping_status":"closed","template":"templates\/10-buy-tickets.php","meta":{"_acf_changed":false,"inline_featured_image":false,"footnotes":""},"class_list":["post-158081","page","type-page","status-publish","has-post-thumbnail","hentry"],"acf":{"display":"hide","hero_intro":"","hero_heading":"h2","generic_slider":null},"yoast_head":"<!-- This site is optimized with the Yoast SEO plugin v27.4 - https:\/\/yoast.com\/product\/yoast-seo-wordpress\/ -->\n<title>Entradas Tablao Flamenco en Madrid | Cardamomo<\/title>\n<meta name=\"description\" content=\"Reserva tus tickets de flamenco en Cardamomo Madrid. Compra tus entradas online con garant\u00eda oficial y vive una experiencia \u00fanica de flamenco.\" \/>\n<meta name=\"robots\" content=\"index, follow, max-snippet:-1, max-image-preview:large, max-video-preview:-1\" \/>\n<link rel=\"canonical\" href=\"\/\" \/>\n<meta property=\"og:locale\" content=\"es_ES\" \/>\n<meta property=\"og:type\" content=\"article\" \/>\n<meta property=\"og:title\" content=\"Entradas Tablao Flamenco en Madrid | Cardamomo\" \/>\n<meta property=\"og:description\" content=\"Reserva tus tickets de flamenco en Cardamomo Madrid. Compra tus entradas online con garant\u00eda oficial y vive una experiencia \u00fanica de flamenco.\" \/>\n<meta property=\"og:url\" content=\"https:\/\/cardamomo.com\/es\/comprar-entradas\/\" \/>\n<meta property=\"og:site_name\" content=\"Cardamomo Flamenco Madrid\" \/>\n<meta property=\"article:modified_time\" content=\"2026-01-21T09:11:51+00:00\" \/>\n<meta property=\"og:image\" content=\"https:\/\/cardamomo.ams3.digitaloceanspaces.com\/wp-content\/uploads\/2025\/04\/07115829\/image-1024x677.png\" \/>\n\t<meta property=\"og:image:width\" content=\"1024\" \/>\n\t<meta property=\"og:image:height\" content=\"677\" \/>\n\t<meta property=\"og:image:type\" content=\"image\/png\" \/>\n<meta name=\"twitter:card\" content=\"summary_large_image\" \/>\n<meta name=\"twitter:label1\" content=\"Tiempo de lectura\" \/>\n\t<meta name=\"twitter:data1\" content=\"1 minuto\" \/>\n<script type=\"application\/ld+json\" class=\"yoast-schema-graph\">{\"@context\":\"https:\\\/\\\/schema.org\",\"@graph\":[{\"@type\":\"WebPage\",\"@id\":\"https:\\\/\\\/cardamomo.com\\\/es\\\/comprar-entradas\\\/\",\"url\":\"https:\\\/\\\/cardamomo.com\\\/es\\\/comprar-entradas\\\/\",\"name\":\"Entradas Tablao Flamenco en Madrid | Cardamomo\",\"isPartOf\":{\"@id\":\"https:\\\/\\\/cardamomo.com\\\/es\\\/#website\"},\"primaryImageOfPage\":{\"@id\":\"https:\\\/\\\/cardamomo.com\\\/es\\\/comprar-entradas\\\/#primaryimage\"},\"image\":{\"@id\":\"https:\\\/\\\/cardamomo.com\\\/es\\\/comprar-entradas\\\/#primaryimage\"},\"thumbnailUrl\":\"https:\\\/\\\/cardamomo.ams3.digitaloceanspaces.com\\\/wp-content\\\/uploads\\\/2025\\\/04\\\/07115829\\\/image.png\",\"datePublished\":\"2025-12-11T09:42:37+00:00\",\"dateModified\":\"2026-01-21T09:11:51+00:00\",\"description\":\"Reserva tus tickets de flamenco en Cardamomo Madrid. Compra tus entradas online con garant\u00eda oficial y vive una experiencia \u00fanica de flamenco.\",\"breadcrumb\":{\"@id\":\"https:\\\/\\\/cardamomo.com\\\/es\\\/comprar-entradas\\\/#breadcrumb\"},\"inLanguage\":\"es\",\"potentialAction\":[{\"@type\":\"ReadAction\",\"target\":[[\"https:\\\/\\\/cardamomo.com\\\/es\\\/comprar-entradas\\\/\"]]}]},{\"@type\":\"ImageObject\",\"inLanguage\":\"es\",\"@id\":\"https:\\\/\\\/cardamomo.com\\\/es\\\/comprar-entradas\\\/#primaryimage\",\"url\":\"https:\\\/\\\/cardamomo.ams3.digitaloceanspaces.com\\\/wp-content\\\/uploads\\\/2025\\\/04\\\/07115829\\\/image.png\",\"contentUrl\":\"https:\\\/\\\/cardamomo.ams3.digitaloceanspaces.com\\\/wp-content\\\/uploads\\\/2025\\\/04\\\/07115829\\\/image.png\",\"width\":1716,\"height\":1134},{\"@type\":\"BreadcrumbList\",\"@id\":\"https:\\\/\\\/cardamomo.com\\\/es\\\/comprar-entradas\\\/#breadcrumb\",\"itemListElement\":[{\"@type\":\"ListItem\",\"position\":1,\"name\":\"Cardamomo\",\"item\":\"https:\\\/\\\/cardamomo.com\\\/es\\\/\"},{\"@type\":\"ListItem\",\"position\":2,\"name\":\"Comprar Entradas Flamenco\"}]},{\"@type\":\"WebSite\",\"@id\":\"https:\\\/\\\/cardamomo.com\\\/es\\\/#website\",\"url\":\"https:\\\/\\\/cardamomo.com\\\/es\\\/\",\"name\":\"Cardamomo Flamenco Madrid\",\"description\":\"\",\"potentialAction\":[{\"@type\":\"SearchAction\",\"target\":{\"@type\":\"EntryPoint\",\"urlTemplate\":\"https:\\\/\\\/cardamomo.com\\\/es\\\/?s={search_term_string}\"},\"query-input\":{\"@type\":\"PropertyValueSpecification\",\"valueRequired\":true,\"valueName\":\"search_term_string\"}}],\"inLanguage\":\"es\"}]}<\/script>\n<!-- \/ Yoast SEO plugin. -->","yoast_head_json":{"title":"Entradas Tablao Flamenco en Madrid | Cardamomo","description":"Reserva tus tickets de flamenco en Cardamomo Madrid. Compra tus entradas online con garant\u00eda oficial y vive una experiencia \u00fanica de flamenco.","robots":{"index":"index","follow":"follow","max-snippet":"max-snippet:-1","max-image-preview":"max-image-preview:large","max-video-preview":"max-video-preview:-1"},"canonical":"\/","og_locale":"es_ES","og_type":"article","og_title":"Entradas Tablao Flamenco en Madrid | Cardamomo","og_description":"Reserva tus tickets de flamenco en Cardamomo Madrid. Compra tus entradas online con garant\u00eda oficial y vive una experiencia \u00fanica de flamenco.","og_url":"https:\/\/cardamomo.com\/es\/comprar-entradas\/","og_site_name":"Cardamomo Flamenco Madrid","article_modified_time":"2026-01-21T09:11:51+00:00","og_image":[{"width":1024,"height":677,"url":"https:\/\/cardamomo.ams3.digitaloceanspaces.com\/wp-content\/uploads\/2025\/04\/07115829\/image-1024x677.png","type":"image\/png"}],"twitter_card":"summary_large_image","twitter_misc":{"Tiempo de lectura":"1 minuto"},"schema":{"@context":"https:\/\/schema.org","@graph":[{"@type":"WebPage","@id":"https:\/\/cardamomo.com\/es\/comprar-entradas\/","url":"https:\/\/cardamomo.com\/es\/comprar-entradas\/","name":"Entradas Tablao Flamenco en Madrid | Cardamomo","isPartOf":{"@id":"https:\/\/cardamomo.com\/es\/#website"},"primaryImageOfPage":{"@id":"https:\/\/cardamomo.com\/es\/comprar-entradas\/#primaryimage"},"image":{"@id":"https:\/\/cardamomo.com\/es\/comprar-entradas\/#primaryimage"},"thumbnailUrl":"https:\/\/cardamomo.ams3.digitaloceanspaces.com\/wp-content\/uploads\/2025\/04\/07115829\/image.png","datePublished":"2025-12-11T09:42:37+00:00","dateModified":"2026-01-21T09:11:51+00:00","description":"Reserva tus tickets de flamenco en Cardamomo Madrid. Compra tus entradas online con garant\u00eda oficial y vive una experiencia \u00fanica de flamenco.","breadcrumb":{"@id":"https:\/\/cardamomo.com\/es\/comprar-entradas\/#breadcrumb"},"inLanguage":"es","potentialAction":[{"@type":"ReadAction","target":[["https:\/\/cardamomo.com\/es\/comprar-entradas\/"]]}]},{"@type":"ImageObject","inLanguage":"es","@id":"https:\/\/cardamomo.com\/es\/comprar-entradas\/#primaryimage","url":"https:\/\/cardamomo.ams3.digitaloceanspaces.com\/wp-content\/uploads\/2025\/04\/07115829\/image.png","contentUrl":"https:\/\/cardamomo.ams3.digitaloceanspaces.com\/wp-content\/uploads\/2025\/04\/07115829\/image.png","width":1716,"height":1134},{"@type":"BreadcrumbList","@id":"https:\/\/cardamomo.com\/es\/comprar-entradas\/#breadcrumb","itemListElement":[{"@type":"ListItem","position":1,"name":"Cardamomo","item":"https:\/\/cardamomo.com\/es\/"},{"@type":"ListItem","position":2,"name":"Comprar Entradas Flamenco"}]},{"@type":"WebSite","@id":"https:\/\/cardamomo.com\/es\/#website","url":"https:\/\/cardamomo.com\/es\/","name":"Cardamomo Flamenco Madrid","description":"","potentialAction":[{"@type":"SearchAction","target":{"@type":"EntryPoint","urlTemplate":"https:\/\/cardamomo.com\/es\/?s={search_term_string}"},"query-input":{"@type":"PropertyValueSpecification","valueRequired":true,"valueName":"search_term_string"}}],"inLanguage":"es"}]}},"_links":{"self":[{"href":"https:\/\/cardamomo.com\/es\/wp-json\/wp\/v2\/pages\/158081","targetHints":{"allow":["GET"]}}],"collection":[{"href":"https:\/\/cardamomo.com\/es\/wp-json\/wp\/v2\/pages"}],"about":[{"href":"https:\/\/cardamomo.com\/es\/wp-json\/wp\/v2\/types\/page"}],"author":[{"embeddable":true,"href":"https:\/\/cardamomo.com\/es\/wp-json\/wp\/v2\/users\/1"}],"replies":[{"embeddable":true,"href":"https:\/\/cardamomo.com\/es\/wp-json\/wp\/v2\/comments?post=158081"}],"version-history":[{"count":41,"href":"https:\/\/cardamomo.com\/es\/wp-json\/wp\/v2\/pages\/158081\/revisions"}],"predecessor-version":[{"id":158474,"href":"https:\/\/cardamomo.com\/es\/wp-json\/wp\/v2\/pages\/158081\/revisions\/158474"}],"wp:featuredmedia":[{"embeddable":true,"href":"https:\/\/cardamomo.com\/es\/wp-json\/wp\/v2\/media\/157308"}],"wp:attachment":[{"href":"https:\/\/cardamomo.com\/es\/wp-json\/wp\/v2\/media?parent=158081"}],"curies":[{"name":"wp","href":"https:\/\/api.w.org\/{rel}","templated":true}]}}