{"id":113,"date":"2016-06-09T09:30:01","date_gmt":"2016-06-09T09:30:01","guid":{"rendered":"http:\/\/cardamomo.local\/?page_id=113"},"modified":"2026-04-10T15:31:30","modified_gmt":"2026-04-10T13:31:30","slug":"%e6%b3%95%e7%9a%84%e9%80%9a%e7%9f%a5%e3%83%bb%e3%83%97%e3%83%a9%e3%82%a4%e3%83%90%e3%82%b7%e3%83%bc%e3%83%9d%e3%83%aa%e3%82%b7%e3%83%bc","status":"publish","type":"page","link":"https:\/\/cardamomo.com\/es\/aviso-legal\/","title":{"rendered":"Aviso Legal y Pol\u00edtica de Privacidad"},"content":{"rendered":"<p><\/p>\n<h2>Datos identificativos<\/h2>\n<p>En cumplimiento con el art\u00edculo 10 de la Ley 34\/2002, del 11 de julio, de servicios de la Sociedad de la Informaci\u00f3n y Comercio Electr\u00f3nico (LSSICE), los datos identificativos de la empresa titular de www.cardamomo.com, Proyectos Cincohermanos S.L. (a partir de ahora \u2018Proyectos Cincohermanos\u2019) son: CIF B86842085; inscrita en el Registro Mercantil de Madrid, tomo 31546, folio 114, secci\u00f3n 8, inscripci\u00f3n 1, Hoja M-567749; con domicilio en calle Echegaray 16, 28014 de Madrid (Espa\u00f1a); tel\u00e9fono de contacto 918 051 038 y correo electr\u00f3nico: <a href=\"mailto:contacto@cardamomo.com\">contacto@cardamomo.com<\/a><\/p>\n<h2>Condiciones de uso<\/h2>\n<p>El acceso y\/o uso de este portal de Internet de Proyectos Cincohermanos atribuye la condici\u00f3n de USUARIO, que acepta, desde dicho acceso y\/o uso, las Condiciones de Uso aqu\u00ed reflejadas y que ser\u00e1n de aplicaci\u00f3n independientemente de las Condiciones Generales de Contrataci\u00f3n que en su caso resulten de obligado cumplimiento.<br \/>\nwww.cardamomo.com proporciona acceso a informaciones, servicios, programas o datos (en adelante \u2018los contenidos\u2019) en Internet pertenecientes a Proyectos Cincohermanos o a terceros. El USUARIO asume la responsabilidad del uso del portal. Su responsabilidad se extiende al registro que fuese necesario para acceder a determinados servicios o contenidos. En dicho registro el USUARIO ser\u00e1 responsable de aportar informaci\u00f3n veraz y l\u00edcita. Como consecuencia de este registro, al USUARIO se le puede proporcionar una contrase\u00f1a de la que ser\u00e1 responsable, comprometi\u00e9ndose a hacer uso diligente y confidencial de la misma.<br \/>\nEl USUARIO se compromete a usar adecuadamente los contenidos y servicios que Proyectos Cincohermanos ofrece a trav\u00e9s de www.cardamomo.com y -con car\u00e1cter enunciativo, pero no limitativo- a no emplearlos para incurrir en actividades il\u00edcitas, ilegales o contrarias a la buena fe y al orden p\u00fablico.<br \/>\nProyectos Cincohermanos se reserva el derecho de retirar comentarios y aportaciones que vulneren el respeto a la dignidad de la persona, que sean discriminatorios, xen\u00f3fobos, racistas, pornogr\u00e1ficos, que atenten contra la juventud o la infancia o que, a su juicio, resulten inadecuados para su publicaci\u00f3n. En cualquier caso, Proyectos Cincohermanos no ser\u00e1 responsable de las opiniones vertidas por los usuarios a trav\u00e9s de sus foros, chats, redes sociales u otras herramientas de participaci\u00f3n.<\/p>\n<h2>Protecci\u00f3n de datos<\/h2>\n<p>Proyectos Cincohermanos se reserva el derecho de retirar comentarios y aportaciones que vulneren el respeto a la dignidad de la persona, que sean discriminatorios, xen\u00f3fobos, racistas, pornogr\u00e1ficos, que atenten contra la juventud o la infancia o que, a su juicio, resulten inadecuados para su publicaci\u00f3n. En cualquier caso, Proyectos Cincohermanos no ser\u00e1 responsable de las opiniones vertidas por los usuarios a trav\u00e9s de sus foros, chats, redes sociales u otras herramientas de participaci\u00f3n.<br \/>\nAsimismo, Proyectos Cincohermanos da cumplimiento a la Ley 34\/2002 de 11 de julio, de Servicios de la Sociedad de la Informaci\u00f3n y el Comercio Electr\u00f3nico y solicitar\u00e1 al\u00a0USUARIO su consentimiento al tratamiento de su correo electr\u00f3nico con fines comerciales.<br \/>\nEl USUARIO puede ejercer su derechos de acceso, rectificaci\u00f3n o cancelaci\u00f3n y revocaci\u00f3n en relaci\u00f3n con dichos datos, dirigiendo su solicitud a la direcci\u00f3n de Proyectos Cincohermanos.<\/p>\n<h2>Propiedad intelectual e industrial<\/h2>\n<p>Proyectos Cincohermanos, por s\u00ed o como cesionaria, es titular de todos los derechos de propiedad intelectual e industrial de www.cardamomo.com, as\u00ed como de los elementos contenidos en la misma (dise\u00f1o, textos, im\u00e1genes, v\u00eddeos, marcas y logotipos\u2026); y, en virtud de la Ley de la Propiedad Intelectual, queda prohibida su reproducci\u00f3n, distribuci\u00f3n y comunicaci\u00f3n p\u00fablica, parcial o completa, sin autorizaci\u00f3n de Proyectos Cincohermanos.<\/p>\n<h2>Exclusi\u00f3n de responsabilidad<\/h2>\n<p>Proyectos Cincohermanos no se hace responsable de los da\u00f1os y perjuicios de cualquier naturaleza que pudieran ocasionar errores u omisiones en los contenidos, falta de disponibilidad del portal o la transmisi\u00f3n de virus o programas maliciosos o lesivos en los contenidos, a pesar de haber adoptado todas las medidas tecnol\u00f3gicas necesarias para evitarlo.<\/p>\n<h2>Modificaciones<\/h2>\n<p>Proyectos Cincohermanos se reserva el derecho de efectuar sin previo aviso las modificaciones que considere oportunas, pudiendo cambiar, suprimir o a\u00f1adir contenidos y servicios prestados a trav\u00e9s de www.cardamomo.com, as\u00ed como la forma en la que estos aparezcan localizados.<\/p>\n<h2>Enlaces<\/h2>\n<p>El objetivo de los enlaces o hiperv\u00ednculos en www.cardamomo.com a otros sitios de Internet es meramente informativo. \u00c9stos no constituyen la invitaci\u00f3n o recomendaci\u00f3n de dichos sitios y proyectos. Cincohermanos S.L. no ejercer\u00e1 ning\u00fan tipo de control sobre dichos sitios o su contenido. Asimismo, no se hacen responsables del contenido de los enlaces que dependan de sitios externos independientes fuera de su control.<\/p>\n<h2>Derecho de exclusi\u00f3n<\/h2>\n<p>Proyectos Cincohermanos se reserva el derecho a denegar o retirar el acceso al portal y\/o los servicios ofrecidos sin necesidad de previo aviso, a aquellos usuarios que incumplan las presentes Condiciones Generales de Uso.<\/p>\n<h2>Generalidades<\/h2>\n<p>Proyectos Cincohermanos ejercer\u00e1 las acciones civiles y penales necesarias frente al incumplimiento de las presentes condiciones y la utilizaci\u00f3n indebida de su portal.<\/p>\n<h2>Modificaciones de las condiciones<\/h2>\n<p>Para su mejora, Grupo Cincohermanos se reserva el derecho, sin previa notificaci\u00f3n, a modificar, ampliar o suspender temporalmente la presentaci\u00f3n, configuraci\u00f3n, especificaciones t\u00e9cnicas y servicios de su sitio web. Asimismo, se reserva el derecho de modificar en cualquier momento el presente aviso legal de uso.<\/p>\n<h2>Legislaci\u00f3n aplicable y jurisdicci\u00f3n<\/h2>\n<p>La relaci\u00f3n entre Proyectos Cincohermanos y el USUARIO se regir\u00e1 por la normativa espa\u00f1ola vigente y cualquier controversia se someter\u00e1 a los juzgados y tribunales de Madrid.<\/p>","protected":false},"excerpt":{"rendered":"Datos identificativos En cumplimiento con el art\u00edculo 10 de la Ley 34\/2002, del 11 de julio, de servicios de la Sociedad de la Informaci\u00f3n y Comercio Electr\u00f3nico (LSSICE), los datos identificativos de la empresa titular de www.cardamomo.com, Proyectos Cincohermanos S.L. (a partir de ahora \u2018Proyectos Cincohermanos\u2019) son: CIF B86842085; inscrita en el Registro Mercantil de&#8230;","protected":false},"author":1,"featured_media":0,"parent":0,"menu_order":20,"comment_status":"closed","ping_status":"closed","template":"","meta":{"_acf_changed":false,"inline_featured_image":false,"footnotes":""},"class_list":["post-113","page","type-page","status-publish","hentry"],"acf":{"display":"hide","hero_intro":"","hero_heading":false,"generic_slider":null},"yoast_head":"<!-- This site is optimized with the Yoast SEO plugin v27.4 - https:\/\/yoast.com\/product\/yoast-seo-wordpress\/ -->\n<title>CardamomoTablao Flamenco | Aviso Legal y Pol\u00edtica de Privacidad<\/title>\n<meta name=\"description\" content=\"Datos y condiciones de uso de la web. Pol\u00edtica de privacidad, pol\u00edtica de devoluciones y protecci\u00f3n de datos generales.\" \/>\n<meta name=\"robots\" content=\"noindex, follow\" \/>\n<meta property=\"og:locale\" content=\"es_ES\" \/>\n<meta property=\"og:type\" content=\"article\" \/>\n<meta property=\"og:title\" content=\"CardamomoTablao Flamenco | Aviso Legal y Pol\u00edtica de Privacidad\" \/>\n<meta property=\"og:description\" content=\"Datos y condiciones de uso de la web. Pol\u00edtica de privacidad, pol\u00edtica de devoluciones y protecci\u00f3n de datos generales.\" \/>\n<meta property=\"og:url\" content=\"https:\/\/cardamomo.com\/es\/aviso-legal\/\" \/>\n<meta property=\"og:site_name\" content=\"Cardamomo Flamenco Madrid\" \/>\n<meta property=\"article:modified_time\" content=\"2026-04-10T13:31:30+00:00\" \/>\n<meta name=\"twitter:card\" content=\"summary_large_image\" \/>\n<meta name=\"twitter:label1\" content=\"Tiempo de lectura\" \/>\n\t<meta name=\"twitter:data1\" content=\"4 minutos\" \/>\n<script type=\"application\/ld+json\" class=\"yoast-schema-graph\">{\"@context\":\"https:\\\/\\\/schema.org\",\"@graph\":[{\"@type\":\"WebPage\",\"@id\":\"https:\\\/\\\/cardamomo.com\\\/es\\\/aviso-legal\\\/\",\"url\":\"https:\\\/\\\/cardamomo.com\\\/es\\\/aviso-legal\\\/\",\"name\":\"CardamomoTablao Flamenco | Aviso Legal y Pol\u00edtica de Privacidad\",\"isPartOf\":{\"@id\":\"https:\\\/\\\/cardamomo.com\\\/es\\\/#website\"},\"datePublished\":\"2016-06-09T09:30:01+00:00\",\"dateModified\":\"2026-04-10T13:31:30+00:00\",\"description\":\"Datos y condiciones de uso de la web. Pol\u00edtica de privacidad, pol\u00edtica de devoluciones y protecci\u00f3n de datos generales.\",\"breadcrumb\":{\"@id\":\"https:\\\/\\\/cardamomo.com\\\/es\\\/aviso-legal\\\/#breadcrumb\"},\"inLanguage\":\"es\",\"potentialAction\":[{\"@type\":\"ReadAction\",\"target\":[[\"https:\\\/\\\/cardamomo.com\\\/es\\\/aviso-legal\\\/\"]]}]},{\"@type\":\"BreadcrumbList\",\"@id\":\"https:\\\/\\\/cardamomo.com\\\/es\\\/aviso-legal\\\/#breadcrumb\",\"itemListElement\":[{\"@type\":\"ListItem\",\"position\":1,\"name\":\"Cardamomo\",\"item\":\"https:\\\/\\\/cardamomo.com\\\/es\\\/\"},{\"@type\":\"ListItem\",\"position\":2,\"name\":\"Aviso Legal y Pol\u00edtica de Privacidad\"}]},{\"@type\":\"WebSite\",\"@id\":\"https:\\\/\\\/cardamomo.com\\\/es\\\/#website\",\"url\":\"https:\\\/\\\/cardamomo.com\\\/es\\\/\",\"name\":\"Cardamomo Flamenco Madrid\",\"description\":\"\",\"potentialAction\":[{\"@type\":\"SearchAction\",\"target\":{\"@type\":\"EntryPoint\",\"urlTemplate\":\"https:\\\/\\\/cardamomo.com\\\/es\\\/?s={search_term_string}\"},\"query-input\":{\"@type\":\"PropertyValueSpecification\",\"valueRequired\":true,\"valueName\":\"search_term_string\"}}],\"inLanguage\":\"es\"}]}<\/script>\n<!-- \/ Yoast SEO plugin. -->","yoast_head_json":{"title":"CardamomoTablao Flamenco | Aviso Legal y Pol\u00edtica de Privacidad","description":"Datos y condiciones de uso de la web. Pol\u00edtica de privacidad, pol\u00edtica de devoluciones y protecci\u00f3n de datos generales.","robots":{"index":"noindex","follow":"follow"},"og_locale":"es_ES","og_type":"article","og_title":"CardamomoTablao Flamenco | Aviso Legal y Pol\u00edtica de Privacidad","og_description":"Datos y condiciones de uso de la web. Pol\u00edtica de privacidad, pol\u00edtica de devoluciones y protecci\u00f3n de datos generales.","og_url":"https:\/\/cardamomo.com\/es\/aviso-legal\/","og_site_name":"Cardamomo Flamenco Madrid","article_modified_time":"2026-04-10T13:31:30+00:00","twitter_card":"summary_large_image","twitter_misc":{"Tiempo de lectura":"4 minutos"},"schema":{"@context":"https:\/\/schema.org","@graph":[{"@type":"WebPage","@id":"https:\/\/cardamomo.com\/es\/aviso-legal\/","url":"https:\/\/cardamomo.com\/es\/aviso-legal\/","name":"CardamomoTablao Flamenco | Aviso Legal y Pol\u00edtica de Privacidad","isPartOf":{"@id":"https:\/\/cardamomo.com\/es\/#website"},"datePublished":"2016-06-09T09:30:01+00:00","dateModified":"2026-04-10T13:31:30+00:00","description":"Datos y condiciones de uso de la web. Pol\u00edtica de privacidad, pol\u00edtica de devoluciones y protecci\u00f3n de datos generales.","breadcrumb":{"@id":"https:\/\/cardamomo.com\/es\/aviso-legal\/#breadcrumb"},"inLanguage":"es","potentialAction":[{"@type":"ReadAction","target":[["https:\/\/cardamomo.com\/es\/aviso-legal\/"]]}]},{"@type":"BreadcrumbList","@id":"https:\/\/cardamomo.com\/es\/aviso-legal\/#breadcrumb","itemListElement":[{"@type":"ListItem","position":1,"name":"Cardamomo","item":"https:\/\/cardamomo.com\/es\/"},{"@type":"ListItem","position":2,"name":"Aviso Legal y Pol\u00edtica de Privacidad"}]},{"@type":"WebSite","@id":"https:\/\/cardamomo.com\/es\/#website","url":"https:\/\/cardamomo.com\/es\/","name":"Cardamomo Flamenco Madrid","description":"","potentialAction":[{"@type":"SearchAction","target":{"@type":"EntryPoint","urlTemplate":"https:\/\/cardamomo.com\/es\/?s={search_term_string}"},"query-input":{"@type":"PropertyValueSpecification","valueRequired":true,"valueName":"search_term_string"}}],"inLanguage":"es"}]}},"_links":{"self":[{"href":"https:\/\/cardamomo.com\/es\/wp-json\/wp\/v2\/pages\/113","targetHints":{"allow":["GET"]}}],"collection":[{"href":"https:\/\/cardamomo.com\/es\/wp-json\/wp\/v2\/pages"}],"about":[{"href":"https:\/\/cardamomo.com\/es\/wp-json\/wp\/v2\/types\/page"}],"author":[{"embeddable":true,"href":"https:\/\/cardamomo.com\/es\/wp-json\/wp\/v2\/users\/1"}],"replies":[{"embeddable":true,"href":"https:\/\/cardamomo.com\/es\/wp-json\/wp\/v2\/comments?post=113"}],"version-history":[{"count":2,"href":"https:\/\/cardamomo.com\/es\/wp-json\/wp\/v2\/pages\/113\/revisions"}],"predecessor-version":[{"id":158876,"href":"https:\/\/cardamomo.com\/es\/wp-json\/wp\/v2\/pages\/113\/revisions\/158876"}],"wp:attachment":[{"href":"https:\/\/cardamomo.com\/es\/wp-json\/wp\/v2\/media?parent=113"}],"curies":[{"name":"wp","href":"https:\/\/api.w.org\/{rel}","templated":true}]}}