{"id":64328,"date":"2019-07-30T16:12:16","date_gmt":"2019-07-30T14:12:16","guid":{"rendered":"https:\/\/cardamomo.com\/es\/?page_id=64328"},"modified":"2025-02-04T16:59:57","modified_gmt":"2025-02-04T16:59:57","slug":"flamenco-madrid-2","status":"publish","type":"page","link":"https:\/\/cardamomo.com\/en\/flamenco-madrid-2\/","title":{"rendered":"Flamenco Madrid"},"content":{"rendered":"<p><\/p>\n<section id=\"home-header\" class=\"header-image\" style=\"background-image: url('https:\/\/cardamomo.com\/wp-content\/uploads\/2019\/07\/p1023513-1.jpg');\">\n<div class=\"container-fluid\">\n<div class=\"row\">\n<div class=\"col-md-3 header-text col-md-offset-2 offset-md-1\" align=\"left\">\n<h1>Enjoy the real flamenco<br \/>\n<span class=\"h-second\">in Madrid<\/span><\/h1>\n<hr style=\"border: 2px solid #FE2D12; width: 150px; text-align: left; margin-top: -15px;\" align=\"left\" \/>\n<p style=\"color: #fff;\">Immerse yourself in Madrid Flamenco and live an authentic show full of passion, music, feeling and great artists. In cardamomo we have created the Flamenco shows that are recognized worldwide. If you think of Flamenco, Madrid and show, you think of cardamom.<\/p>\n<p><a href=\"#contact-section\"><br \/>\n<button id=\"Header-More-Info\" class=\"btn01\" title=\"Buy flamenco tickets\">Buy Tickets now<\/button><br \/>\n<\/a><\/p>\n<\/div>\n<\/div>\n<\/div>\n<\/section>\n<section id=\"3-circles\" class=\"container circles-3\">\n<div class=\"row\">\n<div class=\"col-md-4\" align=\"center\">\n<div class=\"circulo\" style=\"padding-left: 20px;\" align=\"center\"><img decoding=\"async\" src=\"https:\/\/cardamomo.com\/wp-content\/uploads\/2019\/06\/bailaora-flamenco-madrid.png\" alt=\"Encontrar un show flamenco madrid barato de calidad. Bailaoras Flamenco.\" \/><\/div>\n<h2>Flamenco, Madrid<br \/>\npasi\u00f3n y arte<\/h2>\n<p>En Cardamomo queremos que vivas el Madrid Flamenco con todo detalle, por eso hemos creado una propuesta \u00fanica en nuestro show.<\/p>\n<p>Gracias a esto somos el tablao flamenco mejor valorado en Madrid<\/p>\n<\/div>\n<div class=\"col-md-4\" align=\"center\">\n<div class=\"circulo\" style=\"padding: 40px; padding-left: 50px;\" align=\"center\"><img decoding=\"async\" src=\"https:\/\/cardamomo.com\/wp-content\/uploads\/2019\/06\/cast-flamenco-madrid.png\" alt=\"Flamenco Show in Madrid. Tablao Flamenco Madrid. Flamenca dress in Madrid\" \/><\/div>\n<h2>M\u00fasica y flamenco<br \/>\nen vivo<\/h2>\n<p>Durante nuestro show escuchar\u00e1s el sonido de los inconfundibles instrumentos cl\u00e1sicos de la m\u00fasica tradicional flamenca.<\/p>\n<p>Toda la m\u00fasica es interpretada en directo por nuestros artistas flamencos<\/p>\n<\/div>\n<div class=\"col-md-4\" align=\"center\">\n<div class=\"circulo\" style=\"padding: 30px;\" align=\"center\"><img decoding=\"async\" src=\"https:\/\/cardamomo.com\/wp-content\/uploads\/2019\/06\/flamenco-madrid-abanico.png\" alt=\"Flamenco Show in Madrid. Tablao Flamenco Madrid. Flamenca dress in Madrid\" \/><\/div>\n<h2>Trajes, vestidos y mantos t\u00edpicos<\/h2>\n<p>Nuestros artistas llevar\u00e1n durante el espect\u00e1culo las vestimentas t\u00edpicas de la m\u00fasica flamenca, como el traje o el manto.<\/p>\n<p>Mantones de manila, de flecos, trajes de flamenca, abanicos, peinetas, &#8230;<\/p>\n<\/div>\n<\/div>\n<\/section>\n<section id=\"cta01\" class=\"cta\">\n<div class=\"container\">\n<div class=\"row\">\n<div class=\"col-md-10\">\n<p>Reserva tus entradas<\/p>\n<\/div>\n<div class=\"col-md-2\" style=\"padding-top: 5px;\"><a id=\"CTA-ComprarEntradas\" class=\"btn02\" title=\"C\u00f3mo llegar a Cardamomo flamenco Madrid\" href=\"https:\/\/cardamomo.com\/es\/comprar-entradas-flamenco\/\">Reservar<\/a><\/div>\n<\/div>\n<\/div>\n<\/section>\n<section id=\"video-section\" class=\"img-section\" style=\"background-image: url('https:\/\/cardamomo.com\/wp-content\/uploads\/2019\/06\/diseno-sin-titulo.jpg');\">\n<div class=\"row\">\n<div class=\"col-md-4 col-md-offset-2\">\n<h2 class=\"title-body\">Vive la experiencia<br \/>\n<span class=\"fat-title\">flamenco Madrid<\/span><\/h2>\n<hr style=\"border: 2px solid #FE2D12; width: 150px; text-align: left; margin-top: -5px;\" align=\"left\" \/>\n<p>Las actuaciones en vivo de flamenco est\u00e1n compuestas por varios elementos, siendo los principales la guitarra, el baile y el cante. En un principio, la guitarra fue concebida como acompa\u00f1ante al baile y al cante, pero cada vez m\u00e1s ha ido tomando protagonismo hasta hacerse imprescindible en todos los buenos espect\u00e1culos flamencos.<\/p>\n<p>Todos los instrumentos confluyen formando un conjunto \u00fanico en cada actuaci\u00f3n.<\/p>\n<p>Por eso el Flamenco est\u00e1 vivo, porque nunca se repite como un patr\u00f3n. Mantiene su esencia y pureza mediante formas y colores infinitos.<\/p>\n<p>Este tipo de actuaciones han ido evolucionando a lo largo de los siglos, manteniendo la pureza flamenca. Generan una conexi\u00f3n \u00fanica entre los artistas y el p\u00fablico.<\/p>\n<p>El Flamenco es un lenguaje universal que no entiende de procedencias y g\u00e9neros.<\/p>\n<p>En cardamomo hemos creado un espect\u00e1culo de pasi\u00f3n y sentimiento que te har\u00e1 vivir y experimentar toda la cultura flamenca que hay en nuestro pa\u00eds. Flamenco, Madrid y Cardamomo, la mejor combinaci\u00f3n para disfrutar del arte que hace vibrar a todo aquel que lo escucha.<\/p>\n<p><a href=\"https:\/\/cardamomo.com\/es\/comprar-entradas-flamenco\/\"><br \/>\n<button id=\"CardamomoFlamenco-ComprarEntradas\" class=\"btn01\">Comprar entradas<\/button><br \/>\n<\/a><\/p>\n<\/div>\n<div class=\"col-md-6 full-img-container\"><img decoding=\"async\" src=\"https:\/\/cardamomo.com\/wp-content\/uploads\/2019\/06\/ni.png\" alt=\"Cardamomo Madrid. Comprar entradas Cardamomo Tablao Flamenco. Estpect\u00e1culo Flamenco en Madrid Cardamomo Tablao Flamenco.\" \/><\/div>\n<\/div>\n<\/section>\n<section id=\"Gallery\" class=\"gallery-section\">\n<h2 class=\"title-body\" style=\"text-align: center;\">Nuestro <span class=\"fat-title\">espacio flamenco<\/span><\/h2>\n<hr style=\"border: 2px solid #FE2D12; width: 150px; text-align: left;\" align=\"center\" \/>\n<p>&nbsp;<\/p>\n<div class=\"row\">\n<div class=\"col-md-3 img-box\" style=\"background-image: url('https:\/\/cardamomo.com\/wp-content\/uploads\/2019\/07\/dsc8497.jpg');\"><img decoding=\"async\" src=\"https:\/\/cardamomo.com\/wp-content\/uploads\/2019\/06\/ni.png\" alt=\"Cardamomo Tablao Flamenco. Show Flamenco en Madrid. Flamenco en Madrid\" \/><\/div>\n<div class=\"col-md-3 img-box\" style=\"background-image: url('https:\/\/cardamomo.com\/wp-content\/uploads\/2019\/07\/p1023212.jpg'); background-position: right;\"><img decoding=\"async\" src=\"https:\/\/cardamomo.com\/wp-content\/uploads\/2019\/06\/ni.png\" alt=\"Cardamomo Tablao Flamenco. Cosas que hacer en la ciudad. Qu\u00e9 ver en Madrid\" \/><\/div>\n<div class=\"col-md-3 img-box\" style=\"background-image: url('https:\/\/cardamomo.ams3.digitaloceanspaces.com\/wp-content\/uploads\/2018\/10\/15113946\/013_loc_carda_.jpg');\"><img decoding=\"async\" src=\"https:\/\/cardamomo.com\/wp-content\/uploads\/2019\/06\/ni.png\" alt=\"Cardamomo Flamenco en Madrid. Ver Flamenco en Madrid. Flamenco cerca de mi\" \/><\/div>\n<div class=\"col-md-3 img-box\" style=\"background-image: url('https:\/\/cardamomo.com\/wp-content\/uploads\/2016\/09\/dsc_1483-copia-1.jpg');\"><img decoding=\"async\" src=\"https:\/\/cardamomo.com\/wp-content\/uploads\/2019\/06\/ni.png\" alt=\"Cosas que hacer cerca. Show Flamenco cerca de mi. Cardamomo flamenco madrid.\" \/><\/div>\n<\/div>\n<\/section>\n<section id=\"contact-section\" class=\"contact-section container\">\n<div class=\"row\">\n<div class=\"col-md-6\">\n<h2 class=\"title-body\">25 aniversario<br \/>\n<span class=\"fat-title\">Cardamomo Madrid<\/span><\/h2>\n<hr style=\"border: 2px solid #FE2D12; width: 150px; text-align: left; margin-top: -7px;\" align=\"left\" \/>\n<p>&nbsp;<\/p>\n<div class=\"contact-info\">\n<p>Coincidiendo con el D\u00eda Internacional del Flamenco, el pr\u00f3ximo 16 de noviembre Cardamomo celebra los veinticinco a\u00f1os dedicados al arte flamenco (1994-2019).<\/p>\n<p>Para celebrar este gran acontecimiento el equipo de Cardamomo ha impulsado la creaci\u00f3n de LAS BECAS CARDAMOMO.<\/p>\n<p>Una iniciativa que tiene como objetivo ayudar a la formaci\u00f3n de futuros artistas del arte flamenco, as\u00ed como la creaci\u00f3n de nuevos aficionados, favoreciendo el desarrollo de la cultura flamenca.<\/p>\n<\/div>\n<\/div>\n<div class=\"col-md-6 video-container\"><iframe loading=\"lazy\" src=\"https:\/\/www.youtube-nocookie.com\/embed\/WgmmFl8zxQQ?controls=0\" width=\"100%\" height=\"315\" frameborder=\"0\" allowfullscreen=\"allowfullscreen\"><\/iframe><\/div>\n<\/div>\n<\/section>\n<section id=\"cta01\" class=\"cta\">\n<div class=\"container\">\n<div class=\"row\">\n<div class=\"col-md-10\">\n<p>Ll\u00e1manos ahora<\/p>\n<\/div>\n<div class=\"col-md-2\" style=\"padding-top: 5px;\"><a id=\"CTA-CallUs\" class=\"btn02\" href=\"tel:+34918051038\">918051038<\/a><\/div>\n<\/div>\n<\/div>\n<\/section>\n<section id=\"contact-section\" class=\"map-section\">\n<div class=\"row\">\n<div class=\"col-md-4 col-md-offset-2\">\n<h2 class=\"title-body\">Vive el aut\u00e9ntico<br \/>\n<span class=\"fat-title\">flamenco madrid<\/span><\/h2>\n<hr style=\"border: 2px solid #FE2D12; width: 150px; text-align: left; margin-top: -7px;\" align=\"left\" \/>\n<p>&nbsp;<\/p>\n<div class=\"contact-info\">Si te preguntas c\u00f3mo llegar a Cardamomo Flamenco Madrid; estamos en la calle Echegaray n\u00famero 15, junto a la puerta del sol, a escasos 3 minutos andando. Si tienes cualquier duda sobre c\u00f3mo llegar a Cardamomo, puedes ponerte en contacto con nosotros, estaremos encantados de ayudarte a saber c\u00f3mo llegar o resolver todas tus dudas.<\/p>\n<ul>\n<li><strong>@ <\/strong><a href=\"mailto:reservas@cardamomo.com\">reservas@cardamomo.com<\/a><\/li>\n<li><strong>tel. <\/strong><a href=\"tel:+34912345678\">912345678<\/a><\/li>\n<li><strong>Dir. <\/strong>C\/ Echegaray, 15<br \/>\n28014, Madrid<\/li>\n<\/ul>\n<p><strong>Recomendados en:<\/strong><br \/>\n<img decoding=\"async\" src=\"https:\/\/pro.cardamomo.com\/wp-content\/uploads\/2016\/09\/new-york-times-logo-8.jpg\" alt=\"Cardamomo el Show Flamenco recomendado en el New York Times\" width=\"200px\" \/><br \/>\n<a title=\"Cardamomo Tablao Flamenco en el Pa\u00eds\" href=\"https:\/\/elpais.com\/ccaa\/2013\/08\/08\/madrid\/1375984422_226027.html\">Ver recomendaci\u00f3n de Cardamomo en El Pa\u00eds<\/a><\/p>\n<\/div>\n<\/div>\n<div class=\"col-md-6\"><iframe loading=\"lazy\" style=\"border: 0;\" src=\"https:\/\/www.google.com\/maps\/embed?pb=!1m18!1m12!1m3!1d3037.7017702664216!2d-3.7017176842403816!3d40.415457063640105!2m3!1f0!2f0!3f0!3m2!1i1024!2i768!4f13.1!3m3!1m2!1s0xd42288108cfcdc5%3A0x5b960689e6c07c13!2sCardamomo+Tablao+Flamenco!5e0!3m2!1ses!2ses!4v1559724588309!5m2!1ses!2ses\" width=\"100%\" height=\"650\" frameborder=\"0\" allowfullscreen=\"allowfullscreen\"><\/iframe><\/div>\n<\/div>\n<\/section>\n<p><\/p>","protected":false},"excerpt":{"rendered":"Enjoy the real flamenco in Madrid Immerse yourself in Madrid Flamenco and live an authentic show full of passion, music, feeling and great artists. In cardamomo we have created the Flamenco shows that are recognized worldwide. If you think of Flamenco, Madrid and show, you think of cardamom. Buy Tickets now Flamenco, Madrid pasi\u00f3n y&#8230;","protected":false},"author":1,"featured_media":0,"parent":0,"menu_order":30,"comment_status":"closed","ping_status":"closed","template":"","meta":{"_acf_changed":false,"inline_featured_image":false,"footnotes":""},"class_list":["post-64328","page","type-page","status-publish","hentry"],"acf":{"display":"hide","hero_intro":"","hero_heading":false,"generic_slider":null},"yoast_head":"<!-- This site is optimized with the Yoast SEO plugin v27.3 - https:\/\/yoast.com\/product\/yoast-seo-wordpress\/ -->\n<title>Flamenco Madrid Cardamomo | Aut\u00e9ntico Flamenco<\/title>\n<meta name=\"description\" content=\"Aut\u00e9ntico Flamenco Madrid para todos los p\u00fablicos. Cardamomo es el tablao flamenco mejor valorado de la capital. A 5 minutos de la puerta del sol.\" \/>\n<meta name=\"robots\" content=\"index, follow, max-snippet:-1, max-image-preview:large, max-video-preview:-1\" \/>\n<link rel=\"canonical\" href=\"\/\" \/>\n<meta property=\"og:locale\" content=\"en_US\" \/>\n<meta property=\"og:type\" content=\"article\" \/>\n<meta property=\"og:title\" content=\"Flamenco Madrid Cardamomo | Aut\u00e9ntico Flamenco\" \/>\n<meta property=\"og:description\" content=\"Aut\u00e9ntico Flamenco Madrid para todos los p\u00fablicos. Cardamomo es el tablao flamenco mejor valorado de la capital. A 5 minutos de la puerta del sol.\" \/>\n<meta property=\"og:url\" content=\"https:\/\/cardamomo.com\/en\/flamenco-madrid-2\/\" \/>\n<meta property=\"og:site_name\" content=\"Cardamomo Flamenco Madrid\" \/>\n<meta property=\"article:modified_time\" content=\"2025-02-04T16:59:57+00:00\" \/>\n<meta property=\"og:image\" content=\"https:\/\/cardamomo.com\/wp-content\/uploads\/2019\/06\/bailaora-flamenco-madrid.png\" \/>\n<meta name=\"twitter:card\" content=\"summary_large_image\" \/>\n<meta name=\"twitter:label1\" content=\"Est. reading time\" \/>\n\t<meta name=\"twitter:data1\" content=\"5 minutes\" \/>\n<script type=\"application\/ld+json\" class=\"yoast-schema-graph\">{\"@context\":\"https:\\\/\\\/schema.org\",\"@graph\":[{\"@type\":\"WebPage\",\"@id\":\"https:\\\/\\\/cardamomo.com\\\/en\\\/flamenco-madrid-2\\\/\",\"url\":\"https:\\\/\\\/cardamomo.com\\\/en\\\/flamenco-madrid-2\\\/\",\"name\":\"Flamenco Madrid Cardamomo | Aut\u00e9ntico Flamenco\",\"isPartOf\":{\"@id\":\"https:\\\/\\\/cardamomo.com\\\/en\\\/#website\"},\"primaryImageOfPage\":{\"@id\":\"https:\\\/\\\/cardamomo.com\\\/en\\\/flamenco-madrid-2\\\/#primaryimage\"},\"image\":{\"@id\":\"https:\\\/\\\/cardamomo.com\\\/es\\\/flamenco-madrid-2\\\/#primaryimage\"},\"thumbnailUrl\":\"https:\\\/\\\/cardamomo.com\\\/wp-content\\\/uploads\\\/2019\\\/06\\\/bailaora-flamenco-madrid.png\",\"datePublished\":\"2019-07-30T14:12:16+00:00\",\"dateModified\":\"2025-02-04T16:59:57+00:00\",\"description\":\"Aut\u00e9ntico Flamenco Madrid para todos los p\u00fablicos. Cardamomo es el tablao flamenco mejor valorado de la capital. A 5 minutos de la puerta del sol.\",\"breadcrumb\":{\"@id\":\"https:\\\/\\\/cardamomo.com\\\/en\\\/flamenco-madrid-2\\\/#breadcrumb\"},\"inLanguage\":\"en-US\",\"potentialAction\":[{\"@type\":\"ReadAction\",\"target\":[[\"https:\\\/\\\/cardamomo.com\\\/en\\\/flamenco-madrid-2\\\/\"]]}]},{\"@type\":\"ImageObject\",\"inLanguage\":\"en-US\",\"@id\":\"https:\\\/\\\/cardamomo.com\\\/en\\\/flamenco-madrid-2\\\/#primaryimage\",\"url\":\"https:\\\/\\\/cardamomo.com\\\/wp-content\\\/uploads\\\/2019\\\/06\\\/bailaora-flamenco-madrid.png\",\"contentUrl\":\"https:\\\/\\\/cardamomo.com\\\/wp-content\\\/uploads\\\/2019\\\/06\\\/bailaora-flamenco-madrid.png\"},{\"@type\":\"BreadcrumbList\",\"@id\":\"https:\\\/\\\/cardamomo.com\\\/en\\\/flamenco-madrid-2\\\/#breadcrumb\",\"itemListElement\":[{\"@type\":\"ListItem\",\"position\":1,\"name\":\"Cardamomo\",\"item\":\"https:\\\/\\\/cardamomo.com\\\/en\\\/\"},{\"@type\":\"ListItem\",\"position\":2,\"name\":\"Flamenco Madrid\"}]},{\"@type\":\"WebSite\",\"@id\":\"https:\\\/\\\/cardamomo.com\\\/en\\\/#website\",\"url\":\"https:\\\/\\\/cardamomo.com\\\/en\\\/\",\"name\":\"Cardamomo Flamenco Madrid\",\"description\":\"\",\"potentialAction\":[{\"@type\":\"SearchAction\",\"target\":{\"@type\":\"EntryPoint\",\"urlTemplate\":\"https:\\\/\\\/cardamomo.com\\\/en\\\/?s={search_term_string}\"},\"query-input\":{\"@type\":\"PropertyValueSpecification\",\"valueRequired\":true,\"valueName\":\"search_term_string\"}}],\"inLanguage\":\"en-US\"}]}<\/script>\n<!-- \/ Yoast SEO plugin. -->","yoast_head_json":{"title":"Flamenco Madrid Cardamomo | Aut\u00e9ntico Flamenco","description":"Aut\u00e9ntico Flamenco Madrid para todos los p\u00fablicos. Cardamomo es el tablao flamenco mejor valorado de la capital. A 5 minutos de la puerta del sol.","robots":{"index":"index","follow":"follow","max-snippet":"max-snippet:-1","max-image-preview":"max-image-preview:large","max-video-preview":"max-video-preview:-1"},"canonical":"\/","og_locale":"en_US","og_type":"article","og_title":"Flamenco Madrid Cardamomo | Aut\u00e9ntico Flamenco","og_description":"Aut\u00e9ntico Flamenco Madrid para todos los p\u00fablicos. Cardamomo es el tablao flamenco mejor valorado de la capital. A 5 minutos de la puerta del sol.","og_url":"https:\/\/cardamomo.com\/en\/flamenco-madrid-2\/","og_site_name":"Cardamomo Flamenco Madrid","article_modified_time":"2025-02-04T16:59:57+00:00","og_image":[{"url":"https:\/\/cardamomo.com\/wp-content\/uploads\/2019\/06\/bailaora-flamenco-madrid.png","type":"","width":"","height":""}],"twitter_card":"summary_large_image","twitter_misc":{"Est. reading time":"5 minutes"},"schema":{"@context":"https:\/\/schema.org","@graph":[{"@type":"WebPage","@id":"https:\/\/cardamomo.com\/en\/flamenco-madrid-2\/","url":"https:\/\/cardamomo.com\/en\/flamenco-madrid-2\/","name":"Flamenco Madrid Cardamomo | Aut\u00e9ntico Flamenco","isPartOf":{"@id":"https:\/\/cardamomo.com\/en\/#website"},"primaryImageOfPage":{"@id":"https:\/\/cardamomo.com\/en\/flamenco-madrid-2\/#primaryimage"},"image":{"@id":"https:\/\/cardamomo.com\/es\/flamenco-madrid-2\/#primaryimage"},"thumbnailUrl":"https:\/\/cardamomo.com\/wp-content\/uploads\/2019\/06\/bailaora-flamenco-madrid.png","datePublished":"2019-07-30T14:12:16+00:00","dateModified":"2025-02-04T16:59:57+00:00","description":"Aut\u00e9ntico Flamenco Madrid para todos los p\u00fablicos. Cardamomo es el tablao flamenco mejor valorado de la capital. A 5 minutos de la puerta del sol.","breadcrumb":{"@id":"https:\/\/cardamomo.com\/en\/flamenco-madrid-2\/#breadcrumb"},"inLanguage":"en-US","potentialAction":[{"@type":"ReadAction","target":[["https:\/\/cardamomo.com\/en\/flamenco-madrid-2\/"]]}]},{"@type":"ImageObject","inLanguage":"en-US","@id":"https:\/\/cardamomo.com\/en\/flamenco-madrid-2\/#primaryimage","url":"https:\/\/cardamomo.com\/wp-content\/uploads\/2019\/06\/bailaora-flamenco-madrid.png","contentUrl":"https:\/\/cardamomo.com\/wp-content\/uploads\/2019\/06\/bailaora-flamenco-madrid.png"},{"@type":"BreadcrumbList","@id":"https:\/\/cardamomo.com\/en\/flamenco-madrid-2\/#breadcrumb","itemListElement":[{"@type":"ListItem","position":1,"name":"Cardamomo","item":"https:\/\/cardamomo.com\/en\/"},{"@type":"ListItem","position":2,"name":"Flamenco Madrid"}]},{"@type":"WebSite","@id":"https:\/\/cardamomo.com\/en\/#website","url":"https:\/\/cardamomo.com\/en\/","name":"Cardamomo Flamenco Madrid","description":"","potentialAction":[{"@type":"SearchAction","target":{"@type":"EntryPoint","urlTemplate":"https:\/\/cardamomo.com\/en\/?s={search_term_string}"},"query-input":{"@type":"PropertyValueSpecification","valueRequired":true,"valueName":"search_term_string"}}],"inLanguage":"en-US"}]}},"_links":{"self":[{"href":"https:\/\/cardamomo.com\/en\/wp-json\/wp\/v2\/pages\/64328","targetHints":{"allow":["GET"]}}],"collection":[{"href":"https:\/\/cardamomo.com\/en\/wp-json\/wp\/v2\/pages"}],"about":[{"href":"https:\/\/cardamomo.com\/en\/wp-json\/wp\/v2\/types\/page"}],"author":[{"embeddable":true,"href":"https:\/\/cardamomo.com\/en\/wp-json\/wp\/v2\/users\/1"}],"replies":[{"embeddable":true,"href":"https:\/\/cardamomo.com\/en\/wp-json\/wp\/v2\/comments?post=64328"}],"version-history":[{"count":1,"href":"https:\/\/cardamomo.com\/en\/wp-json\/wp\/v2\/pages\/64328\/revisions"}],"predecessor-version":[{"id":157023,"href":"https:\/\/cardamomo.com\/en\/wp-json\/wp\/v2\/pages\/64328\/revisions\/157023"}],"wp:attachment":[{"href":"https:\/\/cardamomo.com\/en\/wp-json\/wp\/v2\/media?parent=64328"}],"curies":[{"name":"wp","href":"https:\/\/api.w.org\/{rel}","templated":true}]}}