{"id":41148,"date":"2018-01-24T07:31:55","date_gmt":"2018-01-24T06:31:55","guid":{"rendered":"https:\/\/cardamomo.com\/es\/?page_id=41148"},"modified":"2025-01-23T18:43:45","modified_gmt":"2025-01-23T18:43:45","slug":"personal-no-artistico","status":"publish","type":"page","link":"https:\/\/cardamomo.com\/en\/personal-no-artistico\/","title":{"rendered":"Personal no art\u00edstico."},"content":{"rendered":"<p>Cardamomo es una empresa moderna con m\u00faltiples departamentos (comercial, administrativo, etc&#8230;). Si quieres trabajar con nosotros env\u00eda tu CV a trav\u00e9s de nuestro formulario y estudiaremos tu solicitud lo m\u00e1s brevemente posible.<\/p>\n<p>&nbsp;<\/p>\n<p><a href=\"https:\/\/cardamomo.com\/es\/proteccion-de-datos\/\">Condiciones de protecci\u00f3n de datos.<\/a><\/p>","protected":false},"excerpt":{"rendered":"Cardamomo es una empresa moderna con m\u00faltiples departamentos (comercial, administrativo, etc&#8230;). Si quieres trabajar con nosotros env\u00eda tu CV a trav\u00e9s de nuestro formulario y estudiaremos tu solicitud lo m\u00e1s brevemente posible. &nbsp; Condiciones de protecci\u00f3n de datos.","protected":false},"author":1,"featured_media":0,"parent":0,"menu_order":30,"comment_status":"closed","ping_status":"closed","template":"","meta":{"_acf_changed":false,"inline_featured_image":false,"footnotes":""},"class_list":["post-41148","page","type-page","status-publish","hentry"],"acf":{"display":"default","hero_intro":"","hero_heading":false,"generic_slider":null},"yoast_head":"<!-- This site is optimized with the Yoast SEO plugin v27.3 - https:\/\/yoast.com\/product\/yoast-seo-wordpress\/ -->\n<title>Personal no art\u00edstico. - Cardamomo Flamenco Madrid<\/title>\n<meta name=\"description\" content=\"Empleo en Cardamomo. Comerciales, camareros, personal de sala, personal de cocina, personal administrativo.\" \/>\n<meta name=\"robots\" content=\"index, follow, max-snippet:-1, max-image-preview:large, max-video-preview:-1\" \/>\n<link rel=\"canonical\" href=\"\/\" \/>\n<meta property=\"og:locale\" content=\"en_US\" \/>\n<meta property=\"og:type\" content=\"article\" \/>\n<meta property=\"og:title\" content=\"Personal no art\u00edstico. - Cardamomo Flamenco Madrid\" \/>\n<meta property=\"og:description\" content=\"Empleo en Cardamomo. Comerciales, camareros, personal de sala, personal de cocina, personal administrativo.\" \/>\n<meta property=\"og:url\" content=\"https:\/\/cardamomo.com\/en\/personal-no-artistico\/\" \/>\n<meta property=\"og:site_name\" content=\"Cardamomo Flamenco Madrid\" \/>\n<meta property=\"article:modified_time\" content=\"2025-01-23T18:43:45+00:00\" \/>\n<meta name=\"twitter:card\" content=\"summary_large_image\" \/>\n<meta name=\"twitter:label1\" content=\"Est. reading time\" \/>\n\t<meta name=\"twitter:data1\" content=\"1 minute\" \/>\n<script type=\"application\/ld+json\" class=\"yoast-schema-graph\">{\"@context\":\"https:\\\/\\\/schema.org\",\"@graph\":[{\"@type\":\"WebPage\",\"@id\":\"https:\\\/\\\/cardamomo.com\\\/en\\\/personal-no-artistico\\\/\",\"url\":\"https:\\\/\\\/cardamomo.com\\\/en\\\/personal-no-artistico\\\/\",\"name\":\"Personal no art\u00edstico. - Cardamomo Flamenco Madrid\",\"isPartOf\":{\"@id\":\"https:\\\/\\\/cardamomo.com\\\/en\\\/#website\"},\"datePublished\":\"2018-01-24T06:31:55+00:00\",\"dateModified\":\"2025-01-23T18:43:45+00:00\",\"description\":\"Empleo en Cardamomo. Comerciales, camareros, personal de sala, personal de cocina, personal administrativo.\",\"breadcrumb\":{\"@id\":\"https:\\\/\\\/cardamomo.com\\\/en\\\/personal-no-artistico\\\/#breadcrumb\"},\"inLanguage\":\"en-US\",\"potentialAction\":[{\"@type\":\"ReadAction\",\"target\":[[\"https:\\\/\\\/cardamomo.com\\\/en\\\/personal-no-artistico\\\/\"]]}]},{\"@type\":\"BreadcrumbList\",\"@id\":\"https:\\\/\\\/cardamomo.com\\\/en\\\/personal-no-artistico\\\/#breadcrumb\",\"itemListElement\":[{\"@type\":\"ListItem\",\"position\":1,\"name\":\"Cardamomo\",\"item\":\"https:\\\/\\\/cardamomo.com\\\/en\\\/\"},{\"@type\":\"ListItem\",\"position\":2,\"name\":\"Personal no art\u00edstico\"}]},{\"@type\":\"WebSite\",\"@id\":\"https:\\\/\\\/cardamomo.com\\\/en\\\/#website\",\"url\":\"https:\\\/\\\/cardamomo.com\\\/en\\\/\",\"name\":\"Cardamomo Flamenco Madrid\",\"description\":\"\",\"potentialAction\":[{\"@type\":\"SearchAction\",\"target\":{\"@type\":\"EntryPoint\",\"urlTemplate\":\"https:\\\/\\\/cardamomo.com\\\/en\\\/?s={search_term_string}\"},\"query-input\":{\"@type\":\"PropertyValueSpecification\",\"valueRequired\":true,\"valueName\":\"search_term_string\"}}],\"inLanguage\":\"en-US\"}]}<\/script>\n<!-- \/ Yoast SEO plugin. -->","yoast_head_json":{"title":"Personal no art\u00edstico. - Cardamomo Flamenco Madrid","description":"Empleo en Cardamomo. Comerciales, camareros, personal de sala, personal de cocina, personal administrativo.","robots":{"index":"index","follow":"follow","max-snippet":"max-snippet:-1","max-image-preview":"max-image-preview:large","max-video-preview":"max-video-preview:-1"},"canonical":"\/","og_locale":"en_US","og_type":"article","og_title":"Personal no art\u00edstico. - Cardamomo Flamenco Madrid","og_description":"Empleo en Cardamomo. Comerciales, camareros, personal de sala, personal de cocina, personal administrativo.","og_url":"https:\/\/cardamomo.com\/en\/personal-no-artistico\/","og_site_name":"Cardamomo Flamenco Madrid","article_modified_time":"2025-01-23T18:43:45+00:00","twitter_card":"summary_large_image","twitter_misc":{"Est. reading time":"1 minute"},"schema":{"@context":"https:\/\/schema.org","@graph":[{"@type":"WebPage","@id":"https:\/\/cardamomo.com\/en\/personal-no-artistico\/","url":"https:\/\/cardamomo.com\/en\/personal-no-artistico\/","name":"Personal no art\u00edstico. - Cardamomo Flamenco Madrid","isPartOf":{"@id":"https:\/\/cardamomo.com\/en\/#website"},"datePublished":"2018-01-24T06:31:55+00:00","dateModified":"2025-01-23T18:43:45+00:00","description":"Empleo en Cardamomo. Comerciales, camareros, personal de sala, personal de cocina, personal administrativo.","breadcrumb":{"@id":"https:\/\/cardamomo.com\/en\/personal-no-artistico\/#breadcrumb"},"inLanguage":"en-US","potentialAction":[{"@type":"ReadAction","target":[["https:\/\/cardamomo.com\/en\/personal-no-artistico\/"]]}]},{"@type":"BreadcrumbList","@id":"https:\/\/cardamomo.com\/en\/personal-no-artistico\/#breadcrumb","itemListElement":[{"@type":"ListItem","position":1,"name":"Cardamomo","item":"https:\/\/cardamomo.com\/en\/"},{"@type":"ListItem","position":2,"name":"Personal no art\u00edstico"}]},{"@type":"WebSite","@id":"https:\/\/cardamomo.com\/en\/#website","url":"https:\/\/cardamomo.com\/en\/","name":"Cardamomo Flamenco Madrid","description":"","potentialAction":[{"@type":"SearchAction","target":{"@type":"EntryPoint","urlTemplate":"https:\/\/cardamomo.com\/en\/?s={search_term_string}"},"query-input":{"@type":"PropertyValueSpecification","valueRequired":true,"valueName":"search_term_string"}}],"inLanguage":"en-US"}]}},"_links":{"self":[{"href":"https:\/\/cardamomo.com\/en\/wp-json\/wp\/v2\/pages\/41148","targetHints":{"allow":["GET"]}}],"collection":[{"href":"https:\/\/cardamomo.com\/en\/wp-json\/wp\/v2\/pages"}],"about":[{"href":"https:\/\/cardamomo.com\/en\/wp-json\/wp\/v2\/types\/page"}],"author":[{"embeddable":true,"href":"https:\/\/cardamomo.com\/en\/wp-json\/wp\/v2\/users\/1"}],"replies":[{"embeddable":true,"href":"https:\/\/cardamomo.com\/en\/wp-json\/wp\/v2\/comments?post=41148"}],"version-history":[{"count":2,"href":"https:\/\/cardamomo.com\/en\/wp-json\/wp\/v2\/pages\/41148\/revisions"}],"predecessor-version":[{"id":156697,"href":"https:\/\/cardamomo.com\/en\/wp-json\/wp\/v2\/pages\/41148\/revisions\/156697"}],"wp:attachment":[{"href":"https:\/\/cardamomo.com\/en\/wp-json\/wp\/v2\/media?parent=41148"}],"curies":[{"name":"wp","href":"https:\/\/api.w.org\/{rel}","templated":true}]}}