{"id":99,"date":"2016-06-08T15:57:34","date_gmt":"2016-06-08T13:57:34","guid":{"rendered":"http:\/\/cardamomo.local\/?page_id=99"},"modified":"2026-01-13T16:26:47","modified_gmt":"2026-01-13T15:26:47","slug":"fundacion-cardamomo","status":"publish","type":"page","link":"https:\/\/cardamomo.com\/de\/die-stiftung-cardamomo\/","title":{"rendered":"Cardamomo Stiftung"},"content":{"rendered":"<p><\/p>\n<h2>F\u00dcR DIE VERBREITUNG DER FLAMENCO-KUNST<\/h2>\n<p>Die Cardamomo-Stiftung wurde ins Leben gerufen, um die Kunst des Flamenco allen Interessierten unabh\u00e4ngig von Alter und Herkunft n\u00e4her zu bringen. Es ist eine St\u00e4tte der Begegnung, des Kennenlernens und der Erfahrung, in der bekannte K\u00fcnstler und Kinder, die es auch einmal werden m\u00f6chten, Gelegenheit haben, sich \u00fcber ihr heutiges Wirken auszutauschen und Motivation f\u00fcr die zuk\u00fcnftige K\u00fcnstlerlaufbahn sch\u00f6pfen k\u00f6nnen.<br \/>\nIn ihrem Bestreben, die Begeisterung der Allerj\u00fcngsten zu entfachen, hat die Stiftung im Oktober 2013 die erste Ausgabe des Projekts \u201aDer Flamenco ist auch eine Sache der Kinder\u2019 mit dem Ziel gestartet, dieses durch die UNESCO anerkannte \u201aImmaterielle Weltkulturerbe\u2019 in die Schulen zu tragen.<\/p>\n<h3>Wir bringen den Flamenco einem Publikum aller Altersgruppen n\u00e4her<\/h3>\n<p>In jeder der 4 Veranstaltungen mit dem Thema \u201aDer Flamenco ist auch eine Sache der Kinder\u2019 steht Zusammenspiel und Ausdruck des Flamenco bei den K\u00fcnstlern zwischen 2 und 16 Jahren in Begleitung von Erwachsenen im Vordergrund.<br \/>\nUm in die theoretischen und praktischen Konzepte einzutauchen und einem m\u00f6glichen \u201aLampenfieber\u2019 vorzubeugen, wurde das Programm so entwickelt, dass die Teilnehmer eine ungezwungene und nahe Atmosph\u00e4re genie\u00dfen. Alle Teilnehmer \u2013 ganz gleich, ob K\u00fcnstler oder Nicht-K\u00fcnstler, ob 2-j\u00e4hriges Kind oder 90-j\u00e4hriger Gro\u00dfvater \u2013 wirken und lernen gemeinsam.<br \/>\nMit dieser Er\u00f6ffnung will die Cardamomo-Stiftung noch weitere Ziele erreichen: Es soll gezeigt werden, wie die Kunst des Flamenco von den Eltern an die Kinder weitergegeben wird und sich so von Generation zu Generation weiterentwickelt und fortsetzt.<br \/>\nDie erste Ausgabe von \u201aDer Flamenco ist auch eine Sache der Kinder\u2019 brachte bis zu 3 Generationen verschiedener Flamenco-Dynastien auf der B\u00fchne. Teilnehmer waren international bekannte K\u00fcnstler wie<strong> Raimundo Amador<\/strong>, der seine 8-j\u00e4hrige Enkelin und Flamencos\u00e4ngerin vorstellte; <strong>Tomatito<\/strong>, der in Begleitung seines 8-j\u00e4hrigen Enkels und Flamencot\u00e4nzers am Tablao teilnahm;<strong> Miguel Rubio<\/strong>, der seinen Enkel Miguel de los Rubio, einen 10-j\u00e4hrigen Gitarristen, vorstellte; <strong>Pepito Montoyita<\/strong>, der mit seiner 2-j\u00e4hrigen Enkelin Montilla, Flamencot\u00e4nzerin und -s\u00e4ngerin kam; <strong>Agust\u00edn Carbonell, <\/strong>genannt<strong> \u201aEl Bola\u2019,<\/strong> wurde von zwei seiner Enkel im Alter von 2 und 5 Jahren, beide Percussionsmusiker, begleitet; <strong>Rafita de Madrid<\/strong> war mit seinen 5, 7 und 13 Jahre alten Kindern, die erstgenannten Flamencot\u00e4nzer und der \u00c4ltere Percussionsmusiker, anwesend; und <strong>Aurora Losada<\/strong> kam mit ihrer Tochter Chenoa, der 12-j\u00e4hrigen Flamencos\u00e4ngerin.<br \/>\nDas Projekt wurde ebenfalls von Flamencogr\u00f6\u00dfen wie <strong>Diego el Cigala, El Negri, Carlos Quir\u00f3s, El Morito, El Monty, Antonio Ingueta, Isaac de los Reyes, Nino de los Reyes, Kelian Jim\u00e9nez, Quilino Jim\u00e9nez <\/strong>und<strong> El Entri<\/strong>, um nur einige zu nennen, unterst\u00fctzt.<\/p>","protected":false},"excerpt":{"rendered":"F\u00dcR DIE VERBREITUNG DER FLAMENCO-KUNST Die Cardamomo-Stiftung wurde ins Leben gerufen, um die Kunst des Flamenco allen Interessierten unabh\u00e4ngig von Alter und Herkunft n\u00e4her zu bringen. Es ist eine St\u00e4tte der Begegnung, des Kennenlernens und der Erfahrung, in der bekannte K\u00fcnstler und Kinder, die es auch einmal werden m\u00f6chten, Gelegenheit haben, sich \u00fcber ihr heutiges&#8230;","protected":false},"author":1,"featured_media":156836,"parent":0,"menu_order":10,"comment_status":"closed","ping_status":"closed","template":"","meta":{"_acf_changed":false,"inline_featured_image":false,"footnotes":""},"class_list":["post-99","page","type-page","status-publish","has-post-thumbnail","hentry"],"acf":{"display":"default","hero_intro":"Por la difusi\u00f3n del arte flamenco","hero_heading":"h2","generic_slider":null},"yoast_head":"<!-- This site is optimized with the Yoast SEO plugin v27.1.1 - https:\/\/yoast.com\/product\/yoast-seo-wordpress\/ -->\n<title>Fundaci\u00f3n Caramomo | Cardamomo Tablao Flamenco<\/title>\n<meta name=\"description\" content=\"Es un espacio de encuentro y conocimiento donde artistas nobeles y ni\u00f1os puedan mostrar su trabajo, siendo una motivaci\u00f3n m\u00e1s para que contin\u00faen sus estudios art\u00edsticos.\" \/>\n<meta name=\"robots\" content=\"index, follow, max-snippet:-1, max-image-preview:large, max-video-preview:-1\" \/>\n<link rel=\"canonical\" href=\"\/\" \/>\n<meta property=\"og:locale\" content=\"de_DE\" \/>\n<meta property=\"og:type\" content=\"article\" \/>\n<meta property=\"og:title\" content=\"Fundaci\u00f3n Caramomo | Cardamomo Tablao Flamenco\" \/>\n<meta property=\"og:description\" content=\"Es un espacio de encuentro y conocimiento donde artistas nobeles y ni\u00f1os puedan mostrar su trabajo, siendo una motivaci\u00f3n m\u00e1s para que contin\u00faen sus estudios art\u00edsticos.\" \/>\n<meta property=\"og:url\" content=\"https:\/\/cardamomo.com\/de\/fundacion-cardamomo\/\" \/>\n<meta property=\"og:site_name\" content=\"Cardamomo Flamenco Madrid\" \/>\n<meta property=\"article:modified_time\" content=\"2026-01-13T15:26:47+00:00\" \/>\n<meta property=\"og:image\" content=\"https:\/\/cardamomo.ams3.digitaloceanspaces.com\/wp-content\/uploads\/2025\/02\/01153419\/01-fundacion-cardamomo.jpg\" \/>\n\t<meta property=\"og:image:width\" content=\"1920\" \/>\n\t<meta property=\"og:image:height\" content=\"1280\" \/>\n\t<meta property=\"og:image:type\" content=\"image\/jpeg\" \/>\n<meta name=\"twitter:card\" content=\"summary_large_image\" \/>\n<meta name=\"twitter:label1\" content=\"Gesch\u00e4tzte Lesezeit\" \/>\n\t<meta name=\"twitter:data1\" content=\"1\u00a0Minute\" \/>\n<script type=\"application\/ld+json\" class=\"yoast-schema-graph\">{\"@context\":\"https:\/\/schema.org\",\"@graph\":[{\"@type\":\"WebPage\",\"@id\":\"https:\/\/cardamomo.com\/de\/fundacion-cardamomo\/\",\"url\":\"https:\/\/cardamomo.com\/de\/fundacion-cardamomo\/\",\"name\":\"Fundaci\u00f3n Caramomo | Cardamomo Tablao Flamenco\",\"isPartOf\":{\"@id\":\"https:\/\/cardamomo.com\/de\/#website\"},\"primaryImageOfPage\":{\"@id\":\"https:\/\/cardamomo.com\/de\/fundacion-cardamomo\/#primaryimage\"},\"image\":{\"@id\":\"https:\/\/cardamomo.com\/es\/fundacion-cardamomo\/#primaryimage\"},\"thumbnailUrl\":\"https:\/\/cardamomo.ams3.digitaloceanspaces.com\/wp-content\/uploads\/2025\/02\/01153419\/01-fundacion-cardamomo.jpg\",\"datePublished\":\"2016-06-08T13:57:34+00:00\",\"dateModified\":\"2026-01-13T15:26:47+00:00\",\"description\":\"Es un espacio de encuentro y conocimiento donde artistas nobeles y ni\u00f1os puedan mostrar su trabajo, siendo una motivaci\u00f3n m\u00e1s para que contin\u00faen sus estudios art\u00edsticos.\",\"breadcrumb\":{\"@id\":\"https:\/\/cardamomo.com\/de\/fundacion-cardamomo\/#breadcrumb\"},\"inLanguage\":\"de\",\"potentialAction\":[{\"@type\":\"ReadAction\",\"target\":[[\"https:\/\/cardamomo.com\/de\/fundacion-cardamomo\/\"]]}]},{\"@type\":\"ImageObject\",\"inLanguage\":\"de\",\"@id\":\"https:\/\/cardamomo.com\/de\/fundacion-cardamomo\/#primaryimage\",\"url\":\"https:\/\/cardamomo.ams3.digitaloceanspaces.com\/wp-content\/uploads\/2025\/02\/01153419\/01-fundacion-cardamomo.jpg\",\"contentUrl\":\"https:\/\/cardamomo.ams3.digitaloceanspaces.com\/wp-content\/uploads\/2025\/02\/01153419\/01-fundacion-cardamomo.jpg\",\"width\":1920,\"height\":1280,\"caption\":\"Vista del escenario desde el fondo del tablao\"},{\"@type\":\"BreadcrumbList\",\"@id\":\"https:\/\/cardamomo.com\/de\/fundacion-cardamomo\/#breadcrumb\",\"itemListElement\":[{\"@type\":\"ListItem\",\"position\":1,\"name\":\"Cardamomo\",\"item\":\"https:\/\/cardamomo.com\/de\/\"},{\"@type\":\"ListItem\",\"position\":2,\"name\":\"Fundaci\u00f3n Cardamomo\"}]},{\"@type\":\"WebSite\",\"@id\":\"https:\/\/cardamomo.com\/de\/#website\",\"url\":\"https:\/\/cardamomo.com\/de\/\",\"name\":\"Cardamomo Flamenco Madrid\",\"description\":\"\",\"potentialAction\":[{\"@type\":\"SearchAction\",\"target\":{\"@type\":\"EntryPoint\",\"urlTemplate\":\"https:\/\/cardamomo.com\/de\/?s={search_term_string}\"},\"query-input\":{\"@type\":\"PropertyValueSpecification\",\"valueRequired\":true,\"valueName\":\"search_term_string\"}}],\"inLanguage\":\"de\"}]}<\/script>\n<!-- \/ Yoast SEO plugin. -->","yoast_head_json":{"title":"Fundaci\u00f3n Caramomo | Cardamomo Tablao Flamenco","description":"Es un espacio de encuentro y conocimiento donde artistas nobeles y ni\u00f1os puedan mostrar su trabajo, siendo una motivaci\u00f3n m\u00e1s para que contin\u00faen sus estudios art\u00edsticos.","robots":{"index":"index","follow":"follow","max-snippet":"max-snippet:-1","max-image-preview":"max-image-preview:large","max-video-preview":"max-video-preview:-1"},"canonical":"\/","og_locale":"de_DE","og_type":"article","og_title":"Fundaci\u00f3n Caramomo | Cardamomo Tablao Flamenco","og_description":"Es un espacio de encuentro y conocimiento donde artistas nobeles y ni\u00f1os puedan mostrar su trabajo, siendo una motivaci\u00f3n m\u00e1s para que contin\u00faen sus estudios art\u00edsticos.","og_url":"https:\/\/cardamomo.com\/de\/fundacion-cardamomo\/","og_site_name":"Cardamomo Flamenco Madrid","article_modified_time":"2026-01-13T15:26:47+00:00","og_image":[{"width":1920,"height":1280,"url":"https:\/\/cardamomo.ams3.digitaloceanspaces.com\/wp-content\/uploads\/2025\/02\/01153419\/01-fundacion-cardamomo.jpg","type":"image\/jpeg"}],"twitter_card":"summary_large_image","twitter_misc":{"Gesch\u00e4tzte Lesezeit":"1\u00a0Minute"},"schema":{"@context":"https:\/\/schema.org","@graph":[{"@type":"WebPage","@id":"https:\/\/cardamomo.com\/de\/fundacion-cardamomo\/","url":"https:\/\/cardamomo.com\/de\/fundacion-cardamomo\/","name":"Fundaci\u00f3n Caramomo | Cardamomo Tablao Flamenco","isPartOf":{"@id":"https:\/\/cardamomo.com\/de\/#website"},"primaryImageOfPage":{"@id":"https:\/\/cardamomo.com\/de\/fundacion-cardamomo\/#primaryimage"},"image":{"@id":"https:\/\/cardamomo.com\/es\/fundacion-cardamomo\/#primaryimage"},"thumbnailUrl":"https:\/\/cardamomo.ams3.digitaloceanspaces.com\/wp-content\/uploads\/2025\/02\/01153419\/01-fundacion-cardamomo.jpg","datePublished":"2016-06-08T13:57:34+00:00","dateModified":"2026-01-13T15:26:47+00:00","description":"Es un espacio de encuentro y conocimiento donde artistas nobeles y ni\u00f1os puedan mostrar su trabajo, siendo una motivaci\u00f3n m\u00e1s para que contin\u00faen sus estudios art\u00edsticos.","breadcrumb":{"@id":"https:\/\/cardamomo.com\/de\/fundacion-cardamomo\/#breadcrumb"},"inLanguage":"de","potentialAction":[{"@type":"ReadAction","target":[["https:\/\/cardamomo.com\/de\/fundacion-cardamomo\/"]]}]},{"@type":"ImageObject","inLanguage":"de","@id":"https:\/\/cardamomo.com\/de\/fundacion-cardamomo\/#primaryimage","url":"https:\/\/cardamomo.ams3.digitaloceanspaces.com\/wp-content\/uploads\/2025\/02\/01153419\/01-fundacion-cardamomo.jpg","contentUrl":"https:\/\/cardamomo.ams3.digitaloceanspaces.com\/wp-content\/uploads\/2025\/02\/01153419\/01-fundacion-cardamomo.jpg","width":1920,"height":1280,"caption":"Vista del escenario desde el fondo del tablao"},{"@type":"BreadcrumbList","@id":"https:\/\/cardamomo.com\/de\/fundacion-cardamomo\/#breadcrumb","itemListElement":[{"@type":"ListItem","position":1,"name":"Cardamomo","item":"https:\/\/cardamomo.com\/de\/"},{"@type":"ListItem","position":2,"name":"Fundaci\u00f3n Cardamomo"}]},{"@type":"WebSite","@id":"https:\/\/cardamomo.com\/de\/#website","url":"https:\/\/cardamomo.com\/de\/","name":"Cardamomo Flamenco Madrid","description":"","potentialAction":[{"@type":"SearchAction","target":{"@type":"EntryPoint","urlTemplate":"https:\/\/cardamomo.com\/de\/?s={search_term_string}"},"query-input":{"@type":"PropertyValueSpecification","valueRequired":true,"valueName":"search_term_string"}}],"inLanguage":"de"}]}},"_links":{"self":[{"href":"https:\/\/cardamomo.com\/de\/wp-json\/wp\/v2\/pages\/99","targetHints":{"allow":["GET"]}}],"collection":[{"href":"https:\/\/cardamomo.com\/de\/wp-json\/wp\/v2\/pages"}],"about":[{"href":"https:\/\/cardamomo.com\/de\/wp-json\/wp\/v2\/types\/page"}],"author":[{"embeddable":true,"href":"https:\/\/cardamomo.com\/de\/wp-json\/wp\/v2\/users\/1"}],"replies":[{"embeddable":true,"href":"https:\/\/cardamomo.com\/de\/wp-json\/wp\/v2\/comments?post=99"}],"version-history":[{"count":27,"href":"https:\/\/cardamomo.com\/de\/wp-json\/wp\/v2\/pages\/99\/revisions"}],"predecessor-version":[{"id":158429,"href":"https:\/\/cardamomo.com\/de\/wp-json\/wp\/v2\/pages\/99\/revisions\/158429"}],"wp:featuredmedia":[{"embeddable":true,"href":"https:\/\/cardamomo.com\/de\/wp-json\/wp\/v2\/media\/156836"}],"wp:attachment":[{"href":"https:\/\/cardamomo.com\/de\/wp-json\/wp\/v2\/media?parent=99"}],"curies":[{"name":"wp","href":"https:\/\/api.w.org\/{rel}","templated":true}]}}