{"id":80,"date":"2024-12-02T15:41:52","date_gmt":"2024-12-02T15:41:52","guid":{"rendered":"http:\/\/cardamomo.local\/?page_id=80"},"modified":"2026-01-29T12:24:49","modified_gmt":"2026-01-29T11:24:49","slug":"artistas-2","status":"publish","type":"page","link":"https:\/\/cardamomo.com\/de\/kunstler\/","title":{"rendered":"K\u00fcnstler"},"content":{"rendered":"<p>In einer <strong>Live-Flamenco-Show<\/strong> ist die Verbindung zwischen den K\u00fcnstlern entscheidend. Der Gesang bestimmt den emotionalen Puls, der Tanz interpretiert den Rhythmus mit dem K\u00f6rper und die Gitarre tr\u00e4gt jeden Moment mit Pr\u00e4zision und Gef\u00fchl.<\/p>\n<p>Im Tablao Flamenco Cardamomo findet dieses Zusammenspiel der K\u00fcnstler jeden Abend statt und schafft eine Darbietung von reinem Flamenco ohne k\u00fcnstliche Effekte.<br \/>\n<\/p>","protected":false},"excerpt":{"rendered":"In einer Live-Flamenco-Show ist die Verbindung zwischen den K\u00fcnstlern entscheidend. Der Gesang bestimmt den emotionalen Puls, der Tanz interpretiert den Rhythmus mit dem K\u00f6rper und die Gitarre tr\u00e4gt jeden Moment mit Pr\u00e4zision und Gef\u00fchl. Im Tablao Flamenco Cardamomo findet dieses Zusammenspiel der K\u00fcnstler jeden Abend statt und schafft eine Darbietung von reinem Flamenco ohne k\u00fcnstliche&#8230;","protected":false},"author":1,"featured_media":158522,"parent":0,"menu_order":3,"comment_status":"closed","ping_status":"closed","template":"templates\/03-artists.php","meta":{"_acf_changed":false,"inline_featured_image":false,"footnotes":""},"class_list":["post-80","page","type-page","status-publish","has-post-thumbnail","hentry"],"acf":{"display":"default","hero_intro":"M\u00e1s de 6 artistas en el escenario, cantaores y bailaores de flamenco en directo","hero_heading":"h2","generic_slider":null},"yoast_head":"<!-- This site is optimized with the Yoast SEO plugin v27.3 - https:\/\/yoast.com\/product\/yoast-seo-wordpress\/ -->\n<title>Flamenco-K\u00fcnstler: S\u00e4nger, T\u00e4nzer und mehr | Cardamomo<\/title>\n<meta name=\"description\" content=\"Entdecken Sie die repr\u00e4sentativsten Flamenco-K\u00fcnstler: S\u00e4nger, T\u00e4nzer und Gitarristen, die den Flamenco lebendig halten.\" \/>\n<meta name=\"robots\" content=\"index, follow, max-snippet:-1, max-image-preview:large, max-video-preview:-1\" \/>\n<link rel=\"canonical\" href=\"\/\" \/>\n<meta property=\"og:locale\" content=\"de_DE\" \/>\n<meta property=\"og:type\" content=\"article\" \/>\n<meta property=\"og:title\" content=\"Flamenco-K\u00fcnstler: S\u00e4nger, T\u00e4nzer und mehr | Cardamomo\" \/>\n<meta property=\"og:description\" content=\"Entdecken Sie die repr\u00e4sentativsten Flamenco-K\u00fcnstler: S\u00e4nger, T\u00e4nzer und Gitarristen, die den Flamenco lebendig halten.\" \/>\n<meta property=\"og:url\" content=\"https:\/\/cardamomo.com\/de\/artistas\/\" \/>\n<meta property=\"og:site_name\" content=\"Cardamomo Flamenco Madrid\" \/>\n<meta property=\"article:modified_time\" content=\"2026-01-29T11:24:49+00:00\" \/>\n<meta property=\"og:image\" content=\"https:\/\/cardamomo.ams3.digitaloceanspaces.com\/wp-content\/uploads\/2026\/01\/29120146\/artistas-flamencos.jpg\" \/>\n\t<meta property=\"og:image:width\" content=\"1600\" \/>\n\t<meta property=\"og:image:height\" content=\"1067\" \/>\n\t<meta property=\"og:image:type\" content=\"image\/jpeg\" \/>\n<meta name=\"twitter:card\" content=\"summary_large_image\" \/>\n<meta name=\"twitter:label1\" content=\"Gesch\u00e4tzte Lesezeit\" \/>\n\t<meta name=\"twitter:data1\" content=\"1\u00a0Minute\" \/>\n<script type=\"application\/ld+json\" class=\"yoast-schema-graph\">{\"@context\":\"https:\\\/\\\/schema.org\",\"@graph\":[{\"@type\":\"WebPage\",\"@id\":\"https:\\\/\\\/cardamomo.com\\\/de\\\/artistas\\\/\",\"url\":\"https:\\\/\\\/cardamomo.com\\\/de\\\/artistas\\\/\",\"name\":\"Flamenco-K\u00fcnstler: S\u00e4nger, T\u00e4nzer und mehr | Cardamomo\",\"isPartOf\":{\"@id\":\"https:\\\/\\\/cardamomo.com\\\/de\\\/#website\"},\"primaryImageOfPage\":{\"@id\":\"https:\\\/\\\/cardamomo.com\\\/de\\\/artistas\\\/#primaryimage\"},\"image\":{\"@id\":\"https:\\\/\\\/cardamomo.com\\\/es\\\/artistas\\\/#primaryimage\"},\"thumbnailUrl\":\"https:\\\/\\\/cardamomo.ams3.digitaloceanspaces.com\\\/wp-content\\\/uploads\\\/2026\\\/01\\\/29120146\\\/artistas-flamencos.jpg\",\"datePublished\":\"2024-12-02T15:41:52+00:00\",\"dateModified\":\"2026-01-29T11:24:49+00:00\",\"description\":\"Entdecken Sie die repr\u00e4sentativsten Flamenco-K\u00fcnstler: S\u00e4nger, T\u00e4nzer und Gitarristen, die den Flamenco lebendig halten.\",\"breadcrumb\":{\"@id\":\"https:\\\/\\\/cardamomo.com\\\/de\\\/artistas\\\/#breadcrumb\"},\"inLanguage\":\"de\",\"potentialAction\":[{\"@type\":\"ReadAction\",\"target\":[[\"https:\\\/\\\/cardamomo.com\\\/de\\\/artistas\\\/\"]]}]},{\"@type\":\"ImageObject\",\"inLanguage\":\"de\",\"@id\":\"https:\\\/\\\/cardamomo.com\\\/de\\\/artistas\\\/#primaryimage\",\"url\":\"https:\\\/\\\/cardamomo.ams3.digitaloceanspaces.com\\\/wp-content\\\/uploads\\\/2026\\\/01\\\/29120146\\\/artistas-flamencos.jpg\",\"contentUrl\":\"https:\\\/\\\/cardamomo.ams3.digitaloceanspaces.com\\\/wp-content\\\/uploads\\\/2026\\\/01\\\/29120146\\\/artistas-flamencos.jpg\",\"width\":1600,\"height\":1067,\"caption\":\"Grupos de artistas, dos guitarristas, un percusionista y dos cantantes\"},{\"@type\":\"BreadcrumbList\",\"@id\":\"https:\\\/\\\/cardamomo.com\\\/de\\\/artistas\\\/#breadcrumb\",\"itemListElement\":[{\"@type\":\"ListItem\",\"position\":1,\"name\":\"Cardamomo\",\"item\":\"https:\\\/\\\/cardamomo.com\\\/de\\\/\"},{\"@type\":\"ListItem\",\"position\":2,\"name\":\"Artistas flamencos\"}]},{\"@type\":\"WebSite\",\"@id\":\"https:\\\/\\\/cardamomo.com\\\/de\\\/#website\",\"url\":\"https:\\\/\\\/cardamomo.com\\\/de\\\/\",\"name\":\"Cardamomo Flamenco Madrid\",\"description\":\"\",\"potentialAction\":[{\"@type\":\"SearchAction\",\"target\":{\"@type\":\"EntryPoint\",\"urlTemplate\":\"https:\\\/\\\/cardamomo.com\\\/de\\\/?s={search_term_string}\"},\"query-input\":{\"@type\":\"PropertyValueSpecification\",\"valueRequired\":true,\"valueName\":\"search_term_string\"}}],\"inLanguage\":\"de\"}]}<\/script>\n<!-- \/ Yoast SEO plugin. -->","yoast_head_json":{"title":"Flamenco-K\u00fcnstler: S\u00e4nger, T\u00e4nzer und mehr | Cardamomo","description":"Entdecken Sie die repr\u00e4sentativsten Flamenco-K\u00fcnstler: S\u00e4nger, T\u00e4nzer und Gitarristen, die den Flamenco lebendig halten.","robots":{"index":"index","follow":"follow","max-snippet":"max-snippet:-1","max-image-preview":"max-image-preview:large","max-video-preview":"max-video-preview:-1"},"canonical":"\/","og_locale":"de_DE","og_type":"article","og_title":"Flamenco-K\u00fcnstler: S\u00e4nger, T\u00e4nzer und mehr | Cardamomo","og_description":"Entdecken Sie die repr\u00e4sentativsten Flamenco-K\u00fcnstler: S\u00e4nger, T\u00e4nzer und Gitarristen, die den Flamenco lebendig halten.","og_url":"https:\/\/cardamomo.com\/de\/artistas\/","og_site_name":"Cardamomo Flamenco Madrid","article_modified_time":"2026-01-29T11:24:49+00:00","og_image":[{"width":1600,"height":1067,"url":"https:\/\/cardamomo.ams3.digitaloceanspaces.com\/wp-content\/uploads\/2026\/01\/29120146\/artistas-flamencos.jpg","type":"image\/jpeg"}],"twitter_card":"summary_large_image","twitter_misc":{"Gesch\u00e4tzte Lesezeit":"1\u00a0Minute"},"schema":{"@context":"https:\/\/schema.org","@graph":[{"@type":"WebPage","@id":"https:\/\/cardamomo.com\/de\/artistas\/","url":"https:\/\/cardamomo.com\/de\/artistas\/","name":"Flamenco-K\u00fcnstler: S\u00e4nger, T\u00e4nzer und mehr | Cardamomo","isPartOf":{"@id":"https:\/\/cardamomo.com\/de\/#website"},"primaryImageOfPage":{"@id":"https:\/\/cardamomo.com\/de\/artistas\/#primaryimage"},"image":{"@id":"https:\/\/cardamomo.com\/es\/artistas\/#primaryimage"},"thumbnailUrl":"https:\/\/cardamomo.ams3.digitaloceanspaces.com\/wp-content\/uploads\/2026\/01\/29120146\/artistas-flamencos.jpg","datePublished":"2024-12-02T15:41:52+00:00","dateModified":"2026-01-29T11:24:49+00:00","description":"Entdecken Sie die repr\u00e4sentativsten Flamenco-K\u00fcnstler: S\u00e4nger, T\u00e4nzer und Gitarristen, die den Flamenco lebendig halten.","breadcrumb":{"@id":"https:\/\/cardamomo.com\/de\/artistas\/#breadcrumb"},"inLanguage":"de","potentialAction":[{"@type":"ReadAction","target":[["https:\/\/cardamomo.com\/de\/artistas\/"]]}]},{"@type":"ImageObject","inLanguage":"de","@id":"https:\/\/cardamomo.com\/de\/artistas\/#primaryimage","url":"https:\/\/cardamomo.ams3.digitaloceanspaces.com\/wp-content\/uploads\/2026\/01\/29120146\/artistas-flamencos.jpg","contentUrl":"https:\/\/cardamomo.ams3.digitaloceanspaces.com\/wp-content\/uploads\/2026\/01\/29120146\/artistas-flamencos.jpg","width":1600,"height":1067,"caption":"Grupos de artistas, dos guitarristas, un percusionista y dos cantantes"},{"@type":"BreadcrumbList","@id":"https:\/\/cardamomo.com\/de\/artistas\/#breadcrumb","itemListElement":[{"@type":"ListItem","position":1,"name":"Cardamomo","item":"https:\/\/cardamomo.com\/de\/"},{"@type":"ListItem","position":2,"name":"Artistas flamencos"}]},{"@type":"WebSite","@id":"https:\/\/cardamomo.com\/de\/#website","url":"https:\/\/cardamomo.com\/de\/","name":"Cardamomo Flamenco Madrid","description":"","potentialAction":[{"@type":"SearchAction","target":{"@type":"EntryPoint","urlTemplate":"https:\/\/cardamomo.com\/de\/?s={search_term_string}"},"query-input":{"@type":"PropertyValueSpecification","valueRequired":true,"valueName":"search_term_string"}}],"inLanguage":"de"}]}},"_links":{"self":[{"href":"https:\/\/cardamomo.com\/de\/wp-json\/wp\/v2\/pages\/80","targetHints":{"allow":["GET"]}}],"collection":[{"href":"https:\/\/cardamomo.com\/de\/wp-json\/wp\/v2\/pages"}],"about":[{"href":"https:\/\/cardamomo.com\/de\/wp-json\/wp\/v2\/types\/page"}],"author":[{"embeddable":true,"href":"https:\/\/cardamomo.com\/de\/wp-json\/wp\/v2\/users\/1"}],"replies":[{"embeddable":true,"href":"https:\/\/cardamomo.com\/de\/wp-json\/wp\/v2\/comments?post=80"}],"version-history":[{"count":9,"href":"https:\/\/cardamomo.com\/de\/wp-json\/wp\/v2\/pages\/80\/revisions"}],"predecessor-version":[{"id":158521,"href":"https:\/\/cardamomo.com\/de\/wp-json\/wp\/v2\/pages\/80\/revisions\/158521"}],"wp:featuredmedia":[{"embeddable":true,"href":"https:\/\/cardamomo.com\/de\/wp-json\/wp\/v2\/media\/158522"}],"wp:attachment":[{"href":"https:\/\/cardamomo.com\/de\/wp-json\/wp\/v2\/media?parent=80"}],"curies":[{"name":"wp","href":"https:\/\/api.w.org\/{rel}","templated":true}]}}