{"id":374,"date":"2024-12-02T11:22:10","date_gmt":"2024-12-02T11:22:10","guid":{"rendered":"http:\/\/fullcircle.es\/javato-hanzo\/?page_id=2"},"modified":"2026-04-20T11:59:45","modified_gmt":"2026-04-20T09:59:45","slug":"flamenco-madrid","status":"publish","type":"page","link":"https:\/\/cardamomo.com\/de\/","title":{"rendered":"Cardamomo Flamenco Madrid"},"content":{"rendered":"<p><\/p>\n<h2>Reiner Flamenco<\/h2>\n<p><em>Cardamomo bietet das exklusivste Flamenco-Erlebnis der Stadt.<\/em><\/p>\n<p>Erlebe die Energie des Flamencos wie nie zuvor \u2013 so nah, dass du selbst Teil der Show wirst.<\/p>","protected":false},"excerpt":{"rendered":"Reiner Flamenco Cardamomo bietet das exklusivste Flamenco-Erlebnis der Stadt. Erlebe die Energie des Flamencos wie nie zuvor \u2013 so nah, dass du selbst Teil der Show wirst.","protected":false},"author":1,"featured_media":156487,"parent":0,"menu_order":0,"comment_status":"closed","ping_status":"closed","template":"templates\/01-home.php","meta":{"_acf_changed":false,"inline_featured_image":false,"footnotes":""},"class_list":["post-374","page","type-page","status-publish","has-post-thumbnail","hentry"],"acf":{"display":"slider","hero_intro":"","hero_heading":false,"generic_slider":[{"type":"video","video":156798,"video_b":"","image":156796,"content":"REINER FLAMENCO. Die exklusivste Flamenco-Show in Madrid.","add_button":true,"button_style":"outlined","button_markup":"default","button_link":155463,"button_text":"Das Tablao"},{"type":"image","video":null,"video_b":null,"image":156803,"content":"4 Shows t\u00e4glich mit w\u00f6chentlichem Programm","add_button":true,"button_style":"outlined","button_markup":"default","button_link":78,"button_text":"Alle ansehen"},{"type":"image","video":null,"video_b":null,"image":156807,"content":"Seit 1994. Treffpunkt der gr\u00f6\u00dften Flamenco-K\u00fcnstler","add_button":true,"button_style":"outlined","button_markup":"default","button_link":84,"button_text":"Standort"},{"type":"image","video":null,"video_b":null,"image":156810,"content":"Das exklusivste Tablao. Weniger Publikum, mehr N\u00e4he zum K\u00fcnstler","add_button":true,"button_style":"outlined","button_markup":"default","button_link":158081,"button_text":"Reservieren"}]},"yoast_head":"<!-- This site is optimized with the Yoast SEO plugin v27.3 - https:\/\/yoast.com\/product\/yoast-seo-wordpress\/ -->\n<title>Flamenco-Tablao in Madrid | Cardamomo<\/title>\n<meta name=\"description\" content=\"Erleben Sie ein Flamenco-Tablao in Madrid, in dem echte Kunst entsteht. Gro\u00dfe K\u00fcnstler, eine intime und authentische Show im Cardamomo. Buchen Sie Ihre Tickets.\" \/>\n<meta name=\"robots\" content=\"index, follow, max-snippet:-1, max-image-preview:large, max-video-preview:-1\" \/>\n<link rel=\"canonical\" href=\"\/\" \/>\n<meta property=\"og:locale\" content=\"de_DE\" \/>\n<meta property=\"og:type\" content=\"article\" \/>\n<meta property=\"og:title\" content=\"Flamenco-Tablao in Madrid | Cardamomo\" \/>\n<meta property=\"og:description\" content=\"Erleben Sie ein Flamenco-Tablao in Madrid, in dem echte Kunst entsteht. Gro\u00dfe K\u00fcnstler, eine intime und authentische Show im Cardamomo. Buchen Sie Ihre Tickets.\" \/>\n<meta property=\"og:url\" content=\"https:\/\/cardamomo.com\/de\/\" \/>\n<meta property=\"og:site_name\" content=\"Cardamomo Flamenco Madrid\" \/>\n<meta property=\"article:modified_time\" content=\"2026-04-20T09:59:45+00:00\" \/>\n<meta property=\"og:image\" content=\"https:\/\/cardamomo.ams3.digitaloceanspaces.com\/wp-content\/uploads\/2025\/01\/08155812\/el-show-de-flamenco-mas-exclusivo.jpg\" \/>\n\t<meta property=\"og:image:width\" content=\"1920\" \/>\n\t<meta property=\"og:image:height\" content=\"1080\" \/>\n\t<meta property=\"og:image:type\" content=\"image\/jpeg\" \/>\n<meta name=\"twitter:card\" content=\"summary_large_image\" \/>\n<meta name=\"twitter:label1\" content=\"Gesch\u00e4tzte Lesezeit\" \/>\n\t<meta name=\"twitter:data1\" content=\"1\u00a0Minute\" \/>\n<script type=\"application\/ld+json\" class=\"yoast-schema-graph\">{\"@context\":\"https:\\\/\\\/schema.org\",\"@graph\":[{\"@type\":\"WebPage\",\"@id\":\"https:\\\/\\\/cardamomo.com\\\/de\\\/\",\"url\":\"https:\\\/\\\/cardamomo.com\\\/de\\\/\",\"name\":\"Flamenco-Tablao in Madrid | Cardamomo\",\"isPartOf\":{\"@id\":\"https:\\\/\\\/cardamomo.com\\\/de\\\/#website\"},\"primaryImageOfPage\":{\"@id\":\"https:\\\/\\\/cardamomo.com\\\/de\\\/#primaryimage\"},\"image\":{\"@id\":\"https:\\\/\\\/cardamomo.com\\\/es\\\/#primaryimage\"},\"thumbnailUrl\":\"https:\\\/\\\/cardamomo.ams3.digitaloceanspaces.com\\\/wp-content\\\/uploads\\\/2025\\\/01\\\/08155812\\\/el-show-de-flamenco-mas-exclusivo.jpg\",\"datePublished\":\"2024-12-02T11:22:10+00:00\",\"dateModified\":\"2026-04-20T09:59:45+00:00\",\"description\":\"Erleben Sie ein Flamenco-Tablao in Madrid, in dem echte Kunst entsteht. Gro\u00dfe K\u00fcnstler, eine intime und authentische Show im Cardamomo. Buchen Sie Ihre Tickets.\",\"breadcrumb\":{\"@id\":\"https:\\\/\\\/cardamomo.com\\\/de\\\/#breadcrumb\"},\"inLanguage\":\"de\",\"potentialAction\":[{\"@type\":\"ReadAction\",\"target\":[[\"https:\\\/\\\/cardamomo.com\\\/de\\\/\"]]}]},{\"@type\":\"ImageObject\",\"inLanguage\":\"de\",\"@id\":\"https:\\\/\\\/cardamomo.com\\\/de\\\/#primaryimage\",\"url\":\"https:\\\/\\\/cardamomo.ams3.digitaloceanspaces.com\\\/wp-content\\\/uploads\\\/2025\\\/01\\\/08155812\\\/el-show-de-flamenco-mas-exclusivo.jpg\",\"contentUrl\":\"https:\\\/\\\/cardamomo.ams3.digitaloceanspaces.com\\\/wp-content\\\/uploads\\\/2025\\\/01\\\/08155812\\\/el-show-de-flamenco-mas-exclusivo.jpg\",\"width\":1920,\"height\":1080},{\"@type\":\"BreadcrumbList\",\"@id\":\"https:\\\/\\\/cardamomo.com\\\/de\\\/#breadcrumb\",\"itemListElement\":[{\"@type\":\"ListItem\",\"position\":1,\"name\":\"Cardamomo\",\"item\":\"https:\\\/\\\/cardamomo.com\\\/de\\\/\"},{\"@type\":\"ListItem\",\"position\":2,\"name\":\"Cardamomo Flamenco Madrid\"}]},{\"@type\":\"WebSite\",\"@id\":\"https:\\\/\\\/cardamomo.com\\\/de\\\/#website\",\"url\":\"https:\\\/\\\/cardamomo.com\\\/de\\\/\",\"name\":\"Cardamomo Flamenco Madrid\",\"description\":\"\",\"potentialAction\":[{\"@type\":\"SearchAction\",\"target\":{\"@type\":\"EntryPoint\",\"urlTemplate\":\"https:\\\/\\\/cardamomo.com\\\/de\\\/?s={search_term_string}\"},\"query-input\":{\"@type\":\"PropertyValueSpecification\",\"valueRequired\":true,\"valueName\":\"search_term_string\"}}],\"inLanguage\":\"de\"}]}<\/script>\n<!-- \/ Yoast SEO plugin. -->","yoast_head_json":{"title":"Flamenco-Tablao in Madrid | Cardamomo","description":"Erleben Sie ein Flamenco-Tablao in Madrid, in dem echte Kunst entsteht. Gro\u00dfe K\u00fcnstler, eine intime und authentische Show im Cardamomo. Buchen Sie Ihre Tickets.","robots":{"index":"index","follow":"follow","max-snippet":"max-snippet:-1","max-image-preview":"max-image-preview:large","max-video-preview":"max-video-preview:-1"},"canonical":"\/","og_locale":"de_DE","og_type":"article","og_title":"Flamenco-Tablao in Madrid | Cardamomo","og_description":"Erleben Sie ein Flamenco-Tablao in Madrid, in dem echte Kunst entsteht. Gro\u00dfe K\u00fcnstler, eine intime und authentische Show im Cardamomo. Buchen Sie Ihre Tickets.","og_url":"https:\/\/cardamomo.com\/de\/","og_site_name":"Cardamomo Flamenco Madrid","article_modified_time":"2026-04-20T09:59:45+00:00","og_image":[{"width":1920,"height":1080,"url":"https:\/\/cardamomo.ams3.digitaloceanspaces.com\/wp-content\/uploads\/2025\/01\/08155812\/el-show-de-flamenco-mas-exclusivo.jpg","type":"image\/jpeg"}],"twitter_card":"summary_large_image","twitter_misc":{"Gesch\u00e4tzte Lesezeit":"1\u00a0Minute"},"schema":{"@context":"https:\/\/schema.org","@graph":[{"@type":"WebPage","@id":"https:\/\/cardamomo.com\/de\/","url":"https:\/\/cardamomo.com\/de\/","name":"Flamenco-Tablao in Madrid | Cardamomo","isPartOf":{"@id":"https:\/\/cardamomo.com\/de\/#website"},"primaryImageOfPage":{"@id":"https:\/\/cardamomo.com\/de\/#primaryimage"},"image":{"@id":"https:\/\/cardamomo.com\/es\/#primaryimage"},"thumbnailUrl":"https:\/\/cardamomo.ams3.digitaloceanspaces.com\/wp-content\/uploads\/2025\/01\/08155812\/el-show-de-flamenco-mas-exclusivo.jpg","datePublished":"2024-12-02T11:22:10+00:00","dateModified":"2026-04-20T09:59:45+00:00","description":"Erleben Sie ein Flamenco-Tablao in Madrid, in dem echte Kunst entsteht. Gro\u00dfe K\u00fcnstler, eine intime und authentische Show im Cardamomo. Buchen Sie Ihre Tickets.","breadcrumb":{"@id":"https:\/\/cardamomo.com\/de\/#breadcrumb"},"inLanguage":"de","potentialAction":[{"@type":"ReadAction","target":[["https:\/\/cardamomo.com\/de\/"]]}]},{"@type":"ImageObject","inLanguage":"de","@id":"https:\/\/cardamomo.com\/de\/#primaryimage","url":"https:\/\/cardamomo.ams3.digitaloceanspaces.com\/wp-content\/uploads\/2025\/01\/08155812\/el-show-de-flamenco-mas-exclusivo.jpg","contentUrl":"https:\/\/cardamomo.ams3.digitaloceanspaces.com\/wp-content\/uploads\/2025\/01\/08155812\/el-show-de-flamenco-mas-exclusivo.jpg","width":1920,"height":1080},{"@type":"BreadcrumbList","@id":"https:\/\/cardamomo.com\/de\/#breadcrumb","itemListElement":[{"@type":"ListItem","position":1,"name":"Cardamomo","item":"https:\/\/cardamomo.com\/de\/"},{"@type":"ListItem","position":2,"name":"Cardamomo Flamenco Madrid"}]},{"@type":"WebSite","@id":"https:\/\/cardamomo.com\/de\/#website","url":"https:\/\/cardamomo.com\/de\/","name":"Cardamomo Flamenco Madrid","description":"","potentialAction":[{"@type":"SearchAction","target":{"@type":"EntryPoint","urlTemplate":"https:\/\/cardamomo.com\/de\/?s={search_term_string}"},"query-input":{"@type":"PropertyValueSpecification","valueRequired":true,"valueName":"search_term_string"}}],"inLanguage":"de"}]}},"_links":{"self":[{"href":"https:\/\/cardamomo.com\/de\/wp-json\/wp\/v2\/pages\/374","targetHints":{"allow":["GET"]}}],"collection":[{"href":"https:\/\/cardamomo.com\/de\/wp-json\/wp\/v2\/pages"}],"about":[{"href":"https:\/\/cardamomo.com\/de\/wp-json\/wp\/v2\/types\/page"}],"author":[{"embeddable":true,"href":"https:\/\/cardamomo.com\/de\/wp-json\/wp\/v2\/users\/1"}],"replies":[{"embeddable":true,"href":"https:\/\/cardamomo.com\/de\/wp-json\/wp\/v2\/comments?post=374"}],"version-history":[{"count":83,"href":"https:\/\/cardamomo.com\/de\/wp-json\/wp\/v2\/pages\/374\/revisions"}],"predecessor-version":[{"id":158893,"href":"https:\/\/cardamomo.com\/de\/wp-json\/wp\/v2\/pages\/374\/revisions\/158893"}],"wp:featuredmedia":[{"embeddable":true,"href":"https:\/\/cardamomo.com\/de\/wp-json\/wp\/v2\/media\/156487"}],"wp:attachment":[{"href":"https:\/\/cardamomo.com\/de\/wp-json\/wp\/v2\/media?parent=374"}],"curies":[{"name":"wp","href":"https:\/\/api.w.org\/{rel}","templated":true}]}}