{"id":23740,"date":"2016-10-27T11:18:58","date_gmt":"2016-10-27T09:18:58","guid":{"rendered":"https:\/\/cardamomo.com\/es\/?page_id=23740"},"modified":"2024-12-17T11:48:03","modified_gmt":"2024-12-17T11:48:03","slug":"20x20x20","status":"publish","type":"page","link":"https:\/\/cardamomo.com\/de\/campaigns\/20x20x20\/","title":{"rendered":"Descuento para clientes habituales."},"content":{"rendered":"<p class=\"qtranxs-available-languages-message qtranxs-available-languages-message-de\">Leider ist der Eintrag nur auf <a href=\"https:\/\/cardamomo.com\/es\/wp-json\/wp\/v2\/pages\/23740\" class=\"qtranxs-available-language-link qtranxs-available-language-link-es\" title=\"Espa\u00f1ol\">Espa\u00f1ol<\/a> verf\u00fcgbar.<\/p><p>Lo lamentamos, esta promoci\u00f3n es de 2021 y no est\u00e1 vigente<\/p>\n<p><del><strong>(Promoci\u00f3n v\u00e1lida de enero a febrero. No v\u00e1lida para otros meses).<\/strong><\/del><\/p>\n<p><strong>Propulsar el Flamenco en Madrid<\/strong><\/p>\n<p>El Flamenco es s\u00edmbolo y referente de la cultura espa\u00f1ola. Se trata de un tesoro que debemos mimar y ensalzar.<\/p>\n<p>Es nuestro deber conservarlo y trasladarlo a las pr\u00f3ximas generaciones para que no se pierda\u00a0 ni una pizca de la pureza que posee el arte m\u00e1s <em>sent\u00edo<\/em> de todos.<\/p>\n<p>El Flamenco es valorado por todo el mundo. Pero en cambio, en Espa\u00f1a ha sido objeto de cr\u00edticas y marginalidad durante largos a\u00f1os.<\/p>\n<p>En Cardamomo, queremos acercar el flamenco a todo el mundo.<\/p>\n<p><del><strong>T0dos los residentes en Madrid tendr\u00e1n un 25% de descuento aplicable al \u00faltimo pase del d\u00eda elegido<\/strong>.<\/del><\/p>\n<p><strong>\u00a1Disfruta del Flamenco m\u00e1s aut\u00e9ntico en el coraz\u00f3n de Madrid!<\/strong><\/p>\n<p>Cardamomo trae a un elenco de artistas pertenecientes a las familias m\u00e1s castizas del universo flamenco. Estamos seguros, te emocionar\u00e1n.\u00a0\u00a0Cante, baile y toque en directo de la mano de un cuadro flamenco inigualable.<\/p>\n<p><a href=\"https:\/\/cardamomo.com\/es\/comprar-entradas-flamenco\/\">Reserva ahora\u00a0\u00a0<\/a><\/p>\n<p>O ll\u00e1manos para cualquier duda al\u00a0<a href=\"https:\/\/www.google.com\/search?newwindow=1&amp;safe=off&amp;ei=2geeXJ2iMOmdlwSQ37WIBA&amp;q=telefono+cardadmomo&amp;oq=telefono+c&amp;gs_l=psy-ab.1.0.35i39j0l9.1074208.1075658..1077042...1.0..0.82.653.10......0....1..gws-wiz.....6..0i131j35i39i19j0i67j0i131i67.e_7cJp3H3Ys\">918 05 10 38<\/a><\/p>\n<p><strong>\u00a1LARGA VIDA AL FLAMENCO!<\/strong><\/p>","protected":false},"excerpt":{"rendered":"Leider ist der Eintrag nur auf Espa\u00f1ol verf\u00fcgbar.Lo lamentamos, esta promoci\u00f3n es de 2021 y no est\u00e1 vigente (Promoci\u00f3n v\u00e1lida de enero a febrero. No v\u00e1lida para otros meses). Propulsar el Flamenco en Madrid El Flamenco es s\u00edmbolo y referente de la cultura espa\u00f1ola. Se trata de un tesoro que debemos mimar y ensalzar. Es&#8230;","protected":false},"author":1,"featured_media":0,"parent":23737,"menu_order":30,"comment_status":"closed","ping_status":"closed","template":"","meta":{"_acf_changed":false,"inline_featured_image":false,"footnotes":""},"class_list":["post-23740","page","type-page","status-publish","hentry"],"acf":{"display":"","hero_intro":"","hero_heading":false,"generic_slider":null},"yoast_head":"<!-- This site is optimized with the Yoast SEO plugin v27.3 - https:\/\/yoast.com\/product\/yoast-seo-wordpress\/ -->\n<title>Disfruta de un 25% de descuento | Cardamomo Flamenco<\/title>\n<meta name=\"description\" content=\"Cardamomo tablao flamenco 25% de descuento para todos los residentes de Madrid\" \/>\n<meta name=\"robots\" content=\"index, follow, max-snippet:-1, max-image-preview:large, max-video-preview:-1\" \/>\n<link rel=\"canonical\" href=\"\/\" \/>\n<meta property=\"og:locale\" content=\"de_DE\" \/>\n<meta property=\"og:type\" content=\"article\" \/>\n<meta property=\"og:title\" content=\"Disfruta de un 25% de descuento | Cardamomo Flamenco\" \/>\n<meta property=\"og:description\" content=\"Cardamomo tablao flamenco 25% de descuento para todos los residentes de Madrid\" \/>\n<meta property=\"og:url\" content=\"https:\/\/cardamomo.com\/de\/campanas\/20x20x20\/\" \/>\n<meta property=\"og:site_name\" content=\"Cardamomo Flamenco Madrid\" \/>\n<meta property=\"article:modified_time\" content=\"2024-12-17T11:48:03+00:00\" \/>\n<meta name=\"twitter:card\" content=\"summary_large_image\" \/>\n<meta name=\"twitter:label1\" content=\"Gesch\u00e4tzte Lesezeit\" \/>\n\t<meta name=\"twitter:data1\" content=\"1\u00a0Minute\" \/>\n<script type=\"application\/ld+json\" class=\"yoast-schema-graph\">{\"@context\":\"https:\\\/\\\/schema.org\",\"@graph\":[{\"@type\":\"WebPage\",\"@id\":\"https:\\\/\\\/cardamomo.com\\\/de\\\/campanas\\\/20x20x20\\\/\",\"url\":\"https:\\\/\\\/cardamomo.com\\\/de\\\/campanas\\\/20x20x20\\\/\",\"name\":\"Disfruta de un 25% de descuento | Cardamomo Flamenco\",\"isPartOf\":{\"@id\":\"https:\\\/\\\/cardamomo.com\\\/de\\\/#website\"},\"datePublished\":\"2016-10-27T09:18:58+00:00\",\"dateModified\":\"2024-12-17T11:48:03+00:00\",\"description\":\"Cardamomo tablao flamenco 25% de descuento para todos los residentes de Madrid\",\"breadcrumb\":{\"@id\":\"https:\\\/\\\/cardamomo.com\\\/de\\\/campanas\\\/20x20x20\\\/#breadcrumb\"},\"inLanguage\":\"de\",\"potentialAction\":[{\"@type\":\"ReadAction\",\"target\":[[\"https:\\\/\\\/cardamomo.com\\\/de\\\/campanas\\\/20x20x20\\\/\"]]}]},{\"@type\":\"BreadcrumbList\",\"@id\":\"https:\\\/\\\/cardamomo.com\\\/de\\\/campanas\\\/20x20x20\\\/#breadcrumb\",\"itemListElement\":[{\"@type\":\"ListItem\",\"position\":1,\"name\":\"Cardamomo\",\"item\":\"https:\\\/\\\/cardamomo.com\\\/de\\\/\"},{\"@type\":\"ListItem\",\"position\":2,\"name\":\"Campa\u00f1as\",\"item\":\"https:\\\/\\\/cardamomo.com\\\/de\\\/campanas\\\/\"},{\"@type\":\"ListItem\",\"position\":3,\"name\":\"Descuento para clientes habituales.\"}]},{\"@type\":\"WebSite\",\"@id\":\"https:\\\/\\\/cardamomo.com\\\/de\\\/#website\",\"url\":\"https:\\\/\\\/cardamomo.com\\\/de\\\/\",\"name\":\"Cardamomo Flamenco Madrid\",\"description\":\"\",\"potentialAction\":[{\"@type\":\"SearchAction\",\"target\":{\"@type\":\"EntryPoint\",\"urlTemplate\":\"https:\\\/\\\/cardamomo.com\\\/de\\\/?s={search_term_string}\"},\"query-input\":{\"@type\":\"PropertyValueSpecification\",\"valueRequired\":true,\"valueName\":\"search_term_string\"}}],\"inLanguage\":\"de\"}]}<\/script>\n<!-- \/ Yoast SEO plugin. -->","yoast_head_json":{"title":"Disfruta de un 25% de descuento | Cardamomo Flamenco","description":"Cardamomo tablao flamenco 25% de descuento para todos los residentes de Madrid","robots":{"index":"index","follow":"follow","max-snippet":"max-snippet:-1","max-image-preview":"max-image-preview:large","max-video-preview":"max-video-preview:-1"},"canonical":"\/","og_locale":"de_DE","og_type":"article","og_title":"Disfruta de un 25% de descuento | Cardamomo Flamenco","og_description":"Cardamomo tablao flamenco 25% de descuento para todos los residentes de Madrid","og_url":"https:\/\/cardamomo.com\/de\/campanas\/20x20x20\/","og_site_name":"Cardamomo Flamenco Madrid","article_modified_time":"2024-12-17T11:48:03+00:00","twitter_card":"summary_large_image","twitter_misc":{"Gesch\u00e4tzte Lesezeit":"1\u00a0Minute"},"schema":{"@context":"https:\/\/schema.org","@graph":[{"@type":"WebPage","@id":"https:\/\/cardamomo.com\/de\/campanas\/20x20x20\/","url":"https:\/\/cardamomo.com\/de\/campanas\/20x20x20\/","name":"Disfruta de un 25% de descuento | Cardamomo Flamenco","isPartOf":{"@id":"https:\/\/cardamomo.com\/de\/#website"},"datePublished":"2016-10-27T09:18:58+00:00","dateModified":"2024-12-17T11:48:03+00:00","description":"Cardamomo tablao flamenco 25% de descuento para todos los residentes de Madrid","breadcrumb":{"@id":"https:\/\/cardamomo.com\/de\/campanas\/20x20x20\/#breadcrumb"},"inLanguage":"de","potentialAction":[{"@type":"ReadAction","target":[["https:\/\/cardamomo.com\/de\/campanas\/20x20x20\/"]]}]},{"@type":"BreadcrumbList","@id":"https:\/\/cardamomo.com\/de\/campanas\/20x20x20\/#breadcrumb","itemListElement":[{"@type":"ListItem","position":1,"name":"Cardamomo","item":"https:\/\/cardamomo.com\/de\/"},{"@type":"ListItem","position":2,"name":"Campa\u00f1as","item":"https:\/\/cardamomo.com\/de\/campanas\/"},{"@type":"ListItem","position":3,"name":"Descuento para clientes habituales."}]},{"@type":"WebSite","@id":"https:\/\/cardamomo.com\/de\/#website","url":"https:\/\/cardamomo.com\/de\/","name":"Cardamomo Flamenco Madrid","description":"","potentialAction":[{"@type":"SearchAction","target":{"@type":"EntryPoint","urlTemplate":"https:\/\/cardamomo.com\/de\/?s={search_term_string}"},"query-input":{"@type":"PropertyValueSpecification","valueRequired":true,"valueName":"search_term_string"}}],"inLanguage":"de"}]}},"_links":{"self":[{"href":"https:\/\/cardamomo.com\/de\/wp-json\/wp\/v2\/pages\/23740","targetHints":{"allow":["GET"]}}],"collection":[{"href":"https:\/\/cardamomo.com\/de\/wp-json\/wp\/v2\/pages"}],"about":[{"href":"https:\/\/cardamomo.com\/de\/wp-json\/wp\/v2\/types\/page"}],"author":[{"embeddable":true,"href":"https:\/\/cardamomo.com\/de\/wp-json\/wp\/v2\/users\/1"}],"replies":[{"embeddable":true,"href":"https:\/\/cardamomo.com\/de\/wp-json\/wp\/v2\/comments?post=23740"}],"version-history":[{"count":0,"href":"https:\/\/cardamomo.com\/de\/wp-json\/wp\/v2\/pages\/23740\/revisions"}],"up":[{"embeddable":true,"href":"https:\/\/cardamomo.com\/de\/wp-json\/wp\/v2\/pages\/23737"}],"wp:attachment":[{"href":"https:\/\/cardamomo.com\/de\/wp-json\/wp\/v2\/media?parent=23740"}],"curies":[{"name":"wp","href":"https:\/\/api.w.org\/{rel}","templated":true}]}}