{"id":158081,"date":"2025-12-11T10:42:37","date_gmt":"2025-12-11T09:42:37","guid":{"rendered":"https:\/\/cardamomo.com\/es\/?page_id=158081"},"modified":"2026-01-21T10:11:51","modified_gmt":"2026-01-21T09:11:51","slug":"comprar-entradas-test","status":"publish","type":"page","link":"https:\/\/cardamomo.com\/de\/tickets-bestellen\/","title":{"rendered":"Kaufen Sie Ihre Flamenco-Tickets im renommiertesten Tablao Madrids"},"content":{"rendered":"<p><\/p>\n<p data-start=\"1376\" data-end=\"1496\">Bei Cardamomo bieten wir Ihnen die M\u00f6glichkeit, eine einzigartige <strong data-start=\"1442\" data-end=\"1459\">Flamenco-Show<\/strong> im <strong data-start=\"1463\" data-end=\"1484\">Herzen von Madrid<\/strong> zu erleben.<\/p>\n<p data-start=\"1498\" data-end=\"1672\">International anerkannt und mit dem Siegel des <strong data-start=\"1545\" data-end=\"1576\">kulturellen Erbes der Stadt<\/strong> ausgezeichnet, vereint unser Tablao t\u00e4glich gro\u00dfe K\u00fcnstler des Gesangs, Tanzes und der Gitarre.<\/p>\n<p data-start=\"1674\" data-end=\"1770\">Sichern Sie sich Ihre Tickets ganz einfach online und genie\u00dfen Sie ein unvergessliches Erlebnis.<\/p>\n<p><\/p>","protected":false},"excerpt":{"rendered":"Bei Cardamomo bieten wir Ihnen die M\u00f6glichkeit, eine einzigartige Flamenco-Show im Herzen von Madrid zu erleben. International anerkannt und mit dem Siegel des kulturellen Erbes der Stadt ausgezeichnet, vereint unser Tablao t\u00e4glich gro\u00dfe K\u00fcnstler des Gesangs, Tanzes und der Gitarre. Sichern Sie sich Ihre Tickets ganz einfach online und genie\u00dfen Sie ein unvergessliches Erlebnis.","protected":false},"author":1,"featured_media":157308,"parent":0,"menu_order":7,"comment_status":"closed","ping_status":"closed","template":"templates\/10-buy-tickets.php","meta":{"_acf_changed":false,"inline_featured_image":false,"footnotes":""},"class_list":["post-158081","page","type-page","status-publish","has-post-thumbnail","hentry"],"acf":{"display":"hide","hero_intro":"","hero_heading":"h2","generic_slider":null},"yoast_head":"<!-- This site is optimized with the Yoast SEO plugin v27.4 - https:\/\/yoast.com\/product\/yoast-seo-wordpress\/ -->\n<title>Tickets f\u00fcr ein Flamenco-Tablao in Madrid | Cardamomo<\/title>\n<meta name=\"description\" content=\"Reservieren Sie Ihre Flamenco-Tickets im Cardamomo Madrid. Kaufen Sie offizielle Tickets online und erleben Sie eine authentische Flamenco-Show im Herzen Madrids.\" \/>\n<meta name=\"robots\" content=\"index, follow, max-snippet:-1, max-image-preview:large, max-video-preview:-1\" \/>\n<link rel=\"canonical\" href=\"\/\" \/>\n<meta property=\"og:locale\" content=\"de_DE\" \/>\n<meta property=\"og:type\" content=\"article\" \/>\n<meta property=\"og:title\" content=\"Tickets f\u00fcr ein Flamenco-Tablao in Madrid | Cardamomo\" \/>\n<meta property=\"og:description\" content=\"Reservieren Sie Ihre Flamenco-Tickets im Cardamomo Madrid. Kaufen Sie offizielle Tickets online und erleben Sie eine authentische Flamenco-Show im Herzen Madrids.\" \/>\n<meta property=\"og:url\" content=\"https:\/\/cardamomo.com\/de\/comprar-entradas\/\" \/>\n<meta property=\"og:site_name\" content=\"Cardamomo Flamenco Madrid\" \/>\n<meta property=\"article:modified_time\" content=\"2026-01-21T09:11:51+00:00\" \/>\n<meta property=\"og:image\" content=\"https:\/\/cardamomo.ams3.digitaloceanspaces.com\/wp-content\/uploads\/2025\/04\/07115829\/image-1024x677.png\" \/>\n\t<meta property=\"og:image:width\" content=\"1024\" \/>\n\t<meta property=\"og:image:height\" content=\"677\" \/>\n\t<meta property=\"og:image:type\" content=\"image\/png\" \/>\n<meta name=\"twitter:card\" content=\"summary_large_image\" \/>\n<meta name=\"twitter:label1\" content=\"Gesch\u00e4tzte Lesezeit\" \/>\n\t<meta name=\"twitter:data1\" content=\"1\u00a0Minute\" \/>\n<script type=\"application\/ld+json\" class=\"yoast-schema-graph\">{\"@context\":\"https:\\\/\\\/schema.org\",\"@graph\":[{\"@type\":\"WebPage\",\"@id\":\"https:\\\/\\\/cardamomo.com\\\/de\\\/comprar-entradas\\\/\",\"url\":\"https:\\\/\\\/cardamomo.com\\\/de\\\/comprar-entradas\\\/\",\"name\":\"Tickets f\u00fcr ein Flamenco-Tablao in Madrid | Cardamomo\",\"isPartOf\":{\"@id\":\"https:\\\/\\\/cardamomo.com\\\/de\\\/#website\"},\"primaryImageOfPage\":{\"@id\":\"https:\\\/\\\/cardamomo.com\\\/de\\\/comprar-entradas\\\/#primaryimage\"},\"image\":{\"@id\":\"https:\\\/\\\/cardamomo.com\\\/es\\\/comprar-entradas\\\/#primaryimage\"},\"thumbnailUrl\":\"https:\\\/\\\/cardamomo.ams3.digitaloceanspaces.com\\\/wp-content\\\/uploads\\\/2025\\\/04\\\/07115829\\\/image.png\",\"datePublished\":\"2025-12-11T09:42:37+00:00\",\"dateModified\":\"2026-01-21T09:11:51+00:00\",\"description\":\"Reservieren Sie Ihre Flamenco-Tickets im Cardamomo Madrid. Kaufen Sie offizielle Tickets online und erleben Sie eine authentische Flamenco-Show im Herzen Madrids.\",\"breadcrumb\":{\"@id\":\"https:\\\/\\\/cardamomo.com\\\/de\\\/comprar-entradas\\\/#breadcrumb\"},\"inLanguage\":\"de\",\"potentialAction\":[{\"@type\":\"ReadAction\",\"target\":[[\"https:\\\/\\\/cardamomo.com\\\/de\\\/comprar-entradas\\\/\"]]}]},{\"@type\":\"ImageObject\",\"inLanguage\":\"de\",\"@id\":\"https:\\\/\\\/cardamomo.com\\\/de\\\/comprar-entradas\\\/#primaryimage\",\"url\":\"https:\\\/\\\/cardamomo.ams3.digitaloceanspaces.com\\\/wp-content\\\/uploads\\\/2025\\\/04\\\/07115829\\\/image.png\",\"contentUrl\":\"https:\\\/\\\/cardamomo.ams3.digitaloceanspaces.com\\\/wp-content\\\/uploads\\\/2025\\\/04\\\/07115829\\\/image.png\",\"width\":1716,\"height\":1134},{\"@type\":\"BreadcrumbList\",\"@id\":\"https:\\\/\\\/cardamomo.com\\\/de\\\/comprar-entradas\\\/#breadcrumb\",\"itemListElement\":[{\"@type\":\"ListItem\",\"position\":1,\"name\":\"Cardamomo\",\"item\":\"https:\\\/\\\/cardamomo.com\\\/de\\\/\"},{\"@type\":\"ListItem\",\"position\":2,\"name\":\"Flamenco-Tickets kaufen\"}]},{\"@type\":\"WebSite\",\"@id\":\"https:\\\/\\\/cardamomo.com\\\/de\\\/#website\",\"url\":\"https:\\\/\\\/cardamomo.com\\\/de\\\/\",\"name\":\"Cardamomo Flamenco Madrid\",\"description\":\"\",\"potentialAction\":[{\"@type\":\"SearchAction\",\"target\":{\"@type\":\"EntryPoint\",\"urlTemplate\":\"https:\\\/\\\/cardamomo.com\\\/de\\\/?s={search_term_string}\"},\"query-input\":{\"@type\":\"PropertyValueSpecification\",\"valueRequired\":true,\"valueName\":\"search_term_string\"}}],\"inLanguage\":\"de\"}]}<\/script>\n<!-- \/ Yoast SEO plugin. -->","yoast_head_json":{"title":"Tickets f\u00fcr ein Flamenco-Tablao in Madrid | Cardamomo","description":"Reservieren Sie Ihre Flamenco-Tickets im Cardamomo Madrid. Kaufen Sie offizielle Tickets online und erleben Sie eine authentische Flamenco-Show im Herzen Madrids.","robots":{"index":"index","follow":"follow","max-snippet":"max-snippet:-1","max-image-preview":"max-image-preview:large","max-video-preview":"max-video-preview:-1"},"canonical":"\/","og_locale":"de_DE","og_type":"article","og_title":"Tickets f\u00fcr ein Flamenco-Tablao in Madrid | Cardamomo","og_description":"Reservieren Sie Ihre Flamenco-Tickets im Cardamomo Madrid. Kaufen Sie offizielle Tickets online und erleben Sie eine authentische Flamenco-Show im Herzen Madrids.","og_url":"https:\/\/cardamomo.com\/de\/comprar-entradas\/","og_site_name":"Cardamomo Flamenco Madrid","article_modified_time":"2026-01-21T09:11:51+00:00","og_image":[{"width":1024,"height":677,"url":"https:\/\/cardamomo.ams3.digitaloceanspaces.com\/wp-content\/uploads\/2025\/04\/07115829\/image-1024x677.png","type":"image\/png"}],"twitter_card":"summary_large_image","twitter_misc":{"Gesch\u00e4tzte Lesezeit":"1\u00a0Minute"},"schema":{"@context":"https:\/\/schema.org","@graph":[{"@type":"WebPage","@id":"https:\/\/cardamomo.com\/de\/comprar-entradas\/","url":"https:\/\/cardamomo.com\/de\/comprar-entradas\/","name":"Tickets f\u00fcr ein Flamenco-Tablao in Madrid | Cardamomo","isPartOf":{"@id":"https:\/\/cardamomo.com\/de\/#website"},"primaryImageOfPage":{"@id":"https:\/\/cardamomo.com\/de\/comprar-entradas\/#primaryimage"},"image":{"@id":"https:\/\/cardamomo.com\/es\/comprar-entradas\/#primaryimage"},"thumbnailUrl":"https:\/\/cardamomo.ams3.digitaloceanspaces.com\/wp-content\/uploads\/2025\/04\/07115829\/image.png","datePublished":"2025-12-11T09:42:37+00:00","dateModified":"2026-01-21T09:11:51+00:00","description":"Reservieren Sie Ihre Flamenco-Tickets im Cardamomo Madrid. Kaufen Sie offizielle Tickets online und erleben Sie eine authentische Flamenco-Show im Herzen Madrids.","breadcrumb":{"@id":"https:\/\/cardamomo.com\/de\/comprar-entradas\/#breadcrumb"},"inLanguage":"de","potentialAction":[{"@type":"ReadAction","target":[["https:\/\/cardamomo.com\/de\/comprar-entradas\/"]]}]},{"@type":"ImageObject","inLanguage":"de","@id":"https:\/\/cardamomo.com\/de\/comprar-entradas\/#primaryimage","url":"https:\/\/cardamomo.ams3.digitaloceanspaces.com\/wp-content\/uploads\/2025\/04\/07115829\/image.png","contentUrl":"https:\/\/cardamomo.ams3.digitaloceanspaces.com\/wp-content\/uploads\/2025\/04\/07115829\/image.png","width":1716,"height":1134},{"@type":"BreadcrumbList","@id":"https:\/\/cardamomo.com\/de\/comprar-entradas\/#breadcrumb","itemListElement":[{"@type":"ListItem","position":1,"name":"Cardamomo","item":"https:\/\/cardamomo.com\/de\/"},{"@type":"ListItem","position":2,"name":"Flamenco-Tickets kaufen"}]},{"@type":"WebSite","@id":"https:\/\/cardamomo.com\/de\/#website","url":"https:\/\/cardamomo.com\/de\/","name":"Cardamomo Flamenco Madrid","description":"","potentialAction":[{"@type":"SearchAction","target":{"@type":"EntryPoint","urlTemplate":"https:\/\/cardamomo.com\/de\/?s={search_term_string}"},"query-input":{"@type":"PropertyValueSpecification","valueRequired":true,"valueName":"search_term_string"}}],"inLanguage":"de"}]}},"_links":{"self":[{"href":"https:\/\/cardamomo.com\/de\/wp-json\/wp\/v2\/pages\/158081","targetHints":{"allow":["GET"]}}],"collection":[{"href":"https:\/\/cardamomo.com\/de\/wp-json\/wp\/v2\/pages"}],"about":[{"href":"https:\/\/cardamomo.com\/de\/wp-json\/wp\/v2\/types\/page"}],"author":[{"embeddable":true,"href":"https:\/\/cardamomo.com\/de\/wp-json\/wp\/v2\/users\/1"}],"replies":[{"embeddable":true,"href":"https:\/\/cardamomo.com\/de\/wp-json\/wp\/v2\/comments?post=158081"}],"version-history":[{"count":41,"href":"https:\/\/cardamomo.com\/de\/wp-json\/wp\/v2\/pages\/158081\/revisions"}],"predecessor-version":[{"id":158474,"href":"https:\/\/cardamomo.com\/de\/wp-json\/wp\/v2\/pages\/158081\/revisions\/158474"}],"wp:featuredmedia":[{"embeddable":true,"href":"https:\/\/cardamomo.com\/de\/wp-json\/wp\/v2\/media\/157308"}],"wp:attachment":[{"href":"https:\/\/cardamomo.com\/de\/wp-json\/wp\/v2\/media?parent=158081"}],"curies":[{"name":"wp","href":"https:\/\/api.w.org\/{rel}","templated":true}]}}