{"id":156703,"date":"2025-01-24T09:37:50","date_gmt":"2025-01-24T09:37:50","guid":{"rendered":"https:\/\/pro.cardamomo.com\/es\/?page_id=156703"},"modified":"2026-01-20T14:28:13","modified_gmt":"2026-01-20T13:28:13","slug":"entradas-especiales","status":"publish","type":"page","link":"https:\/\/cardamomo.com\/de\/entradas-especiales\/","title":{"rendered":"Spezielle Tickets"},"content":{"rendered":"<p class=\"qtranxs-available-languages-message qtranxs-available-languages-message-de\">Leider ist der Eintrag nur auf <a href=\"https:\/\/cardamomo.com\/es\/wp-json\/wp\/v2\/pages\/156703\" class=\"qtranxs-available-language-link qtranxs-available-language-link-es\" title=\"Espa\u00f1ol\">Espa\u00f1ol<\/a> und <a href=\"https:\/\/cardamomo.com\/en\/wp-json\/wp\/v2\/pages\/156703\" class=\"qtranxs-available-language-link qtranxs-available-language-link-en\" title=\"English\">English<\/a> verf\u00fcgbar.<\/p><p>Aqu\u00ed encontrar\u00e1s la informaci\u00f3n de las entradas especiales disponibles en Cardamomo: asientos para <strong>personas con movilidad reducida<\/strong>, <strong>entradas infantiles<\/strong>, entradas para <strong>residentes<\/strong> o <strong>plazas en promoci\u00f3n<\/strong>.<\/p>","protected":false},"excerpt":{"rendered":"Leider ist der Eintrag nur auf Espa\u00f1ol und English verf\u00fcgbar.Aqu\u00ed encontrar\u00e1s la informaci\u00f3n de las entradas especiales disponibles en Cardamomo: asientos para personas con movilidad reducida, entradas infantiles, entradas para residentes o plazas en promoci\u00f3n.","protected":false},"author":3,"featured_media":0,"parent":0,"menu_order":11,"comment_status":"closed","ping_status":"closed","template":"","meta":{"_acf_changed":false,"inline_featured_image":false,"footnotes":""},"class_list":["post-156703","page","type-page","status-publish","hentry"],"acf":{"display":"reduced","hero_intro":"Todo el mundo es bienvenido a Cardamomo","hero_heading":"h2","generic_slider":null},"yoast_head":"<!-- This site is optimized with the Yoast SEO plugin v27.3 - https:\/\/yoast.com\/product\/yoast-seo-wordpress\/ -->\n<title>Spezielle Tickets - Cardamomo Flamenco Madrid<\/title>\n<meta name=\"robots\" content=\"index, follow, max-snippet:-1, max-image-preview:large, max-video-preview:-1\" \/>\n<link rel=\"canonical\" href=\"\/\" \/>\n<meta property=\"og:locale\" content=\"de_DE\" \/>\n<meta property=\"og:type\" content=\"article\" \/>\n<meta property=\"og:title\" content=\"Spezielle Tickets - Cardamomo Flamenco Madrid\" \/>\n<meta property=\"og:description\" content=\"Leider ist der Eintrag nur auf Espa\u00f1ol und English verf\u00fcgbar.Aqu\u00ed encontrar\u00e1s la informaci\u00f3n de las entradas especiales disponibles en Cardamomo: asientos para personas con movilidad reducida, entradas infantiles, entradas para residentes o plazas en promoci\u00f3n.\" \/>\n<meta property=\"og:url\" content=\"https:\/\/cardamomo.com\/de\/entradas-especiales\/\" \/>\n<meta property=\"og:site_name\" content=\"Cardamomo Flamenco Madrid\" \/>\n<meta property=\"article:modified_time\" content=\"2026-01-20T13:28:13+00:00\" \/>\n<meta name=\"twitter:card\" content=\"summary_large_image\" \/>\n<meta name=\"twitter:label1\" content=\"Gesch\u00e4tzte Lesezeit\" \/>\n\t<meta name=\"twitter:data1\" content=\"1\u00a0Minute\" \/>\n<script type=\"application\/ld+json\" class=\"yoast-schema-graph\">{\"@context\":\"https:\\\/\\\/schema.org\",\"@graph\":[{\"@type\":\"WebPage\",\"@id\":\"https:\\\/\\\/cardamomo.com\\\/de\\\/entradas-especiales\\\/\",\"url\":\"https:\\\/\\\/cardamomo.com\\\/de\\\/entradas-especiales\\\/\",\"name\":\"Spezielle Tickets - Cardamomo Flamenco Madrid\",\"isPartOf\":{\"@id\":\"https:\\\/\\\/cardamomo.com\\\/de\\\/#website\"},\"datePublished\":\"2025-01-24T09:37:50+00:00\",\"dateModified\":\"2026-01-20T13:28:13+00:00\",\"breadcrumb\":{\"@id\":\"https:\\\/\\\/cardamomo.com\\\/de\\\/entradas-especiales\\\/#breadcrumb\"},\"inLanguage\":\"de\",\"potentialAction\":[{\"@type\":\"ReadAction\",\"target\":[[\"https:\\\/\\\/cardamomo.com\\\/de\\\/entradas-especiales\\\/\"]]}]},{\"@type\":\"BreadcrumbList\",\"@id\":\"https:\\\/\\\/cardamomo.com\\\/de\\\/entradas-especiales\\\/#breadcrumb\",\"itemListElement\":[{\"@type\":\"ListItem\",\"position\":1,\"name\":\"Cardamomo\",\"item\":\"https:\\\/\\\/cardamomo.com\\\/de\\\/\"},{\"@type\":\"ListItem\",\"position\":2,\"name\":\"Entradas especiales\"}]},{\"@type\":\"WebSite\",\"@id\":\"https:\\\/\\\/cardamomo.com\\\/de\\\/#website\",\"url\":\"https:\\\/\\\/cardamomo.com\\\/de\\\/\",\"name\":\"Cardamomo Flamenco Madrid\",\"description\":\"\",\"potentialAction\":[{\"@type\":\"SearchAction\",\"target\":{\"@type\":\"EntryPoint\",\"urlTemplate\":\"https:\\\/\\\/cardamomo.com\\\/de\\\/?s={search_term_string}\"},\"query-input\":{\"@type\":\"PropertyValueSpecification\",\"valueRequired\":true,\"valueName\":\"search_term_string\"}}],\"inLanguage\":\"de\"}]}<\/script>\n<!-- \/ Yoast SEO plugin. -->","yoast_head_json":{"title":"Spezielle Tickets - Cardamomo Flamenco Madrid","robots":{"index":"index","follow":"follow","max-snippet":"max-snippet:-1","max-image-preview":"max-image-preview:large","max-video-preview":"max-video-preview:-1"},"canonical":"\/","og_locale":"de_DE","og_type":"article","og_title":"Spezielle Tickets - Cardamomo Flamenco Madrid","og_description":"Leider ist der Eintrag nur auf Espa\u00f1ol und English verf\u00fcgbar.Aqu\u00ed encontrar\u00e1s la informaci\u00f3n de las entradas especiales disponibles en Cardamomo: asientos para personas con movilidad reducida, entradas infantiles, entradas para residentes o plazas en promoci\u00f3n.","og_url":"https:\/\/cardamomo.com\/de\/entradas-especiales\/","og_site_name":"Cardamomo Flamenco Madrid","article_modified_time":"2026-01-20T13:28:13+00:00","twitter_card":"summary_large_image","twitter_misc":{"Gesch\u00e4tzte Lesezeit":"1\u00a0Minute"},"schema":{"@context":"https:\/\/schema.org","@graph":[{"@type":"WebPage","@id":"https:\/\/cardamomo.com\/de\/entradas-especiales\/","url":"https:\/\/cardamomo.com\/de\/entradas-especiales\/","name":"Spezielle Tickets - Cardamomo Flamenco Madrid","isPartOf":{"@id":"https:\/\/cardamomo.com\/de\/#website"},"datePublished":"2025-01-24T09:37:50+00:00","dateModified":"2026-01-20T13:28:13+00:00","breadcrumb":{"@id":"https:\/\/cardamomo.com\/de\/entradas-especiales\/#breadcrumb"},"inLanguage":"de","potentialAction":[{"@type":"ReadAction","target":[["https:\/\/cardamomo.com\/de\/entradas-especiales\/"]]}]},{"@type":"BreadcrumbList","@id":"https:\/\/cardamomo.com\/de\/entradas-especiales\/#breadcrumb","itemListElement":[{"@type":"ListItem","position":1,"name":"Cardamomo","item":"https:\/\/cardamomo.com\/de\/"},{"@type":"ListItem","position":2,"name":"Entradas especiales"}]},{"@type":"WebSite","@id":"https:\/\/cardamomo.com\/de\/#website","url":"https:\/\/cardamomo.com\/de\/","name":"Cardamomo Flamenco Madrid","description":"","potentialAction":[{"@type":"SearchAction","target":{"@type":"EntryPoint","urlTemplate":"https:\/\/cardamomo.com\/de\/?s={search_term_string}"},"query-input":{"@type":"PropertyValueSpecification","valueRequired":true,"valueName":"search_term_string"}}],"inLanguage":"de"}]}},"_links":{"self":[{"href":"https:\/\/cardamomo.com\/de\/wp-json\/wp\/v2\/pages\/156703","targetHints":{"allow":["GET"]}}],"collection":[{"href":"https:\/\/cardamomo.com\/de\/wp-json\/wp\/v2\/pages"}],"about":[{"href":"https:\/\/cardamomo.com\/de\/wp-json\/wp\/v2\/types\/page"}],"author":[{"embeddable":true,"href":"https:\/\/cardamomo.com\/de\/wp-json\/wp\/v2\/users\/3"}],"replies":[{"embeddable":true,"href":"https:\/\/cardamomo.com\/de\/wp-json\/wp\/v2\/comments?post=156703"}],"version-history":[{"count":46,"href":"https:\/\/cardamomo.com\/de\/wp-json\/wp\/v2\/pages\/156703\/revisions"}],"predecessor-version":[{"id":158460,"href":"https:\/\/cardamomo.com\/de\/wp-json\/wp\/v2\/pages\/156703\/revisions\/158460"}],"wp:attachment":[{"href":"https:\/\/cardamomo.com\/de\/wp-json\/wp\/v2\/media?parent=156703"}],"curies":[{"name":"wp","href":"https:\/\/api.w.org\/{rel}","templated":true}]}}