{"id":113,"date":"2016-06-09T09:30:01","date_gmt":"2016-06-09T09:30:01","guid":{"rendered":"http:\/\/cardamomo.local\/?page_id=113"},"modified":"2026-04-10T15:31:30","modified_gmt":"2026-04-10T13:31:30","slug":"%e6%b3%95%e7%9a%84%e9%80%9a%e7%9f%a5%e3%83%bb%e3%83%97%e3%83%a9%e3%82%a4%e3%83%90%e3%82%b7%e3%83%bc%e3%83%9d%e3%83%aa%e3%82%b7%e3%83%bc","status":"publish","type":"page","link":"https:\/\/cardamomo.com\/de\/legal-notice\/","title":{"rendered":"Aviso Legal y Pol\u00edtica de Privacidad"},"content":{"rendered":"<p><\/p>\n<h2>Identity details<\/h2>\n<p>In accordance with article 10 of Law 34\/2002, of 11 July, on Services of the Society of Information and Electronic Commerce (LSSICE), the identity details of the owners of www.cardamomo.com, Proyectos Cincohermanos, S.L. (hereinafter, \u201cProyectos Cincohermanos\u201d), are: Fiscal Identification Code (CIF) B86842085, recorded at the Commercial Registry of Madrid, tome 31546, folio 114, section 8, 1st entry, sheet M-567749; with address in calle Echegaray 16, 28014 of Madrid (28014), contact +34 918 051 038, and email contacto@cardamomo.com<\/p>\n<h2>Conditions of use<\/h2>\n<p>The access and\/or use of this website bestows the condition of USER, who accepts, from said access and\/or use, the Conditions of Use contained herein and which shall be applied separately to the General Conditions of Engagement which as the case may be are mandatory.<br \/>\nwww.cardamomo.com provides access to information, services, programs or data (hereinafter, \u201cthe content\u201d) on Internet belonging to Proyectos Cincohermanos S.L. or to third parties. The USER assumes the liability of use of the portal. Liability extends to the registration which may be necessary to access certain services or contents. In said registration, the USER shall be responsible for providing lawful and truthful information. As a result of this registration, the USER may be given a password for which he shall remain responsible, undertaking to make diligent and confidential use thereof.<br \/>\nThe USER undertakes to make proper use of the contents and services which Proyectos Cincohermanos S.L. offers via www.cardamomo.com and \u2013including, but not limited to \u2013 to refrain from using them in actions which are unlawful, illegal or contrary to good faith and public order.<br \/>\nProyectos Cincohermanos S.L. reserves the right to remove comments and contributions which breach respect for a person\u2019s dignity, which are discriminatory, xenophobic, racist, pornographic, which violate youth or children or which, in her opinion, are inappropriate for publication. In any event, Proyectos Cincohermanos S.L. shall not be held liable for the opinions expressed by users via the forums, chats, social media or any other means of participation.<\/p>\n<h2>Data protection<\/h2>\n<p>In www.cardamomo.com personal data is contained that is necessary for the effective management and maintenance of some of our services. In compliance with what is set forth in the Organic Law on Data Protection, LOPD 15\/1999 of 13 December, these data shall be treated as confidential and are stored in our files, which are duly entered in the Data Protection Agency Register (www.aepd.es)<br \/>\nIn addition, Proyectos Cincohermanos S.L. complies with Law 34\/2002 of 11 July, on the Services of the Society of Information and Electronic Commerce and will request consent from the USER for treatment of his electronic mail for commercial purposes.<br \/>\nThe USER may exercise the right of access, rectification or cancellation and revocation in regard to such data, addressing the request to the address of Proyectos Cincohermanos S.L..<\/p>\n<h2>Industrial and intellectual property<\/h2>\n<p>Proyectos Cincohermanos S.L., in her own name or as an assignee, is the owner of all the industrial and intellectual property rights of www.cardamomo.com, as well as of the items contained therein (design, texts, images, videos, trademarks and logos\u2026); and, in accordance with the Intellectual Property Law, the reproduction, distribution and public communication, whether in full or in part, of such data, without the authorisation of Proyectos Cincohermanos S.L. is strictly forbidden.<\/p>\n<h2>Liability exclusion<\/h2>\n<p>Proyectos Cincohermanos S.L. shall not be held liable for any damages of any nature arising from errors or omissions in the contents, lack of availability of the portal or transfer of viruses or malware in the contents, despite having taken all technological measures to prevent it.<\/p>\n<h2>Modifications<\/h2>\n<p>Proyectos Cincohermanos S.L. reserves the right to carry out with no need for prior notice any modifications deemed appropriate, being able to change, remove or add contents or services provided via www.cardamomo.com, as well as the way in which these are found.<\/p>\n<h2>Links<\/h2>\n<p>The aim of the links or hyperlinks in www.cardamomo.com to other Internet sites is merely informative; these do not constitute an invitation or recommendation in regard to such sites and Proyectos Cincohermanos S.L. shall not exercise any type of control over such sites or their contents. Likewise, she is not responsible for the contents of the links which depend on independent external sites beyond her control.<\/p>\n<h2>Right of exclusion<\/h2>\n<p>Proyectos Cincohermanos S.L. reserves the right to deny or prevent the access to the portal and\/or services offered with no need for prior notice, to those users who violate the General Conditions of Use.<\/p>\n<h2>General points<\/h2>\n<p>Proyectos Cincohermanos S.L. shall bring any civil or criminal action required in the face of default of these conditions and misuse of her portal.<\/p>\n<h2>Modifications of conditions<\/h2>\n<p>With a view to improvement, Proyectos Cincohermanos S.L. reserves the right, with no need for prior notice, to modify, broaden or temporarily suspend the presentation, configuration, technical specifications and services on the website. Likewise, she reserves the right to modify this legal disclaimer of use at any time.<\/p>\n<h3>APPLICABLE LEGISLATION AND JURISDICTION<\/h3>\n<p>The relationship between Proyectos Cincohermanos S.L. and the USER shall be governed by the Spanish legislation in force and any controversy shall be submitted to the Courts of Madrid.<\/p>","protected":false},"excerpt":{"rendered":"Identity details In accordance with article 10 of Law 34\/2002, of 11 July, on Services of the Society of Information and Electronic Commerce (LSSICE), the identity details of the owners of www.cardamomo.com, Proyectos Cincohermanos, S.L. (hereinafter, \u201cProyectos Cincohermanos\u201d), are: Fiscal Identification Code (CIF) B86842085, recorded at the Commercial Registry of Madrid, tome 31546, folio 114,&#8230;","protected":false},"author":1,"featured_media":0,"parent":0,"menu_order":20,"comment_status":"closed","ping_status":"closed","template":"","meta":{"_acf_changed":false,"inline_featured_image":false,"footnotes":""},"class_list":["post-113","page","type-page","status-publish","hentry"],"acf":{"display":"hide","hero_intro":"","hero_heading":false,"generic_slider":null},"yoast_head":"<!-- This site is optimized with the Yoast SEO plugin v27.3 - https:\/\/yoast.com\/product\/yoast-seo-wordpress\/ -->\n<title>CardamomoTablao Flamenco | Aviso Legal y Pol\u00edtica de Privacidad<\/title>\n<meta name=\"description\" content=\"Datos y condiciones de uso de la web. Pol\u00edtica de privacidad, pol\u00edtica de devoluciones y protecci\u00f3n de datos generales.\" \/>\n<meta name=\"robots\" content=\"noindex, follow\" \/>\n<meta property=\"og:locale\" content=\"de_DE\" \/>\n<meta property=\"og:type\" content=\"article\" \/>\n<meta property=\"og:title\" content=\"CardamomoTablao Flamenco | Aviso Legal y Pol\u00edtica de Privacidad\" \/>\n<meta property=\"og:description\" content=\"Datos y condiciones de uso de la web. Pol\u00edtica de privacidad, pol\u00edtica de devoluciones y protecci\u00f3n de datos generales.\" \/>\n<meta property=\"og:url\" content=\"https:\/\/cardamomo.com\/de\/aviso-legal\/\" \/>\n<meta property=\"og:site_name\" content=\"Cardamomo Flamenco Madrid\" \/>\n<meta property=\"article:modified_time\" content=\"2026-04-10T13:31:30+00:00\" \/>\n<meta name=\"twitter:card\" content=\"summary_large_image\" \/>\n<meta name=\"twitter:label1\" content=\"Gesch\u00e4tzte Lesezeit\" \/>\n\t<meta name=\"twitter:data1\" content=\"4\u00a0Minuten\" \/>\n<script type=\"application\/ld+json\" class=\"yoast-schema-graph\">{\"@context\":\"https:\\\/\\\/schema.org\",\"@graph\":[{\"@type\":\"WebPage\",\"@id\":\"https:\\\/\\\/cardamomo.com\\\/de\\\/aviso-legal\\\/\",\"url\":\"https:\\\/\\\/cardamomo.com\\\/de\\\/aviso-legal\\\/\",\"name\":\"CardamomoTablao Flamenco | Aviso Legal y Pol\u00edtica de Privacidad\",\"isPartOf\":{\"@id\":\"https:\\\/\\\/cardamomo.com\\\/de\\\/#website\"},\"datePublished\":\"2016-06-09T09:30:01+00:00\",\"dateModified\":\"2026-04-10T13:31:30+00:00\",\"description\":\"Datos y condiciones de uso de la web. Pol\u00edtica de privacidad, pol\u00edtica de devoluciones y protecci\u00f3n de datos generales.\",\"breadcrumb\":{\"@id\":\"https:\\\/\\\/cardamomo.com\\\/de\\\/aviso-legal\\\/#breadcrumb\"},\"inLanguage\":\"de\",\"potentialAction\":[{\"@type\":\"ReadAction\",\"target\":[[\"https:\\\/\\\/cardamomo.com\\\/de\\\/aviso-legal\\\/\"]]}]},{\"@type\":\"BreadcrumbList\",\"@id\":\"https:\\\/\\\/cardamomo.com\\\/de\\\/aviso-legal\\\/#breadcrumb\",\"itemListElement\":[{\"@type\":\"ListItem\",\"position\":1,\"name\":\"Cardamomo\",\"item\":\"https:\\\/\\\/cardamomo.com\\\/de\\\/\"},{\"@type\":\"ListItem\",\"position\":2,\"name\":\"Aviso Legal y Pol\u00edtica de Privacidad\"}]},{\"@type\":\"WebSite\",\"@id\":\"https:\\\/\\\/cardamomo.com\\\/de\\\/#website\",\"url\":\"https:\\\/\\\/cardamomo.com\\\/de\\\/\",\"name\":\"Cardamomo Flamenco Madrid\",\"description\":\"\",\"potentialAction\":[{\"@type\":\"SearchAction\",\"target\":{\"@type\":\"EntryPoint\",\"urlTemplate\":\"https:\\\/\\\/cardamomo.com\\\/de\\\/?s={search_term_string}\"},\"query-input\":{\"@type\":\"PropertyValueSpecification\",\"valueRequired\":true,\"valueName\":\"search_term_string\"}}],\"inLanguage\":\"de\"}]}<\/script>\n<!-- \/ Yoast SEO plugin. -->","yoast_head_json":{"title":"CardamomoTablao Flamenco | Aviso Legal y Pol\u00edtica de Privacidad","description":"Datos y condiciones de uso de la web. Pol\u00edtica de privacidad, pol\u00edtica de devoluciones y protecci\u00f3n de datos generales.","robots":{"index":"noindex","follow":"follow"},"og_locale":"de_DE","og_type":"article","og_title":"CardamomoTablao Flamenco | Aviso Legal y Pol\u00edtica de Privacidad","og_description":"Datos y condiciones de uso de la web. Pol\u00edtica de privacidad, pol\u00edtica de devoluciones y protecci\u00f3n de datos generales.","og_url":"https:\/\/cardamomo.com\/de\/aviso-legal\/","og_site_name":"Cardamomo Flamenco Madrid","article_modified_time":"2026-04-10T13:31:30+00:00","twitter_card":"summary_large_image","twitter_misc":{"Gesch\u00e4tzte Lesezeit":"4\u00a0Minuten"},"schema":{"@context":"https:\/\/schema.org","@graph":[{"@type":"WebPage","@id":"https:\/\/cardamomo.com\/de\/aviso-legal\/","url":"https:\/\/cardamomo.com\/de\/aviso-legal\/","name":"CardamomoTablao Flamenco | Aviso Legal y Pol\u00edtica de Privacidad","isPartOf":{"@id":"https:\/\/cardamomo.com\/de\/#website"},"datePublished":"2016-06-09T09:30:01+00:00","dateModified":"2026-04-10T13:31:30+00:00","description":"Datos y condiciones de uso de la web. Pol\u00edtica de privacidad, pol\u00edtica de devoluciones y protecci\u00f3n de datos generales.","breadcrumb":{"@id":"https:\/\/cardamomo.com\/de\/aviso-legal\/#breadcrumb"},"inLanguage":"de","potentialAction":[{"@type":"ReadAction","target":[["https:\/\/cardamomo.com\/de\/aviso-legal\/"]]}]},{"@type":"BreadcrumbList","@id":"https:\/\/cardamomo.com\/de\/aviso-legal\/#breadcrumb","itemListElement":[{"@type":"ListItem","position":1,"name":"Cardamomo","item":"https:\/\/cardamomo.com\/de\/"},{"@type":"ListItem","position":2,"name":"Aviso Legal y Pol\u00edtica de Privacidad"}]},{"@type":"WebSite","@id":"https:\/\/cardamomo.com\/de\/#website","url":"https:\/\/cardamomo.com\/de\/","name":"Cardamomo Flamenco Madrid","description":"","potentialAction":[{"@type":"SearchAction","target":{"@type":"EntryPoint","urlTemplate":"https:\/\/cardamomo.com\/de\/?s={search_term_string}"},"query-input":{"@type":"PropertyValueSpecification","valueRequired":true,"valueName":"search_term_string"}}],"inLanguage":"de"}]}},"_links":{"self":[{"href":"https:\/\/cardamomo.com\/de\/wp-json\/wp\/v2\/pages\/113","targetHints":{"allow":["GET"]}}],"collection":[{"href":"https:\/\/cardamomo.com\/de\/wp-json\/wp\/v2\/pages"}],"about":[{"href":"https:\/\/cardamomo.com\/de\/wp-json\/wp\/v2\/types\/page"}],"author":[{"embeddable":true,"href":"https:\/\/cardamomo.com\/de\/wp-json\/wp\/v2\/users\/1"}],"replies":[{"embeddable":true,"href":"https:\/\/cardamomo.com\/de\/wp-json\/wp\/v2\/comments?post=113"}],"version-history":[{"count":2,"href":"https:\/\/cardamomo.com\/de\/wp-json\/wp\/v2\/pages\/113\/revisions"}],"predecessor-version":[{"id":158876,"href":"https:\/\/cardamomo.com\/de\/wp-json\/wp\/v2\/pages\/113\/revisions\/158876"}],"wp:attachment":[{"href":"https:\/\/cardamomo.com\/de\/wp-json\/wp\/v2\/media?parent=113"}],"curies":[{"name":"wp","href":"https:\/\/api.w.org\/{rel}","templated":true}]}}